{"id":15026,"date":"2019-09-13T06:51:22","date_gmt":"2019-09-13T06:51:22","guid":{"rendered":"https:\/\/ss20.ee\/kuidas-osta\/"},"modified":"2021-12-23T11:04:39","modified_gmt":"2021-12-23T11:04:39","slug":"how-to-buy","status":"publish","type":"page","link":"https:\/\/ss20.ee\/en\/how-to-buy\/","title":{"rendered":"How to buy"},"content":{"rendered":"<div class=\"col medium-1\/2 large-6\">\n<div class=\"col-inner\">\n<h3><span id=\"result_box\" class=\"short_text\" lang=\"en\"><span class=\"\">Pegistration<\/span><\/span><\/h3>\n<p style=\"text-align: justify;\"><span id=\"result_box\" class=\"\" lang=\"en\"><span class=\"\">In our online store you can place order as a guest or as a registered user. We recommend the latest option, since then you can also participate in our auctions.<\/span> <span class=\"\">To do this, click the \u201cSign In\u201d button and in the popup window, click \u201cCreate Account\u201d.<\/span> <span class=\"\">Then fill in the required fields and click on the \u201cSend\u201d button.<\/span> <span class=\"\">An email confirming your registration will be sent to the email address used for your registration and after that you can start ordering the products.<\/span><\/span><\/p>\n<h3 style=\"text-align: justify;\"><span id=\"result_box\" class=\"short_text\" lang=\"en\"><span class=\"\">Ordering<\/span><\/span><\/h3>\n<p style=\"text-align: justify;\"><span id=\"result_box\" class=\"\" lang=\"en\">After selecting the product(s) you are interested in, click on the \u201cAdd to Cart\u201d button. Then you can continue browsing the products or start ordering. Before confirming your order, make sure your contact and shipping details are correct. We recommend fill contact and shipping details under \u201cMy Account\u201d because this i<span class=\"\">s an one-time operation and takes only few minutes. You don\u2019t have to repeat this in the future, since all fields are pre-filled next time.<\/span> <span class=\"\">It is also important to choose the appropriate mode of transport \u2013 SmartPost or \u201cI will pickup goods myself\u201d.<\/span><\/span><\/p>\n<h3 style=\"text-align: justify;\"><span id=\"result_box\" class=\"short_text\" lang=\"en\"><span class=\"\">Payment<\/span><\/span><\/h3>\n<p style=\"text-align: justify;\"><span id=\"result_box\" class=\"\" lang=\"en\" tabindex=\"-1\"><span class=\"\">Our online store generates an invoice for you, which you can instantly pay in your Internet bank (using bank links on the website) or later in your bank office.<\/span> <span class=\"\">The final amount reflected on the invoice includes VAT.<\/span><\/span><\/p>\n<\/div>\n<\/div>\n<div class=\"col medium-1\/2 large-6\">\n<div class=\"col-inner\">\n<h3 style=\"text-align: justify;\">Delivery<\/h3>\n<p style=\"text-align: justify;\"><span id=\"result_box\" class=\"\" lang=\"en\" tabindex=\"-1\">According to the chosen delivery method, the ordered products reach you within 2-3 business days after the payment is received into the bank account of Spets24 O\u00dc. SmartPost courier agrees the exact delivery time of the shipment with the recipient of the package in advance. <span class=\"\">For smaller products you can choose SmartPost service and you will receive a message to your phone about <span id=\"result_box\" class=\"short_text\" lang=\"en\" tabindex=\"-1\">the arrival of the package<\/span>.<\/span><\/span><\/p>\n<\/div>\n<\/div>\n","protected":false},"excerpt":{"rendered":"<p>Pegistration In our online store you can place order as a guest or as a registered user. We recommend the latest option, since then you can also participate in our auctions. To do this, click the \u201cSign In\u201d button and in the popup window, click \u201cCreate Account\u201d. Then fill in&hellip; <\/p>\n","protected":false},"author":1,"featured_media":0,"parent":0,"menu_order":0,"comment_status":"closed","ping_status":"closed","template":"","meta":{"footnotes":""},"class_list":["post-15026","page","type-page","status-publish","hentry"],"yoast_head":"<!-- This site is optimized with the Yoast SEO Premium plugin v25.2 (Yoast SEO v26.4) - https:\/\/yoast.com\/wordpress\/plugins\/seo\/ -->\n<title>How to buy - SPETS SERVICE<\/title>\n<meta name=\"description\" content=\"Used computers for sale in Tallinn and across Estonia. MacBook, laptops, and desktop computers. We also offer computer and electronics repair services. Certified, reliable devices with warranty.\" \/>\n<meta name=\"robots\" content=\"index, follow, max-snippet:-1, max-image-preview:large, max-video-preview:-1\" \/>\n<link rel=\"canonical\" href=\"https:\/\/ss20.ee\/en\/how-to-buy\/\" \/>\n<meta property=\"og:locale\" content=\"en_US\" \/>\n<meta property=\"og:type\" content=\"article\" \/>\n<meta property=\"og:title\" content=\"How to buy\" \/>\n<meta property=\"og:description\" content=\"Kasutatud arvutid m\u00fc\u00fcgiks Tallinnas ja \u00fcle Eesti. MacBook, s\u00fclearvutid ja lauaarvutid. Pakume ka arvutite ja elektroonika remonti. Kontrollitud ja t\u00f6\u00f6kindlad. Kiire kohaletoimetamine \u00fcle kogu Eesti.\" \/>\n<meta property=\"og:url\" content=\"https:\/\/ss20.ee\/en\/how-to-buy\/\" \/>\n<meta property=\"og:site_name\" content=\"SPETS SERVICE\" \/>\n<meta property=\"article:publisher\" content=\"https:\/\/www.facebook.com\/applearvutid\" \/>\n<meta property=\"article:modified_time\" content=\"2021-12-23T11:04:39+00:00\" \/>\n<meta property=\"og:image\" content=\"https:\/\/ss20.ee\/wp-content\/uploads\/2025\/05\/seo.jpg\" \/>\n\t<meta property=\"og:image:width\" content=\"1200\" \/>\n\t<meta property=\"og:image:height\" content=\"675\" \/>\n\t<meta property=\"og:image:type\" content=\"image\/jpeg\" \/>\n<meta name=\"twitter:card\" content=\"summary_large_image\" \/>\n<meta name=\"twitter:label1\" content=\"Est. reading time\" \/>\n\t<meta name=\"twitter:data1\" content=\"1 minute\" \/>\n<script type=\"application\/ld+json\" class=\"yoast-schema-graph\">{\"@context\":\"https:\/\/schema.org\",\"@graph\":[{\"@type\":\"WebPage\",\"@id\":\"https:\/\/ss20.ee\/en\/how-to-buy\/\",\"url\":\"https:\/\/ss20.ee\/en\/how-to-buy\/\",\"name\":\"How to buy - SPETS SERVICE\",\"isPartOf\":{\"@id\":\"https:\/\/ss20.ee\/en\/#website\"},\"datePublished\":\"2019-09-13T06:51:22+00:00\",\"dateModified\":\"2021-12-23T11:04:39+00:00\",\"description\":\"Used computers for sale in Tallinn and across Estonia. MacBook, laptops, and desktop computers. We also offer computer and electronics repair services. Certified, reliable devices with warranty.\",\"breadcrumb\":{\"@id\":\"https:\/\/ss20.ee\/en\/how-to-buy\/#breadcrumb\"},\"inLanguage\":\"en-US\",\"potentialAction\":[{\"@type\":\"ReadAction\",\"target\":[\"https:\/\/ss20.ee\/en\/how-to-buy\/\"]}]},{\"@type\":\"BreadcrumbList\",\"@id\":\"https:\/\/ss20.ee\/en\/how-to-buy\/#breadcrumb\",\"itemListElement\":[{\"@type\":\"ListItem\",\"position\":1,\"name\":\"Home\",\"item\":\"https:\/\/ss20.ee\/en\/\"},{\"@type\":\"ListItem\",\"position\":2,\"name\":\"How to buy\"}]},{\"@type\":\"WebSite\",\"@id\":\"https:\/\/ss20.ee\/en\/#website\",\"url\":\"https:\/\/ss20.ee\/en\/\",\"name\":\"Spets Service\",\"description\":\"ARVUTITE M\u00dc\u00dcK JA REMONT\",\"publisher\":{\"@id\":\"https:\/\/ss20.ee\/en\/#organization\"},\"potentialAction\":[{\"@type\":\"SearchAction\",\"target\":{\"@type\":\"EntryPoint\",\"urlTemplate\":\"https:\/\/ss20.ee\/en\/?s={search_term_string}\"},\"query-input\":{\"@type\":\"PropertyValueSpecification\",\"valueRequired\":true,\"valueName\":\"search_term_string\"}}],\"inLanguage\":\"en-US\"},{\"@type\":\"Organization\",\"@id\":\"https:\/\/ss20.ee\/en\/#organization\",\"name\":\"Spets Service\",\"alternateName\":\"Spets Service\",\"url\":\"https:\/\/ss20.ee\/en\/\",\"logo\":{\"@type\":\"ImageObject\",\"inLanguage\":\"en-US\",\"@id\":\"https:\/\/ss20.ee\/en\/#\/schema\/logo\/image\/\",\"url\":\"https:\/\/ss20.ee\/wp-content\/uploads\/2024\/11\/Untitled-design-9.png\",\"contentUrl\":\"https:\/\/ss20.ee\/wp-content\/uploads\/2024\/11\/Untitled-design-9.png\",\"width\":1772,\"height\":354,\"caption\":\"Spets Service\"},\"image\":{\"@id\":\"https:\/\/ss20.ee\/en\/#\/schema\/logo\/image\/\"},\"sameAs\":[\"https:\/\/www.facebook.com\/applearvutid\",\"https:\/\/www.instagram.com\/ss20_apple_arvutid\/\"]}]}<\/script>\n<!-- \/ Yoast SEO Premium plugin. -->","yoast_head_json":{"title":"How to buy - SPETS SERVICE","description":"Used computers for sale in Tallinn and across Estonia. MacBook, laptops, and desktop computers. We also offer computer and electronics repair services. Certified, reliable devices with warranty.","robots":{"index":"index","follow":"follow","max-snippet":"max-snippet:-1","max-image-preview":"max-image-preview:large","max-video-preview":"max-video-preview:-1"},"canonical":"https:\/\/ss20.ee\/en\/how-to-buy\/","og_locale":"en_US","og_type":"article","og_title":"How to buy","og_description":"Kasutatud arvutid m\u00fc\u00fcgiks Tallinnas ja \u00fcle Eesti. MacBook, s\u00fclearvutid ja lauaarvutid. Pakume ka arvutite ja elektroonika remonti. Kontrollitud ja t\u00f6\u00f6kindlad. Kiire kohaletoimetamine \u00fcle kogu Eesti.","og_url":"https:\/\/ss20.ee\/en\/how-to-buy\/","og_site_name":"SPETS SERVICE","article_publisher":"https:\/\/www.facebook.com\/applearvutid","article_modified_time":"2021-12-23T11:04:39+00:00","og_image":[{"width":1200,"height":675,"url":"https:\/\/ss20.ee\/wp-content\/uploads\/2025\/05\/seo.jpg","type":"image\/jpeg"}],"twitter_card":"summary_large_image","twitter_misc":{"Est. reading time":"1 minute"},"schema":{"@context":"https:\/\/schema.org","@graph":[{"@type":"WebPage","@id":"https:\/\/ss20.ee\/en\/how-to-buy\/","url":"https:\/\/ss20.ee\/en\/how-to-buy\/","name":"How to buy - SPETS SERVICE","isPartOf":{"@id":"https:\/\/ss20.ee\/en\/#website"},"datePublished":"2019-09-13T06:51:22+00:00","dateModified":"2021-12-23T11:04:39+00:00","description":"Used computers for sale in Tallinn and across Estonia. MacBook, laptops, and desktop computers. We also offer computer and electronics repair services. Certified, reliable devices with warranty.","breadcrumb":{"@id":"https:\/\/ss20.ee\/en\/how-to-buy\/#breadcrumb"},"inLanguage":"en-US","potentialAction":[{"@type":"ReadAction","target":["https:\/\/ss20.ee\/en\/how-to-buy\/"]}]},{"@type":"BreadcrumbList","@id":"https:\/\/ss20.ee\/en\/how-to-buy\/#breadcrumb","itemListElement":[{"@type":"ListItem","position":1,"name":"Home","item":"https:\/\/ss20.ee\/en\/"},{"@type":"ListItem","position":2,"name":"How to buy"}]},{"@type":"WebSite","@id":"https:\/\/ss20.ee\/en\/#website","url":"https:\/\/ss20.ee\/en\/","name":"Spets Service","description":"ARVUTITE M\u00dc\u00dcK JA REMONT","publisher":{"@id":"https:\/\/ss20.ee\/en\/#organization"},"potentialAction":[{"@type":"SearchAction","target":{"@type":"EntryPoint","urlTemplate":"https:\/\/ss20.ee\/en\/?s={search_term_string}"},"query-input":{"@type":"PropertyValueSpecification","valueRequired":true,"valueName":"search_term_string"}}],"inLanguage":"en-US"},{"@type":"Organization","@id":"https:\/\/ss20.ee\/en\/#organization","name":"Spets Service","alternateName":"Spets Service","url":"https:\/\/ss20.ee\/en\/","logo":{"@type":"ImageObject","inLanguage":"en-US","@id":"https:\/\/ss20.ee\/en\/#\/schema\/logo\/image\/","url":"https:\/\/ss20.ee\/wp-content\/uploads\/2024\/11\/Untitled-design-9.png","contentUrl":"https:\/\/ss20.ee\/wp-content\/uploads\/2024\/11\/Untitled-design-9.png","width":1772,"height":354,"caption":"Spets Service"},"image":{"@id":"https:\/\/ss20.ee\/en\/#\/schema\/logo\/image\/"},"sameAs":["https:\/\/www.facebook.com\/applearvutid","https:\/\/www.instagram.com\/ss20_apple_arvutid\/"]}]}},"_links":{"self":[{"href":"https:\/\/ss20.ee\/en\/wp-json\/wp\/v2\/pages\/15026","targetHints":{"allow":["GET"]}}],"collection":[{"href":"https:\/\/ss20.ee\/en\/wp-json\/wp\/v2\/pages"}],"about":[{"href":"https:\/\/ss20.ee\/en\/wp-json\/wp\/v2\/types\/page"}],"author":[{"embeddable":true,"href":"https:\/\/ss20.ee\/en\/wp-json\/wp\/v2\/users\/1"}],"replies":[{"embeddable":true,"href":"https:\/\/ss20.ee\/en\/wp-json\/wp\/v2\/comments?post=15026"}],"version-history":[{"count":8,"href":"https:\/\/ss20.ee\/en\/wp-json\/wp\/v2\/pages\/15026\/revisions"}],"predecessor-version":[{"id":23833,"href":"https:\/\/ss20.ee\/en\/wp-json\/wp\/v2\/pages\/15026\/revisions\/23833"}],"wp:attachment":[{"href":"https:\/\/ss20.ee\/en\/wp-json\/wp\/v2\/media?parent=15026"}],"curies":[{"name":"wp","href":"https:\/\/api.w.org\/{rel}","templated":true}]}}