{"id":15079,"date":"2019-09-13T08:02:52","date_gmt":"2019-09-13T08:02:52","guid":{"rendered":"https:\/\/ss20.ee\/tarne-info\/"},"modified":"2022-02-25T14:07:13","modified_gmt":"2022-02-25T14:07:13","slug":"delivery","status":"publish","type":"page","link":"https:\/\/ss20.ee\/en\/delivery\/","title":{"rendered":"Delivery"},"content":{"rendered":"<div id=\"content\" class=\"content-area page-wrapper\" role=\"main\">\n<div class=\"row row-main\">\n<div class=\"large-12 col\">\n<div class=\"col-inner\">\n<h3 style=\"text-align: justify;\"><span id=\"result_box\" class=\"short_text\" lang=\"en\" tabindex=\"-1\"><span class=\"\">Delivery of goods<\/span><\/span><\/h3>\n<p style=\"text-align: justify;\"><span class=\"\" lang=\"en\" tabindex=\"-1\">The delivery of the goods depends on the selection of delivery chosen by the buyer. The buyer has the option to choose &#8220;SmartPost <\/span>parcel terminals&#8221; <span id=\"result_box\" class=\"\" lang=\"en\" tabindex=\"-1\">or \u201cI will pick up myself\u201d as a delivery method in Estonia. <span class=\"\">But the fastest is the \u201cI will pick up myself\u201d option.<\/span><\/span><\/p>\n<p style=\"text-align: justify;\"><span id=\"result_box\" class=\"\" lang=\"en\" tabindex=\"-1\"><span class=\"\">If you select <span class=\"\" lang=\"en\" tabindex=\"-1\">&#8220;SmartPost <\/span>parcel terminals&#8221;, you will receive the goods on average 2-3 business days from the date of payment to our bank account.<br \/>\n<\/span><\/span><\/p>\n<p style=\"text-align: justify;\"><strong><span id=\"result_box\" class=\"\" lang=\"en\" tabindex=\"-1\">\u201cI will pick up myself\u201d \u2013 in case of this choice, you cab pick up goods from Tehnika 24<span class=\"\">, Tallinn<\/span><\/span>.<\/strong><\/p>\n<p style=\"text-align: justify;\"><span id=\"result_box\" class=\"\" lang=\"en\" tabindex=\"-1\">If you wish to pick up goods later than the due date indicated on the invoice, do not forget to pay before deadline, as 5 days after the due date, <span class=\"\">Spets 24 O\u00dc <\/span> will cancel this order after the cancellation <span class=\"\">we can\u2019t guarantee the availability of goods.<\/span><\/span><\/p>\n<p style=\"text-align: justify;\"><span id=\"result_box\" class=\"\" lang=\"en\" tabindex=\"-1\"><strong>NB!<\/strong> The goods are given only to the buyer (to the person who is registered as user and the purchaser). It is very important and necessary that all data entered into the user registration fields is correct and true. The goods are given to t<span class=\"\">he third party only with the prior agreement of the buyer and on the basis of the authorization given by the buyer.<\/span><\/span><\/p>\n<\/div>\n<\/div>\n<\/div>\n<\/div>\n<p>&nbsp;<\/p>\n","protected":false},"excerpt":{"rendered":"<p>Delivery of goods The delivery of the goods depends on the selection of delivery chosen by the buyer. The buyer has the option to choose &#8220;SmartPost parcel terminals&#8221; or \u201cI will pick up myself\u201d as a delivery method in Estonia. But the fastest is the \u201cI will pick up myself\u201d&hellip; <\/p>\n","protected":false},"author":1,"featured_media":0,"parent":0,"menu_order":0,"comment_status":"closed","ping_status":"closed","template":"","meta":{"footnotes":""},"class_list":["post-15079","page","type-page","status-publish","hentry"],"yoast_head":"<!-- This site is optimized with the Yoast SEO Premium plugin v25.2 (Yoast SEO v26.4) - https:\/\/yoast.com\/wordpress\/plugins\/seo\/ -->\n<title>Delivery - SPETS SERVICE<\/title>\n<meta name=\"description\" content=\"Used computers for sale in Tallinn and across Estonia. MacBook, laptops, and desktop computers. We also offer computer and electronics repair services. Certified, reliable devices with warranty.\" \/>\n<meta name=\"robots\" content=\"index, follow, max-snippet:-1, max-image-preview:large, max-video-preview:-1\" \/>\n<link rel=\"canonical\" href=\"https:\/\/ss20.ee\/en\/delivery\/\" \/>\n<meta property=\"og:locale\" content=\"en_US\" \/>\n<meta property=\"og:type\" content=\"article\" \/>\n<meta property=\"og:title\" content=\"Delivery\" \/>\n<meta property=\"og:description\" content=\"Kasutatud arvutid m\u00fc\u00fcgiks Tallinnas ja \u00fcle Eesti. MacBook, s\u00fclearvutid ja lauaarvutid. Pakume ka arvutite ja elektroonika remonti. Kontrollitud ja t\u00f6\u00f6kindlad. Kiire kohaletoimetamine \u00fcle kogu Eesti.\" \/>\n<meta property=\"og:url\" content=\"https:\/\/ss20.ee\/en\/delivery\/\" \/>\n<meta property=\"og:site_name\" content=\"SPETS SERVICE\" \/>\n<meta property=\"article:publisher\" content=\"https:\/\/www.facebook.com\/applearvutid\" \/>\n<meta property=\"article:modified_time\" content=\"2022-02-25T14:07:13+00:00\" \/>\n<meta property=\"og:image\" content=\"https:\/\/ss20.ee\/wp-content\/uploads\/2025\/05\/seo.jpg\" \/>\n\t<meta property=\"og:image:width\" content=\"1200\" \/>\n\t<meta property=\"og:image:height\" content=\"675\" \/>\n\t<meta property=\"og:image:type\" content=\"image\/jpeg\" \/>\n<meta name=\"twitter:card\" content=\"summary_large_image\" \/>\n<meta name=\"twitter:label1\" content=\"Est. reading time\" \/>\n\t<meta name=\"twitter:data1\" content=\"1 minute\" \/>\n<script type=\"application\/ld+json\" class=\"yoast-schema-graph\">{\"@context\":\"https:\/\/schema.org\",\"@graph\":[{\"@type\":\"WebPage\",\"@id\":\"https:\/\/ss20.ee\/en\/delivery\/\",\"url\":\"https:\/\/ss20.ee\/en\/delivery\/\",\"name\":\"Delivery - SPETS SERVICE\",\"isPartOf\":{\"@id\":\"https:\/\/ss20.ee\/en\/#website\"},\"datePublished\":\"2019-09-13T08:02:52+00:00\",\"dateModified\":\"2022-02-25T14:07:13+00:00\",\"description\":\"Used computers for sale in Tallinn and across Estonia. MacBook, laptops, and desktop computers. We also offer computer and electronics repair services. Certified, reliable devices with warranty.\",\"breadcrumb\":{\"@id\":\"https:\/\/ss20.ee\/en\/delivery\/#breadcrumb\"},\"inLanguage\":\"en-US\",\"potentialAction\":[{\"@type\":\"ReadAction\",\"target\":[\"https:\/\/ss20.ee\/en\/delivery\/\"]}]},{\"@type\":\"BreadcrumbList\",\"@id\":\"https:\/\/ss20.ee\/en\/delivery\/#breadcrumb\",\"itemListElement\":[{\"@type\":\"ListItem\",\"position\":1,\"name\":\"Home\",\"item\":\"https:\/\/ss20.ee\/en\/\"},{\"@type\":\"ListItem\",\"position\":2,\"name\":\"Delivery\"}]},{\"@type\":\"WebSite\",\"@id\":\"https:\/\/ss20.ee\/en\/#website\",\"url\":\"https:\/\/ss20.ee\/en\/\",\"name\":\"Spets Service\",\"description\":\"ARVUTITE M\u00dc\u00dcK JA REMONT\",\"publisher\":{\"@id\":\"https:\/\/ss20.ee\/en\/#organization\"},\"potentialAction\":[{\"@type\":\"SearchAction\",\"target\":{\"@type\":\"EntryPoint\",\"urlTemplate\":\"https:\/\/ss20.ee\/en\/?s={search_term_string}\"},\"query-input\":{\"@type\":\"PropertyValueSpecification\",\"valueRequired\":true,\"valueName\":\"search_term_string\"}}],\"inLanguage\":\"en-US\"},{\"@type\":\"Organization\",\"@id\":\"https:\/\/ss20.ee\/en\/#organization\",\"name\":\"Spets Service\",\"alternateName\":\"Spets Service\",\"url\":\"https:\/\/ss20.ee\/en\/\",\"logo\":{\"@type\":\"ImageObject\",\"inLanguage\":\"en-US\",\"@id\":\"https:\/\/ss20.ee\/en\/#\/schema\/logo\/image\/\",\"url\":\"https:\/\/ss20.ee\/wp-content\/uploads\/2024\/11\/Untitled-design-9.png\",\"contentUrl\":\"https:\/\/ss20.ee\/wp-content\/uploads\/2024\/11\/Untitled-design-9.png\",\"width\":1772,\"height\":354,\"caption\":\"Spets Service\"},\"image\":{\"@id\":\"https:\/\/ss20.ee\/en\/#\/schema\/logo\/image\/\"},\"sameAs\":[\"https:\/\/www.facebook.com\/applearvutid\",\"https:\/\/www.instagram.com\/ss20_apple_arvutid\/\"]}]}<\/script>\n<!-- \/ Yoast SEO Premium plugin. -->","yoast_head_json":{"title":"Delivery - SPETS SERVICE","description":"Used computers for sale in Tallinn and across Estonia. MacBook, laptops, and desktop computers. We also offer computer and electronics repair services. Certified, reliable devices with warranty.","robots":{"index":"index","follow":"follow","max-snippet":"max-snippet:-1","max-image-preview":"max-image-preview:large","max-video-preview":"max-video-preview:-1"},"canonical":"https:\/\/ss20.ee\/en\/delivery\/","og_locale":"en_US","og_type":"article","og_title":"Delivery","og_description":"Kasutatud arvutid m\u00fc\u00fcgiks Tallinnas ja \u00fcle Eesti. MacBook, s\u00fclearvutid ja lauaarvutid. Pakume ka arvutite ja elektroonika remonti. Kontrollitud ja t\u00f6\u00f6kindlad. Kiire kohaletoimetamine \u00fcle kogu Eesti.","og_url":"https:\/\/ss20.ee\/en\/delivery\/","og_site_name":"SPETS SERVICE","article_publisher":"https:\/\/www.facebook.com\/applearvutid","article_modified_time":"2022-02-25T14:07:13+00:00","og_image":[{"width":1200,"height":675,"url":"https:\/\/ss20.ee\/wp-content\/uploads\/2025\/05\/seo.jpg","type":"image\/jpeg"}],"twitter_card":"summary_large_image","twitter_misc":{"Est. reading time":"1 minute"},"schema":{"@context":"https:\/\/schema.org","@graph":[{"@type":"WebPage","@id":"https:\/\/ss20.ee\/en\/delivery\/","url":"https:\/\/ss20.ee\/en\/delivery\/","name":"Delivery - SPETS SERVICE","isPartOf":{"@id":"https:\/\/ss20.ee\/en\/#website"},"datePublished":"2019-09-13T08:02:52+00:00","dateModified":"2022-02-25T14:07:13+00:00","description":"Used computers for sale in Tallinn and across Estonia. MacBook, laptops, and desktop computers. We also offer computer and electronics repair services. Certified, reliable devices with warranty.","breadcrumb":{"@id":"https:\/\/ss20.ee\/en\/delivery\/#breadcrumb"},"inLanguage":"en-US","potentialAction":[{"@type":"ReadAction","target":["https:\/\/ss20.ee\/en\/delivery\/"]}]},{"@type":"BreadcrumbList","@id":"https:\/\/ss20.ee\/en\/delivery\/#breadcrumb","itemListElement":[{"@type":"ListItem","position":1,"name":"Home","item":"https:\/\/ss20.ee\/en\/"},{"@type":"ListItem","position":2,"name":"Delivery"}]},{"@type":"WebSite","@id":"https:\/\/ss20.ee\/en\/#website","url":"https:\/\/ss20.ee\/en\/","name":"Spets Service","description":"ARVUTITE M\u00dc\u00dcK JA REMONT","publisher":{"@id":"https:\/\/ss20.ee\/en\/#organization"},"potentialAction":[{"@type":"SearchAction","target":{"@type":"EntryPoint","urlTemplate":"https:\/\/ss20.ee\/en\/?s={search_term_string}"},"query-input":{"@type":"PropertyValueSpecification","valueRequired":true,"valueName":"search_term_string"}}],"inLanguage":"en-US"},{"@type":"Organization","@id":"https:\/\/ss20.ee\/en\/#organization","name":"Spets Service","alternateName":"Spets Service","url":"https:\/\/ss20.ee\/en\/","logo":{"@type":"ImageObject","inLanguage":"en-US","@id":"https:\/\/ss20.ee\/en\/#\/schema\/logo\/image\/","url":"https:\/\/ss20.ee\/wp-content\/uploads\/2024\/11\/Untitled-design-9.png","contentUrl":"https:\/\/ss20.ee\/wp-content\/uploads\/2024\/11\/Untitled-design-9.png","width":1772,"height":354,"caption":"Spets Service"},"image":{"@id":"https:\/\/ss20.ee\/en\/#\/schema\/logo\/image\/"},"sameAs":["https:\/\/www.facebook.com\/applearvutid","https:\/\/www.instagram.com\/ss20_apple_arvutid\/"]}]}},"_links":{"self":[{"href":"https:\/\/ss20.ee\/en\/wp-json\/wp\/v2\/pages\/15079","targetHints":{"allow":["GET"]}}],"collection":[{"href":"https:\/\/ss20.ee\/en\/wp-json\/wp\/v2\/pages"}],"about":[{"href":"https:\/\/ss20.ee\/en\/wp-json\/wp\/v2\/types\/page"}],"author":[{"embeddable":true,"href":"https:\/\/ss20.ee\/en\/wp-json\/wp\/v2\/users\/1"}],"replies":[{"embeddable":true,"href":"https:\/\/ss20.ee\/en\/wp-json\/wp\/v2\/comments?post=15079"}],"version-history":[{"count":9,"href":"https:\/\/ss20.ee\/en\/wp-json\/wp\/v2\/pages\/15079\/revisions"}],"predecessor-version":[{"id":24286,"href":"https:\/\/ss20.ee\/en\/wp-json\/wp\/v2\/pages\/15079\/revisions\/24286"}],"wp:attachment":[{"href":"https:\/\/ss20.ee\/en\/wp-json\/wp\/v2\/media?parent=15079"}],"curies":[{"name":"wp","href":"https:\/\/api.w.org\/{rel}","templated":true}]}}