{"id":15271,"date":"2019-10-29T08:58:25","date_gmt":"2019-10-29T08:58:25","guid":{"rendered":"https:\/\/ss20.ee\/jarelmaks\/"},"modified":"2019-10-30T08:04:01","modified_gmt":"2019-10-30T08:04:01","slug":"jarelmaks","status":"publish","type":"page","link":"https:\/\/ss20.ee\/en\/jarelmaks\/","title":{"rendered":"ESTO instalments"},"content":{"rendered":"<p><strong>ESTO instalments \u2013 do not wish to pay for the whole amount at once? Pay by installments!<\/strong><\/p>\n<p>Purchase your product and pay over time with <strong>ESTO instalments<\/strong> \u2013 the most low-cost and user-friendly installment loan in Estonia! ESTO instalments offers easy financing \u2013 without a catch. There are no gimmicks like deferred interest or hidden fees, so the total you see at checkout is always what you\u2019ll actually pay.<\/p>\n<p>Using ESTO instalments at checkout is extremely simple, convenient and fast. Just select suitable period and insert your contact details for a real-time decision \u2013 complete your purchase within 60 seconds!<\/p>\n<p>Add products to cart and for payment method select ESTO instalments in check out. Pick a loan period that fits your budget and complete the purchase with digital signing (Mobile-ID, Smart-ID or ID-card signature). Simple as that!<\/p>\n<p>When making a purchase using ESTO instalments you receive the product right away (store ships your order immediately). ESTO instalments can be used for making larger purchases as well as smaller ones.<\/p>\n<p>People, who qualify for ESTO instalments, must remain in the age range of 18-70 years and have an Estonian citizenship.<\/p>\n<p>ESTO instalments conditions:<\/p>\n<ul>\n<li>Interest rate from 0%<\/li>\n<li>Contract fee from 0 EUR<\/li>\n<li>Period up to 4 years<\/li>\n<\/ul>\n<p>Installment loan is provided by ESTO AS. Review the terms and conditions at www.esto.ee and consult with our expert. The installment loan is a financial obligation. Please assess your financial position and think about whether you really need the loan before you submit the application, so you can be sure that you are able to repay the loan in a timely manner. The monthly payment is 146.37\u20ac and annual rate of charge is 34.74% on the following sample terms and conditions: loan amount 1500\u20ac, annual interest rate of 14.90% on the outstanding balance (fixed), contract fee 14.90\u20ac and repayment period of 12 months.<\/p>\n<p>&nbsp;<\/p>\n<p><iframe style=\"border: 0;\" src=\"https:\/\/api.esto.ee\/calculator?shop_id=spets24&amp;type=hire&amp;lang=et-ee\" width=\"500\" height=\"400\"><\/iframe><\/p>\n","protected":false},"excerpt":{"rendered":"<p>ESTO instalments \u2013 do not wish to pay for the whole amount at once? Pay by installments! Purchase your product and pay over time with ESTO instalments \u2013 the most low-cost and user-friendly installment loan in Estonia! ESTO instalments offers easy financing \u2013 without a catch. There are no gimmicks&hellip; <\/p>\n","protected":false},"author":1,"featured_media":0,"parent":0,"menu_order":0,"comment_status":"closed","ping_status":"closed","template":"","meta":{"footnotes":""},"class_list":["post-15271","page","type-page","status-publish","hentry"],"yoast_head":"<!-- This site is optimized with the Yoast SEO Premium plugin v25.2 (Yoast SEO v26.4) - https:\/\/yoast.com\/wordpress\/plugins\/seo\/ -->\n<title>ESTO instalments - SPETS SERVICE<\/title>\n<meta name=\"description\" content=\"Used computers for sale in Tallinn and across Estonia. MacBook, laptops, and desktop computers. We also offer computer and electronics repair services. Certified, reliable devices with warranty.\" \/>\n<meta name=\"robots\" content=\"index, follow, max-snippet:-1, max-image-preview:large, max-video-preview:-1\" \/>\n<link rel=\"canonical\" href=\"https:\/\/ss20.ee\/en\/jarelmaks\/\" \/>\n<meta property=\"og:locale\" content=\"en_US\" \/>\n<meta property=\"og:type\" content=\"article\" \/>\n<meta property=\"og:title\" content=\"ESTO instalments\" \/>\n<meta property=\"og:description\" content=\"Kasutatud arvutid m\u00fc\u00fcgiks Tallinnas ja \u00fcle Eesti. MacBook, s\u00fclearvutid ja lauaarvutid. Pakume ka arvutite ja elektroonika remonti. Kontrollitud ja t\u00f6\u00f6kindlad. Kiire kohaletoimetamine \u00fcle kogu Eesti.\" \/>\n<meta property=\"og:url\" content=\"https:\/\/ss20.ee\/en\/jarelmaks\/\" \/>\n<meta property=\"og:site_name\" content=\"SPETS SERVICE\" \/>\n<meta property=\"article:publisher\" content=\"https:\/\/www.facebook.com\/applearvutid\" \/>\n<meta property=\"article:modified_time\" content=\"2019-10-30T08:04:01+00:00\" \/>\n<meta property=\"og:image\" content=\"https:\/\/ss20.ee\/wp-content\/uploads\/2025\/05\/seo.jpg\" \/>\n\t<meta property=\"og:image:width\" content=\"1200\" \/>\n\t<meta property=\"og:image:height\" content=\"675\" \/>\n\t<meta property=\"og:image:type\" content=\"image\/jpeg\" \/>\n<meta name=\"twitter:card\" content=\"summary_large_image\" \/>\n<meta name=\"twitter:label1\" content=\"Est. reading time\" \/>\n\t<meta name=\"twitter:data1\" content=\"1 minute\" \/>\n<script type=\"application\/ld+json\" class=\"yoast-schema-graph\">{\"@context\":\"https:\/\/schema.org\",\"@graph\":[{\"@type\":\"WebPage\",\"@id\":\"https:\/\/ss20.ee\/en\/jarelmaks\/\",\"url\":\"https:\/\/ss20.ee\/en\/jarelmaks\/\",\"name\":\"ESTO instalments - SPETS SERVICE\",\"isPartOf\":{\"@id\":\"https:\/\/ss20.ee\/en\/#website\"},\"datePublished\":\"2019-10-29T08:58:25+00:00\",\"dateModified\":\"2019-10-30T08:04:01+00:00\",\"description\":\"Used computers for sale in Tallinn and across Estonia. MacBook, laptops, and desktop computers. We also offer computer and electronics repair services. Certified, reliable devices with warranty.\",\"breadcrumb\":{\"@id\":\"https:\/\/ss20.ee\/en\/jarelmaks\/#breadcrumb\"},\"inLanguage\":\"en-US\",\"potentialAction\":[{\"@type\":\"ReadAction\",\"target\":[\"https:\/\/ss20.ee\/en\/jarelmaks\/\"]}]},{\"@type\":\"BreadcrumbList\",\"@id\":\"https:\/\/ss20.ee\/en\/jarelmaks\/#breadcrumb\",\"itemListElement\":[{\"@type\":\"ListItem\",\"position\":1,\"name\":\"Home\",\"item\":\"https:\/\/ss20.ee\/en\/\"},{\"@type\":\"ListItem\",\"position\":2,\"name\":\"ESTO instalments\"}]},{\"@type\":\"WebSite\",\"@id\":\"https:\/\/ss20.ee\/en\/#website\",\"url\":\"https:\/\/ss20.ee\/en\/\",\"name\":\"Spets Service\",\"description\":\"ARVUTITE M\u00dc\u00dcK JA REMONT\",\"publisher\":{\"@id\":\"https:\/\/ss20.ee\/en\/#organization\"},\"potentialAction\":[{\"@type\":\"SearchAction\",\"target\":{\"@type\":\"EntryPoint\",\"urlTemplate\":\"https:\/\/ss20.ee\/en\/?s={search_term_string}\"},\"query-input\":{\"@type\":\"PropertyValueSpecification\",\"valueRequired\":true,\"valueName\":\"search_term_string\"}}],\"inLanguage\":\"en-US\"},{\"@type\":\"Organization\",\"@id\":\"https:\/\/ss20.ee\/en\/#organization\",\"name\":\"Spets Service\",\"alternateName\":\"Spets Service\",\"url\":\"https:\/\/ss20.ee\/en\/\",\"logo\":{\"@type\":\"ImageObject\",\"inLanguage\":\"en-US\",\"@id\":\"https:\/\/ss20.ee\/en\/#\/schema\/logo\/image\/\",\"url\":\"https:\/\/ss20.ee\/wp-content\/uploads\/2024\/11\/Untitled-design-9.png\",\"contentUrl\":\"https:\/\/ss20.ee\/wp-content\/uploads\/2024\/11\/Untitled-design-9.png\",\"width\":1772,\"height\":354,\"caption\":\"Spets Service\"},\"image\":{\"@id\":\"https:\/\/ss20.ee\/en\/#\/schema\/logo\/image\/\"},\"sameAs\":[\"https:\/\/www.facebook.com\/applearvutid\",\"https:\/\/www.instagram.com\/ss20_apple_arvutid\/\"]}]}<\/script>\n<!-- \/ Yoast SEO Premium plugin. -->","yoast_head_json":{"title":"ESTO instalments - SPETS SERVICE","description":"Used computers for sale in Tallinn and across Estonia. MacBook, laptops, and desktop computers. We also offer computer and electronics repair services. Certified, reliable devices with warranty.","robots":{"index":"index","follow":"follow","max-snippet":"max-snippet:-1","max-image-preview":"max-image-preview:large","max-video-preview":"max-video-preview:-1"},"canonical":"https:\/\/ss20.ee\/en\/jarelmaks\/","og_locale":"en_US","og_type":"article","og_title":"ESTO instalments","og_description":"Kasutatud arvutid m\u00fc\u00fcgiks Tallinnas ja \u00fcle Eesti. MacBook, s\u00fclearvutid ja lauaarvutid. Pakume ka arvutite ja elektroonika remonti. Kontrollitud ja t\u00f6\u00f6kindlad. Kiire kohaletoimetamine \u00fcle kogu Eesti.","og_url":"https:\/\/ss20.ee\/en\/jarelmaks\/","og_site_name":"SPETS SERVICE","article_publisher":"https:\/\/www.facebook.com\/applearvutid","article_modified_time":"2019-10-30T08:04:01+00:00","og_image":[{"width":1200,"height":675,"url":"https:\/\/ss20.ee\/wp-content\/uploads\/2025\/05\/seo.jpg","type":"image\/jpeg"}],"twitter_card":"summary_large_image","twitter_misc":{"Est. reading time":"1 minute"},"schema":{"@context":"https:\/\/schema.org","@graph":[{"@type":"WebPage","@id":"https:\/\/ss20.ee\/en\/jarelmaks\/","url":"https:\/\/ss20.ee\/en\/jarelmaks\/","name":"ESTO instalments - SPETS SERVICE","isPartOf":{"@id":"https:\/\/ss20.ee\/en\/#website"},"datePublished":"2019-10-29T08:58:25+00:00","dateModified":"2019-10-30T08:04:01+00:00","description":"Used computers for sale in Tallinn and across Estonia. MacBook, laptops, and desktop computers. We also offer computer and electronics repair services. Certified, reliable devices with warranty.","breadcrumb":{"@id":"https:\/\/ss20.ee\/en\/jarelmaks\/#breadcrumb"},"inLanguage":"en-US","potentialAction":[{"@type":"ReadAction","target":["https:\/\/ss20.ee\/en\/jarelmaks\/"]}]},{"@type":"BreadcrumbList","@id":"https:\/\/ss20.ee\/en\/jarelmaks\/#breadcrumb","itemListElement":[{"@type":"ListItem","position":1,"name":"Home","item":"https:\/\/ss20.ee\/en\/"},{"@type":"ListItem","position":2,"name":"ESTO instalments"}]},{"@type":"WebSite","@id":"https:\/\/ss20.ee\/en\/#website","url":"https:\/\/ss20.ee\/en\/","name":"Spets Service","description":"ARVUTITE M\u00dc\u00dcK JA REMONT","publisher":{"@id":"https:\/\/ss20.ee\/en\/#organization"},"potentialAction":[{"@type":"SearchAction","target":{"@type":"EntryPoint","urlTemplate":"https:\/\/ss20.ee\/en\/?s={search_term_string}"},"query-input":{"@type":"PropertyValueSpecification","valueRequired":true,"valueName":"search_term_string"}}],"inLanguage":"en-US"},{"@type":"Organization","@id":"https:\/\/ss20.ee\/en\/#organization","name":"Spets Service","alternateName":"Spets Service","url":"https:\/\/ss20.ee\/en\/","logo":{"@type":"ImageObject","inLanguage":"en-US","@id":"https:\/\/ss20.ee\/en\/#\/schema\/logo\/image\/","url":"https:\/\/ss20.ee\/wp-content\/uploads\/2024\/11\/Untitled-design-9.png","contentUrl":"https:\/\/ss20.ee\/wp-content\/uploads\/2024\/11\/Untitled-design-9.png","width":1772,"height":354,"caption":"Spets Service"},"image":{"@id":"https:\/\/ss20.ee\/en\/#\/schema\/logo\/image\/"},"sameAs":["https:\/\/www.facebook.com\/applearvutid","https:\/\/www.instagram.com\/ss20_apple_arvutid\/"]}]}},"_links":{"self":[{"href":"https:\/\/ss20.ee\/en\/wp-json\/wp\/v2\/pages\/15271","targetHints":{"allow":["GET"]}}],"collection":[{"href":"https:\/\/ss20.ee\/en\/wp-json\/wp\/v2\/pages"}],"about":[{"href":"https:\/\/ss20.ee\/en\/wp-json\/wp\/v2\/types\/page"}],"author":[{"embeddable":true,"href":"https:\/\/ss20.ee\/en\/wp-json\/wp\/v2\/users\/1"}],"replies":[{"embeddable":true,"href":"https:\/\/ss20.ee\/en\/wp-json\/wp\/v2\/comments?post=15271"}],"version-history":[{"count":2,"href":"https:\/\/ss20.ee\/en\/wp-json\/wp\/v2\/pages\/15271\/revisions"}],"predecessor-version":[{"id":15281,"href":"https:\/\/ss20.ee\/en\/wp-json\/wp\/v2\/pages\/15271\/revisions\/15281"}],"wp:attachment":[{"href":"https:\/\/ss20.ee\/en\/wp-json\/wp\/v2\/media?parent=15271"}],"curies":[{"name":"wp","href":"https:\/\/api.w.org\/{rel}","templated":true}]}}