{"id":29284,"date":"2024-11-18T10:54:13","date_gmt":"2024-11-18T10:54:13","guid":{"rendered":"https:\/\/ss20.ee\/apple-seadmete-remont\/"},"modified":"2025-05-27T23:26:53","modified_gmt":"2025-05-27T23:26:53","slug":"apple-mac-repair","status":"publish","type":"page","link":"https:\/\/ss20.ee\/en\/apple-mac-repair\/","title":{"rendered":"APPLE MAC REPAIR"},"content":{"rendered":"\t\t<div data-elementor-type=\"wp-page\" data-elementor-id=\"29284\" class=\"elementor elementor-29284 elementor-29254\" data-elementor-post-type=\"page\">\n\t\t\t\t\t\t<section class=\"elementor-section elementor-top-section elementor-element elementor-element-9688d2a elementor-section-boxed elementor-section-height-default elementor-section-height-default\" data-id=\"9688d2a\" data-element_type=\"section\">\n\t\t\t\t\t\t<div class=\"elementor-container elementor-column-gap-default\">\n\t\t\t\t\t<div class=\"elementor-column elementor-col-100 elementor-top-column elementor-element elementor-element-d5366f1\" data-id=\"d5366f1\" data-element_type=\"column\">\n\t\t\t<div class=\"elementor-widget-wrap elementor-element-populated\">\n\t\t\t\t\t\t<div class=\"elementor-element elementor-element-eeb7e65 elementor-widget elementor-widget-video\" data-id=\"eeb7e65\" data-element_type=\"widget\" data-settings=\"{&quot;youtube_url&quot;:&quot;https:\\\/\\\/youtu.be\\\/LiDVtwShemw&quot;,&quot;video_type&quot;:&quot;youtube&quot;,&quot;controls&quot;:&quot;yes&quot;}\" data-widget_type=\"video.default\">\n\t\t\t\t<div class=\"elementor-widget-container\">\n\t\t\t\t\t\t\t<div class=\"elementor-wrapper elementor-open-inline\">\n\t\t\t<div class=\"elementor-video\"><\/div>\t\t<\/div>\n\t\t\t\t\t\t<\/div>\n\t\t\t\t<\/div>\n\t\t\t\t\t<\/div>\n\t\t<\/div>\n\t\t\t\t\t<\/div>\n\t\t<\/section>\n\t\t\t\t<section class=\"elementor-section elementor-top-section elementor-element elementor-element-997df7a elementor-section-boxed elementor-section-height-default elementor-section-height-default\" data-id=\"997df7a\" data-element_type=\"section\">\n\t\t\t\t\t\t<div class=\"elementor-container elementor-column-gap-default\">\n\t\t\t\t\t<div class=\"elementor-column elementor-col-100 elementor-top-column elementor-element elementor-element-922a63a\" data-id=\"922a63a\" data-element_type=\"column\">\n\t\t\t<div class=\"elementor-widget-wrap elementor-element-populated\">\n\t\t\t\t\t\t<div class=\"elementor-element elementor-element-edd9b5b elementor-widget elementor-widget-heading\" data-id=\"edd9b5b\" data-element_type=\"widget\" data-widget_type=\"heading.default\">\n\t\t\t\t<div class=\"elementor-widget-container\">\n\t\t\t\t\t<h2 class=\"elementor-heading-title elementor-size-default\">PROFESSIONAL APPLE DEVICE REPAIR\u200b<\/h2>\t\t\t\t<\/div>\n\t\t\t\t<\/div>\n\t\t\t\t<div class=\"elementor-element elementor-element-8589759 elementor-widget elementor-widget-heading\" data-id=\"8589759\" data-element_type=\"widget\" data-widget_type=\"heading.default\">\n\t\t\t\t<div class=\"elementor-widget-container\">\n\t\t\t\t\t<h2 class=\"elementor-heading-title elementor-size-default\">We carry out complex repairs of Apple devices - iMac, MacBook, MacBook Pro, MacBook Air, iPhone, iPad.<\/h2>\t\t\t\t<\/div>\n\t\t\t\t<\/div>\n\t\t\t\t<div class=\"elementor-element elementor-element-7cfa698 elementor-widget elementor-widget-heading\" data-id=\"7cfa698\" data-element_type=\"widget\" data-widget_type=\"heading.default\">\n\t\t\t\t<div class=\"elementor-widget-container\">\n\t\t\t\t\t<h2 class=\"elementor-heading-title elementor-size-default\">Experience in this field since the 90s, when Mac computers appeared.<\/h2>\t\t\t\t<\/div>\n\t\t\t\t<\/div>\n\t\t\t\t\t<\/div>\n\t\t<\/div>\n\t\t\t\t\t<\/div>\n\t\t<\/section>\n\t\t\t\t<section class=\"elementor-section elementor-top-section elementor-element elementor-element-30ebc91 elementor-section-boxed elementor-section-height-default elementor-section-height-default\" data-id=\"30ebc91\" data-element_type=\"section\">\n\t\t\t\t\t\t<div class=\"elementor-container elementor-column-gap-default\">\n\t\t\t\t\t<div class=\"elementor-column elementor-col-50 elementor-top-column elementor-element elementor-element-3dce36b\" data-id=\"3dce36b\" data-element_type=\"column\">\n\t\t\t<div class=\"elementor-widget-wrap elementor-element-populated\">\n\t\t\t\t\t\t<div class=\"elementor-element elementor-element-b0b3e56 elementor-widget elementor-widget-image\" data-id=\"b0b3e56\" data-element_type=\"widget\" data-widget_type=\"image.default\">\n\t\t\t\t<div class=\"elementor-widget-container\">\n\t\t\t\t\t\t\t\t\t\t\t\t\t\t\t<img fetchpriority=\"high\" decoding=\"async\" width=\"810\" height=\"810\" src=\"https:\/\/ss20.ee\/wp-content\/uploads\/2024\/11\/rsz_esinduspood_on_avatud.jpg\" class=\"attachment-large size-large wp-image-29257\" alt=\"\" srcset=\"https:\/\/ss20.ee\/wp-content\/uploads\/2024\/11\/rsz_esinduspood_on_avatud.jpg 810w, https:\/\/ss20.ee\/wp-content\/uploads\/2024\/11\/rsz_esinduspood_on_avatud-300x300.jpg 300w, https:\/\/ss20.ee\/wp-content\/uploads\/2024\/11\/rsz_esinduspood_on_avatud-150x150.jpg 150w, https:\/\/ss20.ee\/wp-content\/uploads\/2024\/11\/rsz_esinduspood_on_avatud-768x768.jpg 768w, https:\/\/ss20.ee\/wp-content\/uploads\/2024\/11\/rsz_esinduspood_on_avatud-512x512.jpg 512w, https:\/\/ss20.ee\/wp-content\/uploads\/2024\/11\/rsz_esinduspood_on_avatud-420x420.jpg 420w, https:\/\/ss20.ee\/wp-content\/uploads\/2024\/11\/rsz_esinduspood_on_avatud-75x75.jpg 75w, https:\/\/ss20.ee\/wp-content\/uploads\/2024\/11\/rsz_esinduspood_on_avatud-600x600.jpg 600w, https:\/\/ss20.ee\/wp-content\/uploads\/2024\/11\/rsz_esinduspood_on_avatud-100x100.jpg 100w, https:\/\/ss20.ee\/wp-content\/uploads\/2024\/11\/rsz_esinduspood_on_avatud-64x64.jpg 64w\" sizes=\"(max-width: 810px) 100vw, 810px\" \/>\t\t\t\t\t\t\t\t\t\t\t\t\t\t\t<\/div>\n\t\t\t\t<\/div>\n\t\t\t\t\t<\/div>\n\t\t<\/div>\n\t\t\t\t<div class=\"elementor-column elementor-col-50 elementor-top-column elementor-element elementor-element-84da481\" data-id=\"84da481\" data-element_type=\"column\">\n\t\t\t<div class=\"elementor-widget-wrap elementor-element-populated\">\n\t\t\t\t\t\t<div class=\"elementor-element elementor-element-963e6bb elementor-widget elementor-widget-text-editor\" data-id=\"963e6bb\" data-element_type=\"widget\" data-widget_type=\"text-editor.default\">\n\t\t\t\t<div class=\"elementor-widget-container\">\n\t\t\t\t\t\t\t\t\t<ul><li>Logic board \/ motherboard repair at component level.<\/li><li>We find a faulty transistor, diode, capacitor or other component.<\/li><li>We replace microcircuits and other parts of the motherboard.<\/li><li>We can repair up to 8 layer tiles.<\/li><li>Ribbon cable recovery, recovery of other complex cables.<\/li><li>Exchange of screens and displays.<\/li><li>Repairing a fallen and deformed case.<\/li><li>Installing the operating system on a new disk.<\/li><li>Exchange of an old and slow motor disk for a new, SSD-type disk.<\/li><li>Transfer of the entire system to a new hard drive.<\/li><\/ul>\t\t\t\t\t\t\t\t<\/div>\n\t\t\t\t<\/div>\n\t\t\t\t<div class=\"elementor-element elementor-element-35c7653 elementor-widget elementor-widget-heading\" data-id=\"35c7653\" data-element_type=\"widget\" data-widget_type=\"heading.default\">\n\t\t\t\t<div class=\"elementor-widget-container\">\n\t\t\t\t\t<h2 class=\"elementor-heading-title elementor-size-default\">And much more!<\/h2>\t\t\t\t<\/div>\n\t\t\t\t<\/div>\n\t\t\t\t\t<\/div>\n\t\t<\/div>\n\t\t\t\t\t<\/div>\n\t\t<\/section>\n\t\t\t\t<section class=\"elementor-section elementor-top-section elementor-element elementor-element-e93ae0c elementor-section-boxed elementor-section-height-default elementor-section-height-default\" data-id=\"e93ae0c\" data-element_type=\"section\" data-settings=\"{&quot;background_background&quot;:&quot;classic&quot;}\">\n\t\t\t\t\t\t<div class=\"elementor-container elementor-column-gap-default\">\n\t\t\t\t\t<div class=\"elementor-column elementor-col-100 elementor-top-column elementor-element elementor-element-8b34da8\" data-id=\"8b34da8\" data-element_type=\"column\">\n\t\t\t<div class=\"elementor-widget-wrap elementor-element-populated\">\n\t\t\t\t\t\t<div class=\"elementor-element elementor-element-05bab60 elementor-widget elementor-widget-text-editor\" data-id=\"05bab60\" data-element_type=\"widget\" data-widget_type=\"text-editor.default\">\n\t\t\t\t<div class=\"elementor-widget-container\">\n\t\t\t\t\t\t\t\t\t<h4>Diagnostics from 60 EUR + VAT, which is included in the labor fee if you accept the repair offer. We usually do not exceed 50% of the value of the device (repair+materials).<\/h4>\t\t\t\t\t\t\t\t<\/div>\n\t\t\t\t<\/div>\n\t\t\t\t<div class=\"elementor-element elementor-element-d49bbbc elementor-align-right elementor-widget elementor-widget-button\" data-id=\"d49bbbc\" data-element_type=\"widget\" data-widget_type=\"button.default\">\n\t\t\t\t<div class=\"elementor-widget-container\">\n\t\t\t\t\t\t\t\t\t<div class=\"elementor-button-wrapper\">\n\t\t\t\t\t<a class=\"elementor-button elementor-button-link elementor-size-sm\" href=\"https:\/\/spets24.ee\/en\/contacts\/\">\n\t\t\t\t\t\t<span class=\"elementor-button-content-wrapper\">\n\t\t\t\t\t\t\t\t\t<span class=\"elementor-button-text\">GET IN TOUCH<\/span>\n\t\t\t\t\t<\/span>\n\t\t\t\t\t<\/a>\n\t\t\t\t<\/div>\n\t\t\t\t\t\t\t\t<\/div>\n\t\t\t\t<\/div>\n\t\t\t\t\t<\/div>\n\t\t<\/div>\n\t\t\t\t\t<\/div>\n\t\t<\/section>\n\t\t\t\t<section class=\"elementor-section elementor-top-section elementor-element elementor-element-c453cb0 elementor-section-boxed elementor-section-height-default elementor-section-height-default\" data-id=\"c453cb0\" data-element_type=\"section\">\n\t\t\t\t\t\t<div class=\"elementor-container elementor-column-gap-default\">\n\t\t\t\t\t<div class=\"elementor-column elementor-col-25 elementor-top-column elementor-element elementor-element-c4682ed\" data-id=\"c4682ed\" data-element_type=\"column\">\n\t\t\t<div class=\"elementor-widget-wrap elementor-element-populated\">\n\t\t\t\t\t\t<div class=\"elementor-element elementor-element-074986a elementor-widget elementor-widget-image\" data-id=\"074986a\" data-element_type=\"widget\" data-widget_type=\"image.default\">\n\t\t\t\t<div class=\"elementor-widget-container\">\n\t\t\t\t\t\t\t\t\t\t\t\t\t\t\t<img decoding=\"async\" width=\"900\" height=\"498\" src=\"https:\/\/ss20.ee\/wp-content\/uploads\/2024\/11\/macbook-remont.jpg\" class=\"attachment-large size-large wp-image-29261\" alt=\"\" srcset=\"https:\/\/ss20.ee\/wp-content\/uploads\/2024\/11\/macbook-remont.jpg 900w, https:\/\/ss20.ee\/wp-content\/uploads\/2024\/11\/macbook-remont-300x166.jpg 300w, https:\/\/ss20.ee\/wp-content\/uploads\/2024\/11\/macbook-remont-768x425.jpg 768w, https:\/\/ss20.ee\/wp-content\/uploads\/2024\/11\/macbook-remont-600x332.jpg 600w, https:\/\/ss20.ee\/wp-content\/uploads\/2024\/11\/macbook-remont-64x35.jpg 64w\" sizes=\"(max-width: 900px) 100vw, 900px\" \/>\t\t\t\t\t\t\t\t\t\t\t\t\t\t\t<\/div>\n\t\t\t\t<\/div>\n\t\t\t\t\t<\/div>\n\t\t<\/div>\n\t\t\t\t<div class=\"elementor-column elementor-col-25 elementor-top-column elementor-element elementor-element-ab1fde6\" data-id=\"ab1fde6\" data-element_type=\"column\">\n\t\t\t<div class=\"elementor-widget-wrap elementor-element-populated\">\n\t\t\t\t\t\t<div class=\"elementor-element elementor-element-b5dcdcb elementor-widget elementor-widget-image\" data-id=\"b5dcdcb\" data-element_type=\"widget\" data-widget_type=\"image.default\">\n\t\t\t\t<div class=\"elementor-widget-container\">\n\t\t\t\t\t\t\t\t\t\t\t\t\t\t\t<img decoding=\"async\" width=\"900\" height=\"597\" src=\"https:\/\/ss20.ee\/wp-content\/uploads\/2024\/11\/electroonika-parandamine.jpg\" class=\"attachment-large size-large wp-image-29265\" alt=\"\" srcset=\"https:\/\/ss20.ee\/wp-content\/uploads\/2024\/11\/electroonika-parandamine.jpg 900w, https:\/\/ss20.ee\/wp-content\/uploads\/2024\/11\/electroonika-parandamine-300x199.jpg 300w, https:\/\/ss20.ee\/wp-content\/uploads\/2024\/11\/electroonika-parandamine-768x509.jpg 768w, https:\/\/ss20.ee\/wp-content\/uploads\/2024\/11\/electroonika-parandamine-600x398.jpg 600w, https:\/\/ss20.ee\/wp-content\/uploads\/2024\/11\/electroonika-parandamine-64x42.jpg 64w\" sizes=\"(max-width: 900px) 100vw, 900px\" \/>\t\t\t\t\t\t\t\t\t\t\t\t\t\t\t<\/div>\n\t\t\t\t<\/div>\n\t\t\t\t\t<\/div>\n\t\t<\/div>\n\t\t\t\t<div class=\"elementor-column elementor-col-25 elementor-top-column elementor-element elementor-element-5e498bd\" data-id=\"5e498bd\" data-element_type=\"column\">\n\t\t\t<div class=\"elementor-widget-wrap elementor-element-populated\">\n\t\t\t\t\t\t<div class=\"elementor-element elementor-element-43e852b elementor-widget elementor-widget-image\" data-id=\"43e852b\" data-element_type=\"widget\" data-widget_type=\"image.default\">\n\t\t\t\t<div class=\"elementor-widget-container\">\n\t\t\t\t\t\t\t\t\t\t\t\t\t\t\t<img loading=\"lazy\" decoding=\"async\" width=\"900\" height=\"586\" src=\"https:\/\/ss20.ee\/wp-content\/uploads\/2024\/11\/apple-remont.jpg\" class=\"attachment-large size-large wp-image-29269\" alt=\"\" srcset=\"https:\/\/ss20.ee\/wp-content\/uploads\/2024\/11\/apple-remont.jpg 900w, https:\/\/ss20.ee\/wp-content\/uploads\/2024\/11\/apple-remont-300x195.jpg 300w, https:\/\/ss20.ee\/wp-content\/uploads\/2024\/11\/apple-remont-768x500.jpg 768w, https:\/\/ss20.ee\/wp-content\/uploads\/2024\/11\/apple-remont-600x391.jpg 600w, https:\/\/ss20.ee\/wp-content\/uploads\/2024\/11\/apple-remont-64x42.jpg 64w\" sizes=\"(max-width: 900px) 100vw, 900px\" \/>\t\t\t\t\t\t\t\t\t\t\t\t\t\t\t<\/div>\n\t\t\t\t<\/div>\n\t\t\t\t\t<\/div>\n\t\t<\/div>\n\t\t\t\t<div class=\"elementor-column elementor-col-25 elementor-top-column elementor-element elementor-element-b542bd7\" data-id=\"b542bd7\" data-element_type=\"column\">\n\t\t\t<div class=\"elementor-widget-wrap elementor-element-populated\">\n\t\t\t\t\t\t<div class=\"elementor-element elementor-element-ce03954 elementor-widget elementor-widget-image\" data-id=\"ce03954\" data-element_type=\"widget\" data-widget_type=\"image.default\">\n\t\t\t\t<div class=\"elementor-widget-container\">\n\t\t\t\t\t\t\t\t\t\t\t\t\t\t\t<img loading=\"lazy\" decoding=\"async\" width=\"800\" height=\"499\" src=\"https:\/\/ss20.ee\/wp-content\/uploads\/2024\/11\/arvuti-remont-e1470134140373.jpg\" class=\"attachment-large size-large wp-image-29273\" alt=\"\" srcset=\"https:\/\/ss20.ee\/wp-content\/uploads\/2024\/11\/arvuti-remont-e1470134140373.jpg 800w, https:\/\/ss20.ee\/wp-content\/uploads\/2024\/11\/arvuti-remont-e1470134140373-300x187.jpg 300w, https:\/\/ss20.ee\/wp-content\/uploads\/2024\/11\/arvuti-remont-e1470134140373-768x479.jpg 768w, https:\/\/ss20.ee\/wp-content\/uploads\/2024\/11\/arvuti-remont-e1470134140373-600x374.jpg 600w, https:\/\/ss20.ee\/wp-content\/uploads\/2024\/11\/arvuti-remont-e1470134140373-64x40.jpg 64w\" sizes=\"(max-width: 800px) 100vw, 800px\" \/>\t\t\t\t\t\t\t\t\t\t\t\t\t\t\t<\/div>\n\t\t\t\t<\/div>\n\t\t\t\t\t<\/div>\n\t\t<\/div>\n\t\t\t\t\t<\/div>\n\t\t<\/section>\n\t\t\t\t<\/div>\n\t\t","protected":false},"excerpt":{"rendered":"<p>PROFESSIONAL APPLE DEVICE REPAIR\u200b We carry out complex repairs of Apple devices &#8211; iMac, MacBook, MacBook Pro, MacBook Air, iPhone, iPad. Experience in this field since the 90s, when Mac computers appeared. Logic board \/ motherboard repair at component level. We find a faulty transistor, diode, capacitor or other component.&hellip; <\/p>\n","protected":false},"author":1,"featured_media":0,"parent":0,"menu_order":0,"comment_status":"closed","ping_status":"closed","template":"elementor_header_footer","meta":{"footnotes":""},"class_list":["post-29284","page","type-page","status-publish","hentry"],"yoast_head":"<!-- This site is optimized with the Yoast SEO Premium plugin v25.2 (Yoast SEO v26.4) - https:\/\/yoast.com\/wordpress\/plugins\/seo\/ -->\n<title>APPLE MAC REPAIR - SPETS SERVICE<\/title>\n<meta name=\"description\" content=\"Professional Apple Mac repair services in Tallinn. Fast diagnostics, component replacement, and reliable maintenance for MacBook, iMac, and other Apple computers. Quality service you can trust.\" \/>\n<meta name=\"robots\" content=\"index, follow, max-snippet:-1, max-image-preview:large, max-video-preview:-1\" \/>\n<link rel=\"canonical\" href=\"https:\/\/ss20.ee\/en\/apple-mac-repair\/\" \/>\n<meta property=\"og:locale\" content=\"en_US\" \/>\n<meta property=\"og:type\" content=\"article\" \/>\n<meta property=\"og:title\" content=\"APPLE MAC REPAIR\" \/>\n<meta property=\"og:description\" content=\"Professional Apple Mac repair services in Tallinn. Fast diagnostics, component replacement, and reliable maintenance for MacBook, iMac, and other Apple computers. Quality service you can trust.\" \/>\n<meta property=\"og:url\" content=\"https:\/\/ss20.ee\/en\/apple-mac-repair\/\" \/>\n<meta property=\"og:site_name\" content=\"SPETS SERVICE\" \/>\n<meta property=\"article:publisher\" content=\"https:\/\/www.facebook.com\/applearvutid\" \/>\n<meta property=\"article:modified_time\" content=\"2025-05-27T23:26:53+00:00\" \/>\n<meta property=\"og:image\" content=\"https:\/\/ss20.ee\/wp-content\/uploads\/2024\/11\/rsz_esinduspood_on_avatud.jpg\" \/>\n<meta name=\"twitter:card\" content=\"summary_large_image\" \/>\n<meta name=\"twitter:description\" content=\"Kasutatud arvutid m\u00fc\u00fcgiks Tallinnas ja \u00fcle Eesti. MacBook, s\u00fclearvutid ja lauaarvutid. Pakume ka arvutite ja elektroonika remonti. Kontrollitud ja t\u00f6\u00f6kindlad. Kiire kohaletoimetamine \u00fcle kogu Eesti.\" \/>\n<meta name=\"twitter:label1\" content=\"Est. reading time\" \/>\n\t<meta name=\"twitter:data1\" content=\"2 minutes\" \/>\n<script type=\"application\/ld+json\" class=\"yoast-schema-graph\">{\"@context\":\"https:\/\/schema.org\",\"@graph\":[{\"@type\":\"WebPage\",\"@id\":\"https:\/\/ss20.ee\/en\/apple-mac-repair\/\",\"url\":\"https:\/\/ss20.ee\/en\/apple-mac-repair\/\",\"name\":\"APPLE MAC REPAIR - SPETS SERVICE\",\"isPartOf\":{\"@id\":\"https:\/\/ss20.ee\/en\/#website\"},\"primaryImageOfPage\":{\"@id\":\"https:\/\/ss20.ee\/en\/apple-mac-repair\/#primaryimage\"},\"image\":{\"@id\":\"https:\/\/ss20.ee\/en\/apple-mac-repair\/#primaryimage\"},\"thumbnailUrl\":\"https:\/\/ss20.ee\/wp-content\/uploads\/2024\/11\/rsz_esinduspood_on_avatud.jpg\",\"datePublished\":\"2024-11-18T10:54:13+00:00\",\"dateModified\":\"2025-05-27T23:26:53+00:00\",\"description\":\"Professional Apple Mac repair services in Tallinn. Fast diagnostics, component replacement, and reliable maintenance for MacBook, iMac, and other Apple computers. Quality service you can trust.\",\"breadcrumb\":{\"@id\":\"https:\/\/ss20.ee\/en\/apple-mac-repair\/#breadcrumb\"},\"inLanguage\":\"en-US\",\"potentialAction\":[{\"@type\":\"ReadAction\",\"target\":[\"https:\/\/ss20.ee\/en\/apple-mac-repair\/\"]}]},{\"@type\":\"ImageObject\",\"inLanguage\":\"en-US\",\"@id\":\"https:\/\/ss20.ee\/en\/apple-mac-repair\/#primaryimage\",\"url\":\"https:\/\/ss20.ee\/wp-content\/uploads\/2024\/11\/rsz_esinduspood_on_avatud.jpg\",\"contentUrl\":\"https:\/\/ss20.ee\/wp-content\/uploads\/2024\/11\/rsz_esinduspood_on_avatud.jpg\"},{\"@type\":\"BreadcrumbList\",\"@id\":\"https:\/\/ss20.ee\/en\/apple-mac-repair\/#breadcrumb\",\"itemListElement\":[{\"@type\":\"ListItem\",\"position\":1,\"name\":\"Home\",\"item\":\"https:\/\/ss20.ee\/en\/\"},{\"@type\":\"ListItem\",\"position\":2,\"name\":\"APPLE MAC REPAIR\"}]},{\"@type\":\"WebSite\",\"@id\":\"https:\/\/ss20.ee\/en\/#website\",\"url\":\"https:\/\/ss20.ee\/en\/\",\"name\":\"Spets Service\",\"description\":\"ARVUTITE M\u00dc\u00dcK JA REMONT\",\"publisher\":{\"@id\":\"https:\/\/ss20.ee\/en\/#organization\"},\"potentialAction\":[{\"@type\":\"SearchAction\",\"target\":{\"@type\":\"EntryPoint\",\"urlTemplate\":\"https:\/\/ss20.ee\/en\/?s={search_term_string}\"},\"query-input\":{\"@type\":\"PropertyValueSpecification\",\"valueRequired\":true,\"valueName\":\"search_term_string\"}}],\"inLanguage\":\"en-US\"},{\"@type\":\"Organization\",\"@id\":\"https:\/\/ss20.ee\/en\/#organization\",\"name\":\"Spets Service\",\"alternateName\":\"Spets Service\",\"url\":\"https:\/\/ss20.ee\/en\/\",\"logo\":{\"@type\":\"ImageObject\",\"inLanguage\":\"en-US\",\"@id\":\"https:\/\/ss20.ee\/en\/#\/schema\/logo\/image\/\",\"url\":\"https:\/\/ss20.ee\/wp-content\/uploads\/2024\/11\/Untitled-design-9.png\",\"contentUrl\":\"https:\/\/ss20.ee\/wp-content\/uploads\/2024\/11\/Untitled-design-9.png\",\"width\":1772,\"height\":354,\"caption\":\"Spets Service\"},\"image\":{\"@id\":\"https:\/\/ss20.ee\/en\/#\/schema\/logo\/image\/\"},\"sameAs\":[\"https:\/\/www.facebook.com\/applearvutid\",\"https:\/\/www.instagram.com\/ss20_apple_arvutid\/\"]}]}<\/script>\n<!-- \/ Yoast SEO Premium plugin. -->","yoast_head_json":{"title":"APPLE MAC REPAIR - SPETS SERVICE","description":"Professional Apple Mac repair services in Tallinn. Fast diagnostics, component replacement, and reliable maintenance for MacBook, iMac, and other Apple computers. Quality service you can trust.","robots":{"index":"index","follow":"follow","max-snippet":"max-snippet:-1","max-image-preview":"max-image-preview:large","max-video-preview":"max-video-preview:-1"},"canonical":"https:\/\/ss20.ee\/en\/apple-mac-repair\/","og_locale":"en_US","og_type":"article","og_title":"APPLE MAC REPAIR","og_description":"Professional Apple Mac repair services in Tallinn. Fast diagnostics, component replacement, and reliable maintenance for MacBook, iMac, and other Apple computers. Quality service you can trust.","og_url":"https:\/\/ss20.ee\/en\/apple-mac-repair\/","og_site_name":"SPETS SERVICE","article_publisher":"https:\/\/www.facebook.com\/applearvutid","article_modified_time":"2025-05-27T23:26:53+00:00","og_image":[{"url":"https:\/\/ss20.ee\/wp-content\/uploads\/2024\/11\/rsz_esinduspood_on_avatud.jpg","type":"","width":"","height":""}],"twitter_card":"summary_large_image","twitter_description":"Kasutatud arvutid m\u00fc\u00fcgiks Tallinnas ja \u00fcle Eesti. MacBook, s\u00fclearvutid ja lauaarvutid. Pakume ka arvutite ja elektroonika remonti. Kontrollitud ja t\u00f6\u00f6kindlad. Kiire kohaletoimetamine \u00fcle kogu Eesti.","twitter_misc":{"Est. reading time":"2 minutes"},"schema":{"@context":"https:\/\/schema.org","@graph":[{"@type":"WebPage","@id":"https:\/\/ss20.ee\/en\/apple-mac-repair\/","url":"https:\/\/ss20.ee\/en\/apple-mac-repair\/","name":"APPLE MAC REPAIR - SPETS SERVICE","isPartOf":{"@id":"https:\/\/ss20.ee\/en\/#website"},"primaryImageOfPage":{"@id":"https:\/\/ss20.ee\/en\/apple-mac-repair\/#primaryimage"},"image":{"@id":"https:\/\/ss20.ee\/en\/apple-mac-repair\/#primaryimage"},"thumbnailUrl":"https:\/\/ss20.ee\/wp-content\/uploads\/2024\/11\/rsz_esinduspood_on_avatud.jpg","datePublished":"2024-11-18T10:54:13+00:00","dateModified":"2025-05-27T23:26:53+00:00","description":"Professional Apple Mac repair services in Tallinn. Fast diagnostics, component replacement, and reliable maintenance for MacBook, iMac, and other Apple computers. Quality service you can trust.","breadcrumb":{"@id":"https:\/\/ss20.ee\/en\/apple-mac-repair\/#breadcrumb"},"inLanguage":"en-US","potentialAction":[{"@type":"ReadAction","target":["https:\/\/ss20.ee\/en\/apple-mac-repair\/"]}]},{"@type":"ImageObject","inLanguage":"en-US","@id":"https:\/\/ss20.ee\/en\/apple-mac-repair\/#primaryimage","url":"https:\/\/ss20.ee\/wp-content\/uploads\/2024\/11\/rsz_esinduspood_on_avatud.jpg","contentUrl":"https:\/\/ss20.ee\/wp-content\/uploads\/2024\/11\/rsz_esinduspood_on_avatud.jpg"},{"@type":"BreadcrumbList","@id":"https:\/\/ss20.ee\/en\/apple-mac-repair\/#breadcrumb","itemListElement":[{"@type":"ListItem","position":1,"name":"Home","item":"https:\/\/ss20.ee\/en\/"},{"@type":"ListItem","position":2,"name":"APPLE MAC REPAIR"}]},{"@type":"WebSite","@id":"https:\/\/ss20.ee\/en\/#website","url":"https:\/\/ss20.ee\/en\/","name":"Spets Service","description":"ARVUTITE M\u00dc\u00dcK JA REMONT","publisher":{"@id":"https:\/\/ss20.ee\/en\/#organization"},"potentialAction":[{"@type":"SearchAction","target":{"@type":"EntryPoint","urlTemplate":"https:\/\/ss20.ee\/en\/?s={search_term_string}"},"query-input":{"@type":"PropertyValueSpecification","valueRequired":true,"valueName":"search_term_string"}}],"inLanguage":"en-US"},{"@type":"Organization","@id":"https:\/\/ss20.ee\/en\/#organization","name":"Spets Service","alternateName":"Spets Service","url":"https:\/\/ss20.ee\/en\/","logo":{"@type":"ImageObject","inLanguage":"en-US","@id":"https:\/\/ss20.ee\/en\/#\/schema\/logo\/image\/","url":"https:\/\/ss20.ee\/wp-content\/uploads\/2024\/11\/Untitled-design-9.png","contentUrl":"https:\/\/ss20.ee\/wp-content\/uploads\/2024\/11\/Untitled-design-9.png","width":1772,"height":354,"caption":"Spets Service"},"image":{"@id":"https:\/\/ss20.ee\/en\/#\/schema\/logo\/image\/"},"sameAs":["https:\/\/www.facebook.com\/applearvutid","https:\/\/www.instagram.com\/ss20_apple_arvutid\/"]}]}},"_links":{"self":[{"href":"https:\/\/ss20.ee\/en\/wp-json\/wp\/v2\/pages\/29284","targetHints":{"allow":["GET"]}}],"collection":[{"href":"https:\/\/ss20.ee\/en\/wp-json\/wp\/v2\/pages"}],"about":[{"href":"https:\/\/ss20.ee\/en\/wp-json\/wp\/v2\/types\/page"}],"author":[{"embeddable":true,"href":"https:\/\/ss20.ee\/en\/wp-json\/wp\/v2\/users\/1"}],"replies":[{"embeddable":true,"href":"https:\/\/ss20.ee\/en\/wp-json\/wp\/v2\/comments?post=29284"}],"version-history":[{"count":17,"href":"https:\/\/ss20.ee\/en\/wp-json\/wp\/v2\/pages\/29284\/revisions"}],"predecessor-version":[{"id":37670,"href":"https:\/\/ss20.ee\/en\/wp-json\/wp\/v2\/pages\/29284\/revisions\/37670"}],"wp:attachment":[{"href":"https:\/\/ss20.ee\/en\/wp-json\/wp\/v2\/media?parent=29284"}],"curies":[{"name":"wp","href":"https:\/\/api.w.org\/{rel}","templated":true}]}}