{"id":29350,"date":"2024-11-18T11:09:09","date_gmt":"2024-11-18T11:09:09","guid":{"rendered":"https:\/\/ss20.ee\/windows-arvutite-remont\/"},"modified":"2025-05-27T23:30:16","modified_gmt":"2025-05-27T23:30:16","slug":"windows-computer-repair","status":"publish","type":"page","link":"https:\/\/ss20.ee\/en\/windows-computer-repair\/","title":{"rendered":"WINDOWS COMPUTER REPAIR"},"content":{"rendered":"\t\t<div data-elementor-type=\"wp-page\" data-elementor-id=\"29350\" class=\"elementor elementor-29350 elementor-29304\" data-elementor-post-type=\"page\">\n\t\t\t\t\t\t<section class=\"elementor-section elementor-top-section elementor-element elementor-element-22f36ca elementor-section-boxed elementor-section-height-default elementor-section-height-default\" data-id=\"22f36ca\" data-element_type=\"section\">\n\t\t\t\t\t\t<div class=\"elementor-container elementor-column-gap-default\">\n\t\t\t\t\t<div class=\"elementor-column elementor-col-100 elementor-top-column elementor-element elementor-element-ca8158d\" data-id=\"ca8158d\" data-element_type=\"column\">\n\t\t\t<div class=\"elementor-widget-wrap elementor-element-populated\">\n\t\t\t\t\t\t<div class=\"elementor-element elementor-element-57b1a13 elementor-widget elementor-widget-image\" data-id=\"57b1a13\" data-element_type=\"widget\" data-widget_type=\"image.default\">\n\t\t\t\t<div class=\"elementor-widget-container\">\n\t\t\t\t\t\t\t\t\t\t\t\t\t\t\t<img decoding=\"async\" src=\"https:\/\/ss20.ee\/wp-content\/uploads\/elementor\/thumbs\/windows-repair-2-qxc3oiyg0qtrwf5bxixlqutovnb9q42het7mvnnxxw.jpg\" title=\"windows-repair-2\" alt=\"windows-repair-2\" loading=\"lazy\" \/>\t\t\t\t\t\t\t\t\t\t\t\t\t\t\t<\/div>\n\t\t\t\t<\/div>\n\t\t\t\t\t<\/div>\n\t\t<\/div>\n\t\t\t\t\t<\/div>\n\t\t<\/section>\n\t\t\t\t<section class=\"elementor-section elementor-top-section elementor-element elementor-element-fca4ec1 elementor-section-boxed elementor-section-height-default elementor-section-height-default\" data-id=\"fca4ec1\" data-element_type=\"section\">\n\t\t\t\t\t\t<div class=\"elementor-container elementor-column-gap-default\">\n\t\t\t\t\t<div class=\"elementor-column elementor-col-100 elementor-top-column elementor-element elementor-element-c8a1b74\" data-id=\"c8a1b74\" data-element_type=\"column\">\n\t\t\t<div class=\"elementor-widget-wrap elementor-element-populated\">\n\t\t\t\t\t\t<div class=\"elementor-element elementor-element-ee74ea1 elementor-widget elementor-widget-heading\" data-id=\"ee74ea1\" data-element_type=\"widget\" data-widget_type=\"heading.default\">\n\t\t\t\t<div class=\"elementor-widget-container\">\n\t\t\t\t\t<h2 class=\"elementor-heading-title elementor-size-default\">WINDOWS COMPUTER REPAIR<\/h2>\t\t\t\t<\/div>\n\t\t\t\t<\/div>\n\t\t\t\t<div class=\"elementor-element elementor-element-6a64e9d elementor-widget elementor-widget-heading\" data-id=\"6a64e9d\" data-element_type=\"widget\" data-widget_type=\"heading.default\">\n\t\t\t\t<div class=\"elementor-widget-container\">\n\t\t\t\t\t<h2 class=\"elementor-heading-title elementor-size-default\">Computer help, computer repair and computer support<\/h2>\t\t\t\t<\/div>\n\t\t\t\t<\/div>\n\t\t\t\t\t<\/div>\n\t\t<\/div>\n\t\t\t\t\t<\/div>\n\t\t<\/section>\n\t\t\t\t<section class=\"elementor-section elementor-top-section elementor-element elementor-element-759ab29 elementor-section-boxed elementor-section-height-default elementor-section-height-default\" data-id=\"759ab29\" data-element_type=\"section\">\n\t\t\t\t\t\t<div class=\"elementor-container elementor-column-gap-default\">\n\t\t\t\t\t<div class=\"elementor-column elementor-col-33 elementor-top-column elementor-element elementor-element-ab7b1d9\" data-id=\"ab7b1d9\" data-element_type=\"column\">\n\t\t\t<div class=\"elementor-widget-wrap elementor-element-populated\">\n\t\t\t\t\t\t<div class=\"elementor-element elementor-element-ccd11de elementor-widget elementor-widget-image\" data-id=\"ccd11de\" data-element_type=\"widget\" data-widget_type=\"image.default\">\n\t\t\t\t<div class=\"elementor-widget-container\">\n\t\t\t\t\t\t\t\t\t\t\t\t\t\t\t<img fetchpriority=\"high\" decoding=\"async\" width=\"1024\" height=\"1024\" src=\"https:\/\/ss20.ee\/wp-content\/uploads\/2024\/11\/remont-winows-1024x1024.png\" class=\"attachment-large size-large wp-image-29561\" alt=\"\" srcset=\"https:\/\/ss20.ee\/wp-content\/uploads\/2024\/11\/remont-winows-1024x1024.png 1024w, https:\/\/ss20.ee\/wp-content\/uploads\/2024\/11\/remont-winows-300x300.png 300w, https:\/\/ss20.ee\/wp-content\/uploads\/2024\/11\/remont-winows-150x150.png 150w, https:\/\/ss20.ee\/wp-content\/uploads\/2024\/11\/remont-winows-768x768.png 768w, https:\/\/ss20.ee\/wp-content\/uploads\/2024\/11\/remont-winows-512x512.png 512w, https:\/\/ss20.ee\/wp-content\/uploads\/2024\/11\/remont-winows-420x420.png 420w, https:\/\/ss20.ee\/wp-content\/uploads\/2024\/11\/remont-winows-75x75.png 75w, https:\/\/ss20.ee\/wp-content\/uploads\/2024\/11\/remont-winows-600x600.png 600w, https:\/\/ss20.ee\/wp-content\/uploads\/2024\/11\/remont-winows-100x100.png 100w, https:\/\/ss20.ee\/wp-content\/uploads\/2024\/11\/remont-winows-64x64.png 64w, https:\/\/ss20.ee\/wp-content\/uploads\/2024\/11\/remont-winows.png 1080w\" sizes=\"(max-width: 1024px) 100vw, 1024px\" \/>\t\t\t\t\t\t\t\t\t\t\t\t\t\t\t<\/div>\n\t\t\t\t<\/div>\n\t\t\t\t\t<\/div>\n\t\t<\/div>\n\t\t\t\t<div class=\"elementor-column elementor-col-33 elementor-top-column elementor-element elementor-element-3f12e4d\" data-id=\"3f12e4d\" data-element_type=\"column\">\n\t\t\t<div class=\"elementor-widget-wrap elementor-element-populated\">\n\t\t\t\t\t\t<div class=\"elementor-element elementor-element-8df8e00 elementor-widget elementor-widget-text-editor\" data-id=\"8df8e00\" data-element_type=\"widget\" data-widget_type=\"text-editor.default\">\n\t\t\t\t<div class=\"elementor-widget-container\">\n\t\t\t\t\t\t\t\t\t<p>We repair all types of Windows computers. We offer a range of services, whether you are looking to get hardware replaced, a custom computer built, or are just having software issues you\u2019d like resolved. <span id=\"result_box\" class=\"\" lang=\"en\"><span class=\"\">Computer help<\/span>, computer repair and computer support<\/span>.<\/p><ul><li style=\"list-style-type: none;\"><ul><li style=\"list-style-type: none;\"><ul><li>Memory Upgrade<\/li><li>Hard Drive Replacement \/ Upgrade<\/li><li>Motherboard Replacement<\/li><li>Power Supply Replacement<\/li><li>Video Card Replacement \/ Upgrade<\/li><li>Computer Cleaning and Maintenance<\/li><li>Network Connectivity Troubleshooting<\/li><li>System Building<\/li><li>And more \u2026<\/li><\/ul><\/li><\/ul><\/li><\/ul>\t\t\t\t\t\t\t\t<\/div>\n\t\t\t\t<\/div>\n\t\t\t\t\t<\/div>\n\t\t<\/div>\n\t\t\t\t<div class=\"elementor-column elementor-col-33 elementor-top-column elementor-element elementor-element-fbe3c1f\" data-id=\"fbe3c1f\" data-element_type=\"column\" data-settings=\"{&quot;background_background&quot;:&quot;classic&quot;}\">\n\t\t\t<div class=\"elementor-widget-wrap elementor-element-populated\">\n\t\t\t\t\t\t<div class=\"elementor-element elementor-element-3bbd657 elementor-widget__width-initial elementor-widget elementor-widget-text-editor\" data-id=\"3bbd657\" data-element_type=\"widget\" data-widget_type=\"text-editor.default\">\n\t\t\t\t<div class=\"elementor-widget-container\">\n\t\t\t\t\t\t\t\t\t<ul><li><em>Laptop Repair<\/em><\/li><li><em>Desktop repair<\/em><\/li><li><em>Monitor Repair<\/em><\/li><li><em>Computer help<\/em><\/li><li><em>Data recovery<\/em><\/li><li><em>Windows installation<\/em><\/li><li><em>Driver installation<\/em><\/li><li><em>Installing programs<\/em><\/li><li><em>Antivirus protection<\/em><\/li><li><em>WiFi setup<\/em><\/li><li><em>Cleaning your computer from dust<\/em><\/li><li><em>Cleaning a laptop from dust<\/em><\/li><li><em>Recovering deleted data<\/em><\/li><\/ul>\t\t\t\t\t\t\t\t<\/div>\n\t\t\t\t<\/div>\n\t\t\t\t\t<\/div>\n\t\t<\/div>\n\t\t\t\t\t<\/div>\n\t\t<\/section>\n\t\t\t\t<section class=\"elementor-section elementor-top-section elementor-element elementor-element-659235db elementor-section-boxed elementor-section-height-default elementor-section-height-default\" data-id=\"659235db\" data-element_type=\"section\" data-settings=\"{&quot;background_background&quot;:&quot;classic&quot;}\">\n\t\t\t\t\t\t<div class=\"elementor-container elementor-column-gap-default\">\n\t\t\t\t\t<div class=\"elementor-column elementor-col-100 elementor-top-column elementor-element elementor-element-6693881a\" data-id=\"6693881a\" data-element_type=\"column\">\n\t\t\t<div class=\"elementor-widget-wrap elementor-element-populated\">\n\t\t\t\t\t\t<div class=\"elementor-element elementor-element-1ccb88f8 elementor-widget elementor-widget-text-editor\" data-id=\"1ccb88f8\" data-element_type=\"widget\" data-widget_type=\"text-editor.default\">\n\t\t\t\t<div class=\"elementor-widget-container\">\n\t\t\t\t\t\t\t\t\t<h2>Our technicians have over 30 years of experience. Fast and good solution from us!<\/h2><h4><strong><span style=\"color: #ff0000;\">Diagnostics starting from 60 EUR + VAT, this amount is included in the repair. We usually do not exceed 50% of the cost of the equipment (repair + materials).<\/span><\/strong><\/h4>\t\t\t\t\t\t\t\t<\/div>\n\t\t\t\t<\/div>\n\t\t\t\t<div class=\"elementor-element elementor-element-7d0e7d79 elementor-align-right elementor-widget elementor-widget-button\" data-id=\"7d0e7d79\" data-element_type=\"widget\" data-widget_type=\"button.default\">\n\t\t\t\t<div class=\"elementor-widget-container\">\n\t\t\t\t\t\t\t\t\t<div class=\"elementor-button-wrapper\">\n\t\t\t\t\t<a class=\"elementor-button elementor-button-link elementor-size-sm\" href=\"https:\/\/ss20.ee\/en\/contact\/\">\n\t\t\t\t\t\t<span class=\"elementor-button-content-wrapper\">\n\t\t\t\t\t\t\t\t\t<span class=\"elementor-button-text\">CONTACT US<\/span>\n\t\t\t\t\t<\/span>\n\t\t\t\t\t<\/a>\n\t\t\t\t<\/div>\n\t\t\t\t\t\t\t\t<\/div>\n\t\t\t\t<\/div>\n\t\t\t\t\t<\/div>\n\t\t<\/div>\n\t\t\t\t\t<\/div>\n\t\t<\/section>\n\t\t\t\t<\/div>\n\t\t","protected":false},"excerpt":{"rendered":"<p>WINDOWS COMPUTER REPAIR Computer help, computer repair and computer support We repair all types of Windows computers. We offer a range of services, whether you are looking to get hardware replaced, a custom computer built, or are just having software issues you\u2019d like resolved. Computer help, computer repair and computer&hellip; <\/p>\n","protected":false},"author":1,"featured_media":37653,"parent":0,"menu_order":0,"comment_status":"closed","ping_status":"closed","template":"elementor_header_footer","meta":{"footnotes":""},"class_list":["post-29350","page","type-page","status-publish","has-post-thumbnail","hentry"],"yoast_head":"<!-- This site is optimized with the Yoast SEO Premium plugin v25.2 (Yoast SEO v26.4) - https:\/\/yoast.com\/wordpress\/plugins\/seo\/ -->\n<title>WINDOWS COMPUTER REPAIR - SPETS SERVICE<\/title>\n<meta name=\"description\" content=\"Professional Windows computer repair services in Tallinn. Fast diagnostics, component replacement, system recovery, and optimization. Reliable and efficient service you can trust.\" \/>\n<meta name=\"robots\" content=\"index, follow, max-snippet:-1, max-image-preview:large, max-video-preview:-1\" \/>\n<link rel=\"canonical\" href=\"https:\/\/ss20.ee\/en\/windows-computer-repair\/\" \/>\n<meta property=\"og:locale\" content=\"en_US\" \/>\n<meta property=\"og:type\" content=\"article\" \/>\n<meta property=\"og:title\" content=\"WINDOWS COMPUTER REPAIR\" \/>\n<meta property=\"og:description\" content=\"Professional Windows computer repair services in Tallinn. Fast diagnostics, component replacement, system recovery, and optimization. Reliable and efficient service you can trust.\" \/>\n<meta property=\"og:url\" content=\"https:\/\/ss20.ee\/en\/windows-computer-repair\/\" \/>\n<meta property=\"og:site_name\" content=\"SPETS SERVICE\" \/>\n<meta property=\"article:publisher\" content=\"https:\/\/www.facebook.com\/applearvutid\" \/>\n<meta property=\"article:modified_time\" content=\"2025-05-27T23:30:16+00:00\" \/>\n<meta property=\"og:image\" content=\"https:\/\/ss20.ee\/wp-content\/uploads\/2025\/05\/seo-en.jpg\" \/>\n\t<meta property=\"og:image:width\" content=\"1200\" \/>\n\t<meta property=\"og:image:height\" content=\"675\" \/>\n\t<meta property=\"og:image:type\" content=\"image\/jpeg\" \/>\n<meta name=\"twitter:card\" content=\"summary_large_image\" \/>\n<meta name=\"twitter:description\" content=\"Kasutatud arvutid m\u00fc\u00fcgiks Tallinnas ja \u00fcle Eesti. MacBook, s\u00fclearvutid ja lauaarvutid. Pakume ka arvutite ja elektroonika remonti. Kontrollitud ja t\u00f6\u00f6kindlad. Kiire kohaletoimetamine \u00fcle kogu Eesti.\" \/>\n<meta name=\"twitter:label1\" content=\"Est. reading time\" \/>\n\t<meta name=\"twitter:data1\" content=\"2 minutes\" \/>\n<script type=\"application\/ld+json\" class=\"yoast-schema-graph\">{\"@context\":\"https:\/\/schema.org\",\"@graph\":[{\"@type\":\"WebPage\",\"@id\":\"https:\/\/ss20.ee\/en\/windows-computer-repair\/\",\"url\":\"https:\/\/ss20.ee\/en\/windows-computer-repair\/\",\"name\":\"WINDOWS COMPUTER REPAIR - SPETS SERVICE\",\"isPartOf\":{\"@id\":\"https:\/\/ss20.ee\/en\/#website\"},\"primaryImageOfPage\":{\"@id\":\"https:\/\/ss20.ee\/en\/windows-computer-repair\/#primaryimage\"},\"image\":{\"@id\":\"https:\/\/ss20.ee\/en\/windows-computer-repair\/#primaryimage\"},\"thumbnailUrl\":\"https:\/\/ss20.ee\/wp-content\/uploads\/2025\/05\/seo-en.jpg\",\"datePublished\":\"2024-11-18T11:09:09+00:00\",\"dateModified\":\"2025-05-27T23:30:16+00:00\",\"description\":\"Professional Windows computer repair services in Tallinn. Fast diagnostics, component replacement, system recovery, and optimization. Reliable and efficient service you can trust.\",\"breadcrumb\":{\"@id\":\"https:\/\/ss20.ee\/en\/windows-computer-repair\/#breadcrumb\"},\"inLanguage\":\"en-US\",\"potentialAction\":[{\"@type\":\"ReadAction\",\"target\":[\"https:\/\/ss20.ee\/en\/windows-computer-repair\/\"]}]},{\"@type\":\"ImageObject\",\"inLanguage\":\"en-US\",\"@id\":\"https:\/\/ss20.ee\/en\/windows-computer-repair\/#primaryimage\",\"url\":\"https:\/\/ss20.ee\/wp-content\/uploads\/2025\/05\/seo-en.jpg\",\"contentUrl\":\"https:\/\/ss20.ee\/wp-content\/uploads\/2025\/05\/seo-en.jpg\",\"width\":1200,\"height\":675},{\"@type\":\"BreadcrumbList\",\"@id\":\"https:\/\/ss20.ee\/en\/windows-computer-repair\/#breadcrumb\",\"itemListElement\":[{\"@type\":\"ListItem\",\"position\":1,\"name\":\"Home\",\"item\":\"https:\/\/ss20.ee\/en\/\"},{\"@type\":\"ListItem\",\"position\":2,\"name\":\"WINDOWS COMPUTER REPAIR\"}]},{\"@type\":\"WebSite\",\"@id\":\"https:\/\/ss20.ee\/en\/#website\",\"url\":\"https:\/\/ss20.ee\/en\/\",\"name\":\"Spets Service\",\"description\":\"ARVUTITE M\u00dc\u00dcK JA REMONT\",\"publisher\":{\"@id\":\"https:\/\/ss20.ee\/en\/#organization\"},\"potentialAction\":[{\"@type\":\"SearchAction\",\"target\":{\"@type\":\"EntryPoint\",\"urlTemplate\":\"https:\/\/ss20.ee\/en\/?s={search_term_string}\"},\"query-input\":{\"@type\":\"PropertyValueSpecification\",\"valueRequired\":true,\"valueName\":\"search_term_string\"}}],\"inLanguage\":\"en-US\"},{\"@type\":\"Organization\",\"@id\":\"https:\/\/ss20.ee\/en\/#organization\",\"name\":\"Spets Service\",\"alternateName\":\"Spets Service\",\"url\":\"https:\/\/ss20.ee\/en\/\",\"logo\":{\"@type\":\"ImageObject\",\"inLanguage\":\"en-US\",\"@id\":\"https:\/\/ss20.ee\/en\/#\/schema\/logo\/image\/\",\"url\":\"https:\/\/ss20.ee\/wp-content\/uploads\/2024\/11\/Untitled-design-9.png\",\"contentUrl\":\"https:\/\/ss20.ee\/wp-content\/uploads\/2024\/11\/Untitled-design-9.png\",\"width\":1772,\"height\":354,\"caption\":\"Spets Service\"},\"image\":{\"@id\":\"https:\/\/ss20.ee\/en\/#\/schema\/logo\/image\/\"},\"sameAs\":[\"https:\/\/www.facebook.com\/applearvutid\",\"https:\/\/www.instagram.com\/ss20_apple_arvutid\/\"]}]}<\/script>\n<!-- \/ Yoast SEO Premium plugin. -->","yoast_head_json":{"title":"WINDOWS COMPUTER REPAIR - SPETS SERVICE","description":"Professional Windows computer repair services in Tallinn. Fast diagnostics, component replacement, system recovery, and optimization. Reliable and efficient service you can trust.","robots":{"index":"index","follow":"follow","max-snippet":"max-snippet:-1","max-image-preview":"max-image-preview:large","max-video-preview":"max-video-preview:-1"},"canonical":"https:\/\/ss20.ee\/en\/windows-computer-repair\/","og_locale":"en_US","og_type":"article","og_title":"WINDOWS COMPUTER REPAIR","og_description":"Professional Windows computer repair services in Tallinn. Fast diagnostics, component replacement, system recovery, and optimization. Reliable and efficient service you can trust.","og_url":"https:\/\/ss20.ee\/en\/windows-computer-repair\/","og_site_name":"SPETS SERVICE","article_publisher":"https:\/\/www.facebook.com\/applearvutid","article_modified_time":"2025-05-27T23:30:16+00:00","og_image":[{"width":1200,"height":675,"url":"https:\/\/ss20.ee\/wp-content\/uploads\/2025\/05\/seo-en.jpg","type":"image\/jpeg"}],"twitter_card":"summary_large_image","twitter_description":"Kasutatud arvutid m\u00fc\u00fcgiks Tallinnas ja \u00fcle Eesti. MacBook, s\u00fclearvutid ja lauaarvutid. Pakume ka arvutite ja elektroonika remonti. Kontrollitud ja t\u00f6\u00f6kindlad. Kiire kohaletoimetamine \u00fcle kogu Eesti.","twitter_misc":{"Est. reading time":"2 minutes"},"schema":{"@context":"https:\/\/schema.org","@graph":[{"@type":"WebPage","@id":"https:\/\/ss20.ee\/en\/windows-computer-repair\/","url":"https:\/\/ss20.ee\/en\/windows-computer-repair\/","name":"WINDOWS COMPUTER REPAIR - SPETS SERVICE","isPartOf":{"@id":"https:\/\/ss20.ee\/en\/#website"},"primaryImageOfPage":{"@id":"https:\/\/ss20.ee\/en\/windows-computer-repair\/#primaryimage"},"image":{"@id":"https:\/\/ss20.ee\/en\/windows-computer-repair\/#primaryimage"},"thumbnailUrl":"https:\/\/ss20.ee\/wp-content\/uploads\/2025\/05\/seo-en.jpg","datePublished":"2024-11-18T11:09:09+00:00","dateModified":"2025-05-27T23:30:16+00:00","description":"Professional Windows computer repair services in Tallinn. Fast diagnostics, component replacement, system recovery, and optimization. Reliable and efficient service you can trust.","breadcrumb":{"@id":"https:\/\/ss20.ee\/en\/windows-computer-repair\/#breadcrumb"},"inLanguage":"en-US","potentialAction":[{"@type":"ReadAction","target":["https:\/\/ss20.ee\/en\/windows-computer-repair\/"]}]},{"@type":"ImageObject","inLanguage":"en-US","@id":"https:\/\/ss20.ee\/en\/windows-computer-repair\/#primaryimage","url":"https:\/\/ss20.ee\/wp-content\/uploads\/2025\/05\/seo-en.jpg","contentUrl":"https:\/\/ss20.ee\/wp-content\/uploads\/2025\/05\/seo-en.jpg","width":1200,"height":675},{"@type":"BreadcrumbList","@id":"https:\/\/ss20.ee\/en\/windows-computer-repair\/#breadcrumb","itemListElement":[{"@type":"ListItem","position":1,"name":"Home","item":"https:\/\/ss20.ee\/en\/"},{"@type":"ListItem","position":2,"name":"WINDOWS COMPUTER REPAIR"}]},{"@type":"WebSite","@id":"https:\/\/ss20.ee\/en\/#website","url":"https:\/\/ss20.ee\/en\/","name":"Spets Service","description":"ARVUTITE M\u00dc\u00dcK JA REMONT","publisher":{"@id":"https:\/\/ss20.ee\/en\/#organization"},"potentialAction":[{"@type":"SearchAction","target":{"@type":"EntryPoint","urlTemplate":"https:\/\/ss20.ee\/en\/?s={search_term_string}"},"query-input":{"@type":"PropertyValueSpecification","valueRequired":true,"valueName":"search_term_string"}}],"inLanguage":"en-US"},{"@type":"Organization","@id":"https:\/\/ss20.ee\/en\/#organization","name":"Spets Service","alternateName":"Spets Service","url":"https:\/\/ss20.ee\/en\/","logo":{"@type":"ImageObject","inLanguage":"en-US","@id":"https:\/\/ss20.ee\/en\/#\/schema\/logo\/image\/","url":"https:\/\/ss20.ee\/wp-content\/uploads\/2024\/11\/Untitled-design-9.png","contentUrl":"https:\/\/ss20.ee\/wp-content\/uploads\/2024\/11\/Untitled-design-9.png","width":1772,"height":354,"caption":"Spets Service"},"image":{"@id":"https:\/\/ss20.ee\/en\/#\/schema\/logo\/image\/"},"sameAs":["https:\/\/www.facebook.com\/applearvutid","https:\/\/www.instagram.com\/ss20_apple_arvutid\/"]}]}},"_links":{"self":[{"href":"https:\/\/ss20.ee\/en\/wp-json\/wp\/v2\/pages\/29350","targetHints":{"allow":["GET"]}}],"collection":[{"href":"https:\/\/ss20.ee\/en\/wp-json\/wp\/v2\/pages"}],"about":[{"href":"https:\/\/ss20.ee\/en\/wp-json\/wp\/v2\/types\/page"}],"author":[{"embeddable":true,"href":"https:\/\/ss20.ee\/en\/wp-json\/wp\/v2\/users\/1"}],"replies":[{"embeddable":true,"href":"https:\/\/ss20.ee\/en\/wp-json\/wp\/v2\/comments?post=29350"}],"version-history":[{"count":17,"href":"https:\/\/ss20.ee\/en\/wp-json\/wp\/v2\/pages\/29350\/revisions"}],"predecessor-version":[{"id":37672,"href":"https:\/\/ss20.ee\/en\/wp-json\/wp\/v2\/pages\/29350\/revisions\/37672"}],"wp:featuredmedia":[{"embeddable":true,"href":"https:\/\/ss20.ee\/en\/wp-json\/wp\/v2\/media\/37653"}],"wp:attachment":[{"href":"https:\/\/ss20.ee\/en\/wp-json\/wp\/v2\/media?parent=29350"}],"curies":[{"name":"wp","href":"https:\/\/api.w.org\/{rel}","templated":true}]}}