{"id":29500,"date":"2024-11-19T11:50:07","date_gmt":"2024-11-19T11:50:07","guid":{"rendered":"https:\/\/ss20.ee\/arvuti-ssd-vahetus\/"},"modified":"2025-05-27T23:28:23","modified_gmt":"2025-05-27T23:28:23","slug":"computer-ssd-upgrade","status":"publish","type":"page","link":"https:\/\/ss20.ee\/en\/computer-ssd-upgrade\/","title":{"rendered":"COMPUTER SSD UPGRADE"},"content":{"rendered":"\t\t<div data-elementor-type=\"wp-page\" data-elementor-id=\"29500\" class=\"elementor elementor-29500 elementor-29459\" data-elementor-post-type=\"page\">\n\t\t\t\t\t\t<section class=\"elementor-section elementor-top-section elementor-element elementor-element-7ff2bb4 elementor-section-boxed elementor-section-height-default elementor-section-height-default\" data-id=\"7ff2bb4\" data-element_type=\"section\">\n\t\t\t\t\t\t<div class=\"elementor-container elementor-column-gap-default\">\n\t\t\t\t\t<div class=\"elementor-column elementor-col-100 elementor-top-column elementor-element elementor-element-7f996fa\" data-id=\"7f996fa\" data-element_type=\"column\">\n\t\t\t<div class=\"elementor-widget-wrap elementor-element-populated\">\n\t\t\t\t\t\t<div class=\"elementor-element elementor-element-c86611a elementor-widget elementor-widget-video\" data-id=\"c86611a\" data-element_type=\"widget\" data-settings=\"{&quot;youtube_url&quot;:&quot;https:\\\/\\\/youtu.be\\\/eOBIxGQiKMo?si=M4XAcAw-oOdKFIt3&quot;,&quot;video_type&quot;:&quot;youtube&quot;,&quot;controls&quot;:&quot;yes&quot;}\" data-widget_type=\"video.default\">\n\t\t\t\t<div class=\"elementor-widget-container\">\n\t\t\t\t\t\t\t<div class=\"elementor-wrapper elementor-open-inline\">\n\t\t\t<div class=\"elementor-video\"><\/div>\t\t<\/div>\n\t\t\t\t\t\t<\/div>\n\t\t\t\t<\/div>\n\t\t\t\t\t<\/div>\n\t\t<\/div>\n\t\t\t\t\t<\/div>\n\t\t<\/section>\n\t\t\t\t<section class=\"elementor-section elementor-top-section elementor-element elementor-element-f9f28f1 elementor-section-boxed elementor-section-height-default elementor-section-height-default\" data-id=\"f9f28f1\" data-element_type=\"section\">\n\t\t\t\t\t\t<div class=\"elementor-container elementor-column-gap-default\">\n\t\t\t\t\t<div class=\"elementor-column elementor-col-100 elementor-top-column elementor-element elementor-element-d71dee2\" data-id=\"d71dee2\" data-element_type=\"column\">\n\t\t\t<div class=\"elementor-widget-wrap elementor-element-populated\">\n\t\t\t\t\t\t<div class=\"elementor-element elementor-element-df82447 elementor-widget elementor-widget-heading\" data-id=\"df82447\" data-element_type=\"widget\" data-widget_type=\"heading.default\">\n\t\t\t\t<div class=\"elementor-widget-container\">\n\t\t\t\t\t<h2 class=\"elementor-heading-title elementor-size-default\">COMPUTER SSD UPGRADE<\/h2>\t\t\t\t<\/div>\n\t\t\t\t<\/div>\n\t\t\t\t<div class=\"elementor-element elementor-element-77d21f5 elementor-widget elementor-widget-heading\" data-id=\"77d21f5\" data-element_type=\"widget\" data-widget_type=\"heading.default\">\n\t\t\t\t<div class=\"elementor-widget-container\">\n\t\t\t\t\t<h2 class=\"elementor-heading-title elementor-size-default\">The best way to make your computer feel like new? A solid-state drive (SSD) upgrade to your old Apple or Windows computer \u2013 desktop or laptop.<\/h2>\t\t\t\t<\/div>\n\t\t\t\t<\/div>\n\t\t\t\t\t<\/div>\n\t\t<\/div>\n\t\t\t\t\t<\/div>\n\t\t<\/section>\n\t\t\t\t<section class=\"elementor-section elementor-top-section elementor-element elementor-element-4450b4e elementor-section-boxed elementor-section-height-default elementor-section-height-default\" data-id=\"4450b4e\" data-element_type=\"section\">\n\t\t\t\t\t\t<div class=\"elementor-container elementor-column-gap-default\">\n\t\t\t\t\t<div class=\"elementor-column elementor-col-50 elementor-top-column elementor-element elementor-element-f058388\" data-id=\"f058388\" data-element_type=\"column\">\n\t\t\t<div class=\"elementor-widget-wrap elementor-element-populated\">\n\t\t\t\t\t\t<div class=\"elementor-element elementor-element-179f62e elementor-widget elementor-widget-text-editor\" data-id=\"179f62e\" data-element_type=\"widget\" data-widget_type=\"text-editor.default\">\n\t\t\t\t<div class=\"elementor-widget-container\">\n\t\t\t\t\t\t\t\t\t<p><br class=\"\" \/>SSDs have no moving mechanical components, so this distinguishes them from traditional electromechanical magnetic disks such as hard disk drives (HDDs), and SSDs do not need to spin or seek to locate data. The advantages of solid-state drives over traditional hard drives, are due to their ability to access data completely electronically instead of electromechanically, resulting in fast and superior transfer speeds, and mechanical ruggedness.\u00a0After upgrading, you\u2019ll be amazed at the performance improvements and wondering why you waited so long!<\/p><div class=\"\"><p><span class=\"\">\u201cLaunching a program, opening a file, and saving something to disk will all happen much, much faster. Click a program, and it can load almost instantly. All those little moments of waiting you don\u2019t notice when you use your computer are adding up. Even just browsing the web will be faster \u2014 with your browser\u2019s cache files stored on an SSD, they\u2019ll load almost instantly instead of more slowly from a mechanical drive (HDD).\u201d<\/span><\/p><p><span class=\"\">SSDs work on all OS X versions since 10.6.8 (Snow Leopard) and all Windows computers from Vista to Windows 10.<\/span><\/p><\/div>\t\t\t\t\t\t\t\t<\/div>\n\t\t\t\t<\/div>\n\t\t\t\t\t<\/div>\n\t\t<\/div>\n\t\t\t\t<div class=\"elementor-column elementor-col-50 elementor-top-column elementor-element elementor-element-8c88263\" data-id=\"8c88263\" data-element_type=\"column\" data-settings=\"{&quot;background_background&quot;:&quot;classic&quot;}\">\n\t\t\t<div class=\"elementor-widget-wrap elementor-element-populated\">\n\t\t\t\t\t\t<div class=\"elementor-element elementor-element-38f0421 elementor-widget elementor-widget-text-editor\" data-id=\"38f0421\" data-element_type=\"widget\" data-widget_type=\"text-editor.default\">\n\t\t\t\t<div class=\"elementor-widget-container\">\n\t\t\t\t\t\t\t\t\t<h3><span class=\"\">Let\u2019s make your old computer 10x faster<\/span><\/h3><ul><li><span class=\"\">We have upgrade packages starting from 150 EUR, which includes a free dust cleaning and an overall inspection. <\/span><\/li><li><span class=\"\">For an additional 20 EUR, you can have a quality external HDD box for your old drive; this way you receive a free back-up disc! <\/span><\/li><li><span class=\"\">We will only copy the important data back to the new and fast SSD drive, and keep the remaining data on the old drive. <\/span><\/li><li><span class=\"\">Also, this counteracts the effect of viruses transferring, so no need to worry. Price includes disc-cloning if needed. <\/span><\/li><li><span class=\"\">24-month warranty for drives.<\/span><\/li><\/ul>\t\t\t\t\t\t\t\t<\/div>\n\t\t\t\t<\/div>\n\t\t\t\t<div class=\"elementor-element elementor-element-3c1b9c7b elementor-align-left elementor-widget elementor-widget-button\" data-id=\"3c1b9c7b\" data-element_type=\"widget\" data-widget_type=\"button.default\">\n\t\t\t\t<div class=\"elementor-widget-container\">\n\t\t\t\t\t\t\t\t\t<div class=\"elementor-button-wrapper\">\n\t\t\t\t\t<a class=\"elementor-button elementor-button-link elementor-size-sm\" href=\"https:\/\/ss20.ee\/en\/contact\/\">\n\t\t\t\t\t\t<span class=\"elementor-button-content-wrapper\">\n\t\t\t\t\t\t\t\t\t<span class=\"elementor-button-text\">CONTACT US<\/span>\n\t\t\t\t\t<\/span>\n\t\t\t\t\t<\/a>\n\t\t\t\t<\/div>\n\t\t\t\t\t\t\t\t<\/div>\n\t\t\t\t<\/div>\n\t\t\t\t\t<\/div>\n\t\t<\/div>\n\t\t\t\t\t<\/div>\n\t\t<\/section>\n\t\t\t\t<section class=\"elementor-section elementor-top-section elementor-element elementor-element-e3cc0cb elementor-section-boxed elementor-section-height-default elementor-section-height-default\" data-id=\"e3cc0cb\" data-element_type=\"section\">\n\t\t\t\t\t\t<div class=\"elementor-container elementor-column-gap-default\">\n\t\t\t\t\t<div class=\"elementor-column elementor-col-20 elementor-top-column elementor-element elementor-element-439f073\" data-id=\"439f073\" data-element_type=\"column\">\n\t\t\t<div class=\"elementor-widget-wrap elementor-element-populated\">\n\t\t\t\t\t\t<div class=\"elementor-element elementor-element-6e0e452 elementor-widget elementor-widget-image\" data-id=\"6e0e452\" data-element_type=\"widget\" data-widget_type=\"image.default\">\n\t\t\t\t<div class=\"elementor-widget-container\">\n\t\t\t\t\t\t\t\t\t\t\t\t\t\t\t<img fetchpriority=\"high\" decoding=\"async\" width=\"576\" height=\"1024\" src=\"https:\/\/ss20.ee\/wp-content\/uploads\/2024\/11\/SSD-UPGRADE-EESTI-5-576x1024.jpg\" class=\"attachment-large size-large wp-image-29485\" alt=\"\" srcset=\"https:\/\/ss20.ee\/wp-content\/uploads\/2024\/11\/SSD-UPGRADE-EESTI-5-576x1024.jpg 576w, https:\/\/ss20.ee\/wp-content\/uploads\/2024\/11\/SSD-UPGRADE-EESTI-5-169x300.jpg 169w, https:\/\/ss20.ee\/wp-content\/uploads\/2024\/11\/SSD-UPGRADE-EESTI-5-600x1067.jpg 600w, https:\/\/ss20.ee\/wp-content\/uploads\/2024\/11\/SSD-UPGRADE-EESTI-5-64x114.jpg 64w, https:\/\/ss20.ee\/wp-content\/uploads\/2024\/11\/SSD-UPGRADE-EESTI-5.jpg 750w\" sizes=\"(max-width: 576px) 100vw, 576px\" \/>\t\t\t\t\t\t\t\t\t\t\t\t\t\t\t<\/div>\n\t\t\t\t<\/div>\n\t\t\t\t\t<\/div>\n\t\t<\/div>\n\t\t\t\t<div class=\"elementor-column elementor-col-20 elementor-top-column elementor-element elementor-element-6079dd4\" data-id=\"6079dd4\" data-element_type=\"column\">\n\t\t\t<div class=\"elementor-widget-wrap elementor-element-populated\">\n\t\t\t\t\t\t<div class=\"elementor-element elementor-element-84532b7 elementor-widget elementor-widget-image\" data-id=\"84532b7\" data-element_type=\"widget\" data-widget_type=\"image.default\">\n\t\t\t\t<div class=\"elementor-widget-container\">\n\t\t\t\t\t\t\t\t\t\t\t\t\t\t\t<img decoding=\"async\" width=\"576\" height=\"1024\" src=\"https:\/\/ss20.ee\/wp-content\/uploads\/2024\/11\/SSD-UPGRADE-EESTI-4-576x1024.jpg\" class=\"attachment-large size-large wp-image-29481\" alt=\"\" srcset=\"https:\/\/ss20.ee\/wp-content\/uploads\/2024\/11\/SSD-UPGRADE-EESTI-4-576x1024.jpg 576w, https:\/\/ss20.ee\/wp-content\/uploads\/2024\/11\/SSD-UPGRADE-EESTI-4-169x300.jpg 169w, https:\/\/ss20.ee\/wp-content\/uploads\/2024\/11\/SSD-UPGRADE-EESTI-4-600x1067.jpg 600w, https:\/\/ss20.ee\/wp-content\/uploads\/2024\/11\/SSD-UPGRADE-EESTI-4-64x114.jpg 64w, https:\/\/ss20.ee\/wp-content\/uploads\/2024\/11\/SSD-UPGRADE-EESTI-4.jpg 750w\" sizes=\"(max-width: 576px) 100vw, 576px\" \/>\t\t\t\t\t\t\t\t\t\t\t\t\t\t\t<\/div>\n\t\t\t\t<\/div>\n\t\t\t\t\t<\/div>\n\t\t<\/div>\n\t\t\t\t<div class=\"elementor-column elementor-col-20 elementor-top-column elementor-element elementor-element-73766a6\" data-id=\"73766a6\" data-element_type=\"column\">\n\t\t\t<div class=\"elementor-widget-wrap elementor-element-populated\">\n\t\t\t\t\t\t<div class=\"elementor-element elementor-element-5ed44c4 elementor-widget elementor-widget-image\" data-id=\"5ed44c4\" data-element_type=\"widget\" data-widget_type=\"image.default\">\n\t\t\t\t<div class=\"elementor-widget-container\">\n\t\t\t\t\t\t\t\t\t\t\t\t\t\t\t<img decoding=\"async\" width=\"576\" height=\"1024\" src=\"https:\/\/ss20.ee\/wp-content\/uploads\/2024\/11\/SSD-UPGRADE-EESTI-3-576x1024.jpg\" class=\"attachment-large size-large wp-image-29477\" alt=\"\" srcset=\"https:\/\/ss20.ee\/wp-content\/uploads\/2024\/11\/SSD-UPGRADE-EESTI-3-576x1024.jpg 576w, https:\/\/ss20.ee\/wp-content\/uploads\/2024\/11\/SSD-UPGRADE-EESTI-3-169x300.jpg 169w, https:\/\/ss20.ee\/wp-content\/uploads\/2024\/11\/SSD-UPGRADE-EESTI-3-600x1067.jpg 600w, https:\/\/ss20.ee\/wp-content\/uploads\/2024\/11\/SSD-UPGRADE-EESTI-3-64x114.jpg 64w, https:\/\/ss20.ee\/wp-content\/uploads\/2024\/11\/SSD-UPGRADE-EESTI-3.jpg 750w\" sizes=\"(max-width: 576px) 100vw, 576px\" \/>\t\t\t\t\t\t\t\t\t\t\t\t\t\t\t<\/div>\n\t\t\t\t<\/div>\n\t\t\t\t\t<\/div>\n\t\t<\/div>\n\t\t\t\t<div class=\"elementor-column elementor-col-20 elementor-top-column elementor-element elementor-element-3a2abca\" data-id=\"3a2abca\" data-element_type=\"column\">\n\t\t\t<div class=\"elementor-widget-wrap elementor-element-populated\">\n\t\t\t\t\t\t<div class=\"elementor-element elementor-element-1dd7c2d elementor-widget elementor-widget-image\" data-id=\"1dd7c2d\" data-element_type=\"widget\" data-widget_type=\"image.default\">\n\t\t\t\t<div class=\"elementor-widget-container\">\n\t\t\t\t\t\t\t\t\t\t\t\t\t\t\t<img loading=\"lazy\" decoding=\"async\" width=\"576\" height=\"1024\" src=\"https:\/\/ss20.ee\/wp-content\/uploads\/2024\/11\/SSD-UPGRADE-EESTI-2-576x1024.jpg\" class=\"attachment-large size-large wp-image-29473\" alt=\"\" srcset=\"https:\/\/ss20.ee\/wp-content\/uploads\/2024\/11\/SSD-UPGRADE-EESTI-2-576x1024.jpg 576w, https:\/\/ss20.ee\/wp-content\/uploads\/2024\/11\/SSD-UPGRADE-EESTI-2-169x300.jpg 169w, https:\/\/ss20.ee\/wp-content\/uploads\/2024\/11\/SSD-UPGRADE-EESTI-2-600x1067.jpg 600w, https:\/\/ss20.ee\/wp-content\/uploads\/2024\/11\/SSD-UPGRADE-EESTI-2-64x114.jpg 64w, https:\/\/ss20.ee\/wp-content\/uploads\/2024\/11\/SSD-UPGRADE-EESTI-2.jpg 750w\" sizes=\"(max-width: 576px) 100vw, 576px\" \/>\t\t\t\t\t\t\t\t\t\t\t\t\t\t\t<\/div>\n\t\t\t\t<\/div>\n\t\t\t\t\t<\/div>\n\t\t<\/div>\n\t\t\t\t<div class=\"elementor-column elementor-col-20 elementor-top-column elementor-element elementor-element-1258370\" data-id=\"1258370\" data-element_type=\"column\">\n\t\t\t<div class=\"elementor-widget-wrap elementor-element-populated\">\n\t\t\t\t\t\t<div class=\"elementor-element elementor-element-de536bd elementor-widget elementor-widget-image\" data-id=\"de536bd\" data-element_type=\"widget\" data-widget_type=\"image.default\">\n\t\t\t\t<div class=\"elementor-widget-container\">\n\t\t\t\t\t\t\t\t\t\t\t\t\t\t\t<img loading=\"lazy\" decoding=\"async\" width=\"576\" height=\"1024\" src=\"https:\/\/ss20.ee\/wp-content\/uploads\/2024\/11\/SSD-UPGRADE-EESTI-1-576x1024.jpg\" class=\"attachment-large size-large wp-image-29469\" alt=\"\" srcset=\"https:\/\/ss20.ee\/wp-content\/uploads\/2024\/11\/SSD-UPGRADE-EESTI-1-576x1024.jpg 576w, https:\/\/ss20.ee\/wp-content\/uploads\/2024\/11\/SSD-UPGRADE-EESTI-1-169x300.jpg 169w, https:\/\/ss20.ee\/wp-content\/uploads\/2024\/11\/SSD-UPGRADE-EESTI-1-600x1067.jpg 600w, https:\/\/ss20.ee\/wp-content\/uploads\/2024\/11\/SSD-UPGRADE-EESTI-1-64x114.jpg 64w, https:\/\/ss20.ee\/wp-content\/uploads\/2024\/11\/SSD-UPGRADE-EESTI-1.jpg 750w\" sizes=\"(max-width: 576px) 100vw, 576px\" \/>\t\t\t\t\t\t\t\t\t\t\t\t\t\t\t<\/div>\n\t\t\t\t<\/div>\n\t\t\t\t\t<\/div>\n\t\t<\/div>\n\t\t\t\t\t<\/div>\n\t\t<\/section>\n\t\t\t\t<\/div>\n\t\t","protected":false},"excerpt":{"rendered":"<p>COMPUTER SSD UPGRADE The best way to make your computer feel like new? A solid-state drive (SSD) upgrade to your old Apple or Windows computer \u2013 desktop or laptop. SSDs have no moving mechanical components, so this distinguishes them from traditional electromechanical magnetic disks such as hard disk drives (HDDs),&hellip; <\/p>\n","protected":false},"author":1,"featured_media":37653,"parent":0,"menu_order":0,"comment_status":"closed","ping_status":"closed","template":"elementor_header_footer","meta":{"footnotes":""},"class_list":["post-29500","page","type-page","status-publish","has-post-thumbnail","hentry"],"yoast_head":"<!-- This site is optimized with the Yoast SEO Premium plugin v25.2 (Yoast SEO v26.4) - https:\/\/yoast.com\/wordpress\/plugins\/seo\/ -->\n<title>COMPUTER SSD UPGRADE - SPETS SERVICE<\/title>\n<meta name=\"description\" content=\"Professional computer SSD upgrade services in Tallinn. Improve your PC or laptop speed with fast and reliable SSD installation. Quick diagnostics and expert support.\" \/>\n<meta name=\"robots\" content=\"index, follow, max-snippet:-1, max-image-preview:large, max-video-preview:-1\" \/>\n<link rel=\"canonical\" href=\"https:\/\/ss20.ee\/en\/computer-ssd-upgrade\/\" \/>\n<meta property=\"og:locale\" content=\"en_US\" \/>\n<meta property=\"og:type\" content=\"article\" \/>\n<meta property=\"og:title\" content=\"COMPUTER SSD UPGRADE\" \/>\n<meta property=\"og:description\" content=\"Professional computer SSD upgrade services in Tallinn. Improve your PC or laptop speed with fast and reliable SSD installation. Quick diagnostics and expert support.\" \/>\n<meta property=\"og:url\" content=\"https:\/\/ss20.ee\/en\/computer-ssd-upgrade\/\" \/>\n<meta property=\"og:site_name\" content=\"SPETS SERVICE\" \/>\n<meta property=\"article:publisher\" content=\"https:\/\/www.facebook.com\/applearvutid\" \/>\n<meta property=\"article:modified_time\" content=\"2025-05-27T23:28:23+00:00\" \/>\n<meta property=\"og:image\" content=\"https:\/\/ss20.ee\/wp-content\/uploads\/2025\/05\/seo-en.jpg\" \/>\n\t<meta property=\"og:image:width\" content=\"1200\" \/>\n\t<meta property=\"og:image:height\" content=\"675\" \/>\n\t<meta property=\"og:image:type\" content=\"image\/jpeg\" \/>\n<meta name=\"twitter:card\" content=\"summary_large_image\" \/>\n<meta name=\"twitter:description\" content=\"Kasutatud arvutid m\u00fc\u00fcgiks Tallinnas ja \u00fcle Eesti. MacBook, s\u00fclearvutid ja lauaarvutid. Pakume ka arvutite ja elektroonika remonti. Kontrollitud ja t\u00f6\u00f6kindlad. Kiire kohaletoimetamine \u00fcle kogu Eesti.\" \/>\n<meta name=\"twitter:label1\" content=\"Est. reading time\" \/>\n\t<meta name=\"twitter:data1\" content=\"3 minutes\" \/>\n<script type=\"application\/ld+json\" class=\"yoast-schema-graph\">{\"@context\":\"https:\/\/schema.org\",\"@graph\":[{\"@type\":\"WebPage\",\"@id\":\"https:\/\/ss20.ee\/en\/computer-ssd-upgrade\/\",\"url\":\"https:\/\/ss20.ee\/en\/computer-ssd-upgrade\/\",\"name\":\"COMPUTER SSD UPGRADE - SPETS SERVICE\",\"isPartOf\":{\"@id\":\"https:\/\/ss20.ee\/en\/#website\"},\"primaryImageOfPage\":{\"@id\":\"https:\/\/ss20.ee\/en\/computer-ssd-upgrade\/#primaryimage\"},\"image\":{\"@id\":\"https:\/\/ss20.ee\/en\/computer-ssd-upgrade\/#primaryimage\"},\"thumbnailUrl\":\"https:\/\/ss20.ee\/wp-content\/uploads\/2025\/05\/seo-en.jpg\",\"datePublished\":\"2024-11-19T11:50:07+00:00\",\"dateModified\":\"2025-05-27T23:28:23+00:00\",\"description\":\"Professional computer SSD upgrade services in Tallinn. Improve your PC or laptop speed with fast and reliable SSD installation. Quick diagnostics and expert support.\",\"breadcrumb\":{\"@id\":\"https:\/\/ss20.ee\/en\/computer-ssd-upgrade\/#breadcrumb\"},\"inLanguage\":\"en-US\",\"potentialAction\":[{\"@type\":\"ReadAction\",\"target\":[\"https:\/\/ss20.ee\/en\/computer-ssd-upgrade\/\"]}]},{\"@type\":\"ImageObject\",\"inLanguage\":\"en-US\",\"@id\":\"https:\/\/ss20.ee\/en\/computer-ssd-upgrade\/#primaryimage\",\"url\":\"https:\/\/ss20.ee\/wp-content\/uploads\/2025\/05\/seo-en.jpg\",\"contentUrl\":\"https:\/\/ss20.ee\/wp-content\/uploads\/2025\/05\/seo-en.jpg\",\"width\":1200,\"height\":675},{\"@type\":\"BreadcrumbList\",\"@id\":\"https:\/\/ss20.ee\/en\/computer-ssd-upgrade\/#breadcrumb\",\"itemListElement\":[{\"@type\":\"ListItem\",\"position\":1,\"name\":\"Home\",\"item\":\"https:\/\/ss20.ee\/en\/\"},{\"@type\":\"ListItem\",\"position\":2,\"name\":\"COMPUTER SSD UPGRADE\"}]},{\"@type\":\"WebSite\",\"@id\":\"https:\/\/ss20.ee\/en\/#website\",\"url\":\"https:\/\/ss20.ee\/en\/\",\"name\":\"Spets Service\",\"description\":\"ARVUTITE M\u00dc\u00dcK JA REMONT\",\"publisher\":{\"@id\":\"https:\/\/ss20.ee\/en\/#organization\"},\"potentialAction\":[{\"@type\":\"SearchAction\",\"target\":{\"@type\":\"EntryPoint\",\"urlTemplate\":\"https:\/\/ss20.ee\/en\/?s={search_term_string}\"},\"query-input\":{\"@type\":\"PropertyValueSpecification\",\"valueRequired\":true,\"valueName\":\"search_term_string\"}}],\"inLanguage\":\"en-US\"},{\"@type\":\"Organization\",\"@id\":\"https:\/\/ss20.ee\/en\/#organization\",\"name\":\"Spets Service\",\"alternateName\":\"Spets Service\",\"url\":\"https:\/\/ss20.ee\/en\/\",\"logo\":{\"@type\":\"ImageObject\",\"inLanguage\":\"en-US\",\"@id\":\"https:\/\/ss20.ee\/en\/#\/schema\/logo\/image\/\",\"url\":\"https:\/\/ss20.ee\/wp-content\/uploads\/2024\/11\/Untitled-design-9.png\",\"contentUrl\":\"https:\/\/ss20.ee\/wp-content\/uploads\/2024\/11\/Untitled-design-9.png\",\"width\":1772,\"height\":354,\"caption\":\"Spets Service\"},\"image\":{\"@id\":\"https:\/\/ss20.ee\/en\/#\/schema\/logo\/image\/\"},\"sameAs\":[\"https:\/\/www.facebook.com\/applearvutid\",\"https:\/\/www.instagram.com\/ss20_apple_arvutid\/\"]}]}<\/script>\n<!-- \/ Yoast SEO Premium plugin. -->","yoast_head_json":{"title":"COMPUTER SSD UPGRADE - SPETS SERVICE","description":"Professional computer SSD upgrade services in Tallinn. Improve your PC or laptop speed with fast and reliable SSD installation. Quick diagnostics and expert support.","robots":{"index":"index","follow":"follow","max-snippet":"max-snippet:-1","max-image-preview":"max-image-preview:large","max-video-preview":"max-video-preview:-1"},"canonical":"https:\/\/ss20.ee\/en\/computer-ssd-upgrade\/","og_locale":"en_US","og_type":"article","og_title":"COMPUTER SSD UPGRADE","og_description":"Professional computer SSD upgrade services in Tallinn. Improve your PC or laptop speed with fast and reliable SSD installation. Quick diagnostics and expert support.","og_url":"https:\/\/ss20.ee\/en\/computer-ssd-upgrade\/","og_site_name":"SPETS SERVICE","article_publisher":"https:\/\/www.facebook.com\/applearvutid","article_modified_time":"2025-05-27T23:28:23+00:00","og_image":[{"width":1200,"height":675,"url":"https:\/\/ss20.ee\/wp-content\/uploads\/2025\/05\/seo-en.jpg","type":"image\/jpeg"}],"twitter_card":"summary_large_image","twitter_description":"Kasutatud arvutid m\u00fc\u00fcgiks Tallinnas ja \u00fcle Eesti. MacBook, s\u00fclearvutid ja lauaarvutid. Pakume ka arvutite ja elektroonika remonti. Kontrollitud ja t\u00f6\u00f6kindlad. Kiire kohaletoimetamine \u00fcle kogu Eesti.","twitter_misc":{"Est. reading time":"3 minutes"},"schema":{"@context":"https:\/\/schema.org","@graph":[{"@type":"WebPage","@id":"https:\/\/ss20.ee\/en\/computer-ssd-upgrade\/","url":"https:\/\/ss20.ee\/en\/computer-ssd-upgrade\/","name":"COMPUTER SSD UPGRADE - SPETS SERVICE","isPartOf":{"@id":"https:\/\/ss20.ee\/en\/#website"},"primaryImageOfPage":{"@id":"https:\/\/ss20.ee\/en\/computer-ssd-upgrade\/#primaryimage"},"image":{"@id":"https:\/\/ss20.ee\/en\/computer-ssd-upgrade\/#primaryimage"},"thumbnailUrl":"https:\/\/ss20.ee\/wp-content\/uploads\/2025\/05\/seo-en.jpg","datePublished":"2024-11-19T11:50:07+00:00","dateModified":"2025-05-27T23:28:23+00:00","description":"Professional computer SSD upgrade services in Tallinn. Improve your PC or laptop speed with fast and reliable SSD installation. Quick diagnostics and expert support.","breadcrumb":{"@id":"https:\/\/ss20.ee\/en\/computer-ssd-upgrade\/#breadcrumb"},"inLanguage":"en-US","potentialAction":[{"@type":"ReadAction","target":["https:\/\/ss20.ee\/en\/computer-ssd-upgrade\/"]}]},{"@type":"ImageObject","inLanguage":"en-US","@id":"https:\/\/ss20.ee\/en\/computer-ssd-upgrade\/#primaryimage","url":"https:\/\/ss20.ee\/wp-content\/uploads\/2025\/05\/seo-en.jpg","contentUrl":"https:\/\/ss20.ee\/wp-content\/uploads\/2025\/05\/seo-en.jpg","width":1200,"height":675},{"@type":"BreadcrumbList","@id":"https:\/\/ss20.ee\/en\/computer-ssd-upgrade\/#breadcrumb","itemListElement":[{"@type":"ListItem","position":1,"name":"Home","item":"https:\/\/ss20.ee\/en\/"},{"@type":"ListItem","position":2,"name":"COMPUTER SSD UPGRADE"}]},{"@type":"WebSite","@id":"https:\/\/ss20.ee\/en\/#website","url":"https:\/\/ss20.ee\/en\/","name":"Spets Service","description":"ARVUTITE M\u00dc\u00dcK JA REMONT","publisher":{"@id":"https:\/\/ss20.ee\/en\/#organization"},"potentialAction":[{"@type":"SearchAction","target":{"@type":"EntryPoint","urlTemplate":"https:\/\/ss20.ee\/en\/?s={search_term_string}"},"query-input":{"@type":"PropertyValueSpecification","valueRequired":true,"valueName":"search_term_string"}}],"inLanguage":"en-US"},{"@type":"Organization","@id":"https:\/\/ss20.ee\/en\/#organization","name":"Spets Service","alternateName":"Spets Service","url":"https:\/\/ss20.ee\/en\/","logo":{"@type":"ImageObject","inLanguage":"en-US","@id":"https:\/\/ss20.ee\/en\/#\/schema\/logo\/image\/","url":"https:\/\/ss20.ee\/wp-content\/uploads\/2024\/11\/Untitled-design-9.png","contentUrl":"https:\/\/ss20.ee\/wp-content\/uploads\/2024\/11\/Untitled-design-9.png","width":1772,"height":354,"caption":"Spets Service"},"image":{"@id":"https:\/\/ss20.ee\/en\/#\/schema\/logo\/image\/"},"sameAs":["https:\/\/www.facebook.com\/applearvutid","https:\/\/www.instagram.com\/ss20_apple_arvutid\/"]}]}},"_links":{"self":[{"href":"https:\/\/ss20.ee\/en\/wp-json\/wp\/v2\/pages\/29500","targetHints":{"allow":["GET"]}}],"collection":[{"href":"https:\/\/ss20.ee\/en\/wp-json\/wp\/v2\/pages"}],"about":[{"href":"https:\/\/ss20.ee\/en\/wp-json\/wp\/v2\/types\/page"}],"author":[{"embeddable":true,"href":"https:\/\/ss20.ee\/en\/wp-json\/wp\/v2\/users\/1"}],"replies":[{"embeddable":true,"href":"https:\/\/ss20.ee\/en\/wp-json\/wp\/v2\/comments?post=29500"}],"version-history":[{"count":11,"href":"https:\/\/ss20.ee\/en\/wp-json\/wp\/v2\/pages\/29500\/revisions"}],"predecessor-version":[{"id":37671,"href":"https:\/\/ss20.ee\/en\/wp-json\/wp\/v2\/pages\/29500\/revisions\/37671"}],"wp:featuredmedia":[{"embeddable":true,"href":"https:\/\/ss20.ee\/en\/wp-json\/wp\/v2\/media\/37653"}],"wp:attachment":[{"href":"https:\/\/ss20.ee\/en\/wp-json\/wp\/v2\/media?parent=29500"}],"curies":[{"name":"wp","href":"https:\/\/api.w.org\/{rel}","templated":true}]}}