{"id":345,"date":"2019-03-19T10:55:30","date_gmt":"2019-03-19T10:55:30","guid":{"rendered":"https:\/\/demo.themefreesia.com\/shoppingcart\/?page_id=84"},"modified":"2019-03-19T10:55:30","modified_gmt":"2019-03-19T10:55:30","slug":"wishlist","status":"publish","type":"page","link":"https:\/\/ss20.ee\/en\/wishlist\/","title":{"rendered":"wishlist"},"content":{"rendered":"\n\t\t\t\t\n\n\n\n\n<form\n\tid=\"yith-wcwl-form\"\n\taction=\"https:\/\/ss20.ee\/en\/wishlist\/\"\n\tmethod=\"post\"\n\tclass=\"woocommerce yith-wcwl-form wishlist-fragment\"\n\tdata-fragment-options=\"{&quot;per_page&quot;:5,&quot;current_page&quot;:1,&quot;pagination&quot;:&quot;no&quot;,&quot;wishlist_id&quot;:false,&quot;action_params&quot;:false,&quot;no_interactions&quot;:false,&quot;layout&quot;:&quot;&quot;,&quot;wishlist&quot;:false,&quot;is_default&quot;:true,&quot;is_custom_list&quot;:false,&quot;wishlist_token&quot;:&quot;&quot;,&quot;is_private&quot;:false,&quot;count&quot;:0,&quot;page_title&quot;:&quot;My wishlist&quot;,&quot;default_wishlsit_title&quot;:&quot;My wishlist&quot;,&quot;page_links&quot;:false,&quot;is_user_logged_in&quot;:false,&quot;is_user_owner&quot;:true,&quot;can_user_edit_title&quot;:false,&quot;show_price&quot;:true,&quot;show_dateadded&quot;:true,&quot;show_stock_status&quot;:true,&quot;show_add_to_cart&quot;:true,&quot;show_remove_product&quot;:true,&quot;add_to_cart_text&quot;:&quot;Add to Cart&quot;,&quot;show_ask_estimate_button&quot;:false,&quot;ask_estimate_url&quot;:&quot;&quot;,&quot;price_excl_tax&quot;:false,&quot;show_cb&quot;:false,&quot;show_quantity&quot;:false,&quot;show_variation&quot;:false,&quot;show_price_variations&quot;:false,&quot;show_update&quot;:false,&quot;enable_drag_n_drop&quot;:false,&quot;enable_add_all_to_cart&quot;:false,&quot;move_to_another_wishlist&quot;:false,&quot;repeat_remove_button&quot;:false,&quot;show_last_column&quot;:true,&quot;heading_icon&quot;:&quot;&quot;,&quot;share_enabled&quot;:false,&quot;template_part&quot;:&quot;view&quot;,&quot;additional_info&quot;:false,&quot;available_multi_wishlist&quot;:false,&quot;form_action&quot;:&quot;https:\\\/\\\/ss20.ee\\\/en\\\/wishlist\\\/&quot;,&quot;item&quot;:&quot;wishlist&quot;}\"\n>\n\n\t<!-- TITLE -->\n\t\t\t<div class=\"wishlist-title-container\">\n\t\t\t<div class=\"wishlist-title \">\n\t\t\t\t<h2>My wishlist<\/h2>\t\t\t\t\t\t\t<\/div>\n\t\t\t\t\t<\/div>\n\t\n\n<!-- WISHLIST TABLE -->\n<table\n\tclass=\"shop_table cart wishlist_table wishlist_view traditional responsive   \"\n\tdata-pagination=\"no\" data-per-page=\"5\" data-page=\"1\"\n\tdata-id=\"\" data-token=\"\">\n\n\t\n\t<thead>\n\t<tr>\n\t\t\n\t\t\t\t\t\t\t\t<th class=\"product-remove\">\n\t\t\t\t<span class=\"nobr\">\n\t\t\t\t\t\t\t\t\t<\/span>\n\t\t\t<\/th>\n\t\t\n\t\t<th class=\"product-thumbnail\"><\/th>\n\n\t\t<th class=\"product-name\">\n\t\t\t<span class=\"nobr\">\n\t\t\t\tProduct name\t\t\t<\/span>\n\t\t<\/th>\n\n\t\t\t\t\t\t\t\t<th class=\"product-price\">\n\t\t\t\t<span class=\"nobr\">\n\t\t\t\t\tUnit price\t\t\t\t<\/span>\n\t\t\t<\/th>\n\t\t\n\t\t\n\t\t\t\t\t\t\t\t<th class=\"product-stock-status\">\n\t\t\t\t<span class=\"nobr\">\n\t\t\t\t\tStock status\t\t\t\t<\/span>\n\t\t\t<\/th>\n\t\t\n\t\t\t\t\t\t\t\t<th class=\"product-add-to-cart\">\n\t\t\t\t<span class=\"nobr\">\n\t\t\t\t\t\t\t\t\t<\/span>\n\t\t\t<\/th>\n\t\t\n\t\t\t<\/tr>\n\t<\/thead>\n\n\t<tbody class=\"wishlist-items-wrapper\">\n\t\t\t<tr>\n\t\t\t\t\t\t<td colspan=\"6\" class=\"wishlist-empty\">No products added to the wishlist<\/td>\n\t\t<\/tr>\n\t\t\t<\/tbody>\n\n<\/table>\n\n<div class=\"yith_wcwl_wishlist_footer\">\n\t\n\n\t\n\n\t\n\t<\/div>\n\n<input type=\"hidden\" id=\"yith_wcwl_edit_wishlist\" name=\"yith_wcwl_edit_wishlist\" value=\"269762a096\" \/><input type=\"hidden\" name=\"_wp_http_referer\" value=\"\/en\/wp-json\/wp\/v2\/pages\/345\" \/><input type=\"hidden\" value=\"\" name=\"wishlist_id\" id=\"wishlist_id\">\n\n\n<\/form>\n\n\n\n\n\n\n\n<p><\/p>\n\t\t","protected":false},"excerpt":{"rendered":"","protected":false},"author":1,"featured_media":0,"parent":0,"menu_order":0,"comment_status":"closed","ping_status":"closed","template":"","meta":{"footnotes":""},"class_list":["post-345","page","type-page","status-publish","hentry"],"yoast_head":"<!-- This site is optimized with the Yoast SEO Premium plugin v25.2 (Yoast SEO v26.4) - https:\/\/yoast.com\/wordpress\/plugins\/seo\/ -->\n<title>wishlist - SPETS SERVICE<\/title>\n<meta name=\"description\" content=\"Used computers for sale in Tallinn and across Estonia. MacBook, laptops, and desktop computers. We also offer computer and electronics repair services. Certified, reliable devices with warranty.\" \/>\n<meta name=\"robots\" content=\"index, follow, max-snippet:-1, max-image-preview:large, max-video-preview:-1\" \/>\n<link rel=\"canonical\" href=\"https:\/\/ss20.ee\/en\/wishlist\/\" \/>\n<meta property=\"og:locale\" content=\"en_US\" \/>\n<meta property=\"og:type\" content=\"article\" \/>\n<meta property=\"og:title\" content=\"wishlist\" \/>\n<meta property=\"og:description\" content=\"Kasutatud arvutid m\u00fc\u00fcgiks Tallinnas ja \u00fcle Eesti. MacBook, s\u00fclearvutid ja lauaarvutid. Pakume ka arvutite ja elektroonika remonti. Kontrollitud ja t\u00f6\u00f6kindlad. Kiire kohaletoimetamine \u00fcle kogu Eesti.\" \/>\n<meta property=\"og:url\" content=\"https:\/\/ss20.ee\/en\/wishlist\/\" \/>\n<meta property=\"og:site_name\" content=\"SPETS SERVICE\" \/>\n<meta property=\"article:publisher\" content=\"https:\/\/www.facebook.com\/applearvutid\" \/>\n<meta property=\"og:image\" content=\"https:\/\/ss20.ee\/wp-content\/uploads\/2025\/05\/seo.jpg\" \/>\n\t<meta property=\"og:image:width\" content=\"1200\" \/>\n\t<meta property=\"og:image:height\" content=\"675\" \/>\n\t<meta property=\"og:image:type\" content=\"image\/jpeg\" \/>\n<meta name=\"twitter:card\" content=\"summary_large_image\" \/>\n<script type=\"application\/ld+json\" class=\"yoast-schema-graph\">{\"@context\":\"https:\/\/schema.org\",\"@graph\":[{\"@type\":\"WebPage\",\"@id\":\"https:\/\/ss20.ee\/en\/wishlist\/\",\"url\":\"https:\/\/ss20.ee\/en\/wishlist\/\",\"name\":\"wishlist - SPETS SERVICE\",\"isPartOf\":{\"@id\":\"https:\/\/ss20.ee\/en\/#website\"},\"datePublished\":\"2019-03-19T10:55:30+00:00\",\"description\":\"Used computers for sale in Tallinn and across Estonia. MacBook, laptops, and desktop computers. We also offer computer and electronics repair services. Certified, reliable devices with warranty.\",\"breadcrumb\":{\"@id\":\"https:\/\/ss20.ee\/en\/wishlist\/#breadcrumb\"},\"inLanguage\":\"en-US\",\"potentialAction\":[{\"@type\":\"ReadAction\",\"target\":[\"https:\/\/ss20.ee\/en\/wishlist\/\"]}]},{\"@type\":\"BreadcrumbList\",\"@id\":\"https:\/\/ss20.ee\/en\/wishlist\/#breadcrumb\",\"itemListElement\":[{\"@type\":\"ListItem\",\"position\":1,\"name\":\"Home\",\"item\":\"https:\/\/ss20.ee\/en\/\"},{\"@type\":\"ListItem\",\"position\":2,\"name\":\"wishlist\"}]},{\"@type\":\"WebSite\",\"@id\":\"https:\/\/ss20.ee\/en\/#website\",\"url\":\"https:\/\/ss20.ee\/en\/\",\"name\":\"Spets Service\",\"description\":\"ARVUTITE M\u00dc\u00dcK JA REMONT\",\"publisher\":{\"@id\":\"https:\/\/ss20.ee\/en\/#organization\"},\"potentialAction\":[{\"@type\":\"SearchAction\",\"target\":{\"@type\":\"EntryPoint\",\"urlTemplate\":\"https:\/\/ss20.ee\/en\/?s={search_term_string}\"},\"query-input\":{\"@type\":\"PropertyValueSpecification\",\"valueRequired\":true,\"valueName\":\"search_term_string\"}}],\"inLanguage\":\"en-US\"},{\"@type\":\"Organization\",\"@id\":\"https:\/\/ss20.ee\/en\/#organization\",\"name\":\"Spets Service\",\"alternateName\":\"Spets Service\",\"url\":\"https:\/\/ss20.ee\/en\/\",\"logo\":{\"@type\":\"ImageObject\",\"inLanguage\":\"en-US\",\"@id\":\"https:\/\/ss20.ee\/en\/#\/schema\/logo\/image\/\",\"url\":\"https:\/\/ss20.ee\/wp-content\/uploads\/2024\/11\/Untitled-design-9.png\",\"contentUrl\":\"https:\/\/ss20.ee\/wp-content\/uploads\/2024\/11\/Untitled-design-9.png\",\"width\":1772,\"height\":354,\"caption\":\"Spets Service\"},\"image\":{\"@id\":\"https:\/\/ss20.ee\/en\/#\/schema\/logo\/image\/\"},\"sameAs\":[\"https:\/\/www.facebook.com\/applearvutid\",\"https:\/\/www.instagram.com\/ss20_apple_arvutid\/\"]}]}<\/script>\n<!-- \/ Yoast SEO Premium plugin. -->","yoast_head_json":{"title":"wishlist - SPETS SERVICE","description":"Used computers for sale in Tallinn and across Estonia. MacBook, laptops, and desktop computers. We also offer computer and electronics repair services. Certified, reliable devices with warranty.","robots":{"index":"index","follow":"follow","max-snippet":"max-snippet:-1","max-image-preview":"max-image-preview:large","max-video-preview":"max-video-preview:-1"},"canonical":"https:\/\/ss20.ee\/en\/wishlist\/","og_locale":"en_US","og_type":"article","og_title":"wishlist","og_description":"Kasutatud arvutid m\u00fc\u00fcgiks Tallinnas ja \u00fcle Eesti. MacBook, s\u00fclearvutid ja lauaarvutid. Pakume ka arvutite ja elektroonika remonti. Kontrollitud ja t\u00f6\u00f6kindlad. Kiire kohaletoimetamine \u00fcle kogu Eesti.","og_url":"https:\/\/ss20.ee\/en\/wishlist\/","og_site_name":"SPETS SERVICE","article_publisher":"https:\/\/www.facebook.com\/applearvutid","og_image":[{"width":1200,"height":675,"url":"https:\/\/ss20.ee\/wp-content\/uploads\/2025\/05\/seo.jpg","type":"image\/jpeg"}],"twitter_card":"summary_large_image","schema":{"@context":"https:\/\/schema.org","@graph":[{"@type":"WebPage","@id":"https:\/\/ss20.ee\/en\/wishlist\/","url":"https:\/\/ss20.ee\/en\/wishlist\/","name":"wishlist - SPETS SERVICE","isPartOf":{"@id":"https:\/\/ss20.ee\/en\/#website"},"datePublished":"2019-03-19T10:55:30+00:00","description":"Used computers for sale in Tallinn and across Estonia. MacBook, laptops, and desktop computers. We also offer computer and electronics repair services. Certified, reliable devices with warranty.","breadcrumb":{"@id":"https:\/\/ss20.ee\/en\/wishlist\/#breadcrumb"},"inLanguage":"en-US","potentialAction":[{"@type":"ReadAction","target":["https:\/\/ss20.ee\/en\/wishlist\/"]}]},{"@type":"BreadcrumbList","@id":"https:\/\/ss20.ee\/en\/wishlist\/#breadcrumb","itemListElement":[{"@type":"ListItem","position":1,"name":"Home","item":"https:\/\/ss20.ee\/en\/"},{"@type":"ListItem","position":2,"name":"wishlist"}]},{"@type":"WebSite","@id":"https:\/\/ss20.ee\/en\/#website","url":"https:\/\/ss20.ee\/en\/","name":"Spets Service","description":"ARVUTITE M\u00dc\u00dcK JA REMONT","publisher":{"@id":"https:\/\/ss20.ee\/en\/#organization"},"potentialAction":[{"@type":"SearchAction","target":{"@type":"EntryPoint","urlTemplate":"https:\/\/ss20.ee\/en\/?s={search_term_string}"},"query-input":{"@type":"PropertyValueSpecification","valueRequired":true,"valueName":"search_term_string"}}],"inLanguage":"en-US"},{"@type":"Organization","@id":"https:\/\/ss20.ee\/en\/#organization","name":"Spets Service","alternateName":"Spets Service","url":"https:\/\/ss20.ee\/en\/","logo":{"@type":"ImageObject","inLanguage":"en-US","@id":"https:\/\/ss20.ee\/en\/#\/schema\/logo\/image\/","url":"https:\/\/ss20.ee\/wp-content\/uploads\/2024\/11\/Untitled-design-9.png","contentUrl":"https:\/\/ss20.ee\/wp-content\/uploads\/2024\/11\/Untitled-design-9.png","width":1772,"height":354,"caption":"Spets Service"},"image":{"@id":"https:\/\/ss20.ee\/en\/#\/schema\/logo\/image\/"},"sameAs":["https:\/\/www.facebook.com\/applearvutid","https:\/\/www.instagram.com\/ss20_apple_arvutid\/"]}]}},"_links":{"self":[{"href":"https:\/\/ss20.ee\/en\/wp-json\/wp\/v2\/pages\/345","targetHints":{"allow":["GET"]}}],"collection":[{"href":"https:\/\/ss20.ee\/en\/wp-json\/wp\/v2\/pages"}],"about":[{"href":"https:\/\/ss20.ee\/en\/wp-json\/wp\/v2\/types\/page"}],"author":[{"embeddable":true,"href":"https:\/\/ss20.ee\/en\/wp-json\/wp\/v2\/users\/1"}],"replies":[{"embeddable":true,"href":"https:\/\/ss20.ee\/en\/wp-json\/wp\/v2\/comments?post=345"}],"version-history":[{"count":0,"href":"https:\/\/ss20.ee\/en\/wp-json\/wp\/v2\/pages\/345\/revisions"}],"wp:attachment":[{"href":"https:\/\/ss20.ee\/en\/wp-json\/wp\/v2\/media?parent=345"}],"curies":[{"name":"wp","href":"https:\/\/api.w.org\/{rel}","templated":true}]}}