{"id":17139,"date":"2020-01-28T13:05:50","date_gmt":"2020-01-28T13:05:50","guid":{"rendered":"https:\/\/ss20.ee\/product\/macbook-pro-13-2015\/"},"modified":"2022-12-07T14:12:45","modified_gmt":"2022-12-07T14:12:45","slug":"macbook-pro-13-2015","status":"publish","type":"product","link":"https:\/\/ss20.ee\/en\/shop\/macbook-pro-13-2015\/","title":{"rendered":"MacBook Pro 13\u2033"},"content":{"rendered":"<p><strong>Name:<\/strong> MacBook Pro 13\u2033 2015<br \/>\n<strong><span class=\"tlid-translation translation\" lang=\"en\"><span class=\"\" title=\"\">Operating system<\/span><\/span>:<\/strong> macOS Mojave 10.14.6<br \/>\n<strong>Hard drive:<\/strong> 250 GB SSD<br \/>\n<strong><span class=\"tlid-translation translation\" lang=\"et\"><span class=\"\" title=\"\">Processor:<\/span><\/span><\/strong> <span class=\"tlid-translation translation\" lang=\"et\"><span class=\"\" title=\"\">2,7 <\/span><\/span>GHz Intel Core i5<br \/>\n<strong>Screen<span class=\"tlid-translation translation\" lang=\"et\"><span class=\"\" title=\"\">:<\/span><\/span>\u00a0<\/strong> 13\u2033<br \/>\n<strong><span class=\"tlid-translation translation\" lang=\"en\"><span class=\"\" title=\"\">Memory<\/span><\/span><span class=\"tlid-translation translation\" lang=\"et\"><span class=\"\" title=\"\">:<\/span><\/span><\/strong> 8 GB<br \/>\n<strong><span class=\"tlid-translation translation\" lang=\"en\"><span class=\"\" title=\"\">Battery<\/span><\/span>:<\/strong> Cycle count 534<br \/>\n<strong>Charger:<\/strong> Yes<br \/>\n<strong>Condition:\u00a0<\/strong><span id=\"cch_f31a7418af7e9e\" class=\"_mh6 _wsc\"><span class=\"_3oh- _58nk\"> <span class=\"tlid-translation translation\" lang=\"en\"><span class=\"\" title=\"\">The computer case shows little trace of usage. Screen in good condition.<\/span><\/span><\/span><\/span><br \/>\n<strong>Warranty: <\/strong>3 months<\/p>\n","protected":false},"excerpt":{"rendered":"<p>Name: MacBook Pro 13\u2033 2015 Operating system: macOS Mojave 10.14.6 Hard drive: 250 GB SSD Processor: 2,7 GHz Intel Core i5 Screen:\u00a0 13\u2033 Memory: 8 GB Battery: Cycle count 534 Charger: Yes Condition:\u00a0 The computer case shows little trace of usage. Screen in good condition. Warranty: 3 months<\/p>\n","protected":false},"featured_media":17136,"template":"","meta":[],"product_brand":[],"product_cat":[16,620],"product_tag":[],"class_list":{"0":"post-17139","1":"product","2":"type-product","3":"status-publish","4":"has-post-thumbnail","6":"product_cat-apple-computers","7":"product_cat-macbook-pro-en","9":"first","10":"outofstock","11":"sale","12":"taxable","13":"shipping-taxable","14":"purchasable","15":"product-type-simple"},"yoast_head":"<!-- This site is optimized with the Yoast SEO Premium plugin v25.2 (Yoast SEO v26.4) - https:\/\/yoast.com\/wordpress\/plugins\/seo\/ -->\n<title>MacBook Pro 13\u2033 - SPETS SERVICE<\/title>\n<meta name=\"description\" content=\"MacBook Pro 13\u2033 \u2013 kvaliteetne ja t\u00f6\u00f6kindel valik. Kontrollitud ja hooldatud. Kiire kohaletoimetamine Tallinnas ja \u00fcle Eesti.\" \/>\n<meta name=\"robots\" content=\"index, follow, max-snippet:-1, max-image-preview:large, max-video-preview:-1\" \/>\n<link rel=\"canonical\" href=\"https:\/\/ss20.ee\/en\/shop\/macbook-pro-13-2015\/\" \/>\n<meta property=\"og:locale\" content=\"en_US\" \/>\n<meta property=\"og:type\" content=\"article\" \/>\n<meta property=\"og:title\" content=\"MacBook Pro 13\u2033\" \/>\n<meta property=\"og:description\" content=\"MacBook Pro 13\u2033 \u2013 kvaliteetne ja t\u00f6\u00f6kindel valik. Kontrollitud ja hooldatud. Kiire kohaletoimetamine Tallinnas ja \u00fcle Eesti.\" \/>\n<meta property=\"og:url\" content=\"https:\/\/ss20.ee\/en\/shop\/macbook-pro-13-2015\/\" \/>\n<meta property=\"og:site_name\" content=\"SPETS SERVICE\" \/>\n<meta property=\"article:publisher\" content=\"https:\/\/www.facebook.com\/applearvutid\" \/>\n<meta property=\"article:modified_time\" content=\"2022-12-07T14:12:45+00:00\" \/>\n<meta property=\"og:image\" content=\"https:\/\/ss20.ee\/wp-content\/uploads\/2020\/01\/IMG_3353.jpg\" \/>\n\t<meta property=\"og:image:width\" content=\"800\" \/>\n\t<meta property=\"og:image:height\" content=\"800\" \/>\n\t<meta property=\"og:image:type\" content=\"image\/jpeg\" \/>\n<meta name=\"twitter:card\" content=\"summary_large_image\" \/>\n<script type=\"application\/ld+json\" class=\"yoast-schema-graph\">{\"@context\":\"https:\/\/schema.org\",\"@graph\":[{\"@type\":\"WebPage\",\"@id\":\"https:\/\/ss20.ee\/en\/shop\/macbook-pro-13-2015\/\",\"url\":\"https:\/\/ss20.ee\/en\/shop\/macbook-pro-13-2015\/\",\"name\":\"MacBook Pro 13\u2033 - SPETS SERVICE\",\"isPartOf\":{\"@id\":\"https:\/\/ss20.ee\/en\/#website\"},\"primaryImageOfPage\":{\"@id\":\"https:\/\/ss20.ee\/en\/shop\/macbook-pro-13-2015\/#primaryimage\"},\"image\":{\"@id\":\"https:\/\/ss20.ee\/en\/shop\/macbook-pro-13-2015\/#primaryimage\"},\"thumbnailUrl\":\"https:\/\/ss20.ee\/wp-content\/uploads\/2020\/01\/IMG_3353.jpg\",\"datePublished\":\"2020-01-28T13:05:50+00:00\",\"dateModified\":\"2022-12-07T14:12:45+00:00\",\"description\":\"MacBook Pro 13\u2033 \u2013 kvaliteetne ja t\u00f6\u00f6kindel valik. Kontrollitud ja hooldatud. Kiire kohaletoimetamine Tallinnas ja \u00fcle Eesti.\",\"breadcrumb\":{\"@id\":\"https:\/\/ss20.ee\/en\/shop\/macbook-pro-13-2015\/#breadcrumb\"},\"inLanguage\":\"en-US\",\"potentialAction\":[{\"@type\":\"ReadAction\",\"target\":[\"https:\/\/ss20.ee\/en\/shop\/macbook-pro-13-2015\/\"]}]},{\"@type\":\"ImageObject\",\"inLanguage\":\"en-US\",\"@id\":\"https:\/\/ss20.ee\/en\/shop\/macbook-pro-13-2015\/#primaryimage\",\"url\":\"https:\/\/ss20.ee\/wp-content\/uploads\/2020\/01\/IMG_3353.jpg\",\"contentUrl\":\"https:\/\/ss20.ee\/wp-content\/uploads\/2020\/01\/IMG_3353.jpg\",\"width\":800,\"height\":800},{\"@type\":\"BreadcrumbList\",\"@id\":\"https:\/\/ss20.ee\/en\/shop\/macbook-pro-13-2015\/#breadcrumb\",\"itemListElement\":[{\"@type\":\"ListItem\",\"position\":1,\"name\":\"Home\",\"item\":\"https:\/\/ss20.ee\/en\/\"},{\"@type\":\"ListItem\",\"position\":2,\"name\":\"All Products\",\"item\":\"https:\/\/ss20.ee\/en\/shop\/\"},{\"@type\":\"ListItem\",\"position\":3,\"name\":\"MacBook Pro 13\u2033\"}]},{\"@type\":\"WebSite\",\"@id\":\"https:\/\/ss20.ee\/en\/#website\",\"url\":\"https:\/\/ss20.ee\/en\/\",\"name\":\"Spets Service\",\"description\":\"ARVUTITE M\u00dc\u00dcK JA REMONT\",\"publisher\":{\"@id\":\"https:\/\/ss20.ee\/en\/#organization\"},\"potentialAction\":[{\"@type\":\"SearchAction\",\"target\":{\"@type\":\"EntryPoint\",\"urlTemplate\":\"https:\/\/ss20.ee\/en\/?s={search_term_string}\"},\"query-input\":{\"@type\":\"PropertyValueSpecification\",\"valueRequired\":true,\"valueName\":\"search_term_string\"}}],\"inLanguage\":\"en-US\"},{\"@type\":\"Organization\",\"@id\":\"https:\/\/ss20.ee\/en\/#organization\",\"name\":\"Spets Service\",\"alternateName\":\"Spets Service\",\"url\":\"https:\/\/ss20.ee\/en\/\",\"logo\":{\"@type\":\"ImageObject\",\"inLanguage\":\"en-US\",\"@id\":\"https:\/\/ss20.ee\/en\/#\/schema\/logo\/image\/\",\"url\":\"https:\/\/ss20.ee\/wp-content\/uploads\/2024\/11\/Untitled-design-9.png\",\"contentUrl\":\"https:\/\/ss20.ee\/wp-content\/uploads\/2024\/11\/Untitled-design-9.png\",\"width\":1772,\"height\":354,\"caption\":\"Spets Service\"},\"image\":{\"@id\":\"https:\/\/ss20.ee\/en\/#\/schema\/logo\/image\/\"},\"sameAs\":[\"https:\/\/www.facebook.com\/applearvutid\",\"https:\/\/www.instagram.com\/ss20_apple_arvutid\/\"]}]}<\/script>\n<!-- \/ Yoast SEO Premium plugin. -->","yoast_head_json":{"title":"MacBook Pro 13\u2033 - SPETS SERVICE","description":"MacBook Pro 13\u2033 \u2013 kvaliteetne ja t\u00f6\u00f6kindel valik. Kontrollitud ja hooldatud. Kiire kohaletoimetamine Tallinnas ja \u00fcle Eesti.","robots":{"index":"index","follow":"follow","max-snippet":"max-snippet:-1","max-image-preview":"max-image-preview:large","max-video-preview":"max-video-preview:-1"},"canonical":"https:\/\/ss20.ee\/en\/shop\/macbook-pro-13-2015\/","og_locale":"en_US","og_type":"article","og_title":"MacBook Pro 13\u2033","og_description":"MacBook Pro 13\u2033 \u2013 kvaliteetne ja t\u00f6\u00f6kindel valik. Kontrollitud ja hooldatud. Kiire kohaletoimetamine Tallinnas ja \u00fcle Eesti.","og_url":"https:\/\/ss20.ee\/en\/shop\/macbook-pro-13-2015\/","og_site_name":"SPETS SERVICE","article_publisher":"https:\/\/www.facebook.com\/applearvutid","article_modified_time":"2022-12-07T14:12:45+00:00","og_image":[{"width":800,"height":800,"url":"https:\/\/ss20.ee\/wp-content\/uploads\/2020\/01\/IMG_3353.jpg","type":"image\/jpeg"}],"twitter_card":"summary_large_image","schema":{"@context":"https:\/\/schema.org","@graph":[{"@type":"WebPage","@id":"https:\/\/ss20.ee\/en\/shop\/macbook-pro-13-2015\/","url":"https:\/\/ss20.ee\/en\/shop\/macbook-pro-13-2015\/","name":"MacBook Pro 13\u2033 - SPETS SERVICE","isPartOf":{"@id":"https:\/\/ss20.ee\/en\/#website"},"primaryImageOfPage":{"@id":"https:\/\/ss20.ee\/en\/shop\/macbook-pro-13-2015\/#primaryimage"},"image":{"@id":"https:\/\/ss20.ee\/en\/shop\/macbook-pro-13-2015\/#primaryimage"},"thumbnailUrl":"https:\/\/ss20.ee\/wp-content\/uploads\/2020\/01\/IMG_3353.jpg","datePublished":"2020-01-28T13:05:50+00:00","dateModified":"2022-12-07T14:12:45+00:00","description":"MacBook Pro 13\u2033 \u2013 kvaliteetne ja t\u00f6\u00f6kindel valik. Kontrollitud ja hooldatud. Kiire kohaletoimetamine Tallinnas ja \u00fcle Eesti.","breadcrumb":{"@id":"https:\/\/ss20.ee\/en\/shop\/macbook-pro-13-2015\/#breadcrumb"},"inLanguage":"en-US","potentialAction":[{"@type":"ReadAction","target":["https:\/\/ss20.ee\/en\/shop\/macbook-pro-13-2015\/"]}]},{"@type":"ImageObject","inLanguage":"en-US","@id":"https:\/\/ss20.ee\/en\/shop\/macbook-pro-13-2015\/#primaryimage","url":"https:\/\/ss20.ee\/wp-content\/uploads\/2020\/01\/IMG_3353.jpg","contentUrl":"https:\/\/ss20.ee\/wp-content\/uploads\/2020\/01\/IMG_3353.jpg","width":800,"height":800},{"@type":"BreadcrumbList","@id":"https:\/\/ss20.ee\/en\/shop\/macbook-pro-13-2015\/#breadcrumb","itemListElement":[{"@type":"ListItem","position":1,"name":"Home","item":"https:\/\/ss20.ee\/en\/"},{"@type":"ListItem","position":2,"name":"All Products","item":"https:\/\/ss20.ee\/en\/shop\/"},{"@type":"ListItem","position":3,"name":"MacBook Pro 13\u2033"}]},{"@type":"WebSite","@id":"https:\/\/ss20.ee\/en\/#website","url":"https:\/\/ss20.ee\/en\/","name":"Spets Service","description":"ARVUTITE M\u00dc\u00dcK JA REMONT","publisher":{"@id":"https:\/\/ss20.ee\/en\/#organization"},"potentialAction":[{"@type":"SearchAction","target":{"@type":"EntryPoint","urlTemplate":"https:\/\/ss20.ee\/en\/?s={search_term_string}"},"query-input":{"@type":"PropertyValueSpecification","valueRequired":true,"valueName":"search_term_string"}}],"inLanguage":"en-US"},{"@type":"Organization","@id":"https:\/\/ss20.ee\/en\/#organization","name":"Spets Service","alternateName":"Spets Service","url":"https:\/\/ss20.ee\/en\/","logo":{"@type":"ImageObject","inLanguage":"en-US","@id":"https:\/\/ss20.ee\/en\/#\/schema\/logo\/image\/","url":"https:\/\/ss20.ee\/wp-content\/uploads\/2024\/11\/Untitled-design-9.png","contentUrl":"https:\/\/ss20.ee\/wp-content\/uploads\/2024\/11\/Untitled-design-9.png","width":1772,"height":354,"caption":"Spets Service"},"image":{"@id":"https:\/\/ss20.ee\/en\/#\/schema\/logo\/image\/"},"sameAs":["https:\/\/www.facebook.com\/applearvutid","https:\/\/www.instagram.com\/ss20_apple_arvutid\/"]}]}},"_links":{"self":[{"href":"https:\/\/ss20.ee\/en\/wp-json\/wp\/v2\/product\/17139","targetHints":{"allow":["GET"]}}],"collection":[{"href":"https:\/\/ss20.ee\/en\/wp-json\/wp\/v2\/product"}],"about":[{"href":"https:\/\/ss20.ee\/en\/wp-json\/wp\/v2\/types\/product"}],"wp:featuredmedia":[{"embeddable":true,"href":"https:\/\/ss20.ee\/en\/wp-json\/wp\/v2\/media\/17136"}],"wp:attachment":[{"href":"https:\/\/ss20.ee\/en\/wp-json\/wp\/v2\/media?parent=17139"}],"wp:term":[{"taxonomy":"product_brand","embeddable":true,"href":"https:\/\/ss20.ee\/en\/wp-json\/wp\/v2\/product_brand?post=17139"},{"taxonomy":"product_cat","embeddable":true,"href":"https:\/\/ss20.ee\/en\/wp-json\/wp\/v2\/product_cat?post=17139"},{"taxonomy":"product_tag","embeddable":true,"href":"https:\/\/ss20.ee\/en\/wp-json\/wp\/v2\/product_tag?post=17139"}],"curies":[{"name":"wp","href":"https:\/\/api.w.org\/{rel}","templated":true}]}}