{"id":18937,"date":"2020-12-11T09:12:36","date_gmt":"2020-12-11T09:12:36","guid":{"rendered":"https:\/\/ss20.ee\/product\/macbook-pro-13-9\/"},"modified":"2022-12-07T14:12:48","modified_gmt":"2022-12-07T14:12:48","slug":"macbook-pro-13-9","status":"publish","type":"product","link":"https:\/\/ss20.ee\/en\/shop\/macbook-pro-13-9\/","title":{"rendered":"MacBook Pro 13\u2033 2012\u2013 Core i5\/4GB\/240GB SSD"},"content":{"rendered":"<p><strong>Name:<\/strong> MacBook Pro 13\u2033 2012<br \/>\n<strong>Operating system: <\/strong>macOS Catalina 10.15.7<br \/>\n<strong>Hard drive:<\/strong> 240 GB SSD<br \/>\n<strong><span class=\"tlid-translation translation\" lang=\"et\"><span class=\"\" title=\"\">Processor:<\/span><\/span><\/strong> 2,5 GHz Dual-Core Intel Core i5<br \/>\n<strong>Screen<span class=\"tlid-translation translation\" lang=\"et\"><span class=\"\" title=\"\">:<\/span><\/span>\u00a0<\/strong> 13\u2033<br \/>\n<strong>Memory<span class=\"tlid-translation translation\" lang=\"et\"><span class=\"\" title=\"\">:<\/span><\/span><\/strong> 4 GB<br \/>\n<strong>Battery:<\/strong> Cycle count 6 <strong>NEW!<\/strong><br \/>\n<strong>Charger:<\/strong> No<br \/>\n<strong>Condition: <\/strong><span id=\"cch_f31a7418af7e9e\" class=\"_mh6 _wsc\"><span class=\"_3oh- _58nk\">The computer case shows trace of usage. Screen in good condition. <\/span><\/span><br \/>\n<strong>Warranty: <\/strong>3 months<\/p>\n","protected":false},"excerpt":{"rendered":"<p>Name: MacBook Pro 13\u2033 2012 Operating system: macOS Catalina 10.15.7 Hard drive: 240 GB SSD Processor: 2,5 GHz Dual-Core Intel Core i5 Screen:\u00a0 13\u2033 Memory: 4 GB Battery: Cycle count 6 NEW! Charger: No Condition: The computer case shows trace of usage. Screen in good condition. Warranty: 3 months<\/p>\n","protected":false},"featured_media":18935,"template":"","meta":[],"product_brand":[],"product_cat":[16,620],"product_tag":[563],"class_list":{"0":"post-18937","1":"product","2":"type-product","3":"status-publish","4":"has-post-thumbnail","6":"product_cat-apple-computers","7":"product_cat-macbook-pro-en","8":"product_tag-macbook-pro-en","10":"first","11":"outofstock","12":"sale","13":"taxable","14":"shipping-taxable","15":"purchasable","16":"product-type-simple"},"yoast_head":"<!-- This site is optimized with the Yoast SEO Premium plugin v25.2 (Yoast SEO v26.4) - https:\/\/yoast.com\/wordpress\/plugins\/seo\/ -->\n<title>MacBook Pro 13\u2033 2012\u2013 Core i5\/4GB\/240GB SSD - SPETS SERVICE<\/title>\n<meta name=\"description\" content=\"MacBook Pro 13\u2033 2012\u2013 Core i5\/4GB\/240GB SSD \u2013 kvaliteetne ja t\u00f6\u00f6kindel valik. Kontrollitud ja hooldatud. Kiire kohaletoimetamine Tallinnas ja \u00fcle Eesti.\" \/>\n<meta name=\"robots\" content=\"index, follow, max-snippet:-1, max-image-preview:large, max-video-preview:-1\" \/>\n<link rel=\"canonical\" href=\"https:\/\/ss20.ee\/en\/shop\/macbook-pro-13-9\/\" \/>\n<meta property=\"og:locale\" content=\"en_US\" \/>\n<meta property=\"og:type\" content=\"article\" \/>\n<meta property=\"og:title\" content=\"MacBook Pro 13\u2033 2012\u2013 Core i5\/4GB\/240GB SSD\" \/>\n<meta property=\"og:description\" content=\"MacBook Pro 13\u2033 2012\u2013 Core i5\/4GB\/240GB SSD \u2013 kvaliteetne ja t\u00f6\u00f6kindel valik. Kontrollitud ja hooldatud. Kiire kohaletoimetamine Tallinnas ja \u00fcle Eesti.\" \/>\n<meta property=\"og:url\" content=\"https:\/\/ss20.ee\/en\/shop\/macbook-pro-13-9\/\" \/>\n<meta property=\"og:site_name\" content=\"SPETS SERVICE\" \/>\n<meta property=\"article:publisher\" content=\"https:\/\/www.facebook.com\/applearvutid\" \/>\n<meta property=\"article:modified_time\" content=\"2022-12-07T14:12:48+00:00\" \/>\n<meta property=\"og:image\" content=\"https:\/\/ss20.ee\/wp-content\/uploads\/2020\/12\/20201211_110446.jpg\" \/>\n\t<meta property=\"og:image:width\" content=\"1080\" \/>\n\t<meta property=\"og:image:height\" content=\"1009\" \/>\n\t<meta property=\"og:image:type\" content=\"image\/jpeg\" \/>\n<meta name=\"twitter:card\" content=\"summary_large_image\" \/>\n<script type=\"application\/ld+json\" class=\"yoast-schema-graph\">{\"@context\":\"https:\/\/schema.org\",\"@graph\":[{\"@type\":\"WebPage\",\"@id\":\"https:\/\/ss20.ee\/en\/shop\/macbook-pro-13-9\/\",\"url\":\"https:\/\/ss20.ee\/en\/shop\/macbook-pro-13-9\/\",\"name\":\"MacBook Pro 13\u2033 2012\u2013 Core i5\/4GB\/240GB SSD - SPETS SERVICE\",\"isPartOf\":{\"@id\":\"https:\/\/ss20.ee\/en\/#website\"},\"primaryImageOfPage\":{\"@id\":\"https:\/\/ss20.ee\/en\/shop\/macbook-pro-13-9\/#primaryimage\"},\"image\":{\"@id\":\"https:\/\/ss20.ee\/en\/shop\/macbook-pro-13-9\/#primaryimage\"},\"thumbnailUrl\":\"https:\/\/ss20.ee\/wp-content\/uploads\/2020\/12\/20201211_110446.jpg\",\"datePublished\":\"2020-12-11T09:12:36+00:00\",\"dateModified\":\"2022-12-07T14:12:48+00:00\",\"description\":\"MacBook Pro 13\u2033 2012\u2013 Core i5\/4GB\/240GB SSD \u2013 kvaliteetne ja t\u00f6\u00f6kindel valik. Kontrollitud ja hooldatud. Kiire kohaletoimetamine Tallinnas ja \u00fcle Eesti.\",\"breadcrumb\":{\"@id\":\"https:\/\/ss20.ee\/en\/shop\/macbook-pro-13-9\/#breadcrumb\"},\"inLanguage\":\"en-US\",\"potentialAction\":[{\"@type\":\"ReadAction\",\"target\":[\"https:\/\/ss20.ee\/en\/shop\/macbook-pro-13-9\/\"]}]},{\"@type\":\"ImageObject\",\"inLanguage\":\"en-US\",\"@id\":\"https:\/\/ss20.ee\/en\/shop\/macbook-pro-13-9\/#primaryimage\",\"url\":\"https:\/\/ss20.ee\/wp-content\/uploads\/2020\/12\/20201211_110446.jpg\",\"contentUrl\":\"https:\/\/ss20.ee\/wp-content\/uploads\/2020\/12\/20201211_110446.jpg\",\"width\":1080,\"height\":1009},{\"@type\":\"BreadcrumbList\",\"@id\":\"https:\/\/ss20.ee\/en\/shop\/macbook-pro-13-9\/#breadcrumb\",\"itemListElement\":[{\"@type\":\"ListItem\",\"position\":1,\"name\":\"Home\",\"item\":\"https:\/\/ss20.ee\/en\/\"},{\"@type\":\"ListItem\",\"position\":2,\"name\":\"All Products\",\"item\":\"https:\/\/ss20.ee\/en\/shop\/\"},{\"@type\":\"ListItem\",\"position\":3,\"name\":\"MacBook Pro 13\u2033 2012\u2013 Core i5\/4GB\/240GB SSD\"}]},{\"@type\":\"WebSite\",\"@id\":\"https:\/\/ss20.ee\/en\/#website\",\"url\":\"https:\/\/ss20.ee\/en\/\",\"name\":\"Spets Service\",\"description\":\"ARVUTITE M\u00dc\u00dcK JA REMONT\",\"publisher\":{\"@id\":\"https:\/\/ss20.ee\/en\/#organization\"},\"potentialAction\":[{\"@type\":\"SearchAction\",\"target\":{\"@type\":\"EntryPoint\",\"urlTemplate\":\"https:\/\/ss20.ee\/en\/?s={search_term_string}\"},\"query-input\":{\"@type\":\"PropertyValueSpecification\",\"valueRequired\":true,\"valueName\":\"search_term_string\"}}],\"inLanguage\":\"en-US\"},{\"@type\":\"Organization\",\"@id\":\"https:\/\/ss20.ee\/en\/#organization\",\"name\":\"Spets Service\",\"alternateName\":\"Spets Service\",\"url\":\"https:\/\/ss20.ee\/en\/\",\"logo\":{\"@type\":\"ImageObject\",\"inLanguage\":\"en-US\",\"@id\":\"https:\/\/ss20.ee\/en\/#\/schema\/logo\/image\/\",\"url\":\"https:\/\/ss20.ee\/wp-content\/uploads\/2024\/11\/Untitled-design-9.png\",\"contentUrl\":\"https:\/\/ss20.ee\/wp-content\/uploads\/2024\/11\/Untitled-design-9.png\",\"width\":1772,\"height\":354,\"caption\":\"Spets Service\"},\"image\":{\"@id\":\"https:\/\/ss20.ee\/en\/#\/schema\/logo\/image\/\"},\"sameAs\":[\"https:\/\/www.facebook.com\/applearvutid\",\"https:\/\/www.instagram.com\/ss20_apple_arvutid\/\"]}]}<\/script>\n<!-- \/ Yoast SEO Premium plugin. -->","yoast_head_json":{"title":"MacBook Pro 13\u2033 2012\u2013 Core i5\/4GB\/240GB SSD - SPETS SERVICE","description":"MacBook Pro 13\u2033 2012\u2013 Core i5\/4GB\/240GB SSD \u2013 kvaliteetne ja t\u00f6\u00f6kindel valik. Kontrollitud ja hooldatud. Kiire kohaletoimetamine Tallinnas ja \u00fcle Eesti.","robots":{"index":"index","follow":"follow","max-snippet":"max-snippet:-1","max-image-preview":"max-image-preview:large","max-video-preview":"max-video-preview:-1"},"canonical":"https:\/\/ss20.ee\/en\/shop\/macbook-pro-13-9\/","og_locale":"en_US","og_type":"article","og_title":"MacBook Pro 13\u2033 2012\u2013 Core i5\/4GB\/240GB SSD","og_description":"MacBook Pro 13\u2033 2012\u2013 Core i5\/4GB\/240GB SSD \u2013 kvaliteetne ja t\u00f6\u00f6kindel valik. Kontrollitud ja hooldatud. Kiire kohaletoimetamine Tallinnas ja \u00fcle Eesti.","og_url":"https:\/\/ss20.ee\/en\/shop\/macbook-pro-13-9\/","og_site_name":"SPETS SERVICE","article_publisher":"https:\/\/www.facebook.com\/applearvutid","article_modified_time":"2022-12-07T14:12:48+00:00","og_image":[{"width":1080,"height":1009,"url":"https:\/\/ss20.ee\/wp-content\/uploads\/2020\/12\/20201211_110446.jpg","type":"image\/jpeg"}],"twitter_card":"summary_large_image","schema":{"@context":"https:\/\/schema.org","@graph":[{"@type":"WebPage","@id":"https:\/\/ss20.ee\/en\/shop\/macbook-pro-13-9\/","url":"https:\/\/ss20.ee\/en\/shop\/macbook-pro-13-9\/","name":"MacBook Pro 13\u2033 2012\u2013 Core i5\/4GB\/240GB SSD - SPETS SERVICE","isPartOf":{"@id":"https:\/\/ss20.ee\/en\/#website"},"primaryImageOfPage":{"@id":"https:\/\/ss20.ee\/en\/shop\/macbook-pro-13-9\/#primaryimage"},"image":{"@id":"https:\/\/ss20.ee\/en\/shop\/macbook-pro-13-9\/#primaryimage"},"thumbnailUrl":"https:\/\/ss20.ee\/wp-content\/uploads\/2020\/12\/20201211_110446.jpg","datePublished":"2020-12-11T09:12:36+00:00","dateModified":"2022-12-07T14:12:48+00:00","description":"MacBook Pro 13\u2033 2012\u2013 Core i5\/4GB\/240GB SSD \u2013 kvaliteetne ja t\u00f6\u00f6kindel valik. Kontrollitud ja hooldatud. Kiire kohaletoimetamine Tallinnas ja \u00fcle Eesti.","breadcrumb":{"@id":"https:\/\/ss20.ee\/en\/shop\/macbook-pro-13-9\/#breadcrumb"},"inLanguage":"en-US","potentialAction":[{"@type":"ReadAction","target":["https:\/\/ss20.ee\/en\/shop\/macbook-pro-13-9\/"]}]},{"@type":"ImageObject","inLanguage":"en-US","@id":"https:\/\/ss20.ee\/en\/shop\/macbook-pro-13-9\/#primaryimage","url":"https:\/\/ss20.ee\/wp-content\/uploads\/2020\/12\/20201211_110446.jpg","contentUrl":"https:\/\/ss20.ee\/wp-content\/uploads\/2020\/12\/20201211_110446.jpg","width":1080,"height":1009},{"@type":"BreadcrumbList","@id":"https:\/\/ss20.ee\/en\/shop\/macbook-pro-13-9\/#breadcrumb","itemListElement":[{"@type":"ListItem","position":1,"name":"Home","item":"https:\/\/ss20.ee\/en\/"},{"@type":"ListItem","position":2,"name":"All Products","item":"https:\/\/ss20.ee\/en\/shop\/"},{"@type":"ListItem","position":3,"name":"MacBook Pro 13\u2033 2012\u2013 Core i5\/4GB\/240GB SSD"}]},{"@type":"WebSite","@id":"https:\/\/ss20.ee\/en\/#website","url":"https:\/\/ss20.ee\/en\/","name":"Spets Service","description":"ARVUTITE M\u00dc\u00dcK JA REMONT","publisher":{"@id":"https:\/\/ss20.ee\/en\/#organization"},"potentialAction":[{"@type":"SearchAction","target":{"@type":"EntryPoint","urlTemplate":"https:\/\/ss20.ee\/en\/?s={search_term_string}"},"query-input":{"@type":"PropertyValueSpecification","valueRequired":true,"valueName":"search_term_string"}}],"inLanguage":"en-US"},{"@type":"Organization","@id":"https:\/\/ss20.ee\/en\/#organization","name":"Spets Service","alternateName":"Spets Service","url":"https:\/\/ss20.ee\/en\/","logo":{"@type":"ImageObject","inLanguage":"en-US","@id":"https:\/\/ss20.ee\/en\/#\/schema\/logo\/image\/","url":"https:\/\/ss20.ee\/wp-content\/uploads\/2024\/11\/Untitled-design-9.png","contentUrl":"https:\/\/ss20.ee\/wp-content\/uploads\/2024\/11\/Untitled-design-9.png","width":1772,"height":354,"caption":"Spets Service"},"image":{"@id":"https:\/\/ss20.ee\/en\/#\/schema\/logo\/image\/"},"sameAs":["https:\/\/www.facebook.com\/applearvutid","https:\/\/www.instagram.com\/ss20_apple_arvutid\/"]}]}},"_links":{"self":[{"href":"https:\/\/ss20.ee\/en\/wp-json\/wp\/v2\/product\/18937","targetHints":{"allow":["GET"]}}],"collection":[{"href":"https:\/\/ss20.ee\/en\/wp-json\/wp\/v2\/product"}],"about":[{"href":"https:\/\/ss20.ee\/en\/wp-json\/wp\/v2\/types\/product"}],"wp:featuredmedia":[{"embeddable":true,"href":"https:\/\/ss20.ee\/en\/wp-json\/wp\/v2\/media\/18935"}],"wp:attachment":[{"href":"https:\/\/ss20.ee\/en\/wp-json\/wp\/v2\/media?parent=18937"}],"wp:term":[{"taxonomy":"product_brand","embeddable":true,"href":"https:\/\/ss20.ee\/en\/wp-json\/wp\/v2\/product_brand?post=18937"},{"taxonomy":"product_cat","embeddable":true,"href":"https:\/\/ss20.ee\/en\/wp-json\/wp\/v2\/product_cat?post=18937"},{"taxonomy":"product_tag","embeddable":true,"href":"https:\/\/ss20.ee\/en\/wp-json\/wp\/v2\/product_tag?post=18937"}],"curies":[{"name":"wp","href":"https:\/\/api.w.org\/{rel}","templated":true}]}}