{"id":23292,"date":"2021-08-13T11:38:38","date_gmt":"2021-08-13T11:38:39","guid":{"rendered":"https:\/\/ss20.ee\/?post_type=product&#038;p=23292"},"modified":"2022-12-07T14:17:13","modified_gmt":"2022-12-07T14:17:13","slug":"imac-24-2008","status":"publish","type":"product","link":"https:\/\/ss20.ee\/en\/shop\/imac-24-2008\/","title":{"rendered":"IMAC 24&#8243; 2008 \u2013 Core 2 Duo\/4GB\/240GB SSD"},"content":{"rendered":"<p><strong>Name:<\/strong> IMAC 24\u2033 2008<br \/>\n<strong><span class=\"tlid-translation translation\" lang=\"en\"><span class=\"\" title=\"\">Operating system<\/span><\/span>:<\/strong> OS X YOSEMITE 10.10.5<br \/>\n<strong>Hard drive:<\/strong> 240 GB SSD<br \/>\n<strong><span class=\"tlid-translation translation\" lang=\"et\"><span class=\"\" title=\"\">Processor:<\/span><\/span><\/strong> 3,06 Intel Core 2 Duo<br \/>\n<strong>Screen<span class=\"tlid-translation translation\" lang=\"et\"><span class=\"\" title=\"\">:<\/span><\/span>\u00a0<\/strong> 24\u2033<br \/>\n<strong><span class=\"tlid-translation translation\" lang=\"en\"><span class=\"\" title=\"\">Memory<\/span><\/span><span class=\"tlid-translation translation\" lang=\"et\"><span class=\"\" title=\"\">:<\/span><\/span><\/strong> 4 GB<br \/>\n<strong>Charger:<\/strong> Power cable<br \/>\n<strong>Condition:\u00a0<\/strong><span id=\"cch_f31a7418af7e9e\" class=\"_mh6 _wsc\"><span class=\"_3oh- _58nk\"> <span class=\"tlid-translation translation\" lang=\"en\"><span class=\"\" title=\"\">There are scratches and other defects on the computer case.<\/span> <span class=\"\" title=\"\">Computer electronics and other components in working order.<\/span><\/span><\/span><\/span><br \/>\n<strong>Warranty: <\/strong>1 month<\/p>\n<p>&nbsp;<\/p>\n","protected":false},"excerpt":{"rendered":"<p>Name: IMAC 24\u2033 2008 Operating system: OS X YOSEMITE 10.10.5 Hard drive: 240 GB SSD Processor: 3,06 Intel Core 2 Duo Screen:\u00a0 24\u2033 Memory: 4 GB Charger: Power cable Condition:\u00a0 There are scratches and other defects on the computer case. Computer electronics and other components in working order. Warranty: 1&hellip; <\/p>\n","protected":false},"featured_media":23301,"template":"","meta":[],"product_brand":[],"product_cat":[657,284,778],"product_tag":[587],"class_list":{"0":"post-23292","1":"product","2":"type-product","3":"status-publish","4":"has-post-thumbnail","6":"product_cat-desktops","7":"product_cat-imac","8":"product_cat-outlet","9":"product_tag-imac-en","11":"first","12":"outofstock","13":"sale","14":"taxable","15":"shipping-taxable","16":"purchasable","17":"product-type-simple"},"yoast_head":"<!-- This site is optimized with the Yoast SEO Premium plugin v25.2 (Yoast SEO v26.4) - https:\/\/yoast.com\/wordpress\/plugins\/seo\/ -->\n<title>IMAC 24&quot; 2008 \u2013 Core 2 Duo\/4GB\/240GB SSD - SPETS SERVICE<\/title>\n<meta name=\"description\" content=\"IMAC 24&quot; 2008 \u2013 Core 2 Duo\/4GB\/240GB SSD \u2013 kvaliteetne ja t\u00f6\u00f6kindel valik. Kontrollitud ja hooldatud. Kiire kohaletoimetamine Tallinnas ja \u00fcle Eesti.\" \/>\n<meta name=\"robots\" content=\"index, follow, max-snippet:-1, max-image-preview:large, max-video-preview:-1\" \/>\n<link rel=\"canonical\" href=\"https:\/\/ss20.ee\/en\/shop\/imac-24-2008\/\" \/>\n<meta property=\"og:locale\" content=\"en_US\" \/>\n<meta property=\"og:type\" content=\"article\" \/>\n<meta property=\"og:title\" content=\"IMAC 24&quot; 2008 \u2013 Core 2 Duo\/4GB\/240GB SSD\" \/>\n<meta property=\"og:description\" content=\"IMAC 24&quot; 2008 \u2013 Core 2 Duo\/4GB\/240GB SSD \u2013 kvaliteetne ja t\u00f6\u00f6kindel valik. Kontrollitud ja hooldatud. Kiire kohaletoimetamine Tallinnas ja \u00fcle Eesti.\" \/>\n<meta property=\"og:url\" content=\"https:\/\/ss20.ee\/en\/shop\/imac-24-2008\/\" \/>\n<meta property=\"og:site_name\" content=\"SPETS SERVICE\" \/>\n<meta property=\"article:publisher\" content=\"https:\/\/www.facebook.com\/applearvutid\" \/>\n<meta property=\"article:modified_time\" content=\"2022-12-07T14:17:13+00:00\" \/>\n<meta property=\"og:image\" content=\"https:\/\/ss20.ee\/wp-content\/uploads\/2021\/08\/227922130_515210376405485_5218157445410454931_n.jpg\" \/>\n\t<meta property=\"og:image:width\" content=\"750\" \/>\n\t<meta property=\"og:image:height\" content=\"705\" \/>\n\t<meta property=\"og:image:type\" content=\"image\/jpeg\" \/>\n<meta name=\"twitter:card\" content=\"summary_large_image\" \/>\n<script type=\"application\/ld+json\" class=\"yoast-schema-graph\">{\"@context\":\"https:\/\/schema.org\",\"@graph\":[{\"@type\":\"WebPage\",\"@id\":\"https:\/\/ss20.ee\/en\/shop\/imac-24-2008\/\",\"url\":\"https:\/\/ss20.ee\/en\/shop\/imac-24-2008\/\",\"name\":\"IMAC 24\\\" 2008 \u2013 Core 2 Duo\/4GB\/240GB SSD - SPETS SERVICE\",\"isPartOf\":{\"@id\":\"https:\/\/ss20.ee\/en\/#website\"},\"primaryImageOfPage\":{\"@id\":\"https:\/\/ss20.ee\/en\/shop\/imac-24-2008\/#primaryimage\"},\"image\":{\"@id\":\"https:\/\/ss20.ee\/en\/shop\/imac-24-2008\/#primaryimage\"},\"thumbnailUrl\":\"https:\/\/ss20.ee\/wp-content\/uploads\/2021\/08\/227922130_515210376405485_5218157445410454931_n.jpg\",\"datePublished\":\"2021-08-13T11:38:39+00:00\",\"dateModified\":\"2022-12-07T14:17:13+00:00\",\"description\":\"IMAC 24\\\" 2008 \u2013 Core 2 Duo\/4GB\/240GB SSD \u2013 kvaliteetne ja t\u00f6\u00f6kindel valik. Kontrollitud ja hooldatud. Kiire kohaletoimetamine Tallinnas ja \u00fcle Eesti.\",\"breadcrumb\":{\"@id\":\"https:\/\/ss20.ee\/en\/shop\/imac-24-2008\/#breadcrumb\"},\"inLanguage\":\"en-US\",\"potentialAction\":[{\"@type\":\"ReadAction\",\"target\":[\"https:\/\/ss20.ee\/en\/shop\/imac-24-2008\/\"]}]},{\"@type\":\"ImageObject\",\"inLanguage\":\"en-US\",\"@id\":\"https:\/\/ss20.ee\/en\/shop\/imac-24-2008\/#primaryimage\",\"url\":\"https:\/\/ss20.ee\/wp-content\/uploads\/2021\/08\/227922130_515210376405485_5218157445410454931_n.jpg\",\"contentUrl\":\"https:\/\/ss20.ee\/wp-content\/uploads\/2021\/08\/227922130_515210376405485_5218157445410454931_n.jpg\",\"width\":750,\"height\":705},{\"@type\":\"BreadcrumbList\",\"@id\":\"https:\/\/ss20.ee\/en\/shop\/imac-24-2008\/#breadcrumb\",\"itemListElement\":[{\"@type\":\"ListItem\",\"position\":1,\"name\":\"Home\",\"item\":\"https:\/\/ss20.ee\/en\/\"},{\"@type\":\"ListItem\",\"position\":2,\"name\":\"All Products\",\"item\":\"https:\/\/ss20.ee\/en\/shop\/\"},{\"@type\":\"ListItem\",\"position\":3,\"name\":\"IMAC 24&#8243; 2008 \u2013 Core 2 Duo\/4GB\/240GB SSD\"}]},{\"@type\":\"WebSite\",\"@id\":\"https:\/\/ss20.ee\/en\/#website\",\"url\":\"https:\/\/ss20.ee\/en\/\",\"name\":\"Spets Service\",\"description\":\"ARVUTITE M\u00dc\u00dcK JA REMONT\",\"publisher\":{\"@id\":\"https:\/\/ss20.ee\/en\/#organization\"},\"potentialAction\":[{\"@type\":\"SearchAction\",\"target\":{\"@type\":\"EntryPoint\",\"urlTemplate\":\"https:\/\/ss20.ee\/en\/?s={search_term_string}\"},\"query-input\":{\"@type\":\"PropertyValueSpecification\",\"valueRequired\":true,\"valueName\":\"search_term_string\"}}],\"inLanguage\":\"en-US\"},{\"@type\":\"Organization\",\"@id\":\"https:\/\/ss20.ee\/en\/#organization\",\"name\":\"Spets Service\",\"alternateName\":\"Spets Service\",\"url\":\"https:\/\/ss20.ee\/en\/\",\"logo\":{\"@type\":\"ImageObject\",\"inLanguage\":\"en-US\",\"@id\":\"https:\/\/ss20.ee\/en\/#\/schema\/logo\/image\/\",\"url\":\"https:\/\/ss20.ee\/wp-content\/uploads\/2024\/11\/Untitled-design-9.png\",\"contentUrl\":\"https:\/\/ss20.ee\/wp-content\/uploads\/2024\/11\/Untitled-design-9.png\",\"width\":1772,\"height\":354,\"caption\":\"Spets Service\"},\"image\":{\"@id\":\"https:\/\/ss20.ee\/en\/#\/schema\/logo\/image\/\"},\"sameAs\":[\"https:\/\/www.facebook.com\/applearvutid\",\"https:\/\/www.instagram.com\/ss20_apple_arvutid\/\"]}]}<\/script>\n<!-- \/ Yoast SEO Premium plugin. -->","yoast_head_json":{"title":"IMAC 24\" 2008 \u2013 Core 2 Duo\/4GB\/240GB SSD - SPETS SERVICE","description":"IMAC 24\" 2008 \u2013 Core 2 Duo\/4GB\/240GB SSD \u2013 kvaliteetne ja t\u00f6\u00f6kindel valik. Kontrollitud ja hooldatud. Kiire kohaletoimetamine Tallinnas ja \u00fcle Eesti.","robots":{"index":"index","follow":"follow","max-snippet":"max-snippet:-1","max-image-preview":"max-image-preview:large","max-video-preview":"max-video-preview:-1"},"canonical":"https:\/\/ss20.ee\/en\/shop\/imac-24-2008\/","og_locale":"en_US","og_type":"article","og_title":"IMAC 24\" 2008 \u2013 Core 2 Duo\/4GB\/240GB SSD","og_description":"IMAC 24\" 2008 \u2013 Core 2 Duo\/4GB\/240GB SSD \u2013 kvaliteetne ja t\u00f6\u00f6kindel valik. Kontrollitud ja hooldatud. Kiire kohaletoimetamine Tallinnas ja \u00fcle Eesti.","og_url":"https:\/\/ss20.ee\/en\/shop\/imac-24-2008\/","og_site_name":"SPETS SERVICE","article_publisher":"https:\/\/www.facebook.com\/applearvutid","article_modified_time":"2022-12-07T14:17:13+00:00","og_image":[{"width":750,"height":705,"url":"https:\/\/ss20.ee\/wp-content\/uploads\/2021\/08\/227922130_515210376405485_5218157445410454931_n.jpg","type":"image\/jpeg"}],"twitter_card":"summary_large_image","schema":{"@context":"https:\/\/schema.org","@graph":[{"@type":"WebPage","@id":"https:\/\/ss20.ee\/en\/shop\/imac-24-2008\/","url":"https:\/\/ss20.ee\/en\/shop\/imac-24-2008\/","name":"IMAC 24\" 2008 \u2013 Core 2 Duo\/4GB\/240GB SSD - SPETS SERVICE","isPartOf":{"@id":"https:\/\/ss20.ee\/en\/#website"},"primaryImageOfPage":{"@id":"https:\/\/ss20.ee\/en\/shop\/imac-24-2008\/#primaryimage"},"image":{"@id":"https:\/\/ss20.ee\/en\/shop\/imac-24-2008\/#primaryimage"},"thumbnailUrl":"https:\/\/ss20.ee\/wp-content\/uploads\/2021\/08\/227922130_515210376405485_5218157445410454931_n.jpg","datePublished":"2021-08-13T11:38:39+00:00","dateModified":"2022-12-07T14:17:13+00:00","description":"IMAC 24\" 2008 \u2013 Core 2 Duo\/4GB\/240GB SSD \u2013 kvaliteetne ja t\u00f6\u00f6kindel valik. Kontrollitud ja hooldatud. Kiire kohaletoimetamine Tallinnas ja \u00fcle Eesti.","breadcrumb":{"@id":"https:\/\/ss20.ee\/en\/shop\/imac-24-2008\/#breadcrumb"},"inLanguage":"en-US","potentialAction":[{"@type":"ReadAction","target":["https:\/\/ss20.ee\/en\/shop\/imac-24-2008\/"]}]},{"@type":"ImageObject","inLanguage":"en-US","@id":"https:\/\/ss20.ee\/en\/shop\/imac-24-2008\/#primaryimage","url":"https:\/\/ss20.ee\/wp-content\/uploads\/2021\/08\/227922130_515210376405485_5218157445410454931_n.jpg","contentUrl":"https:\/\/ss20.ee\/wp-content\/uploads\/2021\/08\/227922130_515210376405485_5218157445410454931_n.jpg","width":750,"height":705},{"@type":"BreadcrumbList","@id":"https:\/\/ss20.ee\/en\/shop\/imac-24-2008\/#breadcrumb","itemListElement":[{"@type":"ListItem","position":1,"name":"Home","item":"https:\/\/ss20.ee\/en\/"},{"@type":"ListItem","position":2,"name":"All Products","item":"https:\/\/ss20.ee\/en\/shop\/"},{"@type":"ListItem","position":3,"name":"IMAC 24&#8243; 2008 \u2013 Core 2 Duo\/4GB\/240GB SSD"}]},{"@type":"WebSite","@id":"https:\/\/ss20.ee\/en\/#website","url":"https:\/\/ss20.ee\/en\/","name":"Spets Service","description":"ARVUTITE M\u00dc\u00dcK JA REMONT","publisher":{"@id":"https:\/\/ss20.ee\/en\/#organization"},"potentialAction":[{"@type":"SearchAction","target":{"@type":"EntryPoint","urlTemplate":"https:\/\/ss20.ee\/en\/?s={search_term_string}"},"query-input":{"@type":"PropertyValueSpecification","valueRequired":true,"valueName":"search_term_string"}}],"inLanguage":"en-US"},{"@type":"Organization","@id":"https:\/\/ss20.ee\/en\/#organization","name":"Spets Service","alternateName":"Spets Service","url":"https:\/\/ss20.ee\/en\/","logo":{"@type":"ImageObject","inLanguage":"en-US","@id":"https:\/\/ss20.ee\/en\/#\/schema\/logo\/image\/","url":"https:\/\/ss20.ee\/wp-content\/uploads\/2024\/11\/Untitled-design-9.png","contentUrl":"https:\/\/ss20.ee\/wp-content\/uploads\/2024\/11\/Untitled-design-9.png","width":1772,"height":354,"caption":"Spets Service"},"image":{"@id":"https:\/\/ss20.ee\/en\/#\/schema\/logo\/image\/"},"sameAs":["https:\/\/www.facebook.com\/applearvutid","https:\/\/www.instagram.com\/ss20_apple_arvutid\/"]}]}},"_links":{"self":[{"href":"https:\/\/ss20.ee\/en\/wp-json\/wp\/v2\/product\/23292","targetHints":{"allow":["GET"]}}],"collection":[{"href":"https:\/\/ss20.ee\/en\/wp-json\/wp\/v2\/product"}],"about":[{"href":"https:\/\/ss20.ee\/en\/wp-json\/wp\/v2\/types\/product"}],"wp:featuredmedia":[{"embeddable":true,"href":"https:\/\/ss20.ee\/en\/wp-json\/wp\/v2\/media\/23301"}],"wp:attachment":[{"href":"https:\/\/ss20.ee\/en\/wp-json\/wp\/v2\/media?parent=23292"}],"wp:term":[{"taxonomy":"product_brand","embeddable":true,"href":"https:\/\/ss20.ee\/en\/wp-json\/wp\/v2\/product_brand?post=23292"},{"taxonomy":"product_cat","embeddable":true,"href":"https:\/\/ss20.ee\/en\/wp-json\/wp\/v2\/product_cat?post=23292"},{"taxonomy":"product_tag","embeddable":true,"href":"https:\/\/ss20.ee\/en\/wp-json\/wp\/v2\/product_tag?post=23292"}],"curies":[{"name":"wp","href":"https:\/\/api.w.org\/{rel}","templated":true}]}}