{"id":24155,"date":"2022-02-01T11:10:34","date_gmt":"2022-02-01T11:10:35","guid":{"rendered":"https:\/\/ss20.ee\/?post_type=product&#038;p=24155"},"modified":"2022-12-07T14:03:52","modified_gmt":"2022-12-07T14:03:52","slug":"macbook-pro-retina-13-13-7","status":"publish","type":"product","link":"https:\/\/ss20.ee\/en\/shop\/macbook-pro-retina-13-13-7\/","title":{"rendered":"MacBook Pro Retina 13\u2033 2013 \u2013 Core i5\/8GB\/256GB SSD"},"content":{"rendered":"<p><strong>Name:<\/strong> MacBook Pro Retina 13\u2033 2013<br \/>\n<strong>Seerial number:<\/strong> \u042102M3GXXFH00<br \/>\n<strong>Operating system:\u00a0 <\/strong>macOS Big Sur 11.6.2<br \/>\n<strong>Hard drive:<\/strong> 256 GB SSD<br \/>\n<strong><span class=\"tlid-translation translation\" lang=\"et\"><span class=\"\" title=\"\">Processor:<\/span><\/span><\/strong> 2,4 GHz Quad-Core Intel Core i5<br \/>\n<strong>Screen<span class=\"tlid-translation translation\" lang=\"et\"><span class=\"\" title=\"\">:<\/span><\/span>\u00a0<\/strong> 13\u2033<br \/>\n<strong>Memory<span class=\"tlid-translation translation\" lang=\"et\"><span class=\"\" title=\"\">:<\/span><\/span><\/strong> 8 GB<br \/>\n<strong>Battery:<\/strong> Cycle count 86<br \/>\n<strong>Charger:<\/strong> No<br \/>\n<strong>Condition: <\/strong><span id=\"cch_f31a7418af7e9e\" class=\"_mh6 _wsc\"><span class=\"_3oh- _58nk\">The computer case shows little trace of usage.Screen like new condition with no wear (GRADE A+)<\/span><\/span><\/p>\n","protected":false},"excerpt":{"rendered":"<p>Name: MacBook Pro Retina 13\u2033 2013 Seerial number: \u042102M3GXXFH00 Operating system:\u00a0 macOS Big Sur 11.6.2 Hard drive: 256 GB SSD Processor: 2,4 GHz Quad-Core Intel Core i5 Screen:\u00a0 13\u2033 Memory: 8 GB Battery: Cycle count 86 Charger: No Condition: The computer case shows little trace of usage.Screen like new condition&hellip; <\/p>\n","protected":false},"featured_media":24164,"template":"","meta":[],"product_brand":[],"product_cat":[16,626,617,620],"product_tag":[563,318],"class_list":{"0":"post-24155","1":"product","2":"type-product","3":"status-publish","4":"has-post-thumbnail","6":"product_cat-apple-computers","7":"product_cat-arvutid","8":"product_cat-macbook-pro","9":"product_cat-macbook-pro-en","10":"product_tag-macbook-pro-en","11":"product_tag-macbook-pro","13":"first","14":"outofstock","15":"sale","16":"taxable","17":"shipping-taxable","18":"purchasable","19":"product-type-simple"},"yoast_head":"<!-- This site is optimized with the Yoast SEO Premium plugin v25.2 (Yoast SEO v26.4) - https:\/\/yoast.com\/wordpress\/plugins\/seo\/ -->\n<title>MacBook Pro Retina 13\u2033 2013 \u2013 Core i5\/8GB\/256GB SSD - SPETS SERVICE<\/title>\n<meta name=\"description\" content=\"MacBook Pro Retina 13\u2033 2013 \u2013 Core i5\/8GB\/256GB SSD \u2013 kvaliteetne ja t\u00f6\u00f6kindel valik. Kontrollitud ja hooldatud. Kiire kohaletoimetamine Tallinnas ja \u00fcle Eesti.\" \/>\n<meta name=\"robots\" content=\"index, follow, max-snippet:-1, max-image-preview:large, max-video-preview:-1\" \/>\n<link rel=\"canonical\" href=\"https:\/\/ss20.ee\/en\/shop\/macbook-pro-retina-13-13-7\/\" \/>\n<meta property=\"og:locale\" content=\"en_US\" \/>\n<meta property=\"og:type\" content=\"article\" \/>\n<meta property=\"og:title\" content=\"MacBook Pro Retina 13\u2033 2013 \u2013 Core i5\/8GB\/256GB SSD\" \/>\n<meta property=\"og:description\" content=\"MacBook Pro Retina 13\u2033 2013 \u2013 Core i5\/8GB\/256GB SSD \u2013 kvaliteetne ja t\u00f6\u00f6kindel valik. Kontrollitud ja hooldatud. Kiire kohaletoimetamine Tallinnas ja \u00fcle Eesti.\" \/>\n<meta property=\"og:url\" content=\"https:\/\/ss20.ee\/en\/shop\/macbook-pro-retina-13-13-7\/\" \/>\n<meta property=\"og:site_name\" content=\"SPETS SERVICE\" \/>\n<meta property=\"article:publisher\" content=\"https:\/\/www.facebook.com\/applearvutid\" \/>\n<meta property=\"article:modified_time\" content=\"2022-12-07T14:03:52+00:00\" \/>\n<meta property=\"og:image\" content=\"https:\/\/ss20.ee\/wp-content\/uploads\/2022\/02\/271837940_1037121013891818_8300538741274069366_n.jpg\" \/>\n\t<meta property=\"og:image:width\" content=\"750\" \/>\n\t<meta property=\"og:image:height\" content=\"683\" \/>\n\t<meta property=\"og:image:type\" content=\"image\/jpeg\" \/>\n<meta name=\"twitter:card\" content=\"summary_large_image\" \/>\n<script type=\"application\/ld+json\" class=\"yoast-schema-graph\">{\"@context\":\"https:\/\/schema.org\",\"@graph\":[{\"@type\":\"WebPage\",\"@id\":\"https:\/\/ss20.ee\/en\/shop\/macbook-pro-retina-13-13-7\/\",\"url\":\"https:\/\/ss20.ee\/en\/shop\/macbook-pro-retina-13-13-7\/\",\"name\":\"MacBook Pro Retina 13\u2033 2013 \u2013 Core i5\/8GB\/256GB SSD - SPETS SERVICE\",\"isPartOf\":{\"@id\":\"https:\/\/ss20.ee\/en\/#website\"},\"primaryImageOfPage\":{\"@id\":\"https:\/\/ss20.ee\/en\/shop\/macbook-pro-retina-13-13-7\/#primaryimage\"},\"image\":{\"@id\":\"https:\/\/ss20.ee\/en\/shop\/macbook-pro-retina-13-13-7\/#primaryimage\"},\"thumbnailUrl\":\"https:\/\/ss20.ee\/wp-content\/uploads\/2022\/02\/271837940_1037121013891818_8300538741274069366_n.jpg\",\"datePublished\":\"2022-02-01T11:10:35+00:00\",\"dateModified\":\"2022-12-07T14:03:52+00:00\",\"description\":\"MacBook Pro Retina 13\u2033 2013 \u2013 Core i5\/8GB\/256GB SSD \u2013 kvaliteetne ja t\u00f6\u00f6kindel valik. Kontrollitud ja hooldatud. Kiire kohaletoimetamine Tallinnas ja \u00fcle Eesti.\",\"breadcrumb\":{\"@id\":\"https:\/\/ss20.ee\/en\/shop\/macbook-pro-retina-13-13-7\/#breadcrumb\"},\"inLanguage\":\"en-US\",\"potentialAction\":[{\"@type\":\"ReadAction\",\"target\":[\"https:\/\/ss20.ee\/en\/shop\/macbook-pro-retina-13-13-7\/\"]}]},{\"@type\":\"ImageObject\",\"inLanguage\":\"en-US\",\"@id\":\"https:\/\/ss20.ee\/en\/shop\/macbook-pro-retina-13-13-7\/#primaryimage\",\"url\":\"https:\/\/ss20.ee\/wp-content\/uploads\/2022\/02\/271837940_1037121013891818_8300538741274069366_n.jpg\",\"contentUrl\":\"https:\/\/ss20.ee\/wp-content\/uploads\/2022\/02\/271837940_1037121013891818_8300538741274069366_n.jpg\",\"width\":750,\"height\":683},{\"@type\":\"BreadcrumbList\",\"@id\":\"https:\/\/ss20.ee\/en\/shop\/macbook-pro-retina-13-13-7\/#breadcrumb\",\"itemListElement\":[{\"@type\":\"ListItem\",\"position\":1,\"name\":\"Home\",\"item\":\"https:\/\/ss20.ee\/en\/\"},{\"@type\":\"ListItem\",\"position\":2,\"name\":\"All Products\",\"item\":\"https:\/\/ss20.ee\/en\/shop\/\"},{\"@type\":\"ListItem\",\"position\":3,\"name\":\"MacBook Pro Retina 13\u2033 2013 \u2013 Core i5\/8GB\/256GB SSD\"}]},{\"@type\":\"WebSite\",\"@id\":\"https:\/\/ss20.ee\/en\/#website\",\"url\":\"https:\/\/ss20.ee\/en\/\",\"name\":\"Spets Service\",\"description\":\"ARVUTITE M\u00dc\u00dcK JA REMONT\",\"publisher\":{\"@id\":\"https:\/\/ss20.ee\/en\/#organization\"},\"potentialAction\":[{\"@type\":\"SearchAction\",\"target\":{\"@type\":\"EntryPoint\",\"urlTemplate\":\"https:\/\/ss20.ee\/en\/?s={search_term_string}\"},\"query-input\":{\"@type\":\"PropertyValueSpecification\",\"valueRequired\":true,\"valueName\":\"search_term_string\"}}],\"inLanguage\":\"en-US\"},{\"@type\":\"Organization\",\"@id\":\"https:\/\/ss20.ee\/en\/#organization\",\"name\":\"Spets Service\",\"alternateName\":\"Spets Service\",\"url\":\"https:\/\/ss20.ee\/en\/\",\"logo\":{\"@type\":\"ImageObject\",\"inLanguage\":\"en-US\",\"@id\":\"https:\/\/ss20.ee\/en\/#\/schema\/logo\/image\/\",\"url\":\"https:\/\/ss20.ee\/wp-content\/uploads\/2024\/11\/Untitled-design-9.png\",\"contentUrl\":\"https:\/\/ss20.ee\/wp-content\/uploads\/2024\/11\/Untitled-design-9.png\",\"width\":1772,\"height\":354,\"caption\":\"Spets Service\"},\"image\":{\"@id\":\"https:\/\/ss20.ee\/en\/#\/schema\/logo\/image\/\"},\"sameAs\":[\"https:\/\/www.facebook.com\/applearvutid\",\"https:\/\/www.instagram.com\/ss20_apple_arvutid\/\"]}]}<\/script>\n<!-- \/ Yoast SEO Premium plugin. -->","yoast_head_json":{"title":"MacBook Pro Retina 13\u2033 2013 \u2013 Core i5\/8GB\/256GB SSD - SPETS SERVICE","description":"MacBook Pro Retina 13\u2033 2013 \u2013 Core i5\/8GB\/256GB SSD \u2013 kvaliteetne ja t\u00f6\u00f6kindel valik. Kontrollitud ja hooldatud. Kiire kohaletoimetamine Tallinnas ja \u00fcle Eesti.","robots":{"index":"index","follow":"follow","max-snippet":"max-snippet:-1","max-image-preview":"max-image-preview:large","max-video-preview":"max-video-preview:-1"},"canonical":"https:\/\/ss20.ee\/en\/shop\/macbook-pro-retina-13-13-7\/","og_locale":"en_US","og_type":"article","og_title":"MacBook Pro Retina 13\u2033 2013 \u2013 Core i5\/8GB\/256GB SSD","og_description":"MacBook Pro Retina 13\u2033 2013 \u2013 Core i5\/8GB\/256GB SSD \u2013 kvaliteetne ja t\u00f6\u00f6kindel valik. Kontrollitud ja hooldatud. Kiire kohaletoimetamine Tallinnas ja \u00fcle Eesti.","og_url":"https:\/\/ss20.ee\/en\/shop\/macbook-pro-retina-13-13-7\/","og_site_name":"SPETS SERVICE","article_publisher":"https:\/\/www.facebook.com\/applearvutid","article_modified_time":"2022-12-07T14:03:52+00:00","og_image":[{"width":750,"height":683,"url":"https:\/\/ss20.ee\/wp-content\/uploads\/2022\/02\/271837940_1037121013891818_8300538741274069366_n.jpg","type":"image\/jpeg"}],"twitter_card":"summary_large_image","schema":{"@context":"https:\/\/schema.org","@graph":[{"@type":"WebPage","@id":"https:\/\/ss20.ee\/en\/shop\/macbook-pro-retina-13-13-7\/","url":"https:\/\/ss20.ee\/en\/shop\/macbook-pro-retina-13-13-7\/","name":"MacBook Pro Retina 13\u2033 2013 \u2013 Core i5\/8GB\/256GB SSD - SPETS SERVICE","isPartOf":{"@id":"https:\/\/ss20.ee\/en\/#website"},"primaryImageOfPage":{"@id":"https:\/\/ss20.ee\/en\/shop\/macbook-pro-retina-13-13-7\/#primaryimage"},"image":{"@id":"https:\/\/ss20.ee\/en\/shop\/macbook-pro-retina-13-13-7\/#primaryimage"},"thumbnailUrl":"https:\/\/ss20.ee\/wp-content\/uploads\/2022\/02\/271837940_1037121013891818_8300538741274069366_n.jpg","datePublished":"2022-02-01T11:10:35+00:00","dateModified":"2022-12-07T14:03:52+00:00","description":"MacBook Pro Retina 13\u2033 2013 \u2013 Core i5\/8GB\/256GB SSD \u2013 kvaliteetne ja t\u00f6\u00f6kindel valik. Kontrollitud ja hooldatud. Kiire kohaletoimetamine Tallinnas ja \u00fcle Eesti.","breadcrumb":{"@id":"https:\/\/ss20.ee\/en\/shop\/macbook-pro-retina-13-13-7\/#breadcrumb"},"inLanguage":"en-US","potentialAction":[{"@type":"ReadAction","target":["https:\/\/ss20.ee\/en\/shop\/macbook-pro-retina-13-13-7\/"]}]},{"@type":"ImageObject","inLanguage":"en-US","@id":"https:\/\/ss20.ee\/en\/shop\/macbook-pro-retina-13-13-7\/#primaryimage","url":"https:\/\/ss20.ee\/wp-content\/uploads\/2022\/02\/271837940_1037121013891818_8300538741274069366_n.jpg","contentUrl":"https:\/\/ss20.ee\/wp-content\/uploads\/2022\/02\/271837940_1037121013891818_8300538741274069366_n.jpg","width":750,"height":683},{"@type":"BreadcrumbList","@id":"https:\/\/ss20.ee\/en\/shop\/macbook-pro-retina-13-13-7\/#breadcrumb","itemListElement":[{"@type":"ListItem","position":1,"name":"Home","item":"https:\/\/ss20.ee\/en\/"},{"@type":"ListItem","position":2,"name":"All Products","item":"https:\/\/ss20.ee\/en\/shop\/"},{"@type":"ListItem","position":3,"name":"MacBook Pro Retina 13\u2033 2013 \u2013 Core i5\/8GB\/256GB SSD"}]},{"@type":"WebSite","@id":"https:\/\/ss20.ee\/en\/#website","url":"https:\/\/ss20.ee\/en\/","name":"Spets Service","description":"ARVUTITE M\u00dc\u00dcK JA REMONT","publisher":{"@id":"https:\/\/ss20.ee\/en\/#organization"},"potentialAction":[{"@type":"SearchAction","target":{"@type":"EntryPoint","urlTemplate":"https:\/\/ss20.ee\/en\/?s={search_term_string}"},"query-input":{"@type":"PropertyValueSpecification","valueRequired":true,"valueName":"search_term_string"}}],"inLanguage":"en-US"},{"@type":"Organization","@id":"https:\/\/ss20.ee\/en\/#organization","name":"Spets Service","alternateName":"Spets Service","url":"https:\/\/ss20.ee\/en\/","logo":{"@type":"ImageObject","inLanguage":"en-US","@id":"https:\/\/ss20.ee\/en\/#\/schema\/logo\/image\/","url":"https:\/\/ss20.ee\/wp-content\/uploads\/2024\/11\/Untitled-design-9.png","contentUrl":"https:\/\/ss20.ee\/wp-content\/uploads\/2024\/11\/Untitled-design-9.png","width":1772,"height":354,"caption":"Spets Service"},"image":{"@id":"https:\/\/ss20.ee\/en\/#\/schema\/logo\/image\/"},"sameAs":["https:\/\/www.facebook.com\/applearvutid","https:\/\/www.instagram.com\/ss20_apple_arvutid\/"]}]}},"_links":{"self":[{"href":"https:\/\/ss20.ee\/en\/wp-json\/wp\/v2\/product\/24155","targetHints":{"allow":["GET"]}}],"collection":[{"href":"https:\/\/ss20.ee\/en\/wp-json\/wp\/v2\/product"}],"about":[{"href":"https:\/\/ss20.ee\/en\/wp-json\/wp\/v2\/types\/product"}],"wp:featuredmedia":[{"embeddable":true,"href":"https:\/\/ss20.ee\/en\/wp-json\/wp\/v2\/media\/24164"}],"wp:attachment":[{"href":"https:\/\/ss20.ee\/en\/wp-json\/wp\/v2\/media?parent=24155"}],"wp:term":[{"taxonomy":"product_brand","embeddable":true,"href":"https:\/\/ss20.ee\/en\/wp-json\/wp\/v2\/product_brand?post=24155"},{"taxonomy":"product_cat","embeddable":true,"href":"https:\/\/ss20.ee\/en\/wp-json\/wp\/v2\/product_cat?post=24155"},{"taxonomy":"product_tag","embeddable":true,"href":"https:\/\/ss20.ee\/en\/wp-json\/wp\/v2\/product_tag?post=24155"}],"curies":[{"name":"wp","href":"https:\/\/api.w.org\/{rel}","templated":true}]}}