{"id":24332,"date":"2022-03-08T12:33:09","date_gmt":"2022-03-08T12:33:09","guid":{"rendered":"https:\/\/ss20.ee\/shop\/apple-mini-displayport-to-vga-adapter\/"},"modified":"2023-02-10T13:40:55","modified_gmt":"2023-02-10T13:40:55","slug":"apple-mini-displayport-to-vga-adapter","status":"publish","type":"product","link":"https:\/\/ss20.ee\/en\/shop\/apple-mini-displayport-to-vga-adapter\/","title":{"rendered":"Apple Mini DisplayPort to VGA Adapter"},"content":{"rendered":"<p>Original<\/p>\n<p>The Mini DisplayPort to DVI Adapter lets you connect an advanced digital monitor, such as the 20- or 23-inch Apple Cinema Display, to a Mac with a Mini DisplayPort.<\/p>\n<p>In the box<\/p>\n","protected":false},"excerpt":{"rendered":"<p>Original The Mini DisplayPort to DVI Adapter lets you connect an advanced digital monitor, such as the 20- or 23-inch Apple Cinema Display, to a Mac with a Mini DisplayPort. In the box<\/p>\n","protected":false},"featured_media":24330,"template":"","meta":[],"product_brand":[],"product_cat":[797,295],"product_tag":[],"class_list":{"0":"post-24332","1":"product","2":"type-product","3":"status-publish","4":"has-post-thumbnail","6":"product_cat-cables-and-adapters","7":"product_cat-components","9":"first","10":"instock","11":"sale","12":"taxable","13":"shipping-taxable","14":"purchasable","15":"product-type-simple"},"yoast_head":"<!-- This site is optimized with the Yoast SEO Premium plugin v25.2 (Yoast SEO v26.4) - https:\/\/yoast.com\/wordpress\/plugins\/seo\/ -->\n<title>Apple Mini DisplayPort to VGA Adapter - SPETS SERVICE<\/title>\n<meta name=\"description\" content=\"Apple Mini DisplayPort to VGA Adapter \u2013 kvaliteetne ja t\u00f6\u00f6kindel valik. Kontrollitud ja hooldatud. Kiire kohaletoimetamine Tallinnas ja \u00fcle Eesti.\" \/>\n<meta name=\"robots\" content=\"index, follow, max-snippet:-1, max-image-preview:large, max-video-preview:-1\" \/>\n<link rel=\"canonical\" href=\"https:\/\/ss20.ee\/en\/shop\/apple-mini-displayport-to-vga-adapter\/\" \/>\n<meta property=\"og:locale\" content=\"en_US\" \/>\n<meta property=\"og:type\" content=\"article\" \/>\n<meta property=\"og:title\" content=\"Apple Mini DisplayPort to VGA Adapter\" \/>\n<meta property=\"og:description\" content=\"Apple Mini DisplayPort to VGA Adapter \u2013 kvaliteetne ja t\u00f6\u00f6kindel valik. Kontrollitud ja hooldatud. Kiire kohaletoimetamine Tallinnas ja \u00fcle Eesti.\" \/>\n<meta property=\"og:url\" content=\"https:\/\/ss20.ee\/en\/shop\/apple-mini-displayport-to-vga-adapter\/\" \/>\n<meta property=\"og:site_name\" content=\"SPETS SERVICE\" \/>\n<meta property=\"article:publisher\" content=\"https:\/\/www.facebook.com\/applearvutid\" \/>\n<meta property=\"article:modified_time\" content=\"2023-02-10T13:40:55+00:00\" \/>\n<meta property=\"og:image\" content=\"https:\/\/ss20.ee\/wp-content\/uploads\/2022\/03\/936c49cc94deba8010cd7d81ebf4744e.jpg\" \/>\n\t<meta property=\"og:image:width\" content=\"796\" \/>\n\t<meta property=\"og:image:height\" content=\"796\" \/>\n\t<meta property=\"og:image:type\" content=\"image\/jpeg\" \/>\n<meta name=\"twitter:card\" content=\"summary_large_image\" \/>\n<meta name=\"twitter:label1\" content=\"Est. reading time\" \/>\n\t<meta name=\"twitter:data1\" content=\"1 minute\" \/>\n<script type=\"application\/ld+json\" class=\"yoast-schema-graph\">{\"@context\":\"https:\/\/schema.org\",\"@graph\":[{\"@type\":\"WebPage\",\"@id\":\"https:\/\/ss20.ee\/en\/shop\/apple-mini-displayport-to-vga-adapter\/\",\"url\":\"https:\/\/ss20.ee\/en\/shop\/apple-mini-displayport-to-vga-adapter\/\",\"name\":\"Apple Mini DisplayPort to VGA Adapter - SPETS SERVICE\",\"isPartOf\":{\"@id\":\"https:\/\/ss20.ee\/en\/#website\"},\"primaryImageOfPage\":{\"@id\":\"https:\/\/ss20.ee\/en\/shop\/apple-mini-displayport-to-vga-adapter\/#primaryimage\"},\"image\":{\"@id\":\"https:\/\/ss20.ee\/en\/shop\/apple-mini-displayport-to-vga-adapter\/#primaryimage\"},\"thumbnailUrl\":\"https:\/\/ss20.ee\/wp-content\/uploads\/2022\/03\/936c49cc94deba8010cd7d81ebf4744e.jpg\",\"datePublished\":\"2022-03-08T12:33:09+00:00\",\"dateModified\":\"2023-02-10T13:40:55+00:00\",\"description\":\"Apple Mini DisplayPort to VGA Adapter \u2013 kvaliteetne ja t\u00f6\u00f6kindel valik. Kontrollitud ja hooldatud. Kiire kohaletoimetamine Tallinnas ja \u00fcle Eesti.\",\"breadcrumb\":{\"@id\":\"https:\/\/ss20.ee\/en\/shop\/apple-mini-displayport-to-vga-adapter\/#breadcrumb\"},\"inLanguage\":\"en-US\",\"potentialAction\":[{\"@type\":\"ReadAction\",\"target\":[\"https:\/\/ss20.ee\/en\/shop\/apple-mini-displayport-to-vga-adapter\/\"]}]},{\"@type\":\"ImageObject\",\"inLanguage\":\"en-US\",\"@id\":\"https:\/\/ss20.ee\/en\/shop\/apple-mini-displayport-to-vga-adapter\/#primaryimage\",\"url\":\"https:\/\/ss20.ee\/wp-content\/uploads\/2022\/03\/936c49cc94deba8010cd7d81ebf4744e.jpg\",\"contentUrl\":\"https:\/\/ss20.ee\/wp-content\/uploads\/2022\/03\/936c49cc94deba8010cd7d81ebf4744e.jpg\",\"width\":796,\"height\":796},{\"@type\":\"BreadcrumbList\",\"@id\":\"https:\/\/ss20.ee\/en\/shop\/apple-mini-displayport-to-vga-adapter\/#breadcrumb\",\"itemListElement\":[{\"@type\":\"ListItem\",\"position\":1,\"name\":\"Home\",\"item\":\"https:\/\/ss20.ee\/en\/\"},{\"@type\":\"ListItem\",\"position\":2,\"name\":\"All Products\",\"item\":\"https:\/\/ss20.ee\/en\/shop\/\"},{\"@type\":\"ListItem\",\"position\":3,\"name\":\"Apple Mini DisplayPort to VGA Adapter\"}]},{\"@type\":\"WebSite\",\"@id\":\"https:\/\/ss20.ee\/en\/#website\",\"url\":\"https:\/\/ss20.ee\/en\/\",\"name\":\"Spets Service\",\"description\":\"ARVUTITE M\u00dc\u00dcK JA REMONT\",\"publisher\":{\"@id\":\"https:\/\/ss20.ee\/en\/#organization\"},\"potentialAction\":[{\"@type\":\"SearchAction\",\"target\":{\"@type\":\"EntryPoint\",\"urlTemplate\":\"https:\/\/ss20.ee\/en\/?s={search_term_string}\"},\"query-input\":{\"@type\":\"PropertyValueSpecification\",\"valueRequired\":true,\"valueName\":\"search_term_string\"}}],\"inLanguage\":\"en-US\"},{\"@type\":\"Organization\",\"@id\":\"https:\/\/ss20.ee\/en\/#organization\",\"name\":\"Spets Service\",\"alternateName\":\"Spets Service\",\"url\":\"https:\/\/ss20.ee\/en\/\",\"logo\":{\"@type\":\"ImageObject\",\"inLanguage\":\"en-US\",\"@id\":\"https:\/\/ss20.ee\/en\/#\/schema\/logo\/image\/\",\"url\":\"https:\/\/ss20.ee\/wp-content\/uploads\/2024\/11\/Untitled-design-9.png\",\"contentUrl\":\"https:\/\/ss20.ee\/wp-content\/uploads\/2024\/11\/Untitled-design-9.png\",\"width\":1772,\"height\":354,\"caption\":\"Spets Service\"},\"image\":{\"@id\":\"https:\/\/ss20.ee\/en\/#\/schema\/logo\/image\/\"},\"sameAs\":[\"https:\/\/www.facebook.com\/applearvutid\",\"https:\/\/www.instagram.com\/ss20_apple_arvutid\/\"]}]}<\/script>\n<!-- \/ Yoast SEO Premium plugin. -->","yoast_head_json":{"title":"Apple Mini DisplayPort to VGA Adapter - SPETS SERVICE","description":"Apple Mini DisplayPort to VGA Adapter \u2013 kvaliteetne ja t\u00f6\u00f6kindel valik. Kontrollitud ja hooldatud. Kiire kohaletoimetamine Tallinnas ja \u00fcle Eesti.","robots":{"index":"index","follow":"follow","max-snippet":"max-snippet:-1","max-image-preview":"max-image-preview:large","max-video-preview":"max-video-preview:-1"},"canonical":"https:\/\/ss20.ee\/en\/shop\/apple-mini-displayport-to-vga-adapter\/","og_locale":"en_US","og_type":"article","og_title":"Apple Mini DisplayPort to VGA Adapter","og_description":"Apple Mini DisplayPort to VGA Adapter \u2013 kvaliteetne ja t\u00f6\u00f6kindel valik. Kontrollitud ja hooldatud. Kiire kohaletoimetamine Tallinnas ja \u00fcle Eesti.","og_url":"https:\/\/ss20.ee\/en\/shop\/apple-mini-displayport-to-vga-adapter\/","og_site_name":"SPETS SERVICE","article_publisher":"https:\/\/www.facebook.com\/applearvutid","article_modified_time":"2023-02-10T13:40:55+00:00","og_image":[{"width":796,"height":796,"url":"https:\/\/ss20.ee\/wp-content\/uploads\/2022\/03\/936c49cc94deba8010cd7d81ebf4744e.jpg","type":"image\/jpeg"}],"twitter_card":"summary_large_image","twitter_misc":{"Est. reading time":"1 minute"},"schema":{"@context":"https:\/\/schema.org","@graph":[{"@type":"WebPage","@id":"https:\/\/ss20.ee\/en\/shop\/apple-mini-displayport-to-vga-adapter\/","url":"https:\/\/ss20.ee\/en\/shop\/apple-mini-displayport-to-vga-adapter\/","name":"Apple Mini DisplayPort to VGA Adapter - SPETS SERVICE","isPartOf":{"@id":"https:\/\/ss20.ee\/en\/#website"},"primaryImageOfPage":{"@id":"https:\/\/ss20.ee\/en\/shop\/apple-mini-displayport-to-vga-adapter\/#primaryimage"},"image":{"@id":"https:\/\/ss20.ee\/en\/shop\/apple-mini-displayport-to-vga-adapter\/#primaryimage"},"thumbnailUrl":"https:\/\/ss20.ee\/wp-content\/uploads\/2022\/03\/936c49cc94deba8010cd7d81ebf4744e.jpg","datePublished":"2022-03-08T12:33:09+00:00","dateModified":"2023-02-10T13:40:55+00:00","description":"Apple Mini DisplayPort to VGA Adapter \u2013 kvaliteetne ja t\u00f6\u00f6kindel valik. Kontrollitud ja hooldatud. Kiire kohaletoimetamine Tallinnas ja \u00fcle Eesti.","breadcrumb":{"@id":"https:\/\/ss20.ee\/en\/shop\/apple-mini-displayport-to-vga-adapter\/#breadcrumb"},"inLanguage":"en-US","potentialAction":[{"@type":"ReadAction","target":["https:\/\/ss20.ee\/en\/shop\/apple-mini-displayport-to-vga-adapter\/"]}]},{"@type":"ImageObject","inLanguage":"en-US","@id":"https:\/\/ss20.ee\/en\/shop\/apple-mini-displayport-to-vga-adapter\/#primaryimage","url":"https:\/\/ss20.ee\/wp-content\/uploads\/2022\/03\/936c49cc94deba8010cd7d81ebf4744e.jpg","contentUrl":"https:\/\/ss20.ee\/wp-content\/uploads\/2022\/03\/936c49cc94deba8010cd7d81ebf4744e.jpg","width":796,"height":796},{"@type":"BreadcrumbList","@id":"https:\/\/ss20.ee\/en\/shop\/apple-mini-displayport-to-vga-adapter\/#breadcrumb","itemListElement":[{"@type":"ListItem","position":1,"name":"Home","item":"https:\/\/ss20.ee\/en\/"},{"@type":"ListItem","position":2,"name":"All Products","item":"https:\/\/ss20.ee\/en\/shop\/"},{"@type":"ListItem","position":3,"name":"Apple Mini DisplayPort to VGA Adapter"}]},{"@type":"WebSite","@id":"https:\/\/ss20.ee\/en\/#website","url":"https:\/\/ss20.ee\/en\/","name":"Spets Service","description":"ARVUTITE M\u00dc\u00dcK JA REMONT","publisher":{"@id":"https:\/\/ss20.ee\/en\/#organization"},"potentialAction":[{"@type":"SearchAction","target":{"@type":"EntryPoint","urlTemplate":"https:\/\/ss20.ee\/en\/?s={search_term_string}"},"query-input":{"@type":"PropertyValueSpecification","valueRequired":true,"valueName":"search_term_string"}}],"inLanguage":"en-US"},{"@type":"Organization","@id":"https:\/\/ss20.ee\/en\/#organization","name":"Spets Service","alternateName":"Spets Service","url":"https:\/\/ss20.ee\/en\/","logo":{"@type":"ImageObject","inLanguage":"en-US","@id":"https:\/\/ss20.ee\/en\/#\/schema\/logo\/image\/","url":"https:\/\/ss20.ee\/wp-content\/uploads\/2024\/11\/Untitled-design-9.png","contentUrl":"https:\/\/ss20.ee\/wp-content\/uploads\/2024\/11\/Untitled-design-9.png","width":1772,"height":354,"caption":"Spets Service"},"image":{"@id":"https:\/\/ss20.ee\/en\/#\/schema\/logo\/image\/"},"sameAs":["https:\/\/www.facebook.com\/applearvutid","https:\/\/www.instagram.com\/ss20_apple_arvutid\/"]}]}},"_links":{"self":[{"href":"https:\/\/ss20.ee\/en\/wp-json\/wp\/v2\/product\/24332","targetHints":{"allow":["GET"]}}],"collection":[{"href":"https:\/\/ss20.ee\/en\/wp-json\/wp\/v2\/product"}],"about":[{"href":"https:\/\/ss20.ee\/en\/wp-json\/wp\/v2\/types\/product"}],"wp:featuredmedia":[{"embeddable":true,"href":"https:\/\/ss20.ee\/en\/wp-json\/wp\/v2\/media\/24330"}],"wp:attachment":[{"href":"https:\/\/ss20.ee\/en\/wp-json\/wp\/v2\/media?parent=24332"}],"wp:term":[{"taxonomy":"product_brand","embeddable":true,"href":"https:\/\/ss20.ee\/en\/wp-json\/wp\/v2\/product_brand?post=24332"},{"taxonomy":"product_cat","embeddable":true,"href":"https:\/\/ss20.ee\/en\/wp-json\/wp\/v2\/product_cat?post=24332"},{"taxonomy":"product_tag","embeddable":true,"href":"https:\/\/ss20.ee\/en\/wp-json\/wp\/v2\/product_tag?post=24332"}],"curies":[{"name":"wp","href":"https:\/\/api.w.org\/{rel}","templated":true}]}}