{"id":25383,"date":"2023-02-16T13:08:37","date_gmt":"2023-02-16T13:08:37","guid":{"rendered":"https:\/\/ss20.ee\/?post_type=product&#038;p=25383"},"modified":"2023-02-16T13:23:21","modified_gmt":"2023-02-16T13:23:21","slug":"apple-airtag-leather-loop","status":"publish","type":"product","link":"https:\/\/ss20.ee\/en\/shop\/apple-airtag-leather-loop\/","title":{"rendered":"Apple AirTag Leather Loop"},"content":{"rendered":"<p>Original<\/p>\n<p>Specially tanned European leather adds an extra touch of elegance to this versatile loop. It stays firmly attached while securing your AirTag tightly in place, so you always know where your items are.<\/p>\n<p>In the box<\/p>\n","protected":false},"excerpt":{"rendered":"<p>Original Specially tanned European leather adds an extra touch of elegance to this versatile loop. It stays firmly attached while securing your AirTag tightly in place, so you always know where your items are. In the box<\/p>\n","protected":false},"featured_media":25392,"template":"","meta":[],"product_brand":[],"product_cat":[797,295],"product_tag":[],"class_list":{"0":"post-25383","1":"product","2":"type-product","3":"status-publish","4":"has-post-thumbnail","6":"product_cat-cables-and-adapters","7":"product_cat-components","9":"first","10":"instock","11":"sale","12":"taxable","13":"shipping-taxable","14":"purchasable","15":"product-type-variable"},"yoast_head":"<!-- This site is optimized with the Yoast SEO Premium plugin v25.2 (Yoast SEO v26.4) - https:\/\/yoast.com\/wordpress\/plugins\/seo\/ -->\n<title>Apple AirTag Leather Loop - SPETS SERVICE<\/title>\n<meta name=\"description\" content=\"Specially tanned European leather adds an extra touch of elegance to this versatile loop. It stays firmly attached while securing your AirTag tightly in place, so you always know where your items are.\" \/>\n<meta name=\"robots\" content=\"index, follow, max-snippet:-1, max-image-preview:large, max-video-preview:-1\" \/>\n<link rel=\"canonical\" href=\"https:\/\/ss20.ee\/en\/shop\/apple-airtag-leather-loop\/\" \/>\n<meta property=\"og:locale\" content=\"en_US\" \/>\n<meta property=\"og:type\" content=\"article\" \/>\n<meta property=\"og:title\" content=\"Apple AirTag Leather Loop\" \/>\n<meta property=\"og:description\" content=\"Apple AirTag Leather Loop \u2013 kvaliteetne ja t\u00f6\u00f6kindel valik. Kontrollitud ja hooldatud. Kiire kohaletoimetamine Tallinnas ja \u00fcle Eesti.\" \/>\n<meta property=\"og:url\" content=\"https:\/\/ss20.ee\/en\/shop\/apple-airtag-leather-loop\/\" \/>\n<meta property=\"og:site_name\" content=\"SPETS SERVICE\" \/>\n<meta property=\"article:publisher\" content=\"https:\/\/www.facebook.com\/applearvutid\" \/>\n<meta property=\"article:modified_time\" content=\"2023-02-16T13:23:21+00:00\" \/>\n<meta property=\"og:image\" content=\"https:\/\/ss20.ee\/wp-content\/uploads\/2023\/02\/apple-airtag-loop.jpg\" \/>\n\t<meta property=\"og:image:width\" content=\"800\" \/>\n\t<meta property=\"og:image:height\" content=\"800\" \/>\n\t<meta property=\"og:image:type\" content=\"image\/jpeg\" \/>\n<meta name=\"twitter:card\" content=\"summary_large_image\" \/>\n<meta name=\"twitter:label1\" content=\"Est. reading time\" \/>\n\t<meta name=\"twitter:data1\" content=\"1 minute\" \/>\n<script type=\"application\/ld+json\" class=\"yoast-schema-graph\">{\"@context\":\"https:\/\/schema.org\",\"@graph\":[{\"@type\":\"WebPage\",\"@id\":\"https:\/\/ss20.ee\/en\/shop\/apple-airtag-leather-loop\/\",\"url\":\"https:\/\/ss20.ee\/en\/shop\/apple-airtag-leather-loop\/\",\"name\":\"Apple AirTag Leather Loop - SPETS SERVICE\",\"isPartOf\":{\"@id\":\"https:\/\/ss20.ee\/en\/#website\"},\"primaryImageOfPage\":{\"@id\":\"https:\/\/ss20.ee\/en\/shop\/apple-airtag-leather-loop\/#primaryimage\"},\"image\":{\"@id\":\"https:\/\/ss20.ee\/en\/shop\/apple-airtag-leather-loop\/#primaryimage\"},\"thumbnailUrl\":\"https:\/\/ss20.ee\/wp-content\/uploads\/2023\/02\/apple-airtag-loop.jpg\",\"datePublished\":\"2023-02-16T13:08:37+00:00\",\"dateModified\":\"2023-02-16T13:23:21+00:00\",\"description\":\"Specially tanned European leather adds an extra touch of elegance to this versatile loop. It stays firmly attached while securing your AirTag tightly in place, so you always know where your items are.\",\"breadcrumb\":{\"@id\":\"https:\/\/ss20.ee\/en\/shop\/apple-airtag-leather-loop\/#breadcrumb\"},\"inLanguage\":\"en-US\",\"potentialAction\":[{\"@type\":\"ReadAction\",\"target\":[\"https:\/\/ss20.ee\/en\/shop\/apple-airtag-leather-loop\/\"]}]},{\"@type\":\"ImageObject\",\"inLanguage\":\"en-US\",\"@id\":\"https:\/\/ss20.ee\/en\/shop\/apple-airtag-leather-loop\/#primaryimage\",\"url\":\"https:\/\/ss20.ee\/wp-content\/uploads\/2023\/02\/apple-airtag-loop.jpg\",\"contentUrl\":\"https:\/\/ss20.ee\/wp-content\/uploads\/2023\/02\/apple-airtag-loop.jpg\",\"width\":800,\"height\":800},{\"@type\":\"BreadcrumbList\",\"@id\":\"https:\/\/ss20.ee\/en\/shop\/apple-airtag-leather-loop\/#breadcrumb\",\"itemListElement\":[{\"@type\":\"ListItem\",\"position\":1,\"name\":\"Home\",\"item\":\"https:\/\/ss20.ee\/en\/\"},{\"@type\":\"ListItem\",\"position\":2,\"name\":\"All Products\",\"item\":\"https:\/\/ss20.ee\/en\/shop\/\"},{\"@type\":\"ListItem\",\"position\":3,\"name\":\"Apple AirTag Leather Loop\"}]},{\"@type\":\"WebSite\",\"@id\":\"https:\/\/ss20.ee\/en\/#website\",\"url\":\"https:\/\/ss20.ee\/en\/\",\"name\":\"Spets Service\",\"description\":\"ARVUTITE M\u00dc\u00dcK JA REMONT\",\"publisher\":{\"@id\":\"https:\/\/ss20.ee\/en\/#organization\"},\"potentialAction\":[{\"@type\":\"SearchAction\",\"target\":{\"@type\":\"EntryPoint\",\"urlTemplate\":\"https:\/\/ss20.ee\/en\/?s={search_term_string}\"},\"query-input\":{\"@type\":\"PropertyValueSpecification\",\"valueRequired\":true,\"valueName\":\"search_term_string\"}}],\"inLanguage\":\"en-US\"},{\"@type\":\"Organization\",\"@id\":\"https:\/\/ss20.ee\/en\/#organization\",\"name\":\"Spets Service\",\"alternateName\":\"Spets Service\",\"url\":\"https:\/\/ss20.ee\/en\/\",\"logo\":{\"@type\":\"ImageObject\",\"inLanguage\":\"en-US\",\"@id\":\"https:\/\/ss20.ee\/en\/#\/schema\/logo\/image\/\",\"url\":\"https:\/\/ss20.ee\/wp-content\/uploads\/2024\/11\/Untitled-design-9.png\",\"contentUrl\":\"https:\/\/ss20.ee\/wp-content\/uploads\/2024\/11\/Untitled-design-9.png\",\"width\":1772,\"height\":354,\"caption\":\"Spets Service\"},\"image\":{\"@id\":\"https:\/\/ss20.ee\/en\/#\/schema\/logo\/image\/\"},\"sameAs\":[\"https:\/\/www.facebook.com\/applearvutid\",\"https:\/\/www.instagram.com\/ss20_apple_arvutid\/\"]}]}<\/script>\n<!-- \/ Yoast SEO Premium plugin. -->","yoast_head_json":{"title":"Apple AirTag Leather Loop - SPETS SERVICE","description":"Specially tanned European leather adds an extra touch of elegance to this versatile loop. It stays firmly attached while securing your AirTag tightly in place, so you always know where your items are.","robots":{"index":"index","follow":"follow","max-snippet":"max-snippet:-1","max-image-preview":"max-image-preview:large","max-video-preview":"max-video-preview:-1"},"canonical":"https:\/\/ss20.ee\/en\/shop\/apple-airtag-leather-loop\/","og_locale":"en_US","og_type":"article","og_title":"Apple AirTag Leather Loop","og_description":"Apple AirTag Leather Loop \u2013 kvaliteetne ja t\u00f6\u00f6kindel valik. Kontrollitud ja hooldatud. Kiire kohaletoimetamine Tallinnas ja \u00fcle Eesti.","og_url":"https:\/\/ss20.ee\/en\/shop\/apple-airtag-leather-loop\/","og_site_name":"SPETS SERVICE","article_publisher":"https:\/\/www.facebook.com\/applearvutid","article_modified_time":"2023-02-16T13:23:21+00:00","og_image":[{"width":800,"height":800,"url":"https:\/\/ss20.ee\/wp-content\/uploads\/2023\/02\/apple-airtag-loop.jpg","type":"image\/jpeg"}],"twitter_card":"summary_large_image","twitter_misc":{"Est. reading time":"1 minute"},"schema":{"@context":"https:\/\/schema.org","@graph":[{"@type":"WebPage","@id":"https:\/\/ss20.ee\/en\/shop\/apple-airtag-leather-loop\/","url":"https:\/\/ss20.ee\/en\/shop\/apple-airtag-leather-loop\/","name":"Apple AirTag Leather Loop - SPETS SERVICE","isPartOf":{"@id":"https:\/\/ss20.ee\/en\/#website"},"primaryImageOfPage":{"@id":"https:\/\/ss20.ee\/en\/shop\/apple-airtag-leather-loop\/#primaryimage"},"image":{"@id":"https:\/\/ss20.ee\/en\/shop\/apple-airtag-leather-loop\/#primaryimage"},"thumbnailUrl":"https:\/\/ss20.ee\/wp-content\/uploads\/2023\/02\/apple-airtag-loop.jpg","datePublished":"2023-02-16T13:08:37+00:00","dateModified":"2023-02-16T13:23:21+00:00","description":"Specially tanned European leather adds an extra touch of elegance to this versatile loop. It stays firmly attached while securing your AirTag tightly in place, so you always know where your items are.","breadcrumb":{"@id":"https:\/\/ss20.ee\/en\/shop\/apple-airtag-leather-loop\/#breadcrumb"},"inLanguage":"en-US","potentialAction":[{"@type":"ReadAction","target":["https:\/\/ss20.ee\/en\/shop\/apple-airtag-leather-loop\/"]}]},{"@type":"ImageObject","inLanguage":"en-US","@id":"https:\/\/ss20.ee\/en\/shop\/apple-airtag-leather-loop\/#primaryimage","url":"https:\/\/ss20.ee\/wp-content\/uploads\/2023\/02\/apple-airtag-loop.jpg","contentUrl":"https:\/\/ss20.ee\/wp-content\/uploads\/2023\/02\/apple-airtag-loop.jpg","width":800,"height":800},{"@type":"BreadcrumbList","@id":"https:\/\/ss20.ee\/en\/shop\/apple-airtag-leather-loop\/#breadcrumb","itemListElement":[{"@type":"ListItem","position":1,"name":"Home","item":"https:\/\/ss20.ee\/en\/"},{"@type":"ListItem","position":2,"name":"All Products","item":"https:\/\/ss20.ee\/en\/shop\/"},{"@type":"ListItem","position":3,"name":"Apple AirTag Leather Loop"}]},{"@type":"WebSite","@id":"https:\/\/ss20.ee\/en\/#website","url":"https:\/\/ss20.ee\/en\/","name":"Spets Service","description":"ARVUTITE M\u00dc\u00dcK JA REMONT","publisher":{"@id":"https:\/\/ss20.ee\/en\/#organization"},"potentialAction":[{"@type":"SearchAction","target":{"@type":"EntryPoint","urlTemplate":"https:\/\/ss20.ee\/en\/?s={search_term_string}"},"query-input":{"@type":"PropertyValueSpecification","valueRequired":true,"valueName":"search_term_string"}}],"inLanguage":"en-US"},{"@type":"Organization","@id":"https:\/\/ss20.ee\/en\/#organization","name":"Spets Service","alternateName":"Spets Service","url":"https:\/\/ss20.ee\/en\/","logo":{"@type":"ImageObject","inLanguage":"en-US","@id":"https:\/\/ss20.ee\/en\/#\/schema\/logo\/image\/","url":"https:\/\/ss20.ee\/wp-content\/uploads\/2024\/11\/Untitled-design-9.png","contentUrl":"https:\/\/ss20.ee\/wp-content\/uploads\/2024\/11\/Untitled-design-9.png","width":1772,"height":354,"caption":"Spets Service"},"image":{"@id":"https:\/\/ss20.ee\/en\/#\/schema\/logo\/image\/"},"sameAs":["https:\/\/www.facebook.com\/applearvutid","https:\/\/www.instagram.com\/ss20_apple_arvutid\/"]}]}},"_links":{"self":[{"href":"https:\/\/ss20.ee\/en\/wp-json\/wp\/v2\/product\/25383","targetHints":{"allow":["GET"]}}],"collection":[{"href":"https:\/\/ss20.ee\/en\/wp-json\/wp\/v2\/product"}],"about":[{"href":"https:\/\/ss20.ee\/en\/wp-json\/wp\/v2\/types\/product"}],"wp:featuredmedia":[{"embeddable":true,"href":"https:\/\/ss20.ee\/en\/wp-json\/wp\/v2\/media\/25392"}],"wp:attachment":[{"href":"https:\/\/ss20.ee\/en\/wp-json\/wp\/v2\/media?parent=25383"}],"wp:term":[{"taxonomy":"product_brand","embeddable":true,"href":"https:\/\/ss20.ee\/en\/wp-json\/wp\/v2\/product_brand?post=25383"},{"taxonomy":"product_cat","embeddable":true,"href":"https:\/\/ss20.ee\/en\/wp-json\/wp\/v2\/product_cat?post=25383"},{"taxonomy":"product_tag","embeddable":true,"href":"https:\/\/ss20.ee\/en\/wp-json\/wp\/v2\/product_tag?post=25383"}],"curies":[{"name":"wp","href":"https:\/\/api.w.org\/{rel}","templated":true}]}}