{"id":29049,"date":"2024-10-15T13:58:33","date_gmt":"2024-10-15T13:58:33","guid":{"rendered":"https:\/\/ss20.ee\/?post_type=product&#038;p=29049"},"modified":"2024-10-15T14:03:04","modified_gmt":"2024-10-15T14:03:04","slug":"imac-21-5-25","status":"publish","type":"product","link":"https:\/\/ss20.ee\/en\/shop\/imac-21-5-25\/","title":{"rendered":"IMAC 21.5\u2033 macOS Monterey \u2013 Core i5\/8GB\/240GB SSD"},"content":{"rendered":"<p><strong>Name: <\/strong>IMAC 21.5\u2033<br \/>\n<strong><span class=\"tlid-translation translation\" lang=\"en\"><span class=\"\" title=\"\">Operating system<\/span><\/span>:<\/strong> MacOS Monterey 12.7.6<br \/>\n<strong>Hard drive:<\/strong> 240 GB SSD<br \/>\n<strong><span class=\"tlid-translation translation\" lang=\"et\"><span class=\"\" title=\"\">Processor:<\/span><\/span><\/strong> 2,7 GHz Quad-Core Intel Core i5<br \/>\n<strong>Screen<span class=\"tlid-translation translation\" lang=\"et\"><span class=\"\" title=\"\">:<\/span><\/span> <\/strong>21.5\u2033<br \/>\n<strong><span class=\"tlid-translation translation\" lang=\"en\"><span class=\"\" title=\"\">Memory<\/span><\/span><span class=\"tlid-translation translation\" lang=\"et\"><span class=\"\" title=\"\">:<\/span><\/span><\/strong> 8GB<br \/>\n<strong>Charger:<\/strong> Power cable<br \/>\n<strong>Condition:\u00a0<\/strong><span id=\"cch_f31a7418af7e9e\" class=\"_mh6 _wsc\"><span class=\"_3oh- _58nk\"> <span class=\"tlid-translation translation\" lang=\"en\"><span class=\"\" title=\"\">The computer case shows little trace of usage.\u00a0<\/span><\/span><\/span><\/span><\/p>\n","protected":false},"excerpt":{"rendered":"<p>Name: IMAC 21.5\u2033 Operating system: MacOS Monterey 12.7.6 Hard drive: 240 GB SSD Processor: 2,7 GHz Quad-Core Intel Core i5 Screen: 21.5\u2033 Memory: 8GB Charger: Power cable Condition:\u00a0 The computer case shows little trace of usage.\u00a0<\/p>\n","protected":false},"featured_media":29056,"template":"","meta":[],"product_brand":[],"product_cat":[657,284,778],"product_tag":[587],"class_list":{"0":"post-29049","1":"product","2":"type-product","3":"status-publish","4":"has-post-thumbnail","6":"product_cat-desktops","7":"product_cat-imac","8":"product_cat-outlet","9":"product_tag-imac-en","11":"first","12":"instock","13":"sale","14":"taxable","15":"shipping-taxable","16":"purchasable","17":"product-type-simple"},"yoast_head":"<!-- This site is optimized with the Yoast SEO Premium plugin v25.2 (Yoast SEO v26.4) - https:\/\/yoast.com\/wordpress\/plugins\/seo\/ -->\n<title>IMAC 21.5\u2033 macOS Monterey \u2013 Core i5\/8GB\/240GB SSD - SPETS SERVICE<\/title>\n<meta name=\"description\" content=\"IMAC 21.5\u2033 macOS Monterey \u2013 Core i5\/8GB\/240GB SSD \u2013 kvaliteetne ja t\u00f6\u00f6kindel valik. Kontrollitud ja hooldatud. Kiire kohaletoimetamine Tallinnas ja \u00fcle Eesti.\" \/>\n<meta name=\"robots\" content=\"index, follow, max-snippet:-1, max-image-preview:large, max-video-preview:-1\" \/>\n<link rel=\"canonical\" href=\"https:\/\/ss20.ee\/en\/shop\/imac-21-5-25\/\" \/>\n<meta property=\"og:locale\" content=\"en_US\" \/>\n<meta property=\"og:type\" content=\"article\" \/>\n<meta property=\"og:title\" content=\"IMAC 21.5\u2033 macOS Monterey \u2013 Core i5\/8GB\/240GB SSD\" \/>\n<meta property=\"og:description\" content=\"IMAC 21.5\u2033 macOS Monterey \u2013 Core i5\/8GB\/240GB SSD \u2013 kvaliteetne ja t\u00f6\u00f6kindel valik. Kontrollitud ja hooldatud. Kiire kohaletoimetamine Tallinnas ja \u00fcle Eesti.\" \/>\n<meta property=\"og:url\" content=\"https:\/\/ss20.ee\/en\/shop\/imac-21-5-25\/\" \/>\n<meta property=\"og:site_name\" content=\"SPETS SERVICE\" \/>\n<meta property=\"article:publisher\" content=\"https:\/\/www.facebook.com\/applearvutid\" \/>\n<meta property=\"article:modified_time\" content=\"2024-10-15T14:03:04+00:00\" \/>\n<meta property=\"og:image\" content=\"https:\/\/ss20.ee\/wp-content\/uploads\/2024\/10\/IMG_6942.jpg\" \/>\n\t<meta property=\"og:image:width\" content=\"2400\" \/>\n\t<meta property=\"og:image:height\" content=\"2400\" \/>\n\t<meta property=\"og:image:type\" content=\"image\/jpeg\" \/>\n<meta name=\"twitter:card\" content=\"summary_large_image\" \/>\n<meta name=\"twitter:label1\" content=\"Est. reading time\" \/>\n\t<meta name=\"twitter:data1\" content=\"1 minute\" \/>\n<script type=\"application\/ld+json\" class=\"yoast-schema-graph\">{\"@context\":\"https:\/\/schema.org\",\"@graph\":[{\"@type\":\"WebPage\",\"@id\":\"https:\/\/ss20.ee\/en\/shop\/imac-21-5-25\/\",\"url\":\"https:\/\/ss20.ee\/en\/shop\/imac-21-5-25\/\",\"name\":\"IMAC 21.5\u2033 macOS Monterey \u2013 Core i5\/8GB\/240GB SSD - SPETS SERVICE\",\"isPartOf\":{\"@id\":\"https:\/\/ss20.ee\/en\/#website\"},\"primaryImageOfPage\":{\"@id\":\"https:\/\/ss20.ee\/en\/shop\/imac-21-5-25\/#primaryimage\"},\"image\":{\"@id\":\"https:\/\/ss20.ee\/en\/shop\/imac-21-5-25\/#primaryimage\"},\"thumbnailUrl\":\"https:\/\/ss20.ee\/wp-content\/uploads\/2024\/10\/IMG_6942.jpg\",\"datePublished\":\"2024-10-15T13:58:33+00:00\",\"dateModified\":\"2024-10-15T14:03:04+00:00\",\"description\":\"IMAC 21.5\u2033 macOS Monterey \u2013 Core i5\/8GB\/240GB SSD \u2013 kvaliteetne ja t\u00f6\u00f6kindel valik. Kontrollitud ja hooldatud. Kiire kohaletoimetamine Tallinnas ja \u00fcle Eesti.\",\"breadcrumb\":{\"@id\":\"https:\/\/ss20.ee\/en\/shop\/imac-21-5-25\/#breadcrumb\"},\"inLanguage\":\"en-US\",\"potentialAction\":[{\"@type\":\"ReadAction\",\"target\":[\"https:\/\/ss20.ee\/en\/shop\/imac-21-5-25\/\"]}]},{\"@type\":\"ImageObject\",\"inLanguage\":\"en-US\",\"@id\":\"https:\/\/ss20.ee\/en\/shop\/imac-21-5-25\/#primaryimage\",\"url\":\"https:\/\/ss20.ee\/wp-content\/uploads\/2024\/10\/IMG_6942.jpg\",\"contentUrl\":\"https:\/\/ss20.ee\/wp-content\/uploads\/2024\/10\/IMG_6942.jpg\",\"width\":2400,\"height\":2400},{\"@type\":\"BreadcrumbList\",\"@id\":\"https:\/\/ss20.ee\/en\/shop\/imac-21-5-25\/#breadcrumb\",\"itemListElement\":[{\"@type\":\"ListItem\",\"position\":1,\"name\":\"Home\",\"item\":\"https:\/\/ss20.ee\/en\/\"},{\"@type\":\"ListItem\",\"position\":2,\"name\":\"All Products\",\"item\":\"https:\/\/ss20.ee\/en\/shop\/\"},{\"@type\":\"ListItem\",\"position\":3,\"name\":\"IMAC 21.5\u2033 macOS Monterey \u2013 Core i5\/8GB\/240GB SSD\"}]},{\"@type\":\"WebSite\",\"@id\":\"https:\/\/ss20.ee\/en\/#website\",\"url\":\"https:\/\/ss20.ee\/en\/\",\"name\":\"Spets Service\",\"description\":\"ARVUTITE M\u00dc\u00dcK JA REMONT\",\"publisher\":{\"@id\":\"https:\/\/ss20.ee\/en\/#organization\"},\"potentialAction\":[{\"@type\":\"SearchAction\",\"target\":{\"@type\":\"EntryPoint\",\"urlTemplate\":\"https:\/\/ss20.ee\/en\/?s={search_term_string}\"},\"query-input\":{\"@type\":\"PropertyValueSpecification\",\"valueRequired\":true,\"valueName\":\"search_term_string\"}}],\"inLanguage\":\"en-US\"},{\"@type\":\"Organization\",\"@id\":\"https:\/\/ss20.ee\/en\/#organization\",\"name\":\"Spets Service\",\"alternateName\":\"Spets Service\",\"url\":\"https:\/\/ss20.ee\/en\/\",\"logo\":{\"@type\":\"ImageObject\",\"inLanguage\":\"en-US\",\"@id\":\"https:\/\/ss20.ee\/en\/#\/schema\/logo\/image\/\",\"url\":\"https:\/\/ss20.ee\/wp-content\/uploads\/2024\/11\/Untitled-design-9.png\",\"contentUrl\":\"https:\/\/ss20.ee\/wp-content\/uploads\/2024\/11\/Untitled-design-9.png\",\"width\":1772,\"height\":354,\"caption\":\"Spets Service\"},\"image\":{\"@id\":\"https:\/\/ss20.ee\/en\/#\/schema\/logo\/image\/\"},\"sameAs\":[\"https:\/\/www.facebook.com\/applearvutid\",\"https:\/\/www.instagram.com\/ss20_apple_arvutid\/\"]}]}<\/script>\n<!-- \/ Yoast SEO Premium plugin. -->","yoast_head_json":{"title":"IMAC 21.5\u2033 macOS Monterey \u2013 Core i5\/8GB\/240GB SSD - SPETS SERVICE","description":"IMAC 21.5\u2033 macOS Monterey \u2013 Core i5\/8GB\/240GB SSD \u2013 kvaliteetne ja t\u00f6\u00f6kindel valik. Kontrollitud ja hooldatud. Kiire kohaletoimetamine Tallinnas ja \u00fcle Eesti.","robots":{"index":"index","follow":"follow","max-snippet":"max-snippet:-1","max-image-preview":"max-image-preview:large","max-video-preview":"max-video-preview:-1"},"canonical":"https:\/\/ss20.ee\/en\/shop\/imac-21-5-25\/","og_locale":"en_US","og_type":"article","og_title":"IMAC 21.5\u2033 macOS Monterey \u2013 Core i5\/8GB\/240GB SSD","og_description":"IMAC 21.5\u2033 macOS Monterey \u2013 Core i5\/8GB\/240GB SSD \u2013 kvaliteetne ja t\u00f6\u00f6kindel valik. Kontrollitud ja hooldatud. Kiire kohaletoimetamine Tallinnas ja \u00fcle Eesti.","og_url":"https:\/\/ss20.ee\/en\/shop\/imac-21-5-25\/","og_site_name":"SPETS SERVICE","article_publisher":"https:\/\/www.facebook.com\/applearvutid","article_modified_time":"2024-10-15T14:03:04+00:00","og_image":[{"width":2400,"height":2400,"url":"https:\/\/ss20.ee\/wp-content\/uploads\/2024\/10\/IMG_6942.jpg","type":"image\/jpeg"}],"twitter_card":"summary_large_image","twitter_misc":{"Est. reading time":"1 minute"},"schema":{"@context":"https:\/\/schema.org","@graph":[{"@type":"WebPage","@id":"https:\/\/ss20.ee\/en\/shop\/imac-21-5-25\/","url":"https:\/\/ss20.ee\/en\/shop\/imac-21-5-25\/","name":"IMAC 21.5\u2033 macOS Monterey \u2013 Core i5\/8GB\/240GB SSD - SPETS SERVICE","isPartOf":{"@id":"https:\/\/ss20.ee\/en\/#website"},"primaryImageOfPage":{"@id":"https:\/\/ss20.ee\/en\/shop\/imac-21-5-25\/#primaryimage"},"image":{"@id":"https:\/\/ss20.ee\/en\/shop\/imac-21-5-25\/#primaryimage"},"thumbnailUrl":"https:\/\/ss20.ee\/wp-content\/uploads\/2024\/10\/IMG_6942.jpg","datePublished":"2024-10-15T13:58:33+00:00","dateModified":"2024-10-15T14:03:04+00:00","description":"IMAC 21.5\u2033 macOS Monterey \u2013 Core i5\/8GB\/240GB SSD \u2013 kvaliteetne ja t\u00f6\u00f6kindel valik. Kontrollitud ja hooldatud. Kiire kohaletoimetamine Tallinnas ja \u00fcle Eesti.","breadcrumb":{"@id":"https:\/\/ss20.ee\/en\/shop\/imac-21-5-25\/#breadcrumb"},"inLanguage":"en-US","potentialAction":[{"@type":"ReadAction","target":["https:\/\/ss20.ee\/en\/shop\/imac-21-5-25\/"]}]},{"@type":"ImageObject","inLanguage":"en-US","@id":"https:\/\/ss20.ee\/en\/shop\/imac-21-5-25\/#primaryimage","url":"https:\/\/ss20.ee\/wp-content\/uploads\/2024\/10\/IMG_6942.jpg","contentUrl":"https:\/\/ss20.ee\/wp-content\/uploads\/2024\/10\/IMG_6942.jpg","width":2400,"height":2400},{"@type":"BreadcrumbList","@id":"https:\/\/ss20.ee\/en\/shop\/imac-21-5-25\/#breadcrumb","itemListElement":[{"@type":"ListItem","position":1,"name":"Home","item":"https:\/\/ss20.ee\/en\/"},{"@type":"ListItem","position":2,"name":"All Products","item":"https:\/\/ss20.ee\/en\/shop\/"},{"@type":"ListItem","position":3,"name":"IMAC 21.5\u2033 macOS Monterey \u2013 Core i5\/8GB\/240GB SSD"}]},{"@type":"WebSite","@id":"https:\/\/ss20.ee\/en\/#website","url":"https:\/\/ss20.ee\/en\/","name":"Spets Service","description":"ARVUTITE M\u00dc\u00dcK JA REMONT","publisher":{"@id":"https:\/\/ss20.ee\/en\/#organization"},"potentialAction":[{"@type":"SearchAction","target":{"@type":"EntryPoint","urlTemplate":"https:\/\/ss20.ee\/en\/?s={search_term_string}"},"query-input":{"@type":"PropertyValueSpecification","valueRequired":true,"valueName":"search_term_string"}}],"inLanguage":"en-US"},{"@type":"Organization","@id":"https:\/\/ss20.ee\/en\/#organization","name":"Spets Service","alternateName":"Spets Service","url":"https:\/\/ss20.ee\/en\/","logo":{"@type":"ImageObject","inLanguage":"en-US","@id":"https:\/\/ss20.ee\/en\/#\/schema\/logo\/image\/","url":"https:\/\/ss20.ee\/wp-content\/uploads\/2024\/11\/Untitled-design-9.png","contentUrl":"https:\/\/ss20.ee\/wp-content\/uploads\/2024\/11\/Untitled-design-9.png","width":1772,"height":354,"caption":"Spets Service"},"image":{"@id":"https:\/\/ss20.ee\/en\/#\/schema\/logo\/image\/"},"sameAs":["https:\/\/www.facebook.com\/applearvutid","https:\/\/www.instagram.com\/ss20_apple_arvutid\/"]}]}},"_links":{"self":[{"href":"https:\/\/ss20.ee\/en\/wp-json\/wp\/v2\/product\/29049","targetHints":{"allow":["GET"]}}],"collection":[{"href":"https:\/\/ss20.ee\/en\/wp-json\/wp\/v2\/product"}],"about":[{"href":"https:\/\/ss20.ee\/en\/wp-json\/wp\/v2\/types\/product"}],"wp:featuredmedia":[{"embeddable":true,"href":"https:\/\/ss20.ee\/en\/wp-json\/wp\/v2\/media\/29056"}],"wp:attachment":[{"href":"https:\/\/ss20.ee\/en\/wp-json\/wp\/v2\/media?parent=29049"}],"wp:term":[{"taxonomy":"product_brand","embeddable":true,"href":"https:\/\/ss20.ee\/en\/wp-json\/wp\/v2\/product_brand?post=29049"},{"taxonomy":"product_cat","embeddable":true,"href":"https:\/\/ss20.ee\/en\/wp-json\/wp\/v2\/product_cat?post=29049"},{"taxonomy":"product_tag","embeddable":true,"href":"https:\/\/ss20.ee\/en\/wp-json\/wp\/v2\/product_tag?post=29049"}],"curies":[{"name":"wp","href":"https:\/\/api.w.org\/{rel}","templated":true}]}}