{"id":29629,"date":"2024-11-28T14:55:19","date_gmt":"2024-11-28T14:55:19","guid":{"rendered":"https:\/\/ss20.ee\/shop\/manguarvuti-valor-air\/"},"modified":"2024-11-28T15:04:00","modified_gmt":"2024-11-28T15:04:00","slug":"manguarvuti-valor-air","status":"publish","type":"product","link":"https:\/\/ss20.ee\/en\/shop\/manguarvuti-valor-air\/","title":{"rendered":"Gaming Computer &#8220;Valor Air&#8221; RYZEN 5\/RX7600\/32GB"},"content":{"rendered":"<p>White gaming computer with which all games can be played (CS:GO, Rainbow Six, Minecraft, Roblox; GTA V, Fortnite, Genshin Impact) and the computer is also ready to run more demanding work programs. About the computer (All pieces are new):<\/p>\n<p><strong>Protsessor:<\/strong> AMD RYZEN 5 5600 3,5GHz<br \/>\n<strong>Motherboard:<\/strong> ASRock B450 PRO4<br \/>\n<strong>RAM:<\/strong> 32GB Lexar DDR4 3200MHZ<br \/>\n<strong>Videocard:<\/strong> Radeon RX 7600 8GB Vram<br \/>\n<strong>M.2 NVME:<\/strong> 1TB<br \/>\n<strong>SSD:<\/strong> 500GB<br \/>\n<strong>Case:<\/strong> XPG Valor Air<br \/>\n<strong>PSU:<\/strong> Gigabyte UD850GM Modular Powersupply<br \/>\n<strong>OP System:<\/strong> Windows 10 Pro<br \/>\n<strong>Warranty:<\/strong> 1 Year<\/p>\n","protected":false},"excerpt":{"rendered":"<p>White gaming computer with which all games can be played (CS:GO, Rainbow Six, Minecraft, Roblox; GTA V, Fortnite, Genshin Impact) and the computer is also ready to run more demanding work programs. About the computer (All pieces are new): Protsessor: AMD RYZEN 5 5600 3,5GHz Motherboard: ASRock B450 PRO4 RAM:&hellip; <\/p>\n","protected":false},"featured_media":29625,"template":"","meta":[],"product_brand":[],"product_cat":[909,657],"product_tag":[],"class_list":{"0":"post-29629","1":"product","2":"type-product","3":"status-publish","4":"has-post-thumbnail","6":"product_cat-gaming-computers","7":"product_cat-desktops","9":"first","10":"instock","11":"taxable","12":"shipping-taxable","13":"purchasable","14":"product-type-simple"},"yoast_head":"<!-- This site is optimized with the Yoast SEO Premium plugin v25.2 (Yoast SEO v26.4) - https:\/\/yoast.com\/wordpress\/plugins\/seo\/ -->\n<title>Gaming Computer &quot;Valor Air&quot; RYZEN 5\/RX7600\/32GB - SPETS SERVICE<\/title>\n<meta name=\"description\" content=\"Gaming Computer &quot;Valor Air&quot; RYZEN 5\/RX7600\/32GB \u2013 kvaliteetne ja t\u00f6\u00f6kindel valik. Kontrollitud ja hooldatud. Kiire kohaletoimetamine Tallinnas ja \u00fcle Eesti.\" \/>\n<meta name=\"robots\" content=\"index, follow, max-snippet:-1, max-image-preview:large, max-video-preview:-1\" \/>\n<link rel=\"canonical\" href=\"https:\/\/ss20.ee\/en\/shop\/manguarvuti-valor-air\/\" \/>\n<meta property=\"og:locale\" content=\"en_US\" \/>\n<meta property=\"og:type\" content=\"article\" \/>\n<meta property=\"og:title\" content=\"Gaming Computer &quot;Valor Air&quot; RYZEN 5\/RX7600\/32GB\" \/>\n<meta property=\"og:description\" content=\"Gaming Computer &quot;Valor Air&quot; RYZEN 5\/RX7600\/32GB \u2013 kvaliteetne ja t\u00f6\u00f6kindel valik. Kontrollitud ja hooldatud. Kiire kohaletoimetamine Tallinnas ja \u00fcle Eesti.\" \/>\n<meta property=\"og:url\" content=\"https:\/\/ss20.ee\/en\/shop\/manguarvuti-valor-air\/\" \/>\n<meta property=\"og:site_name\" content=\"SPETS SERVICE\" \/>\n<meta property=\"article:publisher\" content=\"https:\/\/www.facebook.com\/applearvutid\" \/>\n<meta property=\"article:modified_time\" content=\"2024-11-28T15:04:00+00:00\" \/>\n<meta property=\"og:image\" content=\"https:\/\/ss20.ee\/wp-content\/uploads\/2024\/11\/Photoroom_20241128_163600.jpg\" \/>\n\t<meta property=\"og:image:width\" content=\"960\" \/>\n\t<meta property=\"og:image:height\" content=\"1280\" \/>\n\t<meta property=\"og:image:type\" content=\"image\/jpeg\" \/>\n<meta name=\"twitter:card\" content=\"summary_large_image\" \/>\n<meta name=\"twitter:label1\" content=\"Est. reading time\" \/>\n\t<meta name=\"twitter:data1\" content=\"1 minute\" \/>\n<script type=\"application\/ld+json\" class=\"yoast-schema-graph\">{\"@context\":\"https:\/\/schema.org\",\"@graph\":[{\"@type\":\"WebPage\",\"@id\":\"https:\/\/ss20.ee\/en\/shop\/manguarvuti-valor-air\/\",\"url\":\"https:\/\/ss20.ee\/en\/shop\/manguarvuti-valor-air\/\",\"name\":\"Gaming Computer \\\"Valor Air\\\" RYZEN 5\/RX7600\/32GB - SPETS SERVICE\",\"isPartOf\":{\"@id\":\"https:\/\/ss20.ee\/en\/#website\"},\"primaryImageOfPage\":{\"@id\":\"https:\/\/ss20.ee\/en\/shop\/manguarvuti-valor-air\/#primaryimage\"},\"image\":{\"@id\":\"https:\/\/ss20.ee\/en\/shop\/manguarvuti-valor-air\/#primaryimage\"},\"thumbnailUrl\":\"https:\/\/ss20.ee\/wp-content\/uploads\/2024\/11\/Photoroom_20241128_163600.jpg\",\"datePublished\":\"2024-11-28T14:55:19+00:00\",\"dateModified\":\"2024-11-28T15:04:00+00:00\",\"description\":\"Gaming Computer \\\"Valor Air\\\" RYZEN 5\/RX7600\/32GB \u2013 kvaliteetne ja t\u00f6\u00f6kindel valik. Kontrollitud ja hooldatud. Kiire kohaletoimetamine Tallinnas ja \u00fcle Eesti.\",\"breadcrumb\":{\"@id\":\"https:\/\/ss20.ee\/en\/shop\/manguarvuti-valor-air\/#breadcrumb\"},\"inLanguage\":\"en-US\",\"potentialAction\":[{\"@type\":\"ReadAction\",\"target\":[\"https:\/\/ss20.ee\/en\/shop\/manguarvuti-valor-air\/\"]}]},{\"@type\":\"ImageObject\",\"inLanguage\":\"en-US\",\"@id\":\"https:\/\/ss20.ee\/en\/shop\/manguarvuti-valor-air\/#primaryimage\",\"url\":\"https:\/\/ss20.ee\/wp-content\/uploads\/2024\/11\/Photoroom_20241128_163600.jpg\",\"contentUrl\":\"https:\/\/ss20.ee\/wp-content\/uploads\/2024\/11\/Photoroom_20241128_163600.jpg\",\"width\":960,\"height\":1280},{\"@type\":\"BreadcrumbList\",\"@id\":\"https:\/\/ss20.ee\/en\/shop\/manguarvuti-valor-air\/#breadcrumb\",\"itemListElement\":[{\"@type\":\"ListItem\",\"position\":1,\"name\":\"Home\",\"item\":\"https:\/\/ss20.ee\/en\/\"},{\"@type\":\"ListItem\",\"position\":2,\"name\":\"All Products\",\"item\":\"https:\/\/ss20.ee\/en\/shop\/\"},{\"@type\":\"ListItem\",\"position\":3,\"name\":\"Gaming Computer &#8220;Valor Air&#8221; RYZEN 5\/RX7600\/32GB\"}]},{\"@type\":\"WebSite\",\"@id\":\"https:\/\/ss20.ee\/en\/#website\",\"url\":\"https:\/\/ss20.ee\/en\/\",\"name\":\"Spets Service\",\"description\":\"ARVUTITE M\u00dc\u00dcK JA REMONT\",\"publisher\":{\"@id\":\"https:\/\/ss20.ee\/en\/#organization\"},\"potentialAction\":[{\"@type\":\"SearchAction\",\"target\":{\"@type\":\"EntryPoint\",\"urlTemplate\":\"https:\/\/ss20.ee\/en\/?s={search_term_string}\"},\"query-input\":{\"@type\":\"PropertyValueSpecification\",\"valueRequired\":true,\"valueName\":\"search_term_string\"}}],\"inLanguage\":\"en-US\"},{\"@type\":\"Organization\",\"@id\":\"https:\/\/ss20.ee\/en\/#organization\",\"name\":\"Spets Service\",\"alternateName\":\"Spets Service\",\"url\":\"https:\/\/ss20.ee\/en\/\",\"logo\":{\"@type\":\"ImageObject\",\"inLanguage\":\"en-US\",\"@id\":\"https:\/\/ss20.ee\/en\/#\/schema\/logo\/image\/\",\"url\":\"https:\/\/ss20.ee\/wp-content\/uploads\/2024\/11\/Untitled-design-9.png\",\"contentUrl\":\"https:\/\/ss20.ee\/wp-content\/uploads\/2024\/11\/Untitled-design-9.png\",\"width\":1772,\"height\":354,\"caption\":\"Spets Service\"},\"image\":{\"@id\":\"https:\/\/ss20.ee\/en\/#\/schema\/logo\/image\/\"},\"sameAs\":[\"https:\/\/www.facebook.com\/applearvutid\",\"https:\/\/www.instagram.com\/ss20_apple_arvutid\/\"]}]}<\/script>\n<!-- \/ Yoast SEO Premium plugin. -->","yoast_head_json":{"title":"Gaming Computer \"Valor Air\" RYZEN 5\/RX7600\/32GB - SPETS SERVICE","description":"Gaming Computer \"Valor Air\" RYZEN 5\/RX7600\/32GB \u2013 kvaliteetne ja t\u00f6\u00f6kindel valik. Kontrollitud ja hooldatud. Kiire kohaletoimetamine Tallinnas ja \u00fcle Eesti.","robots":{"index":"index","follow":"follow","max-snippet":"max-snippet:-1","max-image-preview":"max-image-preview:large","max-video-preview":"max-video-preview:-1"},"canonical":"https:\/\/ss20.ee\/en\/shop\/manguarvuti-valor-air\/","og_locale":"en_US","og_type":"article","og_title":"Gaming Computer \"Valor Air\" RYZEN 5\/RX7600\/32GB","og_description":"Gaming Computer \"Valor Air\" RYZEN 5\/RX7600\/32GB \u2013 kvaliteetne ja t\u00f6\u00f6kindel valik. Kontrollitud ja hooldatud. Kiire kohaletoimetamine Tallinnas ja \u00fcle Eesti.","og_url":"https:\/\/ss20.ee\/en\/shop\/manguarvuti-valor-air\/","og_site_name":"SPETS SERVICE","article_publisher":"https:\/\/www.facebook.com\/applearvutid","article_modified_time":"2024-11-28T15:04:00+00:00","og_image":[{"width":960,"height":1280,"url":"https:\/\/ss20.ee\/wp-content\/uploads\/2024\/11\/Photoroom_20241128_163600.jpg","type":"image\/jpeg"}],"twitter_card":"summary_large_image","twitter_misc":{"Est. reading time":"1 minute"},"schema":{"@context":"https:\/\/schema.org","@graph":[{"@type":"WebPage","@id":"https:\/\/ss20.ee\/en\/shop\/manguarvuti-valor-air\/","url":"https:\/\/ss20.ee\/en\/shop\/manguarvuti-valor-air\/","name":"Gaming Computer \"Valor Air\" RYZEN 5\/RX7600\/32GB - SPETS SERVICE","isPartOf":{"@id":"https:\/\/ss20.ee\/en\/#website"},"primaryImageOfPage":{"@id":"https:\/\/ss20.ee\/en\/shop\/manguarvuti-valor-air\/#primaryimage"},"image":{"@id":"https:\/\/ss20.ee\/en\/shop\/manguarvuti-valor-air\/#primaryimage"},"thumbnailUrl":"https:\/\/ss20.ee\/wp-content\/uploads\/2024\/11\/Photoroom_20241128_163600.jpg","datePublished":"2024-11-28T14:55:19+00:00","dateModified":"2024-11-28T15:04:00+00:00","description":"Gaming Computer \"Valor Air\" RYZEN 5\/RX7600\/32GB \u2013 kvaliteetne ja t\u00f6\u00f6kindel valik. Kontrollitud ja hooldatud. Kiire kohaletoimetamine Tallinnas ja \u00fcle Eesti.","breadcrumb":{"@id":"https:\/\/ss20.ee\/en\/shop\/manguarvuti-valor-air\/#breadcrumb"},"inLanguage":"en-US","potentialAction":[{"@type":"ReadAction","target":["https:\/\/ss20.ee\/en\/shop\/manguarvuti-valor-air\/"]}]},{"@type":"ImageObject","inLanguage":"en-US","@id":"https:\/\/ss20.ee\/en\/shop\/manguarvuti-valor-air\/#primaryimage","url":"https:\/\/ss20.ee\/wp-content\/uploads\/2024\/11\/Photoroom_20241128_163600.jpg","contentUrl":"https:\/\/ss20.ee\/wp-content\/uploads\/2024\/11\/Photoroom_20241128_163600.jpg","width":960,"height":1280},{"@type":"BreadcrumbList","@id":"https:\/\/ss20.ee\/en\/shop\/manguarvuti-valor-air\/#breadcrumb","itemListElement":[{"@type":"ListItem","position":1,"name":"Home","item":"https:\/\/ss20.ee\/en\/"},{"@type":"ListItem","position":2,"name":"All Products","item":"https:\/\/ss20.ee\/en\/shop\/"},{"@type":"ListItem","position":3,"name":"Gaming Computer &#8220;Valor Air&#8221; RYZEN 5\/RX7600\/32GB"}]},{"@type":"WebSite","@id":"https:\/\/ss20.ee\/en\/#website","url":"https:\/\/ss20.ee\/en\/","name":"Spets Service","description":"ARVUTITE M\u00dc\u00dcK JA REMONT","publisher":{"@id":"https:\/\/ss20.ee\/en\/#organization"},"potentialAction":[{"@type":"SearchAction","target":{"@type":"EntryPoint","urlTemplate":"https:\/\/ss20.ee\/en\/?s={search_term_string}"},"query-input":{"@type":"PropertyValueSpecification","valueRequired":true,"valueName":"search_term_string"}}],"inLanguage":"en-US"},{"@type":"Organization","@id":"https:\/\/ss20.ee\/en\/#organization","name":"Spets Service","alternateName":"Spets Service","url":"https:\/\/ss20.ee\/en\/","logo":{"@type":"ImageObject","inLanguage":"en-US","@id":"https:\/\/ss20.ee\/en\/#\/schema\/logo\/image\/","url":"https:\/\/ss20.ee\/wp-content\/uploads\/2024\/11\/Untitled-design-9.png","contentUrl":"https:\/\/ss20.ee\/wp-content\/uploads\/2024\/11\/Untitled-design-9.png","width":1772,"height":354,"caption":"Spets Service"},"image":{"@id":"https:\/\/ss20.ee\/en\/#\/schema\/logo\/image\/"},"sameAs":["https:\/\/www.facebook.com\/applearvutid","https:\/\/www.instagram.com\/ss20_apple_arvutid\/"]}]}},"_links":{"self":[{"href":"https:\/\/ss20.ee\/en\/wp-json\/wp\/v2\/product\/29629","targetHints":{"allow":["GET"]}}],"collection":[{"href":"https:\/\/ss20.ee\/en\/wp-json\/wp\/v2\/product"}],"about":[{"href":"https:\/\/ss20.ee\/en\/wp-json\/wp\/v2\/types\/product"}],"wp:featuredmedia":[{"embeddable":true,"href":"https:\/\/ss20.ee\/en\/wp-json\/wp\/v2\/media\/29625"}],"wp:attachment":[{"href":"https:\/\/ss20.ee\/en\/wp-json\/wp\/v2\/media?parent=29629"}],"wp:term":[{"taxonomy":"product_brand","embeddable":true,"href":"https:\/\/ss20.ee\/en\/wp-json\/wp\/v2\/product_brand?post=29629"},{"taxonomy":"product_cat","embeddable":true,"href":"https:\/\/ss20.ee\/en\/wp-json\/wp\/v2\/product_cat?post=29629"},{"taxonomy":"product_tag","embeddable":true,"href":"https:\/\/ss20.ee\/en\/wp-json\/wp\/v2\/product_tag?post=29629"}],"curies":[{"name":"wp","href":"https:\/\/api.w.org\/{rel}","templated":true}]}}