{"id":29638,"date":"2024-11-28T15:39:59","date_gmt":"2024-11-28T15:39:59","guid":{"rendered":"https:\/\/ss20.ee\/shop\/manguarvuti-fornax-i5-rx-580-16gb\/"},"modified":"2024-11-28T15:42:44","modified_gmt":"2024-11-28T15:42:44","slug":"manguarvuti-fornax-i5-rx-580-16gb","status":"publish","type":"product","link":"https:\/\/ss20.ee\/en\/shop\/manguarvuti-fornax-i5-rx-580-16gb\/","title":{"rendered":"Gaming Computer &#8220;ForNax&#8221; I5\/RX 580\/16GB"},"content":{"rendered":"<p>A gaming computer with which you can\u00a0 play (Solitare, CS:GO, Rainbow Six, GTA V, Fortnite, PUBG, Roblox, Genshin Impact, etc.) and work. About the computer:<\/p>\n<p><strong>Processor:<\/strong> Intel Core I5-10500T 2.3GHz<br \/>\n<strong>Motherboard<\/strong>: ASUS Prime H510M-K<br \/>\n<strong>RAM:<\/strong> 16GB<br \/>\n<strong>Video card:<\/strong> Radeon RX 580 8GB<br \/>\n<strong>M.2 NVME:<\/strong> 1TB<br \/>\n<strong>HDD<\/strong>: 1TB<br \/>\n<strong>Case:<\/strong> Gembir ForNax 1500RGB<br \/>\n<strong>PSU:<\/strong> Corsair CX650<br \/>\n<strong>OP System:<\/strong> Windows 10 Pro<br \/>\n<strong>Warranty:<\/strong> 1 YEAR<\/p>\n","protected":false},"excerpt":{"rendered":"<p>A gaming computer with which you can\u00a0 play (Solitare, CS:GO, Rainbow Six, GTA V, Fortnite, PUBG, Roblox, Genshin Impact, etc.) and work. About the computer: Processor: Intel Core I5-10500T 2.3GHz Motherboard: ASUS Prime H510M-K RAM: 16GB Video card: Radeon RX 580 8GB M.2 NVME: 1TB HDD: 1TB Case: Gembir ForNax&hellip; <\/p>\n","protected":false},"featured_media":29635,"template":"","meta":[],"product_brand":[],"product_cat":[909,657],"product_tag":[],"class_list":{"0":"post-29638","1":"product","2":"type-product","3":"status-publish","4":"has-post-thumbnail","6":"product_cat-gaming-computers","7":"product_cat-desktops","9":"first","10":"instock","11":"taxable","12":"shipping-taxable","13":"purchasable","14":"product-type-simple"},"yoast_head":"<!-- This site is optimized with the Yoast SEO Premium plugin v25.2 (Yoast SEO v26.4) - https:\/\/yoast.com\/wordpress\/plugins\/seo\/ -->\n<title>Gaming Computer &quot;ForNax&quot; I5\/RX 580\/16GB - SPETS SERVICE<\/title>\n<meta name=\"description\" content=\"Gaming Computer &quot;ForNax&quot; I5\/RX 580\/16GB \u2013 kvaliteetne ja t\u00f6\u00f6kindel valik. Kontrollitud ja hooldatud. Kiire kohaletoimetamine Tallinnas ja \u00fcle Eesti.\" \/>\n<meta name=\"robots\" content=\"index, follow, max-snippet:-1, max-image-preview:large, max-video-preview:-1\" \/>\n<link rel=\"canonical\" href=\"https:\/\/ss20.ee\/en\/shop\/manguarvuti-fornax-i5-rx-580-16gb\/\" \/>\n<meta property=\"og:locale\" content=\"en_US\" \/>\n<meta property=\"og:type\" content=\"article\" \/>\n<meta property=\"og:title\" content=\"Gaming Computer &quot;ForNax&quot; I5\/RX 580\/16GB\" \/>\n<meta property=\"og:description\" content=\"Gaming Computer &quot;ForNax&quot; I5\/RX 580\/16GB \u2013 kvaliteetne ja t\u00f6\u00f6kindel valik. Kontrollitud ja hooldatud. Kiire kohaletoimetamine Tallinnas ja \u00fcle Eesti.\" \/>\n<meta property=\"og:url\" content=\"https:\/\/ss20.ee\/en\/shop\/manguarvuti-fornax-i5-rx-580-16gb\/\" \/>\n<meta property=\"og:site_name\" content=\"SPETS SERVICE\" \/>\n<meta property=\"article:publisher\" content=\"https:\/\/www.facebook.com\/applearvutid\" \/>\n<meta property=\"article:modified_time\" content=\"2024-11-28T15:42:44+00:00\" \/>\n<meta property=\"og:image\" content=\"https:\/\/ss20.ee\/wp-content\/uploads\/2024\/11\/Photoroom_20241128_172726.jpg\" \/>\n\t<meta property=\"og:image:width\" content=\"960\" \/>\n\t<meta property=\"og:image:height\" content=\"1280\" \/>\n\t<meta property=\"og:image:type\" content=\"image\/jpeg\" \/>\n<meta name=\"twitter:card\" content=\"summary_large_image\" \/>\n<meta name=\"twitter:label1\" content=\"Est. reading time\" \/>\n\t<meta name=\"twitter:data1\" content=\"1 minute\" \/>\n<script type=\"application\/ld+json\" class=\"yoast-schema-graph\">{\"@context\":\"https:\/\/schema.org\",\"@graph\":[{\"@type\":\"WebPage\",\"@id\":\"https:\/\/ss20.ee\/en\/shop\/manguarvuti-fornax-i5-rx-580-16gb\/\",\"url\":\"https:\/\/ss20.ee\/en\/shop\/manguarvuti-fornax-i5-rx-580-16gb\/\",\"name\":\"Gaming Computer \\\"ForNax\\\" I5\/RX 580\/16GB - SPETS SERVICE\",\"isPartOf\":{\"@id\":\"https:\/\/ss20.ee\/en\/#website\"},\"primaryImageOfPage\":{\"@id\":\"https:\/\/ss20.ee\/en\/shop\/manguarvuti-fornax-i5-rx-580-16gb\/#primaryimage\"},\"image\":{\"@id\":\"https:\/\/ss20.ee\/en\/shop\/manguarvuti-fornax-i5-rx-580-16gb\/#primaryimage\"},\"thumbnailUrl\":\"https:\/\/ss20.ee\/wp-content\/uploads\/2024\/11\/Photoroom_20241128_172726.jpg\",\"datePublished\":\"2024-11-28T15:39:59+00:00\",\"dateModified\":\"2024-11-28T15:42:44+00:00\",\"description\":\"Gaming Computer \\\"ForNax\\\" I5\/RX 580\/16GB \u2013 kvaliteetne ja t\u00f6\u00f6kindel valik. Kontrollitud ja hooldatud. Kiire kohaletoimetamine Tallinnas ja \u00fcle Eesti.\",\"breadcrumb\":{\"@id\":\"https:\/\/ss20.ee\/en\/shop\/manguarvuti-fornax-i5-rx-580-16gb\/#breadcrumb\"},\"inLanguage\":\"en-US\",\"potentialAction\":[{\"@type\":\"ReadAction\",\"target\":[\"https:\/\/ss20.ee\/en\/shop\/manguarvuti-fornax-i5-rx-580-16gb\/\"]}]},{\"@type\":\"ImageObject\",\"inLanguage\":\"en-US\",\"@id\":\"https:\/\/ss20.ee\/en\/shop\/manguarvuti-fornax-i5-rx-580-16gb\/#primaryimage\",\"url\":\"https:\/\/ss20.ee\/wp-content\/uploads\/2024\/11\/Photoroom_20241128_172726.jpg\",\"contentUrl\":\"https:\/\/ss20.ee\/wp-content\/uploads\/2024\/11\/Photoroom_20241128_172726.jpg\",\"width\":960,\"height\":1280},{\"@type\":\"BreadcrumbList\",\"@id\":\"https:\/\/ss20.ee\/en\/shop\/manguarvuti-fornax-i5-rx-580-16gb\/#breadcrumb\",\"itemListElement\":[{\"@type\":\"ListItem\",\"position\":1,\"name\":\"Home\",\"item\":\"https:\/\/ss20.ee\/en\/\"},{\"@type\":\"ListItem\",\"position\":2,\"name\":\"All Products\",\"item\":\"https:\/\/ss20.ee\/en\/shop\/\"},{\"@type\":\"ListItem\",\"position\":3,\"name\":\"Gaming Computer &#8220;ForNax&#8221; I5\/RX 580\/16GB\"}]},{\"@type\":\"WebSite\",\"@id\":\"https:\/\/ss20.ee\/en\/#website\",\"url\":\"https:\/\/ss20.ee\/en\/\",\"name\":\"Spets Service\",\"description\":\"ARVUTITE M\u00dc\u00dcK JA REMONT\",\"publisher\":{\"@id\":\"https:\/\/ss20.ee\/en\/#organization\"},\"potentialAction\":[{\"@type\":\"SearchAction\",\"target\":{\"@type\":\"EntryPoint\",\"urlTemplate\":\"https:\/\/ss20.ee\/en\/?s={search_term_string}\"},\"query-input\":{\"@type\":\"PropertyValueSpecification\",\"valueRequired\":true,\"valueName\":\"search_term_string\"}}],\"inLanguage\":\"en-US\"},{\"@type\":\"Organization\",\"@id\":\"https:\/\/ss20.ee\/en\/#organization\",\"name\":\"Spets Service\",\"alternateName\":\"Spets Service\",\"url\":\"https:\/\/ss20.ee\/en\/\",\"logo\":{\"@type\":\"ImageObject\",\"inLanguage\":\"en-US\",\"@id\":\"https:\/\/ss20.ee\/en\/#\/schema\/logo\/image\/\",\"url\":\"https:\/\/ss20.ee\/wp-content\/uploads\/2024\/11\/Untitled-design-9.png\",\"contentUrl\":\"https:\/\/ss20.ee\/wp-content\/uploads\/2024\/11\/Untitled-design-9.png\",\"width\":1772,\"height\":354,\"caption\":\"Spets Service\"},\"image\":{\"@id\":\"https:\/\/ss20.ee\/en\/#\/schema\/logo\/image\/\"},\"sameAs\":[\"https:\/\/www.facebook.com\/applearvutid\",\"https:\/\/www.instagram.com\/ss20_apple_arvutid\/\"]}]}<\/script>\n<!-- \/ Yoast SEO Premium plugin. -->","yoast_head_json":{"title":"Gaming Computer \"ForNax\" I5\/RX 580\/16GB - SPETS SERVICE","description":"Gaming Computer \"ForNax\" I5\/RX 580\/16GB \u2013 kvaliteetne ja t\u00f6\u00f6kindel valik. Kontrollitud ja hooldatud. Kiire kohaletoimetamine Tallinnas ja \u00fcle Eesti.","robots":{"index":"index","follow":"follow","max-snippet":"max-snippet:-1","max-image-preview":"max-image-preview:large","max-video-preview":"max-video-preview:-1"},"canonical":"https:\/\/ss20.ee\/en\/shop\/manguarvuti-fornax-i5-rx-580-16gb\/","og_locale":"en_US","og_type":"article","og_title":"Gaming Computer \"ForNax\" I5\/RX 580\/16GB","og_description":"Gaming Computer \"ForNax\" I5\/RX 580\/16GB \u2013 kvaliteetne ja t\u00f6\u00f6kindel valik. Kontrollitud ja hooldatud. Kiire kohaletoimetamine Tallinnas ja \u00fcle Eesti.","og_url":"https:\/\/ss20.ee\/en\/shop\/manguarvuti-fornax-i5-rx-580-16gb\/","og_site_name":"SPETS SERVICE","article_publisher":"https:\/\/www.facebook.com\/applearvutid","article_modified_time":"2024-11-28T15:42:44+00:00","og_image":[{"width":960,"height":1280,"url":"https:\/\/ss20.ee\/wp-content\/uploads\/2024\/11\/Photoroom_20241128_172726.jpg","type":"image\/jpeg"}],"twitter_card":"summary_large_image","twitter_misc":{"Est. reading time":"1 minute"},"schema":{"@context":"https:\/\/schema.org","@graph":[{"@type":"WebPage","@id":"https:\/\/ss20.ee\/en\/shop\/manguarvuti-fornax-i5-rx-580-16gb\/","url":"https:\/\/ss20.ee\/en\/shop\/manguarvuti-fornax-i5-rx-580-16gb\/","name":"Gaming Computer \"ForNax\" I5\/RX 580\/16GB - SPETS SERVICE","isPartOf":{"@id":"https:\/\/ss20.ee\/en\/#website"},"primaryImageOfPage":{"@id":"https:\/\/ss20.ee\/en\/shop\/manguarvuti-fornax-i5-rx-580-16gb\/#primaryimage"},"image":{"@id":"https:\/\/ss20.ee\/en\/shop\/manguarvuti-fornax-i5-rx-580-16gb\/#primaryimage"},"thumbnailUrl":"https:\/\/ss20.ee\/wp-content\/uploads\/2024\/11\/Photoroom_20241128_172726.jpg","datePublished":"2024-11-28T15:39:59+00:00","dateModified":"2024-11-28T15:42:44+00:00","description":"Gaming Computer \"ForNax\" I5\/RX 580\/16GB \u2013 kvaliteetne ja t\u00f6\u00f6kindel valik. Kontrollitud ja hooldatud. Kiire kohaletoimetamine Tallinnas ja \u00fcle Eesti.","breadcrumb":{"@id":"https:\/\/ss20.ee\/en\/shop\/manguarvuti-fornax-i5-rx-580-16gb\/#breadcrumb"},"inLanguage":"en-US","potentialAction":[{"@type":"ReadAction","target":["https:\/\/ss20.ee\/en\/shop\/manguarvuti-fornax-i5-rx-580-16gb\/"]}]},{"@type":"ImageObject","inLanguage":"en-US","@id":"https:\/\/ss20.ee\/en\/shop\/manguarvuti-fornax-i5-rx-580-16gb\/#primaryimage","url":"https:\/\/ss20.ee\/wp-content\/uploads\/2024\/11\/Photoroom_20241128_172726.jpg","contentUrl":"https:\/\/ss20.ee\/wp-content\/uploads\/2024\/11\/Photoroom_20241128_172726.jpg","width":960,"height":1280},{"@type":"BreadcrumbList","@id":"https:\/\/ss20.ee\/en\/shop\/manguarvuti-fornax-i5-rx-580-16gb\/#breadcrumb","itemListElement":[{"@type":"ListItem","position":1,"name":"Home","item":"https:\/\/ss20.ee\/en\/"},{"@type":"ListItem","position":2,"name":"All Products","item":"https:\/\/ss20.ee\/en\/shop\/"},{"@type":"ListItem","position":3,"name":"Gaming Computer &#8220;ForNax&#8221; I5\/RX 580\/16GB"}]},{"@type":"WebSite","@id":"https:\/\/ss20.ee\/en\/#website","url":"https:\/\/ss20.ee\/en\/","name":"Spets Service","description":"ARVUTITE M\u00dc\u00dcK JA REMONT","publisher":{"@id":"https:\/\/ss20.ee\/en\/#organization"},"potentialAction":[{"@type":"SearchAction","target":{"@type":"EntryPoint","urlTemplate":"https:\/\/ss20.ee\/en\/?s={search_term_string}"},"query-input":{"@type":"PropertyValueSpecification","valueRequired":true,"valueName":"search_term_string"}}],"inLanguage":"en-US"},{"@type":"Organization","@id":"https:\/\/ss20.ee\/en\/#organization","name":"Spets Service","alternateName":"Spets Service","url":"https:\/\/ss20.ee\/en\/","logo":{"@type":"ImageObject","inLanguage":"en-US","@id":"https:\/\/ss20.ee\/en\/#\/schema\/logo\/image\/","url":"https:\/\/ss20.ee\/wp-content\/uploads\/2024\/11\/Untitled-design-9.png","contentUrl":"https:\/\/ss20.ee\/wp-content\/uploads\/2024\/11\/Untitled-design-9.png","width":1772,"height":354,"caption":"Spets Service"},"image":{"@id":"https:\/\/ss20.ee\/en\/#\/schema\/logo\/image\/"},"sameAs":["https:\/\/www.facebook.com\/applearvutid","https:\/\/www.instagram.com\/ss20_apple_arvutid\/"]}]}},"_links":{"self":[{"href":"https:\/\/ss20.ee\/en\/wp-json\/wp\/v2\/product\/29638","targetHints":{"allow":["GET"]}}],"collection":[{"href":"https:\/\/ss20.ee\/en\/wp-json\/wp\/v2\/product"}],"about":[{"href":"https:\/\/ss20.ee\/en\/wp-json\/wp\/v2\/types\/product"}],"wp:featuredmedia":[{"embeddable":true,"href":"https:\/\/ss20.ee\/en\/wp-json\/wp\/v2\/media\/29635"}],"wp:attachment":[{"href":"https:\/\/ss20.ee\/en\/wp-json\/wp\/v2\/media?parent=29638"}],"wp:term":[{"taxonomy":"product_brand","embeddable":true,"href":"https:\/\/ss20.ee\/en\/wp-json\/wp\/v2\/product_brand?post=29638"},{"taxonomy":"product_cat","embeddable":true,"href":"https:\/\/ss20.ee\/en\/wp-json\/wp\/v2\/product_cat?post=29638"},{"taxonomy":"product_tag","embeddable":true,"href":"https:\/\/ss20.ee\/en\/wp-json\/wp\/v2\/product_tag?post=29638"}],"curies":[{"name":"wp","href":"https:\/\/api.w.org\/{rel}","templated":true}]}}