{"id":29706,"date":"2024-12-09T15:43:53","date_gmt":"2024-12-09T15:43:53","guid":{"rendered":"https:\/\/ss20.ee\/?post_type=product&#038;p=29706"},"modified":"2024-12-09T15:57:53","modified_gmt":"2024-12-09T15:57:53","slug":"imac-21-5-2017-retina-4k-core-i5-24gb-1-tb-ssd-kopeeri","status":"publish","type":"product","link":"https:\/\/ss20.ee\/en\/shop\/imac-21-5-2017-retina-4k-core-i5-24gb-1-tb-ssd-kopeeri\/","title":{"rendered":"IMAC 21,5&#8243; 2019 Retina 4K \u2013 Core i7\/16GB\/1 TB SSD"},"content":{"rendered":"<p><strong>Name:<\/strong> IMAC 21.5 2019 Retina 4K<br \/>\n<strong>Operating system:<\/strong> macOS Sequoia 15.1.1<br \/>\n<strong>Hard disk:<\/strong> 1 TB SSD<br \/>\n<strong>Processor:<\/strong> 3.2GHz 6-Core Intel Core i7<br \/>\n<strong>Screen:<\/strong> 21.5\u2033<br \/>\n<strong>Memory:<\/strong> 16 GB<br \/>\n<strong>Charger:<\/strong> Power cord<br \/>\n<strong>Condition:<\/strong> There are few traces of use on the computer body, the LAN port does not work (can be replaced if necessary), but the Wifi works.<\/p>\n","protected":false},"excerpt":{"rendered":"<p>Name: IMAC 21.5 2019 Retina 4K Operating system: macOS Sequoia 15.1.1 Hard disk: 1 TB SSD Processor: 3.2GHz 6-Core Intel Core i7 Screen: 21.5\u2033 Memory: 16 GB Charger: Power cord Condition: There are few traces of use on the computer body, the LAN port does not work (can be replaced&hellip; <\/p>\n","protected":false},"featured_media":29709,"template":"","meta":[],"product_brand":[],"product_cat":[657,284],"product_tag":[587],"class_list":{"0":"post-29706","1":"product","2":"type-product","3":"status-publish","4":"has-post-thumbnail","6":"product_cat-desktops","7":"product_cat-imac","8":"product_tag-imac-en","10":"first","11":"outofstock","12":"sale","13":"taxable","14":"shipping-taxable","15":"purchasable","16":"product-type-simple"},"yoast_head":"<!-- This site is optimized with the Yoast SEO Premium plugin v25.2 (Yoast SEO v26.4) - https:\/\/yoast.com\/wordpress\/plugins\/seo\/ -->\n<title>IMAC 21,5&quot; 2019 Retina 4K \u2013 Core i7\/16GB\/1 TB SSD - SPETS SERVICE<\/title>\n<meta name=\"description\" content=\"IMAC 21,5&quot; 2019 Retina 4K \u2013 Core i7\/16GB\/1 TB SSD \u2013 kvaliteetne ja t\u00f6\u00f6kindel valik. Kontrollitud ja hooldatud. Kiire kohaletoimetamine Tallinnas ja \u00fcle Eesti.\" \/>\n<meta name=\"robots\" content=\"index, follow, max-snippet:-1, max-image-preview:large, max-video-preview:-1\" \/>\n<link rel=\"canonical\" href=\"https:\/\/ss20.ee\/en\/shop\/imac-21-5-2017-retina-4k-core-i5-24gb-1-tb-ssd-kopeeri\/\" \/>\n<meta property=\"og:locale\" content=\"en_US\" \/>\n<meta property=\"og:type\" content=\"article\" \/>\n<meta property=\"og:title\" content=\"IMAC 21,5&quot; 2019 Retina 4K \u2013 Core i7\/16GB\/1 TB SSD\" \/>\n<meta property=\"og:description\" content=\"IMAC 21,5&quot; 2019 Retina 4K \u2013 Core i7\/16GB\/1 TB SSD \u2013 kvaliteetne ja t\u00f6\u00f6kindel valik. Kontrollitud ja hooldatud. Kiire kohaletoimetamine Tallinnas ja \u00fcle Eesti.\" \/>\n<meta property=\"og:url\" content=\"https:\/\/ss20.ee\/en\/shop\/imac-21-5-2017-retina-4k-core-i5-24gb-1-tb-ssd-kopeeri\/\" \/>\n<meta property=\"og:site_name\" content=\"SPETS SERVICE\" \/>\n<meta property=\"article:publisher\" content=\"https:\/\/www.facebook.com\/applearvutid\" \/>\n<meta property=\"article:modified_time\" content=\"2024-12-09T15:57:53+00:00\" \/>\n<meta property=\"og:image\" content=\"https:\/\/ss20.ee\/wp-content\/uploads\/2024\/12\/image0.jpeg\" \/>\n\t<meta property=\"og:image:width\" content=\"1280\" \/>\n\t<meta property=\"og:image:height\" content=\"1280\" \/>\n\t<meta property=\"og:image:type\" content=\"image\/jpeg\" \/>\n<meta name=\"twitter:card\" content=\"summary_large_image\" \/>\n<meta name=\"twitter:label1\" content=\"Est. reading time\" \/>\n\t<meta name=\"twitter:data1\" content=\"1 minute\" \/>\n<script type=\"application\/ld+json\" class=\"yoast-schema-graph\">{\"@context\":\"https:\/\/schema.org\",\"@graph\":[{\"@type\":\"WebPage\",\"@id\":\"https:\/\/ss20.ee\/en\/shop\/imac-21-5-2017-retina-4k-core-i5-24gb-1-tb-ssd-kopeeri\/\",\"url\":\"https:\/\/ss20.ee\/en\/shop\/imac-21-5-2017-retina-4k-core-i5-24gb-1-tb-ssd-kopeeri\/\",\"name\":\"IMAC 21,5\\\" 2019 Retina 4K \u2013 Core i7\/16GB\/1 TB SSD - SPETS SERVICE\",\"isPartOf\":{\"@id\":\"https:\/\/ss20.ee\/en\/#website\"},\"primaryImageOfPage\":{\"@id\":\"https:\/\/ss20.ee\/en\/shop\/imac-21-5-2017-retina-4k-core-i5-24gb-1-tb-ssd-kopeeri\/#primaryimage\"},\"image\":{\"@id\":\"https:\/\/ss20.ee\/en\/shop\/imac-21-5-2017-retina-4k-core-i5-24gb-1-tb-ssd-kopeeri\/#primaryimage\"},\"thumbnailUrl\":\"https:\/\/ss20.ee\/wp-content\/uploads\/2024\/12\/image0.jpeg\",\"datePublished\":\"2024-12-09T15:43:53+00:00\",\"dateModified\":\"2024-12-09T15:57:53+00:00\",\"description\":\"IMAC 21,5\\\" 2019 Retina 4K \u2013 Core i7\/16GB\/1 TB SSD \u2013 kvaliteetne ja t\u00f6\u00f6kindel valik. Kontrollitud ja hooldatud. Kiire kohaletoimetamine Tallinnas ja \u00fcle Eesti.\",\"breadcrumb\":{\"@id\":\"https:\/\/ss20.ee\/en\/shop\/imac-21-5-2017-retina-4k-core-i5-24gb-1-tb-ssd-kopeeri\/#breadcrumb\"},\"inLanguage\":\"en-US\",\"potentialAction\":[{\"@type\":\"ReadAction\",\"target\":[\"https:\/\/ss20.ee\/en\/shop\/imac-21-5-2017-retina-4k-core-i5-24gb-1-tb-ssd-kopeeri\/\"]}]},{\"@type\":\"ImageObject\",\"inLanguage\":\"en-US\",\"@id\":\"https:\/\/ss20.ee\/en\/shop\/imac-21-5-2017-retina-4k-core-i5-24gb-1-tb-ssd-kopeeri\/#primaryimage\",\"url\":\"https:\/\/ss20.ee\/wp-content\/uploads\/2024\/12\/image0.jpeg\",\"contentUrl\":\"https:\/\/ss20.ee\/wp-content\/uploads\/2024\/12\/image0.jpeg\",\"width\":1280,\"height\":1280},{\"@type\":\"BreadcrumbList\",\"@id\":\"https:\/\/ss20.ee\/en\/shop\/imac-21-5-2017-retina-4k-core-i5-24gb-1-tb-ssd-kopeeri\/#breadcrumb\",\"itemListElement\":[{\"@type\":\"ListItem\",\"position\":1,\"name\":\"Home\",\"item\":\"https:\/\/ss20.ee\/en\/\"},{\"@type\":\"ListItem\",\"position\":2,\"name\":\"All Products\",\"item\":\"https:\/\/ss20.ee\/en\/shop\/\"},{\"@type\":\"ListItem\",\"position\":3,\"name\":\"IMAC 21,5&#8243; 2019 Retina 4K \u2013 Core i7\/16GB\/1 TB SSD\"}]},{\"@type\":\"WebSite\",\"@id\":\"https:\/\/ss20.ee\/en\/#website\",\"url\":\"https:\/\/ss20.ee\/en\/\",\"name\":\"Spets Service\",\"description\":\"ARVUTITE M\u00dc\u00dcK JA REMONT\",\"publisher\":{\"@id\":\"https:\/\/ss20.ee\/en\/#organization\"},\"potentialAction\":[{\"@type\":\"SearchAction\",\"target\":{\"@type\":\"EntryPoint\",\"urlTemplate\":\"https:\/\/ss20.ee\/en\/?s={search_term_string}\"},\"query-input\":{\"@type\":\"PropertyValueSpecification\",\"valueRequired\":true,\"valueName\":\"search_term_string\"}}],\"inLanguage\":\"en-US\"},{\"@type\":\"Organization\",\"@id\":\"https:\/\/ss20.ee\/en\/#organization\",\"name\":\"Spets Service\",\"alternateName\":\"Spets Service\",\"url\":\"https:\/\/ss20.ee\/en\/\",\"logo\":{\"@type\":\"ImageObject\",\"inLanguage\":\"en-US\",\"@id\":\"https:\/\/ss20.ee\/en\/#\/schema\/logo\/image\/\",\"url\":\"https:\/\/ss20.ee\/wp-content\/uploads\/2024\/11\/Untitled-design-9.png\",\"contentUrl\":\"https:\/\/ss20.ee\/wp-content\/uploads\/2024\/11\/Untitled-design-9.png\",\"width\":1772,\"height\":354,\"caption\":\"Spets Service\"},\"image\":{\"@id\":\"https:\/\/ss20.ee\/en\/#\/schema\/logo\/image\/\"},\"sameAs\":[\"https:\/\/www.facebook.com\/applearvutid\",\"https:\/\/www.instagram.com\/ss20_apple_arvutid\/\"]}]}<\/script>\n<!-- \/ Yoast SEO Premium plugin. -->","yoast_head_json":{"title":"IMAC 21,5\" 2019 Retina 4K \u2013 Core i7\/16GB\/1 TB SSD - SPETS SERVICE","description":"IMAC 21,5\" 2019 Retina 4K \u2013 Core i7\/16GB\/1 TB SSD \u2013 kvaliteetne ja t\u00f6\u00f6kindel valik. Kontrollitud ja hooldatud. Kiire kohaletoimetamine Tallinnas ja \u00fcle Eesti.","robots":{"index":"index","follow":"follow","max-snippet":"max-snippet:-1","max-image-preview":"max-image-preview:large","max-video-preview":"max-video-preview:-1"},"canonical":"https:\/\/ss20.ee\/en\/shop\/imac-21-5-2017-retina-4k-core-i5-24gb-1-tb-ssd-kopeeri\/","og_locale":"en_US","og_type":"article","og_title":"IMAC 21,5\" 2019 Retina 4K \u2013 Core i7\/16GB\/1 TB SSD","og_description":"IMAC 21,5\" 2019 Retina 4K \u2013 Core i7\/16GB\/1 TB SSD \u2013 kvaliteetne ja t\u00f6\u00f6kindel valik. Kontrollitud ja hooldatud. Kiire kohaletoimetamine Tallinnas ja \u00fcle Eesti.","og_url":"https:\/\/ss20.ee\/en\/shop\/imac-21-5-2017-retina-4k-core-i5-24gb-1-tb-ssd-kopeeri\/","og_site_name":"SPETS SERVICE","article_publisher":"https:\/\/www.facebook.com\/applearvutid","article_modified_time":"2024-12-09T15:57:53+00:00","og_image":[{"width":1280,"height":1280,"url":"https:\/\/ss20.ee\/wp-content\/uploads\/2024\/12\/image0.jpeg","type":"image\/jpeg"}],"twitter_card":"summary_large_image","twitter_misc":{"Est. reading time":"1 minute"},"schema":{"@context":"https:\/\/schema.org","@graph":[{"@type":"WebPage","@id":"https:\/\/ss20.ee\/en\/shop\/imac-21-5-2017-retina-4k-core-i5-24gb-1-tb-ssd-kopeeri\/","url":"https:\/\/ss20.ee\/en\/shop\/imac-21-5-2017-retina-4k-core-i5-24gb-1-tb-ssd-kopeeri\/","name":"IMAC 21,5\" 2019 Retina 4K \u2013 Core i7\/16GB\/1 TB SSD - SPETS SERVICE","isPartOf":{"@id":"https:\/\/ss20.ee\/en\/#website"},"primaryImageOfPage":{"@id":"https:\/\/ss20.ee\/en\/shop\/imac-21-5-2017-retina-4k-core-i5-24gb-1-tb-ssd-kopeeri\/#primaryimage"},"image":{"@id":"https:\/\/ss20.ee\/en\/shop\/imac-21-5-2017-retina-4k-core-i5-24gb-1-tb-ssd-kopeeri\/#primaryimage"},"thumbnailUrl":"https:\/\/ss20.ee\/wp-content\/uploads\/2024\/12\/image0.jpeg","datePublished":"2024-12-09T15:43:53+00:00","dateModified":"2024-12-09T15:57:53+00:00","description":"IMAC 21,5\" 2019 Retina 4K \u2013 Core i7\/16GB\/1 TB SSD \u2013 kvaliteetne ja t\u00f6\u00f6kindel valik. Kontrollitud ja hooldatud. Kiire kohaletoimetamine Tallinnas ja \u00fcle Eesti.","breadcrumb":{"@id":"https:\/\/ss20.ee\/en\/shop\/imac-21-5-2017-retina-4k-core-i5-24gb-1-tb-ssd-kopeeri\/#breadcrumb"},"inLanguage":"en-US","potentialAction":[{"@type":"ReadAction","target":["https:\/\/ss20.ee\/en\/shop\/imac-21-5-2017-retina-4k-core-i5-24gb-1-tb-ssd-kopeeri\/"]}]},{"@type":"ImageObject","inLanguage":"en-US","@id":"https:\/\/ss20.ee\/en\/shop\/imac-21-5-2017-retina-4k-core-i5-24gb-1-tb-ssd-kopeeri\/#primaryimage","url":"https:\/\/ss20.ee\/wp-content\/uploads\/2024\/12\/image0.jpeg","contentUrl":"https:\/\/ss20.ee\/wp-content\/uploads\/2024\/12\/image0.jpeg","width":1280,"height":1280},{"@type":"BreadcrumbList","@id":"https:\/\/ss20.ee\/en\/shop\/imac-21-5-2017-retina-4k-core-i5-24gb-1-tb-ssd-kopeeri\/#breadcrumb","itemListElement":[{"@type":"ListItem","position":1,"name":"Home","item":"https:\/\/ss20.ee\/en\/"},{"@type":"ListItem","position":2,"name":"All Products","item":"https:\/\/ss20.ee\/en\/shop\/"},{"@type":"ListItem","position":3,"name":"IMAC 21,5&#8243; 2019 Retina 4K \u2013 Core i7\/16GB\/1 TB SSD"}]},{"@type":"WebSite","@id":"https:\/\/ss20.ee\/en\/#website","url":"https:\/\/ss20.ee\/en\/","name":"Spets Service","description":"ARVUTITE M\u00dc\u00dcK JA REMONT","publisher":{"@id":"https:\/\/ss20.ee\/en\/#organization"},"potentialAction":[{"@type":"SearchAction","target":{"@type":"EntryPoint","urlTemplate":"https:\/\/ss20.ee\/en\/?s={search_term_string}"},"query-input":{"@type":"PropertyValueSpecification","valueRequired":true,"valueName":"search_term_string"}}],"inLanguage":"en-US"},{"@type":"Organization","@id":"https:\/\/ss20.ee\/en\/#organization","name":"Spets Service","alternateName":"Spets Service","url":"https:\/\/ss20.ee\/en\/","logo":{"@type":"ImageObject","inLanguage":"en-US","@id":"https:\/\/ss20.ee\/en\/#\/schema\/logo\/image\/","url":"https:\/\/ss20.ee\/wp-content\/uploads\/2024\/11\/Untitled-design-9.png","contentUrl":"https:\/\/ss20.ee\/wp-content\/uploads\/2024\/11\/Untitled-design-9.png","width":1772,"height":354,"caption":"Spets Service"},"image":{"@id":"https:\/\/ss20.ee\/en\/#\/schema\/logo\/image\/"},"sameAs":["https:\/\/www.facebook.com\/applearvutid","https:\/\/www.instagram.com\/ss20_apple_arvutid\/"]}]}},"_links":{"self":[{"href":"https:\/\/ss20.ee\/en\/wp-json\/wp\/v2\/product\/29706","targetHints":{"allow":["GET"]}}],"collection":[{"href":"https:\/\/ss20.ee\/en\/wp-json\/wp\/v2\/product"}],"about":[{"href":"https:\/\/ss20.ee\/en\/wp-json\/wp\/v2\/types\/product"}],"wp:featuredmedia":[{"embeddable":true,"href":"https:\/\/ss20.ee\/en\/wp-json\/wp\/v2\/media\/29709"}],"wp:attachment":[{"href":"https:\/\/ss20.ee\/en\/wp-json\/wp\/v2\/media?parent=29706"}],"wp:term":[{"taxonomy":"product_brand","embeddable":true,"href":"https:\/\/ss20.ee\/en\/wp-json\/wp\/v2\/product_brand?post=29706"},{"taxonomy":"product_cat","embeddable":true,"href":"https:\/\/ss20.ee\/en\/wp-json\/wp\/v2\/product_cat?post=29706"},{"taxonomy":"product_tag","embeddable":true,"href":"https:\/\/ss20.ee\/en\/wp-json\/wp\/v2\/product_tag?post=29706"}],"curies":[{"name":"wp","href":"https:\/\/api.w.org\/{rel}","templated":true}]}}