{"id":30140,"date":"2025-01-02T10:47:12","date_gmt":"2025-01-02T10:47:12","guid":{"rendered":"https:\/\/ss20.ee\/?post_type=product&#038;p=30140"},"modified":"2025-01-02T12:15:29","modified_gmt":"2025-01-02T12:15:29","slug":"imac-27-macos-monterey-core-i5-12gb-120gb-ssd-kopeeri","status":"publish","type":"product","link":"https:\/\/ss20.ee\/en\/shop\/imac-27-macos-monterey-core-i5-12gb-120gb-ssd-kopeeri\/","title":{"rendered":"IMAC 27\u2033 MacOS Sequoia \u2013 Core i5\/16GB\/256GB SSD"},"content":{"rendered":"<p><strong>Name: <\/strong>IMAC 27\u2033<br \/>\n<strong><span class=\"tlid-translation translation\" lang=\"en\"><span class=\"\" title=\"\">Operating system<\/span><\/span>:<\/strong> MacOS Sequoia 15.2<br \/>\n<strong>Hard drive:<\/strong> 256 GB SSD<br \/>\n<strong><span class=\"tlid-translation translation\" lang=\"et\"><span class=\"\" title=\"\">Processor:<\/span><\/span><\/strong> 3,4 GHz Quad-Core Intel Core i5<br \/>\n<strong>Graphics:\u00a0<\/strong>Nvidia Geforce GTX 775M 2GB<br \/>\n<strong>Screen<span class=\"tlid-translation translation\" lang=\"et\"><span class=\"\" title=\"\">:<\/span><\/span> <\/strong>27\u2033<br \/>\n<strong><span class=\"tlid-translation translation\" lang=\"en\"><span class=\"\" title=\"\">Memory<\/span><\/span><span class=\"tlid-translation translation\" lang=\"et\"><span class=\"\" title=\"\">:<\/span><\/span><\/strong> 16GB<br \/>\n<strong>Charger:<\/strong> Power cable<br \/>\n<strong>Condition:\u00a0<\/strong><span id=\"cch_f31a7418af7e9e\" class=\"_mh6 _wsc\"><span class=\"_3oh- _58nk\"> There are signs of use on the computer case. <span style=\"color: #ff0000;\"><strong>There is a crack in the upper left corner of the screen that runs from the middle of the screen down to the right corner, the crack is not visible when using it. There is a gray stripe in the middle of the screen that does not interfere with use.<\/strong><\/span><\/span><\/span><\/p>\n","protected":false},"excerpt":{"rendered":"<p>Name: IMAC 27\u2033 Operating system: MacOS Sequoia 15.2 Hard drive: 256 GB SSD Processor: 3,4 GHz Quad-Core Intel Core i5 Graphics:\u00a0Nvidia Geforce GTX 775M 2GB Screen: 27\u2033 Memory: 16GB Charger: Power cable Condition:\u00a0 There are signs of use on the computer case. There is a crack in the upper left&hellip; <\/p>\n","protected":false},"featured_media":30143,"template":"","meta":[],"product_brand":[],"product_cat":[657,284,778],"product_tag":[587],"class_list":{"0":"post-30140","1":"product","2":"type-product","3":"status-publish","4":"has-post-thumbnail","6":"product_cat-desktops","7":"product_cat-imac","8":"product_cat-outlet","9":"product_tag-imac-en","11":"first","12":"instock","13":"sale","14":"taxable","15":"shipping-taxable","16":"purchasable","17":"product-type-simple"},"yoast_head":"<!-- This site is optimized with the Yoast SEO Premium plugin v25.2 (Yoast SEO v26.4) - https:\/\/yoast.com\/wordpress\/plugins\/seo\/ -->\n<title>IMAC 27\u2033 MacOS Sequoia \u2013 Core i5\/16GB\/256GB SSD - SPETS SERVICE<\/title>\n<meta name=\"description\" content=\"IMAC 27\u2033 MacOS Sequoia \u2013 Core i5\/16GB\/256GB SSD \u2013 kvaliteetne ja t\u00f6\u00f6kindel valik. Kontrollitud ja hooldatud. Kiire kohaletoimetamine Tallinnas ja \u00fcle Eesti.\" \/>\n<meta name=\"robots\" content=\"index, follow, max-snippet:-1, max-image-preview:large, max-video-preview:-1\" \/>\n<link rel=\"canonical\" href=\"https:\/\/ss20.ee\/en\/shop\/imac-27-macos-monterey-core-i5-12gb-120gb-ssd-kopeeri\/\" \/>\n<meta property=\"og:locale\" content=\"en_US\" \/>\n<meta property=\"og:type\" content=\"article\" \/>\n<meta property=\"og:title\" content=\"IMAC 27\u2033 MacOS Sequoia \u2013 Core i5\/16GB\/256GB SSD\" \/>\n<meta property=\"og:description\" content=\"IMAC 27\u2033 MacOS Sequoia \u2013 Core i5\/16GB\/256GB SSD \u2013 kvaliteetne ja t\u00f6\u00f6kindel valik. Kontrollitud ja hooldatud. Kiire kohaletoimetamine Tallinnas ja \u00fcle Eesti.\" \/>\n<meta property=\"og:url\" content=\"https:\/\/ss20.ee\/en\/shop\/imac-27-macos-monterey-core-i5-12gb-120gb-ssd-kopeeri\/\" \/>\n<meta property=\"og:site_name\" content=\"SPETS SERVICE\" \/>\n<meta property=\"article:publisher\" content=\"https:\/\/www.facebook.com\/applearvutid\" \/>\n<meta property=\"article:modified_time\" content=\"2025-01-02T12:15:29+00:00\" \/>\n<meta property=\"og:image\" content=\"https:\/\/ss20.ee\/wp-content\/uploads\/2025\/01\/image1.jpeg\" \/>\n\t<meta property=\"og:image:width\" content=\"1280\" \/>\n\t<meta property=\"og:image:height\" content=\"1280\" \/>\n\t<meta property=\"og:image:type\" content=\"image\/jpeg\" \/>\n<meta name=\"twitter:card\" content=\"summary_large_image\" \/>\n<meta name=\"twitter:label1\" content=\"Est. reading time\" \/>\n\t<meta name=\"twitter:data1\" content=\"1 minute\" \/>\n<script type=\"application\/ld+json\" class=\"yoast-schema-graph\">{\"@context\":\"https:\/\/schema.org\",\"@graph\":[{\"@type\":\"WebPage\",\"@id\":\"https:\/\/ss20.ee\/en\/shop\/imac-27-macos-monterey-core-i5-12gb-120gb-ssd-kopeeri\/\",\"url\":\"https:\/\/ss20.ee\/en\/shop\/imac-27-macos-monterey-core-i5-12gb-120gb-ssd-kopeeri\/\",\"name\":\"IMAC 27\u2033 MacOS Sequoia \u2013 Core i5\/16GB\/256GB SSD - SPETS SERVICE\",\"isPartOf\":{\"@id\":\"https:\/\/ss20.ee\/en\/#website\"},\"primaryImageOfPage\":{\"@id\":\"https:\/\/ss20.ee\/en\/shop\/imac-27-macos-monterey-core-i5-12gb-120gb-ssd-kopeeri\/#primaryimage\"},\"image\":{\"@id\":\"https:\/\/ss20.ee\/en\/shop\/imac-27-macos-monterey-core-i5-12gb-120gb-ssd-kopeeri\/#primaryimage\"},\"thumbnailUrl\":\"https:\/\/ss20.ee\/wp-content\/uploads\/2025\/01\/image1.jpeg\",\"datePublished\":\"2025-01-02T10:47:12+00:00\",\"dateModified\":\"2025-01-02T12:15:29+00:00\",\"description\":\"IMAC 27\u2033 MacOS Sequoia \u2013 Core i5\/16GB\/256GB SSD \u2013 kvaliteetne ja t\u00f6\u00f6kindel valik. Kontrollitud ja hooldatud. Kiire kohaletoimetamine Tallinnas ja \u00fcle Eesti.\",\"breadcrumb\":{\"@id\":\"https:\/\/ss20.ee\/en\/shop\/imac-27-macos-monterey-core-i5-12gb-120gb-ssd-kopeeri\/#breadcrumb\"},\"inLanguage\":\"en-US\",\"potentialAction\":[{\"@type\":\"ReadAction\",\"target\":[\"https:\/\/ss20.ee\/en\/shop\/imac-27-macos-monterey-core-i5-12gb-120gb-ssd-kopeeri\/\"]}]},{\"@type\":\"ImageObject\",\"inLanguage\":\"en-US\",\"@id\":\"https:\/\/ss20.ee\/en\/shop\/imac-27-macos-monterey-core-i5-12gb-120gb-ssd-kopeeri\/#primaryimage\",\"url\":\"https:\/\/ss20.ee\/wp-content\/uploads\/2025\/01\/image1.jpeg\",\"contentUrl\":\"https:\/\/ss20.ee\/wp-content\/uploads\/2025\/01\/image1.jpeg\",\"width\":1280,\"height\":1280},{\"@type\":\"BreadcrumbList\",\"@id\":\"https:\/\/ss20.ee\/en\/shop\/imac-27-macos-monterey-core-i5-12gb-120gb-ssd-kopeeri\/#breadcrumb\",\"itemListElement\":[{\"@type\":\"ListItem\",\"position\":1,\"name\":\"Home\",\"item\":\"https:\/\/ss20.ee\/en\/\"},{\"@type\":\"ListItem\",\"position\":2,\"name\":\"All Products\",\"item\":\"https:\/\/ss20.ee\/en\/shop\/\"},{\"@type\":\"ListItem\",\"position\":3,\"name\":\"IMAC 27\u2033 MacOS Sequoia \u2013 Core i5\/16GB\/256GB SSD\"}]},{\"@type\":\"WebSite\",\"@id\":\"https:\/\/ss20.ee\/en\/#website\",\"url\":\"https:\/\/ss20.ee\/en\/\",\"name\":\"Spets Service\",\"description\":\"ARVUTITE M\u00dc\u00dcK JA REMONT\",\"publisher\":{\"@id\":\"https:\/\/ss20.ee\/en\/#organization\"},\"potentialAction\":[{\"@type\":\"SearchAction\",\"target\":{\"@type\":\"EntryPoint\",\"urlTemplate\":\"https:\/\/ss20.ee\/en\/?s={search_term_string}\"},\"query-input\":{\"@type\":\"PropertyValueSpecification\",\"valueRequired\":true,\"valueName\":\"search_term_string\"}}],\"inLanguage\":\"en-US\"},{\"@type\":\"Organization\",\"@id\":\"https:\/\/ss20.ee\/en\/#organization\",\"name\":\"Spets Service\",\"alternateName\":\"Spets Service\",\"url\":\"https:\/\/ss20.ee\/en\/\",\"logo\":{\"@type\":\"ImageObject\",\"inLanguage\":\"en-US\",\"@id\":\"https:\/\/ss20.ee\/en\/#\/schema\/logo\/image\/\",\"url\":\"https:\/\/ss20.ee\/wp-content\/uploads\/2024\/11\/Untitled-design-9.png\",\"contentUrl\":\"https:\/\/ss20.ee\/wp-content\/uploads\/2024\/11\/Untitled-design-9.png\",\"width\":1772,\"height\":354,\"caption\":\"Spets Service\"},\"image\":{\"@id\":\"https:\/\/ss20.ee\/en\/#\/schema\/logo\/image\/\"},\"sameAs\":[\"https:\/\/www.facebook.com\/applearvutid\",\"https:\/\/www.instagram.com\/ss20_apple_arvutid\/\"]}]}<\/script>\n<!-- \/ Yoast SEO Premium plugin. -->","yoast_head_json":{"title":"IMAC 27\u2033 MacOS Sequoia \u2013 Core i5\/16GB\/256GB SSD - SPETS SERVICE","description":"IMAC 27\u2033 MacOS Sequoia \u2013 Core i5\/16GB\/256GB SSD \u2013 kvaliteetne ja t\u00f6\u00f6kindel valik. Kontrollitud ja hooldatud. Kiire kohaletoimetamine Tallinnas ja \u00fcle Eesti.","robots":{"index":"index","follow":"follow","max-snippet":"max-snippet:-1","max-image-preview":"max-image-preview:large","max-video-preview":"max-video-preview:-1"},"canonical":"https:\/\/ss20.ee\/en\/shop\/imac-27-macos-monterey-core-i5-12gb-120gb-ssd-kopeeri\/","og_locale":"en_US","og_type":"article","og_title":"IMAC 27\u2033 MacOS Sequoia \u2013 Core i5\/16GB\/256GB SSD","og_description":"IMAC 27\u2033 MacOS Sequoia \u2013 Core i5\/16GB\/256GB SSD \u2013 kvaliteetne ja t\u00f6\u00f6kindel valik. Kontrollitud ja hooldatud. Kiire kohaletoimetamine Tallinnas ja \u00fcle Eesti.","og_url":"https:\/\/ss20.ee\/en\/shop\/imac-27-macos-monterey-core-i5-12gb-120gb-ssd-kopeeri\/","og_site_name":"SPETS SERVICE","article_publisher":"https:\/\/www.facebook.com\/applearvutid","article_modified_time":"2025-01-02T12:15:29+00:00","og_image":[{"width":1280,"height":1280,"url":"https:\/\/ss20.ee\/wp-content\/uploads\/2025\/01\/image1.jpeg","type":"image\/jpeg"}],"twitter_card":"summary_large_image","twitter_misc":{"Est. reading time":"1 minute"},"schema":{"@context":"https:\/\/schema.org","@graph":[{"@type":"WebPage","@id":"https:\/\/ss20.ee\/en\/shop\/imac-27-macos-monterey-core-i5-12gb-120gb-ssd-kopeeri\/","url":"https:\/\/ss20.ee\/en\/shop\/imac-27-macos-monterey-core-i5-12gb-120gb-ssd-kopeeri\/","name":"IMAC 27\u2033 MacOS Sequoia \u2013 Core i5\/16GB\/256GB SSD - SPETS SERVICE","isPartOf":{"@id":"https:\/\/ss20.ee\/en\/#website"},"primaryImageOfPage":{"@id":"https:\/\/ss20.ee\/en\/shop\/imac-27-macos-monterey-core-i5-12gb-120gb-ssd-kopeeri\/#primaryimage"},"image":{"@id":"https:\/\/ss20.ee\/en\/shop\/imac-27-macos-monterey-core-i5-12gb-120gb-ssd-kopeeri\/#primaryimage"},"thumbnailUrl":"https:\/\/ss20.ee\/wp-content\/uploads\/2025\/01\/image1.jpeg","datePublished":"2025-01-02T10:47:12+00:00","dateModified":"2025-01-02T12:15:29+00:00","description":"IMAC 27\u2033 MacOS Sequoia \u2013 Core i5\/16GB\/256GB SSD \u2013 kvaliteetne ja t\u00f6\u00f6kindel valik. Kontrollitud ja hooldatud. Kiire kohaletoimetamine Tallinnas ja \u00fcle Eesti.","breadcrumb":{"@id":"https:\/\/ss20.ee\/en\/shop\/imac-27-macos-monterey-core-i5-12gb-120gb-ssd-kopeeri\/#breadcrumb"},"inLanguage":"en-US","potentialAction":[{"@type":"ReadAction","target":["https:\/\/ss20.ee\/en\/shop\/imac-27-macos-monterey-core-i5-12gb-120gb-ssd-kopeeri\/"]}]},{"@type":"ImageObject","inLanguage":"en-US","@id":"https:\/\/ss20.ee\/en\/shop\/imac-27-macos-monterey-core-i5-12gb-120gb-ssd-kopeeri\/#primaryimage","url":"https:\/\/ss20.ee\/wp-content\/uploads\/2025\/01\/image1.jpeg","contentUrl":"https:\/\/ss20.ee\/wp-content\/uploads\/2025\/01\/image1.jpeg","width":1280,"height":1280},{"@type":"BreadcrumbList","@id":"https:\/\/ss20.ee\/en\/shop\/imac-27-macos-monterey-core-i5-12gb-120gb-ssd-kopeeri\/#breadcrumb","itemListElement":[{"@type":"ListItem","position":1,"name":"Home","item":"https:\/\/ss20.ee\/en\/"},{"@type":"ListItem","position":2,"name":"All Products","item":"https:\/\/ss20.ee\/en\/shop\/"},{"@type":"ListItem","position":3,"name":"IMAC 27\u2033 MacOS Sequoia \u2013 Core i5\/16GB\/256GB SSD"}]},{"@type":"WebSite","@id":"https:\/\/ss20.ee\/en\/#website","url":"https:\/\/ss20.ee\/en\/","name":"Spets Service","description":"ARVUTITE M\u00dc\u00dcK JA REMONT","publisher":{"@id":"https:\/\/ss20.ee\/en\/#organization"},"potentialAction":[{"@type":"SearchAction","target":{"@type":"EntryPoint","urlTemplate":"https:\/\/ss20.ee\/en\/?s={search_term_string}"},"query-input":{"@type":"PropertyValueSpecification","valueRequired":true,"valueName":"search_term_string"}}],"inLanguage":"en-US"},{"@type":"Organization","@id":"https:\/\/ss20.ee\/en\/#organization","name":"Spets Service","alternateName":"Spets Service","url":"https:\/\/ss20.ee\/en\/","logo":{"@type":"ImageObject","inLanguage":"en-US","@id":"https:\/\/ss20.ee\/en\/#\/schema\/logo\/image\/","url":"https:\/\/ss20.ee\/wp-content\/uploads\/2024\/11\/Untitled-design-9.png","contentUrl":"https:\/\/ss20.ee\/wp-content\/uploads\/2024\/11\/Untitled-design-9.png","width":1772,"height":354,"caption":"Spets Service"},"image":{"@id":"https:\/\/ss20.ee\/en\/#\/schema\/logo\/image\/"},"sameAs":["https:\/\/www.facebook.com\/applearvutid","https:\/\/www.instagram.com\/ss20_apple_arvutid\/"]}]}},"_links":{"self":[{"href":"https:\/\/ss20.ee\/en\/wp-json\/wp\/v2\/product\/30140","targetHints":{"allow":["GET"]}}],"collection":[{"href":"https:\/\/ss20.ee\/en\/wp-json\/wp\/v2\/product"}],"about":[{"href":"https:\/\/ss20.ee\/en\/wp-json\/wp\/v2\/types\/product"}],"wp:featuredmedia":[{"embeddable":true,"href":"https:\/\/ss20.ee\/en\/wp-json\/wp\/v2\/media\/30143"}],"wp:attachment":[{"href":"https:\/\/ss20.ee\/en\/wp-json\/wp\/v2\/media?parent=30140"}],"wp:term":[{"taxonomy":"product_brand","embeddable":true,"href":"https:\/\/ss20.ee\/en\/wp-json\/wp\/v2\/product_brand?post=30140"},{"taxonomy":"product_cat","embeddable":true,"href":"https:\/\/ss20.ee\/en\/wp-json\/wp\/v2\/product_cat?post=30140"},{"taxonomy":"product_tag","embeddable":true,"href":"https:\/\/ss20.ee\/en\/wp-json\/wp\/v2\/product_tag?post=30140"}],"curies":[{"name":"wp","href":"https:\/\/api.w.org\/{rel}","templated":true}]}}