{"id":45371,"date":"2025-10-21T13:04:41","date_gmt":"2025-10-21T13:04:41","guid":{"rendered":"https:\/\/ss20.ee\/shop\/voimendi-plena-amlifier-bosch-lbb-1925-10\/"},"modified":"2025-10-21T13:07:17","modified_gmt":"2025-10-21T13:07:17","slug":"voimendi-plena-v-111","status":"publish","type":"product","link":"https:\/\/ss20.ee\/en\/shop\/voimendi-plena-v-111\/","title":{"rendered":"Amplifier Plena amlifier Bosch LBB 1925\/10"},"content":{"rendered":"<p class=\"ai-optimize-29 ai-optimize-introduction\">The Bosch LBB1925\/10 Plena 6 zone pre-amplifier fulfils a wide variety of public address requirements at a surprisingly low cost. It can provide dual channel operation for simultaneous calls and BGM for up to six different zones using two Plena amplifiers or single channel operation using one amp.<\/p>\n<p class=\"ai-optimize-30\">Two input channels are provided for paging microphone call stations, a universal input for mic \/ line with speech optimized tone control and 3 inputs for BGM selection optimized for music.<\/p>\n<p class=\"ai-optimize-31\">Background music and call station zone selection is on the front of the LBB1925\/10.<\/p>\n<ul type=\"disc\">\n<li class=\"ai-optimize-32\">6 zone system pre-amplifier, with single or dual channel operation<\/li>\n<li class=\"ai-optimize-33\">Two input channels for call stations<\/li>\n<li class=\"ai-optimize-34\">Universal input for microphone\/line, with speech optimized tone control<\/li>\n<li class=\"ai-optimize-35\">Allows multiple 6 zone call stations to be daisy-chained<\/li>\n<li class=\"ai-optimize-36\">Separate music and call channels with dedicated tone controls<\/li>\n<li class=\"ai-optimize-37\">6 levels of priority available<\/li>\n<li class=\"ai-optimize-38\">Routable Music to zones<\/li>\n<li class=\"ai-optimize-39\">Emergency\/telephone input<\/li>\n<li class=\"ai-optimize-40\">24v override output on each zone<\/li>\n<li class=\"ai-optimize-41\">Selectable alarm tone, time signal and chimes<\/li>\n<li class=\"ai-optimize-42\">3 separate BGM inputs\u00a0and music optimized tone control<\/li>\n<li class=\"ai-optimize-43\">Further Mic\/line input<\/li>\n<li class=\"ai-optimize-44\">Headphone monitor<\/li>\n<li class=\"ai-optimize-45\">VU meter<\/li>\n<li class=\"ai-optimize-46\">19&#8243; mounting brackets included<\/li>\n<li class=\"ai-optimize-47\">2U high<\/li>\n<\/ul>\n","protected":false},"excerpt":{"rendered":"<p>The Bosch LBB1925\/10 Plena 6 zone pre-amplifier fulfils a wide variety of public address requirements at a surprisingly low cost. It can provide dual channel operation for simultaneous calls and BGM for up to six different zones using two Plena amplifiers or single channel operation using one amp. Two input&hellip; <\/p>\n","protected":false},"featured_media":45366,"template":"","meta":[],"product_brand":[],"product_cat":[951],"product_tag":[],"class_list":{"0":"post-45371","1":"product","2":"type-product","3":"status-publish","4":"has-post-thumbnail","6":"product_cat-amplifiers","8":"first","9":"instock","10":"sale","11":"taxable","12":"shipping-taxable","13":"purchasable","14":"product-type-simple"},"yoast_head":"<!-- This site is optimized with the Yoast SEO Premium plugin v25.2 (Yoast SEO v26.4) - https:\/\/yoast.com\/wordpress\/plugins\/seo\/ -->\n<title>Amplifier Plena amlifier Bosch LBB 1925\/10 - SPETS SERVICE<\/title>\n<meta name=\"description\" content=\"Amplifier Plena amlifier Bosch LBB 1925\/10 \u2013 kvaliteetne ja t\u00f6\u00f6kindel valik. Kontrollitud ja hooldatud. Kiire kohaletoimetamine Tallinnas ja \u00fcle Eesti.\" \/>\n<meta name=\"robots\" content=\"index, follow, max-snippet:-1, max-image-preview:large, max-video-preview:-1\" \/>\n<link rel=\"canonical\" href=\"https:\/\/ss20.ee\/en\/shop\/voimendi-plena-v-111\/\" \/>\n<meta property=\"og:locale\" content=\"en_US\" \/>\n<meta property=\"og:type\" content=\"article\" \/>\n<meta property=\"og:title\" content=\"Amplifier Plena amlifier Bosch LBB 1925\/10\" \/>\n<meta property=\"og:description\" content=\"Amplifier Plena amlifier Bosch LBB 1925\/10 \u2013 kvaliteetne ja t\u00f6\u00f6kindel valik. Kontrollitud ja hooldatud. Kiire kohaletoimetamine Tallinnas ja \u00fcle Eesti.\" \/>\n<meta property=\"og:url\" content=\"https:\/\/ss20.ee\/en\/shop\/voimendi-plena-v-111\/\" \/>\n<meta property=\"og:site_name\" content=\"SPETS SERVICE\" \/>\n<meta property=\"article:publisher\" content=\"https:\/\/www.facebook.com\/applearvutid\" \/>\n<meta property=\"article:modified_time\" content=\"2025-10-21T13:07:17+00:00\" \/>\n<meta property=\"og:image\" content=\"https:\/\/ss20.ee\/wp-content\/uploads\/2025\/10\/IMG_1762.jpg\" \/>\n\t<meta property=\"og:image:width\" content=\"800\" \/>\n\t<meta property=\"og:image:height\" content=\"800\" \/>\n\t<meta property=\"og:image:type\" content=\"image\/jpeg\" \/>\n<meta name=\"twitter:card\" content=\"summary_large_image\" \/>\n<meta name=\"twitter:label1\" content=\"Est. reading time\" \/>\n\t<meta name=\"twitter:data1\" content=\"1 minute\" \/>\n<script type=\"application\/ld+json\" class=\"yoast-schema-graph\">{\"@context\":\"https:\/\/schema.org\",\"@graph\":[{\"@type\":\"WebPage\",\"@id\":\"https:\/\/ss20.ee\/en\/shop\/voimendi-plena-v-111\/\",\"url\":\"https:\/\/ss20.ee\/en\/shop\/voimendi-plena-v-111\/\",\"name\":\"Amplifier Plena amlifier Bosch LBB 1925\/10 - SPETS SERVICE\",\"isPartOf\":{\"@id\":\"https:\/\/ss20.ee\/en\/#website\"},\"primaryImageOfPage\":{\"@id\":\"https:\/\/ss20.ee\/en\/shop\/voimendi-plena-v-111\/#primaryimage\"},\"image\":{\"@id\":\"https:\/\/ss20.ee\/en\/shop\/voimendi-plena-v-111\/#primaryimage\"},\"thumbnailUrl\":\"https:\/\/ss20.ee\/wp-content\/uploads\/2025\/10\/IMG_1762.jpg\",\"datePublished\":\"2025-10-21T13:04:41+00:00\",\"dateModified\":\"2025-10-21T13:07:17+00:00\",\"description\":\"Amplifier Plena amlifier Bosch LBB 1925\/10 \u2013 kvaliteetne ja t\u00f6\u00f6kindel valik. Kontrollitud ja hooldatud. Kiire kohaletoimetamine Tallinnas ja \u00fcle Eesti.\",\"breadcrumb\":{\"@id\":\"https:\/\/ss20.ee\/en\/shop\/voimendi-plena-v-111\/#breadcrumb\"},\"inLanguage\":\"en-US\",\"potentialAction\":[{\"@type\":\"ReadAction\",\"target\":[\"https:\/\/ss20.ee\/en\/shop\/voimendi-plena-v-111\/\"]}]},{\"@type\":\"ImageObject\",\"inLanguage\":\"en-US\",\"@id\":\"https:\/\/ss20.ee\/en\/shop\/voimendi-plena-v-111\/#primaryimage\",\"url\":\"https:\/\/ss20.ee\/wp-content\/uploads\/2025\/10\/IMG_1762.jpg\",\"contentUrl\":\"https:\/\/ss20.ee\/wp-content\/uploads\/2025\/10\/IMG_1762.jpg\",\"width\":800,\"height\":800},{\"@type\":\"BreadcrumbList\",\"@id\":\"https:\/\/ss20.ee\/en\/shop\/voimendi-plena-v-111\/#breadcrumb\",\"itemListElement\":[{\"@type\":\"ListItem\",\"position\":1,\"name\":\"Home\",\"item\":\"https:\/\/ss20.ee\/en\/\"},{\"@type\":\"ListItem\",\"position\":2,\"name\":\"All Products\",\"item\":\"https:\/\/ss20.ee\/en\/shop\/\"},{\"@type\":\"ListItem\",\"position\":3,\"name\":\"Amplifier Plena amlifier Bosch LBB 1925\/10\"}]},{\"@type\":\"WebSite\",\"@id\":\"https:\/\/ss20.ee\/en\/#website\",\"url\":\"https:\/\/ss20.ee\/en\/\",\"name\":\"Spets Service\",\"description\":\"ARVUTITE M\u00dc\u00dcK JA REMONT\",\"publisher\":{\"@id\":\"https:\/\/ss20.ee\/en\/#organization\"},\"potentialAction\":[{\"@type\":\"SearchAction\",\"target\":{\"@type\":\"EntryPoint\",\"urlTemplate\":\"https:\/\/ss20.ee\/en\/?s={search_term_string}\"},\"query-input\":{\"@type\":\"PropertyValueSpecification\",\"valueRequired\":true,\"valueName\":\"search_term_string\"}}],\"inLanguage\":\"en-US\"},{\"@type\":\"Organization\",\"@id\":\"https:\/\/ss20.ee\/en\/#organization\",\"name\":\"Spets Service\",\"alternateName\":\"Spets Service\",\"url\":\"https:\/\/ss20.ee\/en\/\",\"logo\":{\"@type\":\"ImageObject\",\"inLanguage\":\"en-US\",\"@id\":\"https:\/\/ss20.ee\/en\/#\/schema\/logo\/image\/\",\"url\":\"https:\/\/ss20.ee\/wp-content\/uploads\/2024\/11\/Untitled-design-9.png\",\"contentUrl\":\"https:\/\/ss20.ee\/wp-content\/uploads\/2024\/11\/Untitled-design-9.png\",\"width\":1772,\"height\":354,\"caption\":\"Spets Service\"},\"image\":{\"@id\":\"https:\/\/ss20.ee\/en\/#\/schema\/logo\/image\/\"},\"sameAs\":[\"https:\/\/www.facebook.com\/applearvutid\",\"https:\/\/www.instagram.com\/ss20_apple_arvutid\/\"]}]}<\/script>\n<!-- \/ Yoast SEO Premium plugin. -->","yoast_head_json":{"title":"Amplifier Plena amlifier Bosch LBB 1925\/10 - SPETS SERVICE","description":"Amplifier Plena amlifier Bosch LBB 1925\/10 \u2013 kvaliteetne ja t\u00f6\u00f6kindel valik. Kontrollitud ja hooldatud. Kiire kohaletoimetamine Tallinnas ja \u00fcle Eesti.","robots":{"index":"index","follow":"follow","max-snippet":"max-snippet:-1","max-image-preview":"max-image-preview:large","max-video-preview":"max-video-preview:-1"},"canonical":"https:\/\/ss20.ee\/en\/shop\/voimendi-plena-v-111\/","og_locale":"en_US","og_type":"article","og_title":"Amplifier Plena amlifier Bosch LBB 1925\/10","og_description":"Amplifier Plena amlifier Bosch LBB 1925\/10 \u2013 kvaliteetne ja t\u00f6\u00f6kindel valik. Kontrollitud ja hooldatud. Kiire kohaletoimetamine Tallinnas ja \u00fcle Eesti.","og_url":"https:\/\/ss20.ee\/en\/shop\/voimendi-plena-v-111\/","og_site_name":"SPETS SERVICE","article_publisher":"https:\/\/www.facebook.com\/applearvutid","article_modified_time":"2025-10-21T13:07:17+00:00","og_image":[{"width":800,"height":800,"url":"https:\/\/ss20.ee\/wp-content\/uploads\/2025\/10\/IMG_1762.jpg","type":"image\/jpeg"}],"twitter_card":"summary_large_image","twitter_misc":{"Est. reading time":"1 minute"},"schema":{"@context":"https:\/\/schema.org","@graph":[{"@type":"WebPage","@id":"https:\/\/ss20.ee\/en\/shop\/voimendi-plena-v-111\/","url":"https:\/\/ss20.ee\/en\/shop\/voimendi-plena-v-111\/","name":"Amplifier Plena amlifier Bosch LBB 1925\/10 - SPETS SERVICE","isPartOf":{"@id":"https:\/\/ss20.ee\/en\/#website"},"primaryImageOfPage":{"@id":"https:\/\/ss20.ee\/en\/shop\/voimendi-plena-v-111\/#primaryimage"},"image":{"@id":"https:\/\/ss20.ee\/en\/shop\/voimendi-plena-v-111\/#primaryimage"},"thumbnailUrl":"https:\/\/ss20.ee\/wp-content\/uploads\/2025\/10\/IMG_1762.jpg","datePublished":"2025-10-21T13:04:41+00:00","dateModified":"2025-10-21T13:07:17+00:00","description":"Amplifier Plena amlifier Bosch LBB 1925\/10 \u2013 kvaliteetne ja t\u00f6\u00f6kindel valik. Kontrollitud ja hooldatud. Kiire kohaletoimetamine Tallinnas ja \u00fcle Eesti.","breadcrumb":{"@id":"https:\/\/ss20.ee\/en\/shop\/voimendi-plena-v-111\/#breadcrumb"},"inLanguage":"en-US","potentialAction":[{"@type":"ReadAction","target":["https:\/\/ss20.ee\/en\/shop\/voimendi-plena-v-111\/"]}]},{"@type":"ImageObject","inLanguage":"en-US","@id":"https:\/\/ss20.ee\/en\/shop\/voimendi-plena-v-111\/#primaryimage","url":"https:\/\/ss20.ee\/wp-content\/uploads\/2025\/10\/IMG_1762.jpg","contentUrl":"https:\/\/ss20.ee\/wp-content\/uploads\/2025\/10\/IMG_1762.jpg","width":800,"height":800},{"@type":"BreadcrumbList","@id":"https:\/\/ss20.ee\/en\/shop\/voimendi-plena-v-111\/#breadcrumb","itemListElement":[{"@type":"ListItem","position":1,"name":"Home","item":"https:\/\/ss20.ee\/en\/"},{"@type":"ListItem","position":2,"name":"All Products","item":"https:\/\/ss20.ee\/en\/shop\/"},{"@type":"ListItem","position":3,"name":"Amplifier Plena amlifier Bosch LBB 1925\/10"}]},{"@type":"WebSite","@id":"https:\/\/ss20.ee\/en\/#website","url":"https:\/\/ss20.ee\/en\/","name":"Spets Service","description":"ARVUTITE M\u00dc\u00dcK JA REMONT","publisher":{"@id":"https:\/\/ss20.ee\/en\/#organization"},"potentialAction":[{"@type":"SearchAction","target":{"@type":"EntryPoint","urlTemplate":"https:\/\/ss20.ee\/en\/?s={search_term_string}"},"query-input":{"@type":"PropertyValueSpecification","valueRequired":true,"valueName":"search_term_string"}}],"inLanguage":"en-US"},{"@type":"Organization","@id":"https:\/\/ss20.ee\/en\/#organization","name":"Spets Service","alternateName":"Spets Service","url":"https:\/\/ss20.ee\/en\/","logo":{"@type":"ImageObject","inLanguage":"en-US","@id":"https:\/\/ss20.ee\/en\/#\/schema\/logo\/image\/","url":"https:\/\/ss20.ee\/wp-content\/uploads\/2024\/11\/Untitled-design-9.png","contentUrl":"https:\/\/ss20.ee\/wp-content\/uploads\/2024\/11\/Untitled-design-9.png","width":1772,"height":354,"caption":"Spets Service"},"image":{"@id":"https:\/\/ss20.ee\/en\/#\/schema\/logo\/image\/"},"sameAs":["https:\/\/www.facebook.com\/applearvutid","https:\/\/www.instagram.com\/ss20_apple_arvutid\/"]}]}},"_links":{"self":[{"href":"https:\/\/ss20.ee\/en\/wp-json\/wp\/v2\/product\/45371","targetHints":{"allow":["GET"]}}],"collection":[{"href":"https:\/\/ss20.ee\/en\/wp-json\/wp\/v2\/product"}],"about":[{"href":"https:\/\/ss20.ee\/en\/wp-json\/wp\/v2\/types\/product"}],"wp:featuredmedia":[{"embeddable":true,"href":"https:\/\/ss20.ee\/en\/wp-json\/wp\/v2\/media\/45366"}],"wp:attachment":[{"href":"https:\/\/ss20.ee\/en\/wp-json\/wp\/v2\/media?parent=45371"}],"wp:term":[{"taxonomy":"product_brand","embeddable":true,"href":"https:\/\/ss20.ee\/en\/wp-json\/wp\/v2\/product_brand?post=45371"},{"taxonomy":"product_cat","embeddable":true,"href":"https:\/\/ss20.ee\/en\/wp-json\/wp\/v2\/product_cat?post=45371"},{"taxonomy":"product_tag","embeddable":true,"href":"https:\/\/ss20.ee\/en\/wp-json\/wp\/v2\/product_tag?post=45371"}],"curies":[{"name":"wp","href":"https:\/\/api.w.org\/{rel}","templated":true}]}}