{"id":22544,"date":"2019-03-19T10:55:30","date_gmt":"2019-03-19T10:55:30","guid":{"rendered":"https:\/\/ss20.ee\/wishlist\/"},"modified":"2019-03-19T10:55:30","modified_gmt":"2019-03-19T10:55:30","slug":"wishlist","status":"publish","type":"page","link":"https:\/\/ss20.ee\/ru\/wishlist\/","title":{"rendered":"wishlist"},"content":{"rendered":"\n\t\t\t\t\n\n\n\n\n<form\n\tid=\"yith-wcwl-form\"\n\taction=\"https:\/\/ss20.ee\/ru\/wishlist\/\"\n\tmethod=\"post\"\n\tclass=\"woocommerce yith-wcwl-form wishlist-fragment\"\n\tdata-fragment-options=\"{&quot;per_page&quot;:5,&quot;current_page&quot;:1,&quot;pagination&quot;:&quot;no&quot;,&quot;wishlist_id&quot;:false,&quot;action_params&quot;:false,&quot;no_interactions&quot;:false,&quot;layout&quot;:&quot;&quot;,&quot;wishlist&quot;:false,&quot;is_default&quot;:true,&quot;is_custom_list&quot;:false,&quot;wishlist_token&quot;:&quot;&quot;,&quot;is_private&quot;:false,&quot;count&quot;:0,&quot;page_title&quot;:&quot;\\u041c\\u043e\\u0439 \\u0441\\u043f\\u0438\\u0441\\u043e\\u043a \\u0436\\u0435\\u043b\\u0430\\u043d\\u0438\\u0439&quot;,&quot;default_wishlsit_title&quot;:&quot;\\u041c\\u043e\\u0439 \\u0441\\u043f\\u0438\\u0441\\u043e\\u043a \\u0436\\u0435\\u043b\\u0430\\u043d\\u0438\\u0439&quot;,&quot;page_links&quot;:false,&quot;is_user_logged_in&quot;:false,&quot;is_user_owner&quot;:true,&quot;can_user_edit_title&quot;:false,&quot;show_price&quot;:true,&quot;show_dateadded&quot;:true,&quot;show_stock_status&quot;:true,&quot;show_add_to_cart&quot;:true,&quot;show_remove_product&quot;:true,&quot;add_to_cart_text&quot;:&quot;Add to Cart&quot;,&quot;show_ask_estimate_button&quot;:false,&quot;ask_estimate_url&quot;:&quot;&quot;,&quot;price_excl_tax&quot;:false,&quot;show_cb&quot;:false,&quot;show_quantity&quot;:false,&quot;show_variation&quot;:false,&quot;show_price_variations&quot;:false,&quot;show_update&quot;:false,&quot;enable_drag_n_drop&quot;:false,&quot;enable_add_all_to_cart&quot;:false,&quot;move_to_another_wishlist&quot;:false,&quot;repeat_remove_button&quot;:false,&quot;show_last_column&quot;:true,&quot;heading_icon&quot;:&quot;&quot;,&quot;share_enabled&quot;:false,&quot;template_part&quot;:&quot;view&quot;,&quot;additional_info&quot;:false,&quot;available_multi_wishlist&quot;:false,&quot;form_action&quot;:&quot;https:\\\/\\\/ss20.ee\\\/ru\\\/wishlist\\\/&quot;,&quot;item&quot;:&quot;wishlist&quot;}\"\n>\n\n\t<!-- TITLE -->\n\t\t\t<div class=\"wishlist-title-container\">\n\t\t\t<div class=\"wishlist-title \">\n\t\t\t\t<h2>\u041c\u043e\u0439 \u0441\u043f\u0438\u0441\u043e\u043a \u0436\u0435\u043b\u0430\u043d\u0438\u0439<\/h2>\t\t\t\t\t\t\t<\/div>\n\t\t\t\t\t<\/div>\n\t\n\n<!-- WISHLIST TABLE -->\n<table\n\tclass=\"shop_table cart wishlist_table wishlist_view traditional responsive   \"\n\tdata-pagination=\"no\" data-per-page=\"5\" data-page=\"1\"\n\tdata-id=\"\" data-token=\"\">\n\n\t\n\t<thead>\n\t<tr>\n\t\t\n\t\t\t\t\t\t\t\t<th class=\"product-remove\">\n\t\t\t\t<span class=\"nobr\">\n\t\t\t\t\t\t\t\t\t<\/span>\n\t\t\t<\/th>\n\t\t\n\t\t<th class=\"product-thumbnail\"><\/th>\n\n\t\t<th class=\"product-name\">\n\t\t\t<span class=\"nobr\">\n\t\t\t\t\u041d\u0430\u0437\u0432\u0430\u043d\u0438\u0435 \u0442\u043e\u0432\u0430\u0440\u0430\t\t\t<\/span>\n\t\t<\/th>\n\n\t\t\t\t\t\t\t\t<th class=\"product-price\">\n\t\t\t\t<span class=\"nobr\">\n\t\t\t\t\t\u0426\u0435\u043d\u0430 \u0437\u0430 \u0448\u0442.\t\t\t\t<\/span>\n\t\t\t<\/th>\n\t\t\n\t\t\n\t\t\t\t\t\t\t\t<th class=\"product-stock-status\">\n\t\t\t\t<span class=\"nobr\">\n\t\t\t\t\t\u0421\u0442\u0430\u0442\u0443\u0441 \u043d\u0430\u043b\u0438\u0447\u0438\u044f\t\t\t\t<\/span>\n\t\t\t<\/th>\n\t\t\n\t\t\t\t\t\t\t\t<th class=\"product-add-to-cart\">\n\t\t\t\t<span class=\"nobr\">\n\t\t\t\t\t\t\t\t\t<\/span>\n\t\t\t<\/th>\n\t\t\n\t\t\t<\/tr>\n\t<\/thead>\n\n\t<tbody class=\"wishlist-items-wrapper\">\n\t\t\t<tr>\n\t\t\t\t\t\t<td colspan=\"6\" class=\"wishlist-empty\">\u0412 \u0441\u043f\u0438\u0441\u043a\u0435 \u0436\u0435\u043b\u0430\u043d\u0438\u0439 \u043d\u0435\u0442 \u043d\u0438 \u043e\u0434\u043d\u043e\u0433\u043e \u0442\u043e\u0432\u0430\u0440\u0430<\/td>\n\t\t<\/tr>\n\t\t\t<\/tbody>\n\n<\/table>\n\n<div class=\"yith_wcwl_wishlist_footer\">\n\t\n\n\t\n\n\t\n\t<\/div>\n\n<input type=\"hidden\" id=\"yith_wcwl_edit_wishlist\" name=\"yith_wcwl_edit_wishlist\" value=\"269762a096\" \/><input type=\"hidden\" name=\"_wp_http_referer\" value=\"\/ru\/wp-json\/wp\/v2\/pages\/22544\" \/><input type=\"hidden\" value=\"\" name=\"wishlist_id\" id=\"wishlist_id\">\n\n\n<\/form>\n\n\n\n\n\n\n\n<p><\/p>\n\t\t","protected":false},"excerpt":{"rendered":"","protected":false},"author":1,"featured_media":0,"parent":0,"menu_order":0,"comment_status":"closed","ping_status":"closed","template":"","meta":{"footnotes":""},"class_list":["post-22544","page","type-page","status-publish","hentry"],"yoast_head":"<!-- This site is optimized with the Yoast SEO Premium plugin v25.2 (Yoast SEO v26.4) - https:\/\/yoast.com\/wordpress\/plugins\/seo\/ -->\n<title>wishlist - SPETS SERVICE<\/title>\n<meta name=\"description\" content=\"\u041f\u0440\u043e\u0434\u0430\u0436\u0430 \u0431\/\u0443 \u043a\u043e\u043c\u043f\u044c\u044e\u0442\u0435\u0440\u043e\u0432 \u0432 \u0422\u0430\u043b\u043b\u0438\u043d\u0435 \u0438 \u043f\u043e \u0432\u0441\u0435\u0439 \u042d\u0441\u0442\u043e\u043d\u0438\u0438. MacBook, \u043d\u043e\u0443\u0442\u0431\u0443\u043a\u0438 \u0438 \u043d\u0430\u0441\u0442\u043e\u043b\u044c\u043d\u044b\u0435 \u043a\u043e\u043c\u043f\u044c\u044e\u0442\u0435\u0440\u044b. \u0422\u0430\u043a\u0436\u0435 \u043f\u0440\u0435\u0434\u043b\u0430\u0433\u0430\u0435\u043c \u0440\u0435\u043c\u043e\u043d\u0442 \u043a\u043e\u043c\u043f\u044c\u044e\u0442\u0435\u0440\u043e\u0432 \u0438 \u044d\u043b\u0435\u043a\u0442\u0440\u043e\u043d\u0438\u043a\u0438. \u041f\u0440\u043e\u0432\u0435\u0440\u0435\u043d\u043d\u044b\u0435, \u043d\u0430\u0434\u0451\u0436\u043d\u044b\u0435 \u0443\u0441\u0442\u0440\u043e\u0439\u0441\u0442\u0432\u0430 \u0441 \u0433\u0430\u0440\u0430\u043d\u0442\u0438\u0435\u0439.\" \/>\n<meta name=\"robots\" content=\"index, follow, max-snippet:-1, max-image-preview:large, max-video-preview:-1\" \/>\n<link rel=\"canonical\" href=\"https:\/\/ss20.ee\/ru\/wishlist\/\" \/>\n<meta property=\"og:locale\" content=\"ru_RU\" \/>\n<meta property=\"og:type\" content=\"article\" \/>\n<meta property=\"og:title\" content=\"wishlist\" \/>\n<meta property=\"og:description\" content=\"Kasutatud arvutid m\u00fc\u00fcgiks Tallinnas ja \u00fcle Eesti. MacBook, s\u00fclearvutid ja lauaarvutid. Pakume ka arvutite ja elektroonika remonti. Kontrollitud ja t\u00f6\u00f6kindlad. Kiire kohaletoimetamine \u00fcle kogu Eesti.\" \/>\n<meta property=\"og:url\" content=\"https:\/\/ss20.ee\/ru\/wishlist\/\" \/>\n<meta property=\"og:site_name\" content=\"SPETS SERVICE\" \/>\n<meta property=\"article:publisher\" content=\"https:\/\/www.facebook.com\/applearvutid\" \/>\n<meta property=\"og:image\" content=\"https:\/\/ss20.ee\/wp-content\/uploads\/2025\/05\/seo.jpg\" \/>\n\t<meta property=\"og:image:width\" content=\"1200\" \/>\n\t<meta property=\"og:image:height\" content=\"675\" \/>\n\t<meta property=\"og:image:type\" content=\"image\/jpeg\" \/>\n<meta name=\"twitter:card\" content=\"summary_large_image\" \/>\n<script type=\"application\/ld+json\" class=\"yoast-schema-graph\">{\"@context\":\"https:\/\/schema.org\",\"@graph\":[{\"@type\":\"WebPage\",\"@id\":\"https:\/\/ss20.ee\/ru\/wishlist\/\",\"url\":\"https:\/\/ss20.ee\/ru\/wishlist\/\",\"name\":\"wishlist - SPETS SERVICE\",\"isPartOf\":{\"@id\":\"https:\/\/ss20.ee\/ru\/#website\"},\"datePublished\":\"2019-03-19T10:55:30+00:00\",\"description\":\"\u041f\u0440\u043e\u0434\u0430\u0436\u0430 \u0431\/\u0443 \u043a\u043e\u043c\u043f\u044c\u044e\u0442\u0435\u0440\u043e\u0432 \u0432 \u0422\u0430\u043b\u043b\u0438\u043d\u0435 \u0438 \u043f\u043e \u0432\u0441\u0435\u0439 \u042d\u0441\u0442\u043e\u043d\u0438\u0438. MacBook, \u043d\u043e\u0443\u0442\u0431\u0443\u043a\u0438 \u0438 \u043d\u0430\u0441\u0442\u043e\u043b\u044c\u043d\u044b\u0435 \u043a\u043e\u043c\u043f\u044c\u044e\u0442\u0435\u0440\u044b. \u0422\u0430\u043a\u0436\u0435 \u043f\u0440\u0435\u0434\u043b\u0430\u0433\u0430\u0435\u043c \u0440\u0435\u043c\u043e\u043d\u0442 \u043a\u043e\u043c\u043f\u044c\u044e\u0442\u0435\u0440\u043e\u0432 \u0438 \u044d\u043b\u0435\u043a\u0442\u0440\u043e\u043d\u0438\u043a\u0438. \u041f\u0440\u043e\u0432\u0435\u0440\u0435\u043d\u043d\u044b\u0435, \u043d\u0430\u0434\u0451\u0436\u043d\u044b\u0435 \u0443\u0441\u0442\u0440\u043e\u0439\u0441\u0442\u0432\u0430 \u0441 \u0433\u0430\u0440\u0430\u043d\u0442\u0438\u0435\u0439.\",\"breadcrumb\":{\"@id\":\"https:\/\/ss20.ee\/ru\/wishlist\/#breadcrumb\"},\"inLanguage\":\"ru-RU\",\"potentialAction\":[{\"@type\":\"ReadAction\",\"target\":[\"https:\/\/ss20.ee\/ru\/wishlist\/\"]}]},{\"@type\":\"BreadcrumbList\",\"@id\":\"https:\/\/ss20.ee\/ru\/wishlist\/#breadcrumb\",\"itemListElement\":[{\"@type\":\"ListItem\",\"position\":1,\"name\":\"Home\",\"item\":\"https:\/\/ss20.ee\/ru\/\"},{\"@type\":\"ListItem\",\"position\":2,\"name\":\"wishlist\"}]},{\"@type\":\"WebSite\",\"@id\":\"https:\/\/ss20.ee\/ru\/#website\",\"url\":\"https:\/\/ss20.ee\/ru\/\",\"name\":\"Spets Service\",\"description\":\"ARVUTITE M\u00dc\u00dcK JA REMONT\",\"publisher\":{\"@id\":\"https:\/\/ss20.ee\/ru\/#organization\"},\"potentialAction\":[{\"@type\":\"SearchAction\",\"target\":{\"@type\":\"EntryPoint\",\"urlTemplate\":\"https:\/\/ss20.ee\/ru\/?s={search_term_string}\"},\"query-input\":{\"@type\":\"PropertyValueSpecification\",\"valueRequired\":true,\"valueName\":\"search_term_string\"}}],\"inLanguage\":\"ru-RU\"},{\"@type\":\"Organization\",\"@id\":\"https:\/\/ss20.ee\/ru\/#organization\",\"name\":\"Spets Service\",\"alternateName\":\"Spets Service\",\"url\":\"https:\/\/ss20.ee\/ru\/\",\"logo\":{\"@type\":\"ImageObject\",\"inLanguage\":\"ru-RU\",\"@id\":\"https:\/\/ss20.ee\/ru\/#\/schema\/logo\/image\/\",\"url\":\"https:\/\/ss20.ee\/wp-content\/uploads\/2024\/11\/Untitled-design-9.png\",\"contentUrl\":\"https:\/\/ss20.ee\/wp-content\/uploads\/2024\/11\/Untitled-design-9.png\",\"width\":1772,\"height\":354,\"caption\":\"Spets Service\"},\"image\":{\"@id\":\"https:\/\/ss20.ee\/ru\/#\/schema\/logo\/image\/\"},\"sameAs\":[\"https:\/\/www.facebook.com\/applearvutid\",\"https:\/\/www.instagram.com\/ss20_apple_arvutid\/\"]}]}<\/script>\n<!-- \/ Yoast SEO Premium plugin. -->","yoast_head_json":{"title":"wishlist - SPETS SERVICE","description":"\u041f\u0440\u043e\u0434\u0430\u0436\u0430 \u0431\/\u0443 \u043a\u043e\u043c\u043f\u044c\u044e\u0442\u0435\u0440\u043e\u0432 \u0432 \u0422\u0430\u043b\u043b\u0438\u043d\u0435 \u0438 \u043f\u043e \u0432\u0441\u0435\u0439 \u042d\u0441\u0442\u043e\u043d\u0438\u0438. MacBook, \u043d\u043e\u0443\u0442\u0431\u0443\u043a\u0438 \u0438 \u043d\u0430\u0441\u0442\u043e\u043b\u044c\u043d\u044b\u0435 \u043a\u043e\u043c\u043f\u044c\u044e\u0442\u0435\u0440\u044b. \u0422\u0430\u043a\u0436\u0435 \u043f\u0440\u0435\u0434\u043b\u0430\u0433\u0430\u0435\u043c \u0440\u0435\u043c\u043e\u043d\u0442 \u043a\u043e\u043c\u043f\u044c\u044e\u0442\u0435\u0440\u043e\u0432 \u0438 \u044d\u043b\u0435\u043a\u0442\u0440\u043e\u043d\u0438\u043a\u0438. \u041f\u0440\u043e\u0432\u0435\u0440\u0435\u043d\u043d\u044b\u0435, \u043d\u0430\u0434\u0451\u0436\u043d\u044b\u0435 \u0443\u0441\u0442\u0440\u043e\u0439\u0441\u0442\u0432\u0430 \u0441 \u0433\u0430\u0440\u0430\u043d\u0442\u0438\u0435\u0439.","robots":{"index":"index","follow":"follow","max-snippet":"max-snippet:-1","max-image-preview":"max-image-preview:large","max-video-preview":"max-video-preview:-1"},"canonical":"https:\/\/ss20.ee\/ru\/wishlist\/","og_locale":"ru_RU","og_type":"article","og_title":"wishlist","og_description":"Kasutatud arvutid m\u00fc\u00fcgiks Tallinnas ja \u00fcle Eesti. MacBook, s\u00fclearvutid ja lauaarvutid. Pakume ka arvutite ja elektroonika remonti. Kontrollitud ja t\u00f6\u00f6kindlad. Kiire kohaletoimetamine \u00fcle kogu Eesti.","og_url":"https:\/\/ss20.ee\/ru\/wishlist\/","og_site_name":"SPETS SERVICE","article_publisher":"https:\/\/www.facebook.com\/applearvutid","og_image":[{"width":1200,"height":675,"url":"https:\/\/ss20.ee\/wp-content\/uploads\/2025\/05\/seo.jpg","type":"image\/jpeg"}],"twitter_card":"summary_large_image","schema":{"@context":"https:\/\/schema.org","@graph":[{"@type":"WebPage","@id":"https:\/\/ss20.ee\/ru\/wishlist\/","url":"https:\/\/ss20.ee\/ru\/wishlist\/","name":"wishlist - SPETS SERVICE","isPartOf":{"@id":"https:\/\/ss20.ee\/ru\/#website"},"datePublished":"2019-03-19T10:55:30+00:00","description":"\u041f\u0440\u043e\u0434\u0430\u0436\u0430 \u0431\/\u0443 \u043a\u043e\u043c\u043f\u044c\u044e\u0442\u0435\u0440\u043e\u0432 \u0432 \u0422\u0430\u043b\u043b\u0438\u043d\u0435 \u0438 \u043f\u043e \u0432\u0441\u0435\u0439 \u042d\u0441\u0442\u043e\u043d\u0438\u0438. MacBook, \u043d\u043e\u0443\u0442\u0431\u0443\u043a\u0438 \u0438 \u043d\u0430\u0441\u0442\u043e\u043b\u044c\u043d\u044b\u0435 \u043a\u043e\u043c\u043f\u044c\u044e\u0442\u0435\u0440\u044b. \u0422\u0430\u043a\u0436\u0435 \u043f\u0440\u0435\u0434\u043b\u0430\u0433\u0430\u0435\u043c \u0440\u0435\u043c\u043e\u043d\u0442 \u043a\u043e\u043c\u043f\u044c\u044e\u0442\u0435\u0440\u043e\u0432 \u0438 \u044d\u043b\u0435\u043a\u0442\u0440\u043e\u043d\u0438\u043a\u0438. \u041f\u0440\u043e\u0432\u0435\u0440\u0435\u043d\u043d\u044b\u0435, \u043d\u0430\u0434\u0451\u0436\u043d\u044b\u0435 \u0443\u0441\u0442\u0440\u043e\u0439\u0441\u0442\u0432\u0430 \u0441 \u0433\u0430\u0440\u0430\u043d\u0442\u0438\u0435\u0439.","breadcrumb":{"@id":"https:\/\/ss20.ee\/ru\/wishlist\/#breadcrumb"},"inLanguage":"ru-RU","potentialAction":[{"@type":"ReadAction","target":["https:\/\/ss20.ee\/ru\/wishlist\/"]}]},{"@type":"BreadcrumbList","@id":"https:\/\/ss20.ee\/ru\/wishlist\/#breadcrumb","itemListElement":[{"@type":"ListItem","position":1,"name":"Home","item":"https:\/\/ss20.ee\/ru\/"},{"@type":"ListItem","position":2,"name":"wishlist"}]},{"@type":"WebSite","@id":"https:\/\/ss20.ee\/ru\/#website","url":"https:\/\/ss20.ee\/ru\/","name":"Spets Service","description":"ARVUTITE M\u00dc\u00dcK JA REMONT","publisher":{"@id":"https:\/\/ss20.ee\/ru\/#organization"},"potentialAction":[{"@type":"SearchAction","target":{"@type":"EntryPoint","urlTemplate":"https:\/\/ss20.ee\/ru\/?s={search_term_string}"},"query-input":{"@type":"PropertyValueSpecification","valueRequired":true,"valueName":"search_term_string"}}],"inLanguage":"ru-RU"},{"@type":"Organization","@id":"https:\/\/ss20.ee\/ru\/#organization","name":"Spets Service","alternateName":"Spets Service","url":"https:\/\/ss20.ee\/ru\/","logo":{"@type":"ImageObject","inLanguage":"ru-RU","@id":"https:\/\/ss20.ee\/ru\/#\/schema\/logo\/image\/","url":"https:\/\/ss20.ee\/wp-content\/uploads\/2024\/11\/Untitled-design-9.png","contentUrl":"https:\/\/ss20.ee\/wp-content\/uploads\/2024\/11\/Untitled-design-9.png","width":1772,"height":354,"caption":"Spets Service"},"image":{"@id":"https:\/\/ss20.ee\/ru\/#\/schema\/logo\/image\/"},"sameAs":["https:\/\/www.facebook.com\/applearvutid","https:\/\/www.instagram.com\/ss20_apple_arvutid\/"]}]}},"_links":{"self":[{"href":"https:\/\/ss20.ee\/ru\/wp-json\/wp\/v2\/pages\/22544","targetHints":{"allow":["GET"]}}],"collection":[{"href":"https:\/\/ss20.ee\/ru\/wp-json\/wp\/v2\/pages"}],"about":[{"href":"https:\/\/ss20.ee\/ru\/wp-json\/wp\/v2\/types\/page"}],"author":[{"embeddable":true,"href":"https:\/\/ss20.ee\/ru\/wp-json\/wp\/v2\/users\/1"}],"replies":[{"embeddable":true,"href":"https:\/\/ss20.ee\/ru\/wp-json\/wp\/v2\/comments?post=22544"}],"version-history":[{"count":0,"href":"https:\/\/ss20.ee\/ru\/wp-json\/wp\/v2\/pages\/22544\/revisions"}],"wp:attachment":[{"href":"https:\/\/ss20.ee\/ru\/wp-json\/wp\/v2\/media?parent=22544"}],"curies":[{"name":"wp","href":"https:\/\/api.w.org\/{rel}","templated":true}]}}