{"id":17098,"date":"2020-01-16T13:59:47","date_gmt":"2020-01-21T11:00:56","guid":{"rendered":"https:\/\/ss20.ee\/product\/macbook-pro-13-2009\/"},"modified":"2022-12-07T14:05:42","modified_gmt":"2022-12-07T14:05:42","slug":"macbook-pro-13-2009","status":"publish","type":"product","link":"https:\/\/ss20.ee\/ru\/shop\/macbook-pro-13-2009\/","title":{"rendered":"MacBook Pro 13&#8243;"},"content":{"rendered":"<p><strong>\u041d\u0430\u0437\u0432\u0430\u043d\u0438\u0435:<\/strong> MacBook Pro 13\u2033 2009<br \/>\n<strong><span class=\"tlid-translation translation\" lang=\"en\"><span class=\"\" title=\"\">\u041e\u043f\u0435\u0440\u0430\u0442\u0438\u0432\u043d\u0430\u044f \u0441\u0438\u0441\u0442\u0435\u043c\u0430<\/span><\/span>:<\/strong> OS X Yosemite 10.10.5<br \/>\n<strong>\u0416\u0435\u0441\u0442\u043a\u0438\u0439 \u0434\u0438\u0441\u043a:<\/strong> 120 GB SSD (\u041d\u043e\u0432\u044b\u0439)<br \/>\n<strong><span class=\"tlid-translation translation\" lang=\"et\"><span class=\"\" title=\"\">\u041f\u0440\u043e\u0446\u0435\u0441\u0441\u043e\u0440:<\/span><\/span><\/strong> 2,26 GHz Intel Core 2 Duo<br \/>\n<strong>\u042d\u043a\u0440\u0430\u043d<span class=\"tlid-translation translation\" lang=\"et\"><span class=\"\" title=\"\">:<\/span><\/span>\u00a0<\/strong> 13\u2033<br \/>\n<strong><span class=\"tlid-translation translation\" lang=\"en\"><span class=\"\" title=\"\">\u041f\u0430\u043c\u044f\u0442\u044c<\/span><\/span><span class=\"tlid-translation translation\" lang=\"et\"><span class=\"\" title=\"\">:<\/span><\/span><\/strong> 4 GB<br \/>\n<strong><span class=\"tlid-translation translation\" lang=\"en\"><span class=\"\" title=\"\">\u0411\u0430\u0442\u0430\u0440\u0435\u044f<\/span><\/span>:<\/strong> Cycle count 784<br \/>\n<strong>\u0417\u0430\u0440\u044f\u0434\u043d\u043e\u0435 \u0443\u0441\u0442\u0440\u043e\u0439\u0441\u0442\u0432\u043e:<\/strong> \u041d\u0435\u0442<br \/>\n<strong>\u0421\u043e\u0441\u0442\u043e\u044f\u043d\u0438\u0435:\u00a0<\/strong><span id=\"cch_f31a7418af7e9e\" class=\"_mh6 _wsc\"><span class=\"_3oh- _58nk\"> <span class=\"tlid-translation translation\" lang=\"en\"><span class=\"\" title=\"\"><span class=\"tlid-translation translation\" lang=\"ru\">\u0415\u0441\u0442\u044c \u0446\u0430\u0440\u0430\u043f\u0438\u043d\u044b \u0438 \u0434\u0440\u0443\u0433\u0438\u0435 \u0434\u0435\u0444\u0435\u043a\u0442\u044b \u043d\u0430 \u043a\u043e\u0440\u043f\u0443\u0441\u0435 \u043a\u043e\u043c\u043f\u044c\u044e\u0442\u0435\u0440\u0430. \u041a\u043e\u043c\u043f\u044c\u044e\u0442\u0435\u0440\u043d\u0430\u044f \u044d\u043b\u0435\u043a\u0442\u0440\u043e\u043d\u0438\u043a\u0430 \u0438 \u0434\u0440\u0443\u0433\u0438\u0435 \u043a\u043e\u043c\u043f\u043b\u0435\u043a\u0442\u0443\u044e\u0449\u0438\u0435 \u0432 \u0440\u0430\u0431\u043e\u0447\u0435\u043c \u0441\u043e\u0441\u0442\u043e\u044f\u043d\u0438\u0438.<\/span><\/span><\/span><\/span><\/span><\/p>\n<p style=\"text-align: justify;\"><span class=\"tlid-translation translation\" lang=\"ru\"><span class=\"\" title=\"\">\u041e\u0440\u0438\u0433\u0438\u043d\u0430\u043b\u044c\u043d\u0430\u044f WIFI-\u043a\u0430\u0440\u0442\u0430 \u043a\u043e\u043c\u043f\u044c\u044e\u0442\u0435\u0440\u0430 \u043d\u0435 \u0440\u0430\u0431\u043e\u0442\u0430\u0435\u0442.<\/span> <span class=\"\" title=\"\">\u0417\u0430\u043c\u0435\u043d\u0430 USB \u0447\u0435\u0440\u0435\u0437 WIFI, \u043d\u043e \u043d\u0435 \u043e\u0447\u0435\u043d\u044c \u0431\u044b\u0441\u0442\u0440\u0430\u044f.<\/span> <span class=\"\" title=\"\">\u041f\u0440\u043e\u0432\u043e\u0434\u043d\u043e\u0439 \u0438\u043d\u0442\u0435\u0440\u043d\u0435\u0442 \u0438\u043c\u0435\u0435\u0442 \u0441\u043a\u043e\u0440\u043e\u0441\u0442\u044c \u044d\u0442\u043e\u0439 \u043c\u0430\u0448\u0438\u043d\u044b \u0438 \u043c\u043e\u0436\u0435\u0442 \u0431\u044b\u0442\u044c \u0438\u0441\u043f\u043e\u043b\u044c\u0437\u043e\u0432\u0430\u043d.<\/span> <span class=\"\" title=\"\">\u0410\u043a\u043a\u0443\u043c\u0443\u043b\u044f\u0442\u043e\u0440 \u0440\u0430\u0431\u043e\u0442\u0430\u0435\u0442, \u043d\u043e \u0435\u0433\u043e \u043d\u0435\u043e\u0431\u0445\u043e\u0434\u0438\u043c\u043e \u0437\u0430\u043c\u0435\u043d\u0438\u0442\u044c.<\/span> <span class=\"\" title=\"\">\u041c\u044b \u043f\u0440\u043e\u0434\u0430\u0435\u043c \u044d\u0442\u043e \u043a\u0430\u0447\u0435\u0441\u0442\u0432\u043e \u043f\u043e \u0441\u043d\u0438\u0436\u0435\u043d\u043d\u043e\u0439 \u0446\u0435\u043d\u0435 \u0431\u0435\u0437 \u043a\u0430\u043a\u0438\u0445-\u043b\u0438\u0431\u043e \u0433\u0430\u0440\u0430\u043d\u0442\u0438\u0439 \u0438\u043b\u0438 \u0432\u043e\u0437\u043c\u0435\u0449\u0435\u043d\u0438\u0439.<\/span> <span class=\"\" title=\"\">\u0415\u0441\u043b\u0438 \u0445\u043e\u0442\u0438\u0442\u0435, \u043f\u0440\u0438\u0445\u043e\u0434\u0438\u0442\u0435 \u043d\u0430\u00a0 Tehnika 24 \u0434\u043b\u044f \u0431\u043e\u043b\u0435\u0435 \u0434\u0435\u0442\u0430\u043b\u044c\u043d\u043e\u0433\u043e \u0438\u0437\u0443\u0447\u0435\u043d\u0438\u044f.<\/span><\/span><\/p>\n<p><strong>\u0413\u0430\u0440\u0430\u043d\u0442\u0438\u044f: <\/strong>1 \u043c\u0435\u0441\u044f\u0446<\/p>\n","protected":false},"excerpt":{"rendered":"<p>\u041d\u0430\u0437\u0432\u0430\u043d\u0438\u0435: MacBook Pro 13\u2033 2009 \u041e\u043f\u0435\u0440\u0430\u0442\u0438\u0432\u043d\u0430\u044f \u0441\u0438\u0441\u0442\u0435\u043c\u0430: OS X Yosemite 10.10.5 \u0416\u0435\u0441\u0442\u043a\u0438\u0439 \u0434\u0438\u0441\u043a: 120 GB SSD (\u041d\u043e\u0432\u044b\u0439) \u041f\u0440\u043e\u0446\u0435\u0441\u0441\u043e\u0440: 2,26 GHz Intel Core 2 Duo \u042d\u043a\u0440\u0430\u043d:\u00a0 13\u2033 \u041f\u0430\u043c\u044f\u0442\u044c: 4 GB \u0411\u0430\u0442\u0430\u0440\u0435\u044f: Cycle count 784 \u0417\u0430\u0440\u044f\u0434\u043d\u043e\u0435 \u0443\u0441\u0442\u0440\u043e\u0439\u0441\u0442\u0432\u043e: \u041d\u0435\u0442 \u0421\u043e\u0441\u0442\u043e\u044f\u043d\u0438\u0435:\u00a0 \u0415\u0441\u0442\u044c \u0446\u0430\u0440\u0430\u043f\u0438\u043d\u044b \u0438 \u0434\u0440\u0443\u0433\u0438\u0435 \u0434\u0435\u0444\u0435\u043a\u0442\u044b \u043d\u0430 \u043a\u043e\u0440\u043f\u0443\u0441\u0435 \u043a\u043e\u043c\u043f\u044c\u044e\u0442\u0435\u0440\u0430. \u041a\u043e\u043c\u043f\u044c\u044e\u0442\u0435\u0440\u043d\u0430\u044f \u044d\u043b\u0435\u043a\u0442\u0440\u043e\u043d\u0438\u043a\u0430 \u0438 \u0434\u0440\u0443\u0433\u0438\u0435 \u043a\u043e\u043c\u043f\u043b\u0435\u043a\u0442\u0443\u044e\u0449\u0438\u0435&hellip; <\/p>\n","protected":false},"featured_media":18388,"template":"","meta":[],"product_brand":[],"product_cat":[627,620,621],"product_tag":[],"class_list":{"0":"post-17098","1":"product","2":"type-product","3":"status-publish","4":"has-post-thumbnail","6":"product_cat-kompyutery","7":"product_cat-macbook-pro-en","8":"product_cat-macbook-pro-ru","10":"first","11":"outofstock","12":"sale","13":"purchasable","14":"product-type-simple"},"yoast_head":"<!-- This site is optimized with the Yoast SEO Premium plugin v25.2 (Yoast SEO v26.4) - https:\/\/yoast.com\/wordpress\/plugins\/seo\/ -->\n<title>MacBook Pro 13&quot; - SPETS SERVICE<\/title>\n<meta name=\"description\" content=\"MacBook Pro 13&quot; \u2013 kvaliteetne ja t\u00f6\u00f6kindel valik. Kontrollitud ja hooldatud. Kiire kohaletoimetamine Tallinnas ja \u00fcle Eesti.\" \/>\n<meta name=\"robots\" content=\"index, follow, max-snippet:-1, max-image-preview:large, max-video-preview:-1\" \/>\n<link rel=\"canonical\" href=\"https:\/\/ss20.ee\/ru\/shop\/macbook-pro-13-2009\/\" \/>\n<meta property=\"og:locale\" content=\"ru_RU\" \/>\n<meta property=\"og:type\" content=\"article\" \/>\n<meta property=\"og:title\" content=\"MacBook Pro 13&quot;\" \/>\n<meta property=\"og:description\" content=\"MacBook Pro 13&quot; \u2013 kvaliteetne ja t\u00f6\u00f6kindel valik. Kontrollitud ja hooldatud. Kiire kohaletoimetamine Tallinnas ja \u00fcle Eesti.\" \/>\n<meta property=\"og:url\" content=\"https:\/\/ss20.ee\/ru\/shop\/macbook-pro-13-2009\/\" \/>\n<meta property=\"og:site_name\" content=\"SPETS SERVICE\" \/>\n<meta property=\"article:publisher\" content=\"https:\/\/www.facebook.com\/applearvutid\" \/>\n<meta property=\"article:modified_time\" content=\"2022-12-07T14:05:42+00:00\" \/>\n<meta property=\"og:image\" content=\"https:\/\/ss20.ee\/wp-content\/uploads\/2020\/01\/74338564.png\" \/>\n\t<meta property=\"og:image:width\" content=\"500\" \/>\n\t<meta property=\"og:image:height\" content=\"499\" \/>\n\t<meta property=\"og:image:type\" content=\"image\/png\" \/>\n<meta name=\"twitter:card\" content=\"summary_large_image\" \/>\n<script type=\"application\/ld+json\" class=\"yoast-schema-graph\">{\"@context\":\"https:\/\/schema.org\",\"@graph\":[{\"@type\":\"WebPage\",\"@id\":\"https:\/\/ss20.ee\/ru\/shop\/macbook-pro-13-2009\/\",\"url\":\"https:\/\/ss20.ee\/ru\/shop\/macbook-pro-13-2009\/\",\"name\":\"MacBook Pro 13\\\" - SPETS SERVICE\",\"isPartOf\":{\"@id\":\"https:\/\/ss20.ee\/ru\/#website\"},\"primaryImageOfPage\":{\"@id\":\"https:\/\/ss20.ee\/ru\/shop\/macbook-pro-13-2009\/#primaryimage\"},\"image\":{\"@id\":\"https:\/\/ss20.ee\/ru\/shop\/macbook-pro-13-2009\/#primaryimage\"},\"thumbnailUrl\":\"https:\/\/ss20.ee\/wp-content\/uploads\/2020\/01\/74338564.png\",\"datePublished\":\"2020-01-21T11:00:56+00:00\",\"dateModified\":\"2022-12-07T14:05:42+00:00\",\"description\":\"MacBook Pro 13\\\" \u2013 kvaliteetne ja t\u00f6\u00f6kindel valik. Kontrollitud ja hooldatud. Kiire kohaletoimetamine Tallinnas ja \u00fcle Eesti.\",\"breadcrumb\":{\"@id\":\"https:\/\/ss20.ee\/ru\/shop\/macbook-pro-13-2009\/#breadcrumb\"},\"inLanguage\":\"ru-RU\",\"potentialAction\":[{\"@type\":\"ReadAction\",\"target\":[\"https:\/\/ss20.ee\/ru\/shop\/macbook-pro-13-2009\/\"]}]},{\"@type\":\"ImageObject\",\"inLanguage\":\"ru-RU\",\"@id\":\"https:\/\/ss20.ee\/ru\/shop\/macbook-pro-13-2009\/#primaryimage\",\"url\":\"https:\/\/ss20.ee\/wp-content\/uploads\/2020\/01\/74338564.png\",\"contentUrl\":\"https:\/\/ss20.ee\/wp-content\/uploads\/2020\/01\/74338564.png\",\"width\":500,\"height\":499},{\"@type\":\"BreadcrumbList\",\"@id\":\"https:\/\/ss20.ee\/ru\/shop\/macbook-pro-13-2009\/#breadcrumb\",\"itemListElement\":[{\"@type\":\"ListItem\",\"position\":1,\"name\":\"Home\",\"item\":\"https:\/\/ss20.ee\/ru\/\"},{\"@type\":\"ListItem\",\"position\":2,\"name\":\"\u0412\u0421\u0415 \u0422\u041e\u0412\u0410\u0420\u042b\",\"item\":\"https:\/\/ss20.ee\/ru\/shop\/\"},{\"@type\":\"ListItem\",\"position\":3,\"name\":\"MacBook Pro 13&#8243;\"}]},{\"@type\":\"WebSite\",\"@id\":\"https:\/\/ss20.ee\/ru\/#website\",\"url\":\"https:\/\/ss20.ee\/ru\/\",\"name\":\"Spets Service\",\"description\":\"ARVUTITE M\u00dc\u00dcK JA REMONT\",\"publisher\":{\"@id\":\"https:\/\/ss20.ee\/ru\/#organization\"},\"potentialAction\":[{\"@type\":\"SearchAction\",\"target\":{\"@type\":\"EntryPoint\",\"urlTemplate\":\"https:\/\/ss20.ee\/ru\/?s={search_term_string}\"},\"query-input\":{\"@type\":\"PropertyValueSpecification\",\"valueRequired\":true,\"valueName\":\"search_term_string\"}}],\"inLanguage\":\"ru-RU\"},{\"@type\":\"Organization\",\"@id\":\"https:\/\/ss20.ee\/ru\/#organization\",\"name\":\"Spets Service\",\"alternateName\":\"Spets Service\",\"url\":\"https:\/\/ss20.ee\/ru\/\",\"logo\":{\"@type\":\"ImageObject\",\"inLanguage\":\"ru-RU\",\"@id\":\"https:\/\/ss20.ee\/ru\/#\/schema\/logo\/image\/\",\"url\":\"https:\/\/ss20.ee\/wp-content\/uploads\/2024\/11\/Untitled-design-9.png\",\"contentUrl\":\"https:\/\/ss20.ee\/wp-content\/uploads\/2024\/11\/Untitled-design-9.png\",\"width\":1772,\"height\":354,\"caption\":\"Spets Service\"},\"image\":{\"@id\":\"https:\/\/ss20.ee\/ru\/#\/schema\/logo\/image\/\"},\"sameAs\":[\"https:\/\/www.facebook.com\/applearvutid\",\"https:\/\/www.instagram.com\/ss20_apple_arvutid\/\"]}]}<\/script>\n<!-- \/ Yoast SEO Premium plugin. -->","yoast_head_json":{"title":"MacBook Pro 13\" - SPETS SERVICE","description":"MacBook Pro 13\" \u2013 kvaliteetne ja t\u00f6\u00f6kindel valik. Kontrollitud ja hooldatud. Kiire kohaletoimetamine Tallinnas ja \u00fcle Eesti.","robots":{"index":"index","follow":"follow","max-snippet":"max-snippet:-1","max-image-preview":"max-image-preview:large","max-video-preview":"max-video-preview:-1"},"canonical":"https:\/\/ss20.ee\/ru\/shop\/macbook-pro-13-2009\/","og_locale":"ru_RU","og_type":"article","og_title":"MacBook Pro 13\"","og_description":"MacBook Pro 13\" \u2013 kvaliteetne ja t\u00f6\u00f6kindel valik. Kontrollitud ja hooldatud. Kiire kohaletoimetamine Tallinnas ja \u00fcle Eesti.","og_url":"https:\/\/ss20.ee\/ru\/shop\/macbook-pro-13-2009\/","og_site_name":"SPETS SERVICE","article_publisher":"https:\/\/www.facebook.com\/applearvutid","article_modified_time":"2022-12-07T14:05:42+00:00","og_image":[{"width":500,"height":499,"url":"https:\/\/ss20.ee\/wp-content\/uploads\/2020\/01\/74338564.png","type":"image\/png"}],"twitter_card":"summary_large_image","schema":{"@context":"https:\/\/schema.org","@graph":[{"@type":"WebPage","@id":"https:\/\/ss20.ee\/ru\/shop\/macbook-pro-13-2009\/","url":"https:\/\/ss20.ee\/ru\/shop\/macbook-pro-13-2009\/","name":"MacBook Pro 13\" - SPETS SERVICE","isPartOf":{"@id":"https:\/\/ss20.ee\/ru\/#website"},"primaryImageOfPage":{"@id":"https:\/\/ss20.ee\/ru\/shop\/macbook-pro-13-2009\/#primaryimage"},"image":{"@id":"https:\/\/ss20.ee\/ru\/shop\/macbook-pro-13-2009\/#primaryimage"},"thumbnailUrl":"https:\/\/ss20.ee\/wp-content\/uploads\/2020\/01\/74338564.png","datePublished":"2020-01-21T11:00:56+00:00","dateModified":"2022-12-07T14:05:42+00:00","description":"MacBook Pro 13\" \u2013 kvaliteetne ja t\u00f6\u00f6kindel valik. Kontrollitud ja hooldatud. Kiire kohaletoimetamine Tallinnas ja \u00fcle Eesti.","breadcrumb":{"@id":"https:\/\/ss20.ee\/ru\/shop\/macbook-pro-13-2009\/#breadcrumb"},"inLanguage":"ru-RU","potentialAction":[{"@type":"ReadAction","target":["https:\/\/ss20.ee\/ru\/shop\/macbook-pro-13-2009\/"]}]},{"@type":"ImageObject","inLanguage":"ru-RU","@id":"https:\/\/ss20.ee\/ru\/shop\/macbook-pro-13-2009\/#primaryimage","url":"https:\/\/ss20.ee\/wp-content\/uploads\/2020\/01\/74338564.png","contentUrl":"https:\/\/ss20.ee\/wp-content\/uploads\/2020\/01\/74338564.png","width":500,"height":499},{"@type":"BreadcrumbList","@id":"https:\/\/ss20.ee\/ru\/shop\/macbook-pro-13-2009\/#breadcrumb","itemListElement":[{"@type":"ListItem","position":1,"name":"Home","item":"https:\/\/ss20.ee\/ru\/"},{"@type":"ListItem","position":2,"name":"\u0412\u0421\u0415 \u0422\u041e\u0412\u0410\u0420\u042b","item":"https:\/\/ss20.ee\/ru\/shop\/"},{"@type":"ListItem","position":3,"name":"MacBook Pro 13&#8243;"}]},{"@type":"WebSite","@id":"https:\/\/ss20.ee\/ru\/#website","url":"https:\/\/ss20.ee\/ru\/","name":"Spets Service","description":"ARVUTITE M\u00dc\u00dcK JA REMONT","publisher":{"@id":"https:\/\/ss20.ee\/ru\/#organization"},"potentialAction":[{"@type":"SearchAction","target":{"@type":"EntryPoint","urlTemplate":"https:\/\/ss20.ee\/ru\/?s={search_term_string}"},"query-input":{"@type":"PropertyValueSpecification","valueRequired":true,"valueName":"search_term_string"}}],"inLanguage":"ru-RU"},{"@type":"Organization","@id":"https:\/\/ss20.ee\/ru\/#organization","name":"Spets Service","alternateName":"Spets Service","url":"https:\/\/ss20.ee\/ru\/","logo":{"@type":"ImageObject","inLanguage":"ru-RU","@id":"https:\/\/ss20.ee\/ru\/#\/schema\/logo\/image\/","url":"https:\/\/ss20.ee\/wp-content\/uploads\/2024\/11\/Untitled-design-9.png","contentUrl":"https:\/\/ss20.ee\/wp-content\/uploads\/2024\/11\/Untitled-design-9.png","width":1772,"height":354,"caption":"Spets Service"},"image":{"@id":"https:\/\/ss20.ee\/ru\/#\/schema\/logo\/image\/"},"sameAs":["https:\/\/www.facebook.com\/applearvutid","https:\/\/www.instagram.com\/ss20_apple_arvutid\/"]}]}},"_links":{"self":[{"href":"https:\/\/ss20.ee\/ru\/wp-json\/wp\/v2\/product\/17098","targetHints":{"allow":["GET"]}}],"collection":[{"href":"https:\/\/ss20.ee\/ru\/wp-json\/wp\/v2\/product"}],"about":[{"href":"https:\/\/ss20.ee\/ru\/wp-json\/wp\/v2\/types\/product"}],"wp:featuredmedia":[{"embeddable":true,"href":"https:\/\/ss20.ee\/ru\/wp-json\/wp\/v2\/media\/18388"}],"wp:attachment":[{"href":"https:\/\/ss20.ee\/ru\/wp-json\/wp\/v2\/media?parent=17098"}],"wp:term":[{"taxonomy":"product_brand","embeddable":true,"href":"https:\/\/ss20.ee\/ru\/wp-json\/wp\/v2\/product_brand?post=17098"},{"taxonomy":"product_cat","embeddable":true,"href":"https:\/\/ss20.ee\/ru\/wp-json\/wp\/v2\/product_cat?post=17098"},{"taxonomy":"product_tag","embeddable":true,"href":"https:\/\/ss20.ee\/ru\/wp-json\/wp\/v2\/product_tag?post=17098"}],"curies":[{"name":"wp","href":"https:\/\/api.w.org\/{rel}","templated":true}]}}