{"id":19354,"date":"2021-01-06T14:31:03","date_gmt":"2021-01-06T14:31:03","guid":{"rendered":"https:\/\/ss20.ee\/product\/macbook-pro-retina-13-2013-2\/"},"modified":"2022-12-07T14:06:44","modified_gmt":"2022-12-07T14:06:44","slug":"macbook-pro-retina-13-2013-2","status":"publish","type":"product","link":"https:\/\/ss20.ee\/ru\/shop\/macbook-pro-retina-13-2013-2\/","title":{"rendered":"MacBook Pro Retina 13\u2033"},"content":{"rendered":"<p><strong>\u041d\u0430\u0437\u0432\u0430\u043d\u0438\u0435:<\/strong> MacBook Pro Retina 13\u2033 2013<br \/>\n<strong>\u041e\u043f\u0435\u0440\u0430\u0442\u0438\u0432\u043d\u0430\u044f \u0441\u0438\u0441\u0442\u0435\u043c\u0430: <\/strong>macOS Big Sur 11.1<br \/>\n<strong>\u0416\u0435\u0441\u0442\u043a\u0438\u0439 \u0434\u0438\u0441\u043a:<\/strong> 256 GB SSD<br \/>\n<strong><span class=\"tlid-translation translation\" lang=\"et\"><span class=\"\" title=\"\">\u041f\u0440\u043e\u0446\u0435\u0441\u0441\u043e\u0440:<\/span><\/span><\/strong> 2,4 GHz Quad-Core Intel Core i5<br \/>\n<strong>\u042d\u043a\u0440\u0430\u043d<span class=\"tlid-translation translation\" lang=\"et\"><span class=\"\" title=\"\">:<\/span><\/span>\u00a0<\/strong> 13\u2033 <strong>\u041d\u041e\u0412\u042b\u0419!<\/strong><br \/>\n<strong>\u041f\u0430\u043c\u044f\u0442\u044c<span class=\"tlid-translation translation\" lang=\"et\"><span class=\"\" title=\"\">:<\/span><\/span><\/strong> 8 GB<br \/>\n<strong>\u0411\u0430\u0442\u0430\u0440\u0435\u044f:<\/strong> Cycle count 930<br \/>\n<strong>\u0417\u0430\u0440\u044f\u0434\u043d\u043e\u0435 \u0443\u0441\u0442\u0440\u043e\u0439\u0441\u0442\u0432\u043e:<\/strong> \u041d\u0435\u0442<br \/>\n<strong>\u0421\u043e\u0441\u0442\u043e\u044f\u043d\u0438\u0435: <\/strong><span id=\"cch_f31a7418af7e9e\" class=\"_mh6 _wsc\"><span class=\"_3oh- _58nk\">\u041a\u043e\u0440\u043f\u0443\u0441 \u043a\u043e\u043c\u043f\u044c\u044e\u0442\u0435\u0440\u0430 \u043f\u043e\u043a\u0430\u0437\u044b\u0432\u0430\u0435\u0442 \u043c\u0430\u043b\u043e \u0441\u043b\u0435\u0434\u043e\u0432 \u0438\u0441\u043f\u043e\u043b\u044c\u0437\u043e\u0432\u0430\u043d\u0438\u044f. <strong>\u041d\u043e\u0432\u044b\u0439 \u044d\u043a\u0440\u0430\u043d<\/strong><\/span><strong>.<\/strong><br \/>\n<strong>\u0413\u0430\u0440\u0430\u043d\u0442\u0438\u044f: <\/strong>3 \u043c\u0435\u0441\u044f\u0446\u0430<\/span><\/p>\n","protected":false},"excerpt":{"rendered":"<p>\u041d\u0430\u0437\u0432\u0430\u043d\u0438\u0435: MacBook Pro Retina 13\u2033 2013 \u041e\u043f\u0435\u0440\u0430\u0442\u0438\u0432\u043d\u0430\u044f \u0441\u0438\u0441\u0442\u0435\u043c\u0430: macOS Big Sur 11.1 \u0416\u0435\u0441\u0442\u043a\u0438\u0439 \u0434\u0438\u0441\u043a: 256 GB SSD \u041f\u0440\u043e\u0446\u0435\u0441\u0441\u043e\u0440: 2,4 GHz Quad-Core Intel Core i5 \u042d\u043a\u0440\u0430\u043d:\u00a0 13\u2033 \u041d\u041e\u0412\u042b\u0419! \u041f\u0430\u043c\u044f\u0442\u044c: 8 GB \u0411\u0430\u0442\u0430\u0440\u0435\u044f: Cycle count 930 \u0417\u0430\u0440\u044f\u0434\u043d\u043e\u0435 \u0443\u0441\u0442\u0440\u043e\u0439\u0441\u0442\u0432\u043e: \u041d\u0435\u0442 \u0421\u043e\u0441\u0442\u043e\u044f\u043d\u0438\u0435: \u041a\u043e\u0440\u043f\u0443\u0441 \u043a\u043e\u043c\u043f\u044c\u044e\u0442\u0435\u0440\u0430 \u043f\u043e\u043a\u0430\u0437\u044b\u0432\u0430\u0435\u0442 \u043c\u0430\u043b\u043e \u0441\u043b\u0435\u0434\u043e\u0432 \u0438\u0441\u043f\u043e\u043b\u044c\u0437\u043e\u0432\u0430\u043d\u0438\u044f. \u041d\u043e\u0432\u044b\u0439 \u044d\u043a\u0440\u0430\u043d. \u0413\u0430\u0440\u0430\u043d\u0442\u0438\u044f: 3 \u043c\u0435\u0441\u044f\u0446\u0430<\/p>\n","protected":false},"featured_media":19351,"template":"","meta":[],"product_brand":[],"product_cat":[627,620,621],"product_tag":[565],"class_list":{"0":"post-19354","1":"product","2":"type-product","3":"status-publish","4":"has-post-thumbnail","6":"product_cat-kompyutery","7":"product_cat-macbook-pro-en","8":"product_cat-macbook-pro-ru","9":"product_tag-macbook-pro-ru","11":"first","12":"outofstock","13":"sale","14":"taxable","15":"shipping-taxable","16":"purchasable","17":"product-type-simple"},"yoast_head":"<!-- This site is optimized with the Yoast SEO Premium plugin v25.2 (Yoast SEO v26.4) - https:\/\/yoast.com\/wordpress\/plugins\/seo\/ -->\n<title>MacBook Pro Retina 13\u2033 - SPETS SERVICE<\/title>\n<meta name=\"description\" content=\"MacBook Pro Retina 13\u2033 \u2013 kvaliteetne ja t\u00f6\u00f6kindel valik. Kontrollitud ja hooldatud. Kiire kohaletoimetamine Tallinnas ja \u00fcle Eesti.\" \/>\n<meta name=\"robots\" content=\"index, follow, max-snippet:-1, max-image-preview:large, max-video-preview:-1\" \/>\n<link rel=\"canonical\" href=\"https:\/\/ss20.ee\/ru\/shop\/macbook-pro-retina-13-2013-2\/\" \/>\n<meta property=\"og:locale\" content=\"ru_RU\" \/>\n<meta property=\"og:type\" content=\"article\" \/>\n<meta property=\"og:title\" content=\"MacBook Pro Retina 13\u2033\" \/>\n<meta property=\"og:description\" content=\"MacBook Pro Retina 13\u2033 \u2013 kvaliteetne ja t\u00f6\u00f6kindel valik. Kontrollitud ja hooldatud. Kiire kohaletoimetamine Tallinnas ja \u00fcle Eesti.\" \/>\n<meta property=\"og:url\" content=\"https:\/\/ss20.ee\/ru\/shop\/macbook-pro-retina-13-2013-2\/\" \/>\n<meta property=\"og:site_name\" content=\"SPETS SERVICE\" \/>\n<meta property=\"article:publisher\" content=\"https:\/\/www.facebook.com\/applearvutid\" \/>\n<meta property=\"article:modified_time\" content=\"2022-12-07T14:06:44+00:00\" \/>\n<meta property=\"og:image\" content=\"https:\/\/ss20.ee\/wp-content\/uploads\/2021\/01\/20210106_161709.jpg\" \/>\n\t<meta property=\"og:image:width\" content=\"1080\" \/>\n\t<meta property=\"og:image:height\" content=\"1005\" \/>\n\t<meta property=\"og:image:type\" content=\"image\/jpeg\" \/>\n<meta name=\"twitter:card\" content=\"summary_large_image\" \/>\n<script type=\"application\/ld+json\" class=\"yoast-schema-graph\">{\"@context\":\"https:\/\/schema.org\",\"@graph\":[{\"@type\":\"WebPage\",\"@id\":\"https:\/\/ss20.ee\/ru\/shop\/macbook-pro-retina-13-2013-2\/\",\"url\":\"https:\/\/ss20.ee\/ru\/shop\/macbook-pro-retina-13-2013-2\/\",\"name\":\"MacBook Pro Retina 13\u2033 - SPETS SERVICE\",\"isPartOf\":{\"@id\":\"https:\/\/ss20.ee\/ru\/#website\"},\"primaryImageOfPage\":{\"@id\":\"https:\/\/ss20.ee\/ru\/shop\/macbook-pro-retina-13-2013-2\/#primaryimage\"},\"image\":{\"@id\":\"https:\/\/ss20.ee\/ru\/shop\/macbook-pro-retina-13-2013-2\/#primaryimage\"},\"thumbnailUrl\":\"https:\/\/ss20.ee\/wp-content\/uploads\/2021\/01\/20210106_161709.jpg\",\"datePublished\":\"2021-01-06T14:31:03+00:00\",\"dateModified\":\"2022-12-07T14:06:44+00:00\",\"description\":\"MacBook Pro Retina 13\u2033 \u2013 kvaliteetne ja t\u00f6\u00f6kindel valik. Kontrollitud ja hooldatud. Kiire kohaletoimetamine Tallinnas ja \u00fcle Eesti.\",\"breadcrumb\":{\"@id\":\"https:\/\/ss20.ee\/ru\/shop\/macbook-pro-retina-13-2013-2\/#breadcrumb\"},\"inLanguage\":\"ru-RU\",\"potentialAction\":[{\"@type\":\"ReadAction\",\"target\":[\"https:\/\/ss20.ee\/ru\/shop\/macbook-pro-retina-13-2013-2\/\"]}]},{\"@type\":\"ImageObject\",\"inLanguage\":\"ru-RU\",\"@id\":\"https:\/\/ss20.ee\/ru\/shop\/macbook-pro-retina-13-2013-2\/#primaryimage\",\"url\":\"https:\/\/ss20.ee\/wp-content\/uploads\/2021\/01\/20210106_161709.jpg\",\"contentUrl\":\"https:\/\/ss20.ee\/wp-content\/uploads\/2021\/01\/20210106_161709.jpg\",\"width\":1080,\"height\":1005},{\"@type\":\"BreadcrumbList\",\"@id\":\"https:\/\/ss20.ee\/ru\/shop\/macbook-pro-retina-13-2013-2\/#breadcrumb\",\"itemListElement\":[{\"@type\":\"ListItem\",\"position\":1,\"name\":\"Home\",\"item\":\"https:\/\/ss20.ee\/ru\/\"},{\"@type\":\"ListItem\",\"position\":2,\"name\":\"\u0412\u0421\u0415 \u0422\u041e\u0412\u0410\u0420\u042b\",\"item\":\"https:\/\/ss20.ee\/ru\/shop\/\"},{\"@type\":\"ListItem\",\"position\":3,\"name\":\"MacBook Pro Retina 13\u2033\"}]},{\"@type\":\"WebSite\",\"@id\":\"https:\/\/ss20.ee\/ru\/#website\",\"url\":\"https:\/\/ss20.ee\/ru\/\",\"name\":\"Spets Service\",\"description\":\"ARVUTITE M\u00dc\u00dcK JA REMONT\",\"publisher\":{\"@id\":\"https:\/\/ss20.ee\/ru\/#organization\"},\"potentialAction\":[{\"@type\":\"SearchAction\",\"target\":{\"@type\":\"EntryPoint\",\"urlTemplate\":\"https:\/\/ss20.ee\/ru\/?s={search_term_string}\"},\"query-input\":{\"@type\":\"PropertyValueSpecification\",\"valueRequired\":true,\"valueName\":\"search_term_string\"}}],\"inLanguage\":\"ru-RU\"},{\"@type\":\"Organization\",\"@id\":\"https:\/\/ss20.ee\/ru\/#organization\",\"name\":\"Spets Service\",\"alternateName\":\"Spets Service\",\"url\":\"https:\/\/ss20.ee\/ru\/\",\"logo\":{\"@type\":\"ImageObject\",\"inLanguage\":\"ru-RU\",\"@id\":\"https:\/\/ss20.ee\/ru\/#\/schema\/logo\/image\/\",\"url\":\"https:\/\/ss20.ee\/wp-content\/uploads\/2024\/11\/Untitled-design-9.png\",\"contentUrl\":\"https:\/\/ss20.ee\/wp-content\/uploads\/2024\/11\/Untitled-design-9.png\",\"width\":1772,\"height\":354,\"caption\":\"Spets Service\"},\"image\":{\"@id\":\"https:\/\/ss20.ee\/ru\/#\/schema\/logo\/image\/\"},\"sameAs\":[\"https:\/\/www.facebook.com\/applearvutid\",\"https:\/\/www.instagram.com\/ss20_apple_arvutid\/\"]}]}<\/script>\n<!-- \/ Yoast SEO Premium plugin. -->","yoast_head_json":{"title":"MacBook Pro Retina 13\u2033 - SPETS SERVICE","description":"MacBook Pro Retina 13\u2033 \u2013 kvaliteetne ja t\u00f6\u00f6kindel valik. Kontrollitud ja hooldatud. Kiire kohaletoimetamine Tallinnas ja \u00fcle Eesti.","robots":{"index":"index","follow":"follow","max-snippet":"max-snippet:-1","max-image-preview":"max-image-preview:large","max-video-preview":"max-video-preview:-1"},"canonical":"https:\/\/ss20.ee\/ru\/shop\/macbook-pro-retina-13-2013-2\/","og_locale":"ru_RU","og_type":"article","og_title":"MacBook Pro Retina 13\u2033","og_description":"MacBook Pro Retina 13\u2033 \u2013 kvaliteetne ja t\u00f6\u00f6kindel valik. Kontrollitud ja hooldatud. Kiire kohaletoimetamine Tallinnas ja \u00fcle Eesti.","og_url":"https:\/\/ss20.ee\/ru\/shop\/macbook-pro-retina-13-2013-2\/","og_site_name":"SPETS SERVICE","article_publisher":"https:\/\/www.facebook.com\/applearvutid","article_modified_time":"2022-12-07T14:06:44+00:00","og_image":[{"width":1080,"height":1005,"url":"https:\/\/ss20.ee\/wp-content\/uploads\/2021\/01\/20210106_161709.jpg","type":"image\/jpeg"}],"twitter_card":"summary_large_image","schema":{"@context":"https:\/\/schema.org","@graph":[{"@type":"WebPage","@id":"https:\/\/ss20.ee\/ru\/shop\/macbook-pro-retina-13-2013-2\/","url":"https:\/\/ss20.ee\/ru\/shop\/macbook-pro-retina-13-2013-2\/","name":"MacBook Pro Retina 13\u2033 - SPETS SERVICE","isPartOf":{"@id":"https:\/\/ss20.ee\/ru\/#website"},"primaryImageOfPage":{"@id":"https:\/\/ss20.ee\/ru\/shop\/macbook-pro-retina-13-2013-2\/#primaryimage"},"image":{"@id":"https:\/\/ss20.ee\/ru\/shop\/macbook-pro-retina-13-2013-2\/#primaryimage"},"thumbnailUrl":"https:\/\/ss20.ee\/wp-content\/uploads\/2021\/01\/20210106_161709.jpg","datePublished":"2021-01-06T14:31:03+00:00","dateModified":"2022-12-07T14:06:44+00:00","description":"MacBook Pro Retina 13\u2033 \u2013 kvaliteetne ja t\u00f6\u00f6kindel valik. Kontrollitud ja hooldatud. Kiire kohaletoimetamine Tallinnas ja \u00fcle Eesti.","breadcrumb":{"@id":"https:\/\/ss20.ee\/ru\/shop\/macbook-pro-retina-13-2013-2\/#breadcrumb"},"inLanguage":"ru-RU","potentialAction":[{"@type":"ReadAction","target":["https:\/\/ss20.ee\/ru\/shop\/macbook-pro-retina-13-2013-2\/"]}]},{"@type":"ImageObject","inLanguage":"ru-RU","@id":"https:\/\/ss20.ee\/ru\/shop\/macbook-pro-retina-13-2013-2\/#primaryimage","url":"https:\/\/ss20.ee\/wp-content\/uploads\/2021\/01\/20210106_161709.jpg","contentUrl":"https:\/\/ss20.ee\/wp-content\/uploads\/2021\/01\/20210106_161709.jpg","width":1080,"height":1005},{"@type":"BreadcrumbList","@id":"https:\/\/ss20.ee\/ru\/shop\/macbook-pro-retina-13-2013-2\/#breadcrumb","itemListElement":[{"@type":"ListItem","position":1,"name":"Home","item":"https:\/\/ss20.ee\/ru\/"},{"@type":"ListItem","position":2,"name":"\u0412\u0421\u0415 \u0422\u041e\u0412\u0410\u0420\u042b","item":"https:\/\/ss20.ee\/ru\/shop\/"},{"@type":"ListItem","position":3,"name":"MacBook Pro Retina 13\u2033"}]},{"@type":"WebSite","@id":"https:\/\/ss20.ee\/ru\/#website","url":"https:\/\/ss20.ee\/ru\/","name":"Spets Service","description":"ARVUTITE M\u00dc\u00dcK JA REMONT","publisher":{"@id":"https:\/\/ss20.ee\/ru\/#organization"},"potentialAction":[{"@type":"SearchAction","target":{"@type":"EntryPoint","urlTemplate":"https:\/\/ss20.ee\/ru\/?s={search_term_string}"},"query-input":{"@type":"PropertyValueSpecification","valueRequired":true,"valueName":"search_term_string"}}],"inLanguage":"ru-RU"},{"@type":"Organization","@id":"https:\/\/ss20.ee\/ru\/#organization","name":"Spets Service","alternateName":"Spets Service","url":"https:\/\/ss20.ee\/ru\/","logo":{"@type":"ImageObject","inLanguage":"ru-RU","@id":"https:\/\/ss20.ee\/ru\/#\/schema\/logo\/image\/","url":"https:\/\/ss20.ee\/wp-content\/uploads\/2024\/11\/Untitled-design-9.png","contentUrl":"https:\/\/ss20.ee\/wp-content\/uploads\/2024\/11\/Untitled-design-9.png","width":1772,"height":354,"caption":"Spets Service"},"image":{"@id":"https:\/\/ss20.ee\/ru\/#\/schema\/logo\/image\/"},"sameAs":["https:\/\/www.facebook.com\/applearvutid","https:\/\/www.instagram.com\/ss20_apple_arvutid\/"]}]}},"_links":{"self":[{"href":"https:\/\/ss20.ee\/ru\/wp-json\/wp\/v2\/product\/19354","targetHints":{"allow":["GET"]}}],"collection":[{"href":"https:\/\/ss20.ee\/ru\/wp-json\/wp\/v2\/product"}],"about":[{"href":"https:\/\/ss20.ee\/ru\/wp-json\/wp\/v2\/types\/product"}],"wp:featuredmedia":[{"embeddable":true,"href":"https:\/\/ss20.ee\/ru\/wp-json\/wp\/v2\/media\/19351"}],"wp:attachment":[{"href":"https:\/\/ss20.ee\/ru\/wp-json\/wp\/v2\/media?parent=19354"}],"wp:term":[{"taxonomy":"product_brand","embeddable":true,"href":"https:\/\/ss20.ee\/ru\/wp-json\/wp\/v2\/product_brand?post=19354"},{"taxonomy":"product_cat","embeddable":true,"href":"https:\/\/ss20.ee\/ru\/wp-json\/wp\/v2\/product_cat?post=19354"},{"taxonomy":"product_tag","embeddable":true,"href":"https:\/\/ss20.ee\/ru\/wp-json\/wp\/v2\/product_tag?post=19354"}],"curies":[{"name":"wp","href":"https:\/\/api.w.org\/{rel}","templated":true}]}}