{"id":19396,"date":"2021-01-07T12:03:25","date_gmt":"2021-01-07T12:03:25","guid":{"rendered":"https:\/\/ss20.ee\/?post_type=product&#038;p=19396"},"modified":"2022-12-07T14:11:49","modified_gmt":"2022-12-07T14:11:49","slug":"iphone-6-32gb","status":"publish","type":"product","link":"https:\/\/ss20.ee\/ru\/shop\/iphone-6-32gb\/","title":{"rendered":"Iphone 6 32GB"},"content":{"rendered":"<div>\n<div>\n<div>\n<div>\n<div>\n<div class=\"product_inf_options_box_desc_even_row\"><strong>\u0420\u0430\u0437\u043c\u0435\u0440 \u044d\u043a\u0440\u0430\u043d\u0430:<\/strong> 4,7\u2033(11,94 c\u043c)<\/div>\n<div>\n<div class=\"product_inf_options_box_desc_odd_row\"><strong>\u041e\u0441\u043d\u043e\u0432\u043d\u0430\u044f \u043a\u0430\u043c\u0435\u0440\u0430:<\/strong> 8 Mpix<\/div>\n<div>\n<div class=\"product_inf_options_box_desc_even_row\"><strong>\u0412\u0441\u0442\u0440\u043e\u0435\u043d\u043d\u0430\u044f \u043f\u0430\u043c\u044f\u0442\u044c \u0442\u0435\u043b\u0435\u0444\u043e\u043d\u0430:<\/strong> 32 GB<\/div>\n<div>\n<div class=\"product_inf_options_box_desc_odd_row\"><strong>\u041f\u0440\u043e\u0446\u0435\u0441\u0441\u043e\u0440:<\/strong> Apple A8<\/div>\n<\/div>\n<\/div>\n<\/div>\n<p><span class=\"VIiyi\" lang=\"ru\"><span class=\"JLqJ4b ChMk0b\" data-language-for-alternatives=\"ru\" data-language-to-translate-into=\"et\" data-phrase-index=\"0\"><strong>\u0417\u0430\u0440\u044f\u0434\u043d\u043e\u0435 \u0443\u0441\u0442\u0440\u043e\u0439\u0441\u0442\u0432\u043e:<\/strong> \u041d\u0435\u0442<\/span> <\/span><br \/>\n<span class=\"VIiyi\" lang=\"ru\"><span class=\"JLqJ4b ChMk0b\" data-language-for-alternatives=\"ru\" data-language-to-translate-into=\"et\" data-phrase-index=\"2\"><strong>\u0421\u043e\u0441\u0442\u043e\u044f\u043d\u0438\u0435:<\/strong> \u041d\u0430 \u043a\u043e\u0440\u043f\u0443\u0441\u0435 \u043c\u0430\u043b\u043e \u0441\u043b\u0435\u0434\u043e\u0432 \u0438\u0441\u043f\u043e\u043b\u044c\u0437\u043e\u0432\u0430\u043d\u0438\u044f.<\/span> \u041d\u0430 \u043a\u043e\u0440\u043f\u0443\u0441\u0435 \u043d\u0435\u0431\u043e\u043b\u044c\u0448\u0430\u044f \u0432\u043c\u044f\u0442\u0438\u043d\u0430. <span class=\"JLqJ4b ChMk0b\" data-language-for-alternatives=\"ru\" data-language-to-translate-into=\"et\" data-phrase-index=\"3\">\u041e\u0431\u0449\u0435\u0435 \u0441\u043e\u0441\u0442\u043e\u044f\u043d\u0438\u0435 \u0445\u043e\u0440\u043e\u0448\u0435\u0435.<\/span> <\/span><br \/>\n<span class=\"VIiyi\" lang=\"ru\"><span class=\"JLqJ4b ChMk0b\" data-language-for-alternatives=\"ru\" data-language-to-translate-into=\"et\" data-phrase-index=\"5\"><strong>\u0413\u0430\u0440\u0430\u043d\u0442\u0438\u044f:<\/strong> 1 \u043c\u0435\u0441\u044f\u0446<\/span><\/span><\/p>\n<\/div>\n<\/div>\n<\/div>\n<\/div>\n<\/div>\n","protected":false},"excerpt":{"rendered":"<p>\u0420\u0430\u0437\u043c\u0435\u0440 \u044d\u043a\u0440\u0430\u043d\u0430: 4,7\u2033(11,94 c\u043c) \u041e\u0441\u043d\u043e\u0432\u043d\u0430\u044f \u043a\u0430\u043c\u0435\u0440\u0430: 8 Mpix \u0412\u0441\u0442\u0440\u043e\u0435\u043d\u043d\u0430\u044f \u043f\u0430\u043c\u044f\u0442\u044c \u0442\u0435\u043b\u0435\u0444\u043e\u043d\u0430: 32 GB \u041f\u0440\u043e\u0446\u0435\u0441\u0441\u043e\u0440: Apple A8 \u0417\u0430\u0440\u044f\u0434\u043d\u043e\u0435 \u0443\u0441\u0442\u0440\u043e\u0439\u0441\u0442\u0432\u043e: \u041d\u0435\u0442 \u0421\u043e\u0441\u0442\u043e\u044f\u043d\u0438\u0435: \u041d\u0430 \u043a\u043e\u0440\u043f\u0443\u0441\u0435 \u043c\u0430\u043b\u043e \u0441\u043b\u0435\u0434\u043e\u0432 \u0438\u0441\u043f\u043e\u043b\u044c\u0437\u043e\u0432\u0430\u043d\u0438\u044f. \u041d\u0430 \u043a\u043e\u0440\u043f\u0443\u0441\u0435 \u043d\u0435\u0431\u043e\u043b\u044c\u0448\u0430\u044f \u0432\u043c\u044f\u0442\u0438\u043d\u0430. \u041e\u0431\u0449\u0435\u0435 \u0441\u043e\u0441\u0442\u043e\u044f\u043d\u0438\u0435 \u0445\u043e\u0440\u043e\u0448\u0435\u0435. \u0413\u0430\u0440\u0430\u043d\u0442\u0438\u044f: 1 \u043c\u0435\u0441\u044f\u0446<\/p>\n","protected":false},"featured_media":23054,"template":"","meta":[],"product_brand":[],"product_cat":[16,293],"product_tag":[677],"class_list":{"0":"post-19396","1":"product","2":"type-product","3":"status-publish","4":"has-post-thumbnail","6":"product_cat-apple-computers","7":"product_cat-telefony","8":"product_tag-iphone-ru","10":"first","11":"outofstock","12":"sale","13":"taxable","14":"shipping-taxable","15":"purchasable","16":"product-type-simple"},"yoast_head":"<!-- This site is optimized with the Yoast SEO Premium plugin v25.2 (Yoast SEO v26.4) - https:\/\/yoast.com\/wordpress\/plugins\/seo\/ -->\n<title>Iphone 6 32GB - SPETS SERVICE<\/title>\n<meta name=\"description\" content=\"Iphone 6 32GB \u2013 kvaliteetne ja t\u00f6\u00f6kindel valik. Kontrollitud ja hooldatud. Kiire kohaletoimetamine Tallinnas ja \u00fcle Eesti.\" \/>\n<meta name=\"robots\" content=\"index, follow, max-snippet:-1, max-image-preview:large, max-video-preview:-1\" \/>\n<link rel=\"canonical\" href=\"https:\/\/ss20.ee\/ru\/shop\/iphone-6-32gb\/\" \/>\n<meta property=\"og:locale\" content=\"ru_RU\" \/>\n<meta property=\"og:type\" content=\"article\" \/>\n<meta property=\"og:title\" content=\"Iphone 6 32GB\" \/>\n<meta property=\"og:description\" content=\"Iphone 6 32GB \u2013 kvaliteetne ja t\u00f6\u00f6kindel valik. Kontrollitud ja hooldatud. Kiire kohaletoimetamine Tallinnas ja \u00fcle Eesti.\" \/>\n<meta property=\"og:url\" content=\"https:\/\/ss20.ee\/ru\/shop\/iphone-6-32gb\/\" \/>\n<meta property=\"og:site_name\" content=\"SPETS SERVICE\" \/>\n<meta property=\"article:publisher\" content=\"https:\/\/www.facebook.com\/applearvutid\" \/>\n<meta property=\"article:modified_time\" content=\"2022-12-07T14:11:49+00:00\" \/>\n<meta property=\"og:image\" content=\"https:\/\/ss20.ee\/wp-content\/uploads\/2021\/05\/Iphone-6-Silver-ss20.jpg\" \/>\n\t<meta property=\"og:image:width\" content=\"896\" \/>\n\t<meta property=\"og:image:height\" content=\"896\" \/>\n\t<meta property=\"og:image:type\" content=\"image\/jpeg\" \/>\n<meta name=\"twitter:card\" content=\"summary_large_image\" \/>\n<script type=\"application\/ld+json\" class=\"yoast-schema-graph\">{\"@context\":\"https:\/\/schema.org\",\"@graph\":[{\"@type\":\"WebPage\",\"@id\":\"https:\/\/ss20.ee\/ru\/shop\/iphone-6-32gb\/\",\"url\":\"https:\/\/ss20.ee\/ru\/shop\/iphone-6-32gb\/\",\"name\":\"Iphone 6 32GB - SPETS SERVICE\",\"isPartOf\":{\"@id\":\"https:\/\/ss20.ee\/ru\/#website\"},\"primaryImageOfPage\":{\"@id\":\"https:\/\/ss20.ee\/ru\/shop\/iphone-6-32gb\/#primaryimage\"},\"image\":{\"@id\":\"https:\/\/ss20.ee\/ru\/shop\/iphone-6-32gb\/#primaryimage\"},\"thumbnailUrl\":\"https:\/\/ss20.ee\/wp-content\/uploads\/2021\/05\/Iphone-6-Silver-ss20.jpg\",\"datePublished\":\"2021-01-07T12:03:25+00:00\",\"dateModified\":\"2022-12-07T14:11:49+00:00\",\"description\":\"Iphone 6 32GB \u2013 kvaliteetne ja t\u00f6\u00f6kindel valik. Kontrollitud ja hooldatud. Kiire kohaletoimetamine Tallinnas ja \u00fcle Eesti.\",\"breadcrumb\":{\"@id\":\"https:\/\/ss20.ee\/ru\/shop\/iphone-6-32gb\/#breadcrumb\"},\"inLanguage\":\"ru-RU\",\"potentialAction\":[{\"@type\":\"ReadAction\",\"target\":[\"https:\/\/ss20.ee\/ru\/shop\/iphone-6-32gb\/\"]}]},{\"@type\":\"ImageObject\",\"inLanguage\":\"ru-RU\",\"@id\":\"https:\/\/ss20.ee\/ru\/shop\/iphone-6-32gb\/#primaryimage\",\"url\":\"https:\/\/ss20.ee\/wp-content\/uploads\/2021\/05\/Iphone-6-Silver-ss20.jpg\",\"contentUrl\":\"https:\/\/ss20.ee\/wp-content\/uploads\/2021\/05\/Iphone-6-Silver-ss20.jpg\",\"width\":896,\"height\":896},{\"@type\":\"BreadcrumbList\",\"@id\":\"https:\/\/ss20.ee\/ru\/shop\/iphone-6-32gb\/#breadcrumb\",\"itemListElement\":[{\"@type\":\"ListItem\",\"position\":1,\"name\":\"Home\",\"item\":\"https:\/\/ss20.ee\/ru\/\"},{\"@type\":\"ListItem\",\"position\":2,\"name\":\"\u0412\u0421\u0415 \u0422\u041e\u0412\u0410\u0420\u042b\",\"item\":\"https:\/\/ss20.ee\/ru\/shop\/\"},{\"@type\":\"ListItem\",\"position\":3,\"name\":\"Iphone 6 32GB\"}]},{\"@type\":\"WebSite\",\"@id\":\"https:\/\/ss20.ee\/ru\/#website\",\"url\":\"https:\/\/ss20.ee\/ru\/\",\"name\":\"Spets Service\",\"description\":\"ARVUTITE M\u00dc\u00dcK JA REMONT\",\"publisher\":{\"@id\":\"https:\/\/ss20.ee\/ru\/#organization\"},\"potentialAction\":[{\"@type\":\"SearchAction\",\"target\":{\"@type\":\"EntryPoint\",\"urlTemplate\":\"https:\/\/ss20.ee\/ru\/?s={search_term_string}\"},\"query-input\":{\"@type\":\"PropertyValueSpecification\",\"valueRequired\":true,\"valueName\":\"search_term_string\"}}],\"inLanguage\":\"ru-RU\"},{\"@type\":\"Organization\",\"@id\":\"https:\/\/ss20.ee\/ru\/#organization\",\"name\":\"Spets Service\",\"alternateName\":\"Spets Service\",\"url\":\"https:\/\/ss20.ee\/ru\/\",\"logo\":{\"@type\":\"ImageObject\",\"inLanguage\":\"ru-RU\",\"@id\":\"https:\/\/ss20.ee\/ru\/#\/schema\/logo\/image\/\",\"url\":\"https:\/\/ss20.ee\/wp-content\/uploads\/2024\/11\/Untitled-design-9.png\",\"contentUrl\":\"https:\/\/ss20.ee\/wp-content\/uploads\/2024\/11\/Untitled-design-9.png\",\"width\":1772,\"height\":354,\"caption\":\"Spets Service\"},\"image\":{\"@id\":\"https:\/\/ss20.ee\/ru\/#\/schema\/logo\/image\/\"},\"sameAs\":[\"https:\/\/www.facebook.com\/applearvutid\",\"https:\/\/www.instagram.com\/ss20_apple_arvutid\/\"]}]}<\/script>\n<!-- \/ Yoast SEO Premium plugin. -->","yoast_head_json":{"title":"Iphone 6 32GB - SPETS SERVICE","description":"Iphone 6 32GB \u2013 kvaliteetne ja t\u00f6\u00f6kindel valik. Kontrollitud ja hooldatud. Kiire kohaletoimetamine Tallinnas ja \u00fcle Eesti.","robots":{"index":"index","follow":"follow","max-snippet":"max-snippet:-1","max-image-preview":"max-image-preview:large","max-video-preview":"max-video-preview:-1"},"canonical":"https:\/\/ss20.ee\/ru\/shop\/iphone-6-32gb\/","og_locale":"ru_RU","og_type":"article","og_title":"Iphone 6 32GB","og_description":"Iphone 6 32GB \u2013 kvaliteetne ja t\u00f6\u00f6kindel valik. Kontrollitud ja hooldatud. Kiire kohaletoimetamine Tallinnas ja \u00fcle Eesti.","og_url":"https:\/\/ss20.ee\/ru\/shop\/iphone-6-32gb\/","og_site_name":"SPETS SERVICE","article_publisher":"https:\/\/www.facebook.com\/applearvutid","article_modified_time":"2022-12-07T14:11:49+00:00","og_image":[{"width":896,"height":896,"url":"https:\/\/ss20.ee\/wp-content\/uploads\/2021\/05\/Iphone-6-Silver-ss20.jpg","type":"image\/jpeg"}],"twitter_card":"summary_large_image","schema":{"@context":"https:\/\/schema.org","@graph":[{"@type":"WebPage","@id":"https:\/\/ss20.ee\/ru\/shop\/iphone-6-32gb\/","url":"https:\/\/ss20.ee\/ru\/shop\/iphone-6-32gb\/","name":"Iphone 6 32GB - SPETS SERVICE","isPartOf":{"@id":"https:\/\/ss20.ee\/ru\/#website"},"primaryImageOfPage":{"@id":"https:\/\/ss20.ee\/ru\/shop\/iphone-6-32gb\/#primaryimage"},"image":{"@id":"https:\/\/ss20.ee\/ru\/shop\/iphone-6-32gb\/#primaryimage"},"thumbnailUrl":"https:\/\/ss20.ee\/wp-content\/uploads\/2021\/05\/Iphone-6-Silver-ss20.jpg","datePublished":"2021-01-07T12:03:25+00:00","dateModified":"2022-12-07T14:11:49+00:00","description":"Iphone 6 32GB \u2013 kvaliteetne ja t\u00f6\u00f6kindel valik. Kontrollitud ja hooldatud. Kiire kohaletoimetamine Tallinnas ja \u00fcle Eesti.","breadcrumb":{"@id":"https:\/\/ss20.ee\/ru\/shop\/iphone-6-32gb\/#breadcrumb"},"inLanguage":"ru-RU","potentialAction":[{"@type":"ReadAction","target":["https:\/\/ss20.ee\/ru\/shop\/iphone-6-32gb\/"]}]},{"@type":"ImageObject","inLanguage":"ru-RU","@id":"https:\/\/ss20.ee\/ru\/shop\/iphone-6-32gb\/#primaryimage","url":"https:\/\/ss20.ee\/wp-content\/uploads\/2021\/05\/Iphone-6-Silver-ss20.jpg","contentUrl":"https:\/\/ss20.ee\/wp-content\/uploads\/2021\/05\/Iphone-6-Silver-ss20.jpg","width":896,"height":896},{"@type":"BreadcrumbList","@id":"https:\/\/ss20.ee\/ru\/shop\/iphone-6-32gb\/#breadcrumb","itemListElement":[{"@type":"ListItem","position":1,"name":"Home","item":"https:\/\/ss20.ee\/ru\/"},{"@type":"ListItem","position":2,"name":"\u0412\u0421\u0415 \u0422\u041e\u0412\u0410\u0420\u042b","item":"https:\/\/ss20.ee\/ru\/shop\/"},{"@type":"ListItem","position":3,"name":"Iphone 6 32GB"}]},{"@type":"WebSite","@id":"https:\/\/ss20.ee\/ru\/#website","url":"https:\/\/ss20.ee\/ru\/","name":"Spets Service","description":"ARVUTITE M\u00dc\u00dcK JA REMONT","publisher":{"@id":"https:\/\/ss20.ee\/ru\/#organization"},"potentialAction":[{"@type":"SearchAction","target":{"@type":"EntryPoint","urlTemplate":"https:\/\/ss20.ee\/ru\/?s={search_term_string}"},"query-input":{"@type":"PropertyValueSpecification","valueRequired":true,"valueName":"search_term_string"}}],"inLanguage":"ru-RU"},{"@type":"Organization","@id":"https:\/\/ss20.ee\/ru\/#organization","name":"Spets Service","alternateName":"Spets Service","url":"https:\/\/ss20.ee\/ru\/","logo":{"@type":"ImageObject","inLanguage":"ru-RU","@id":"https:\/\/ss20.ee\/ru\/#\/schema\/logo\/image\/","url":"https:\/\/ss20.ee\/wp-content\/uploads\/2024\/11\/Untitled-design-9.png","contentUrl":"https:\/\/ss20.ee\/wp-content\/uploads\/2024\/11\/Untitled-design-9.png","width":1772,"height":354,"caption":"Spets Service"},"image":{"@id":"https:\/\/ss20.ee\/ru\/#\/schema\/logo\/image\/"},"sameAs":["https:\/\/www.facebook.com\/applearvutid","https:\/\/www.instagram.com\/ss20_apple_arvutid\/"]}]}},"_links":{"self":[{"href":"https:\/\/ss20.ee\/ru\/wp-json\/wp\/v2\/product\/19396","targetHints":{"allow":["GET"]}}],"collection":[{"href":"https:\/\/ss20.ee\/ru\/wp-json\/wp\/v2\/product"}],"about":[{"href":"https:\/\/ss20.ee\/ru\/wp-json\/wp\/v2\/types\/product"}],"wp:featuredmedia":[{"embeddable":true,"href":"https:\/\/ss20.ee\/ru\/wp-json\/wp\/v2\/media\/23054"}],"wp:attachment":[{"href":"https:\/\/ss20.ee\/ru\/wp-json\/wp\/v2\/media?parent=19396"}],"wp:term":[{"taxonomy":"product_brand","embeddable":true,"href":"https:\/\/ss20.ee\/ru\/wp-json\/wp\/v2\/product_brand?post=19396"},{"taxonomy":"product_cat","embeddable":true,"href":"https:\/\/ss20.ee\/ru\/wp-json\/wp\/v2\/product_cat?post=19396"},{"taxonomy":"product_tag","embeddable":true,"href":"https:\/\/ss20.ee\/ru\/wp-json\/wp\/v2\/product_tag?post=19396"}],"curies":[{"name":"wp","href":"https:\/\/api.w.org\/{rel}","templated":true}]}}