{"id":24333,"date":"2022-03-08T12:33:09","date_gmt":"2022-03-08T12:33:09","guid":{"rendered":"https:\/\/ss20.ee\/shop\/apple-mini-displayport-to-vga-adapter\/"},"modified":"2023-02-10T13:40:10","modified_gmt":"2023-02-10T13:40:10","slug":"apple-mini-displayport-to-vga-adapter","status":"publish","type":"product","link":"https:\/\/ss20.ee\/ru\/shop\/apple-mini-displayport-to-vga-adapter\/","title":{"rendered":"Apple Mini DisplayPort to VGA \u0410\u0434\u0430\u043f\u0442\u0435\u0440"},"content":{"rendered":"<p>\u041e\u0440\u0438\u0433\u0438\u043d\u0430\u043b<\/p>\n<p>\u0410\u0434\u0430\u043f\u0442\u0435\u0440 Mini DisplayPort -&gt; DVI \u043f\u043e\u0437\u0432\u043e\u043b\u044f\u0435\u0442 \u043f\u043e\u0434\u043a\u043b\u044e\u0447\u0430\u0442\u044c \u0446\u0438\u0444\u0440\u043e\u0432\u043e\u0439 \u043c\u043e\u043d\u0438\u0442\u043e\u0440 (\u043d\u0430\u043f\u0440\u0438\u043c\u0435\u0440 20- \u0438\u043b\u0438 23-\u0434\u044e\u0439\u043c\u043e\u0432\u044b\u0439 Apple Cinema Display) \u043a Mac \u0441 \u0438\u043d\u0442\u0435\u0440\u0444\u0435\u0439\u0441\u043e\u043c Mini DisplayPort.<\/p>\n<p>\u0412 \u0443\u043f\u0430\u043a\u043e\u0432\u043a\u0435<\/p>\n","protected":false},"excerpt":{"rendered":"<p>\u041e\u0440\u0438\u0433\u0438\u043d\u0430\u043b \u0410\u0434\u0430\u043f\u0442\u0435\u0440 Mini DisplayPort -&gt; DVI \u043f\u043e\u0437\u0432\u043e\u043b\u044f\u0435\u0442 \u043f\u043e\u0434\u043a\u043b\u044e\u0447\u0430\u0442\u044c \u0446\u0438\u0444\u0440\u043e\u0432\u043e\u0439 \u043c\u043e\u043d\u0438\u0442\u043e\u0440 (\u043d\u0430\u043f\u0440\u0438\u043c\u0435\u0440 20- \u0438\u043b\u0438 23-\u0434\u044e\u0439\u043c\u043e\u0432\u044b\u0439 Apple Cinema Display) \u043a Mac \u0441 \u0438\u043d\u0442\u0435\u0440\u0444\u0435\u0439\u0441\u043e\u043c Mini DisplayPort. \u0412 \u0443\u043f\u0430\u043a\u043e\u0432\u043a\u0435<\/p>\n","protected":false},"featured_media":24331,"template":"","meta":[],"product_brand":[],"product_cat":[796,296],"product_tag":[],"class_list":{"0":"post-24333","1":"product","2":"type-product","3":"status-publish","4":"has-post-thumbnail","6":"product_cat-kabeli-i-adaptery","7":"product_cat-komponenti","9":"first","10":"instock","11":"sale","12":"taxable","13":"shipping-taxable","14":"purchasable","15":"product-type-simple"},"yoast_head":"<!-- This site is optimized with the Yoast SEO Premium plugin v25.2 (Yoast SEO v26.4) - https:\/\/yoast.com\/wordpress\/plugins\/seo\/ -->\n<title>Apple Mini DisplayPort to VGA \u0410\u0434\u0430\u043f\u0442\u0435\u0440 - SPETS SERVICE<\/title>\n<meta name=\"description\" content=\"Apple Mini DisplayPort to VGA \u0410\u0434\u0430\u043f\u0442\u0435\u0440 \u2013 kvaliteetne ja t\u00f6\u00f6kindel valik. Kontrollitud ja hooldatud. Kiire kohaletoimetamine Tallinnas ja \u00fcle Eesti.\" \/>\n<meta name=\"robots\" content=\"index, follow, max-snippet:-1, max-image-preview:large, max-video-preview:-1\" \/>\n<link rel=\"canonical\" href=\"https:\/\/ss20.ee\/ru\/shop\/apple-mini-displayport-to-vga-adapter\/\" \/>\n<meta property=\"og:locale\" content=\"ru_RU\" \/>\n<meta property=\"og:type\" content=\"article\" \/>\n<meta property=\"og:title\" content=\"Apple Mini DisplayPort to VGA \u0410\u0434\u0430\u043f\u0442\u0435\u0440\" \/>\n<meta property=\"og:description\" content=\"Apple Mini DisplayPort to VGA \u0410\u0434\u0430\u043f\u0442\u0435\u0440 \u2013 kvaliteetne ja t\u00f6\u00f6kindel valik. Kontrollitud ja hooldatud. Kiire kohaletoimetamine Tallinnas ja \u00fcle Eesti.\" \/>\n<meta property=\"og:url\" content=\"https:\/\/ss20.ee\/ru\/shop\/apple-mini-displayport-to-vga-adapter\/\" \/>\n<meta property=\"og:site_name\" content=\"SPETS SERVICE\" \/>\n<meta property=\"article:publisher\" content=\"https:\/\/www.facebook.com\/applearvutid\" \/>\n<meta property=\"article:modified_time\" content=\"2023-02-10T13:40:10+00:00\" \/>\n<meta property=\"og:image\" content=\"https:\/\/ss20.ee\/wp-content\/uploads\/2022\/03\/936c49cc94deba8010cd7d81ebf4744e.jpg\" \/>\n\t<meta property=\"og:image:width\" content=\"796\" \/>\n\t<meta property=\"og:image:height\" content=\"796\" \/>\n\t<meta property=\"og:image:type\" content=\"image\/jpeg\" \/>\n<meta name=\"twitter:card\" content=\"summary_large_image\" \/>\n<meta name=\"twitter:label1\" content=\"\u041f\u0440\u0438\u043c\u0435\u0440\u043d\u043e\u0435 \u0432\u0440\u0435\u043c\u044f \u0434\u043b\u044f \u0447\u0442\u0435\u043d\u0438\u044f\" \/>\n\t<meta name=\"twitter:data1\" content=\"1 \u043c\u0438\u043d\u0443\u0442\u0430\" \/>\n<script type=\"application\/ld+json\" class=\"yoast-schema-graph\">{\"@context\":\"https:\/\/schema.org\",\"@graph\":[{\"@type\":\"WebPage\",\"@id\":\"https:\/\/ss20.ee\/ru\/shop\/apple-mini-displayport-to-vga-adapter\/\",\"url\":\"https:\/\/ss20.ee\/ru\/shop\/apple-mini-displayport-to-vga-adapter\/\",\"name\":\"Apple Mini DisplayPort to VGA \u0410\u0434\u0430\u043f\u0442\u0435\u0440 - SPETS SERVICE\",\"isPartOf\":{\"@id\":\"https:\/\/ss20.ee\/ru\/#website\"},\"primaryImageOfPage\":{\"@id\":\"https:\/\/ss20.ee\/ru\/shop\/apple-mini-displayport-to-vga-adapter\/#primaryimage\"},\"image\":{\"@id\":\"https:\/\/ss20.ee\/ru\/shop\/apple-mini-displayport-to-vga-adapter\/#primaryimage\"},\"thumbnailUrl\":\"https:\/\/ss20.ee\/wp-content\/uploads\/2022\/03\/936c49cc94deba8010cd7d81ebf4744e.jpg\",\"datePublished\":\"2022-03-08T12:33:09+00:00\",\"dateModified\":\"2023-02-10T13:40:10+00:00\",\"description\":\"Apple Mini DisplayPort to VGA \u0410\u0434\u0430\u043f\u0442\u0435\u0440 \u2013 kvaliteetne ja t\u00f6\u00f6kindel valik. Kontrollitud ja hooldatud. Kiire kohaletoimetamine Tallinnas ja \u00fcle Eesti.\",\"breadcrumb\":{\"@id\":\"https:\/\/ss20.ee\/ru\/shop\/apple-mini-displayport-to-vga-adapter\/#breadcrumb\"},\"inLanguage\":\"ru-RU\",\"potentialAction\":[{\"@type\":\"ReadAction\",\"target\":[\"https:\/\/ss20.ee\/ru\/shop\/apple-mini-displayport-to-vga-adapter\/\"]}]},{\"@type\":\"ImageObject\",\"inLanguage\":\"ru-RU\",\"@id\":\"https:\/\/ss20.ee\/ru\/shop\/apple-mini-displayport-to-vga-adapter\/#primaryimage\",\"url\":\"https:\/\/ss20.ee\/wp-content\/uploads\/2022\/03\/936c49cc94deba8010cd7d81ebf4744e.jpg\",\"contentUrl\":\"https:\/\/ss20.ee\/wp-content\/uploads\/2022\/03\/936c49cc94deba8010cd7d81ebf4744e.jpg\",\"width\":796,\"height\":796},{\"@type\":\"BreadcrumbList\",\"@id\":\"https:\/\/ss20.ee\/ru\/shop\/apple-mini-displayport-to-vga-adapter\/#breadcrumb\",\"itemListElement\":[{\"@type\":\"ListItem\",\"position\":1,\"name\":\"Home\",\"item\":\"https:\/\/ss20.ee\/ru\/\"},{\"@type\":\"ListItem\",\"position\":2,\"name\":\"\u0412\u0421\u0415 \u0422\u041e\u0412\u0410\u0420\u042b\",\"item\":\"https:\/\/ss20.ee\/ru\/shop\/\"},{\"@type\":\"ListItem\",\"position\":3,\"name\":\"Apple Mini DisplayPort to VGA \u0410\u0434\u0430\u043f\u0442\u0435\u0440\"}]},{\"@type\":\"WebSite\",\"@id\":\"https:\/\/ss20.ee\/ru\/#website\",\"url\":\"https:\/\/ss20.ee\/ru\/\",\"name\":\"Spets Service\",\"description\":\"ARVUTITE M\u00dc\u00dcK JA REMONT\",\"publisher\":{\"@id\":\"https:\/\/ss20.ee\/ru\/#organization\"},\"potentialAction\":[{\"@type\":\"SearchAction\",\"target\":{\"@type\":\"EntryPoint\",\"urlTemplate\":\"https:\/\/ss20.ee\/ru\/?s={search_term_string}\"},\"query-input\":{\"@type\":\"PropertyValueSpecification\",\"valueRequired\":true,\"valueName\":\"search_term_string\"}}],\"inLanguage\":\"ru-RU\"},{\"@type\":\"Organization\",\"@id\":\"https:\/\/ss20.ee\/ru\/#organization\",\"name\":\"Spets Service\",\"alternateName\":\"Spets Service\",\"url\":\"https:\/\/ss20.ee\/ru\/\",\"logo\":{\"@type\":\"ImageObject\",\"inLanguage\":\"ru-RU\",\"@id\":\"https:\/\/ss20.ee\/ru\/#\/schema\/logo\/image\/\",\"url\":\"https:\/\/ss20.ee\/wp-content\/uploads\/2024\/11\/Untitled-design-9.png\",\"contentUrl\":\"https:\/\/ss20.ee\/wp-content\/uploads\/2024\/11\/Untitled-design-9.png\",\"width\":1772,\"height\":354,\"caption\":\"Spets Service\"},\"image\":{\"@id\":\"https:\/\/ss20.ee\/ru\/#\/schema\/logo\/image\/\"},\"sameAs\":[\"https:\/\/www.facebook.com\/applearvutid\",\"https:\/\/www.instagram.com\/ss20_apple_arvutid\/\"]}]}<\/script>\n<!-- \/ Yoast SEO Premium plugin. -->","yoast_head_json":{"title":"Apple Mini DisplayPort to VGA \u0410\u0434\u0430\u043f\u0442\u0435\u0440 - SPETS SERVICE","description":"Apple Mini DisplayPort to VGA \u0410\u0434\u0430\u043f\u0442\u0435\u0440 \u2013 kvaliteetne ja t\u00f6\u00f6kindel valik. Kontrollitud ja hooldatud. Kiire kohaletoimetamine Tallinnas ja \u00fcle Eesti.","robots":{"index":"index","follow":"follow","max-snippet":"max-snippet:-1","max-image-preview":"max-image-preview:large","max-video-preview":"max-video-preview:-1"},"canonical":"https:\/\/ss20.ee\/ru\/shop\/apple-mini-displayport-to-vga-adapter\/","og_locale":"ru_RU","og_type":"article","og_title":"Apple Mini DisplayPort to VGA \u0410\u0434\u0430\u043f\u0442\u0435\u0440","og_description":"Apple Mini DisplayPort to VGA \u0410\u0434\u0430\u043f\u0442\u0435\u0440 \u2013 kvaliteetne ja t\u00f6\u00f6kindel valik. Kontrollitud ja hooldatud. Kiire kohaletoimetamine Tallinnas ja \u00fcle Eesti.","og_url":"https:\/\/ss20.ee\/ru\/shop\/apple-mini-displayport-to-vga-adapter\/","og_site_name":"SPETS SERVICE","article_publisher":"https:\/\/www.facebook.com\/applearvutid","article_modified_time":"2023-02-10T13:40:10+00:00","og_image":[{"width":796,"height":796,"url":"https:\/\/ss20.ee\/wp-content\/uploads\/2022\/03\/936c49cc94deba8010cd7d81ebf4744e.jpg","type":"image\/jpeg"}],"twitter_card":"summary_large_image","twitter_misc":{"\u041f\u0440\u0438\u043c\u0435\u0440\u043d\u043e\u0435 \u0432\u0440\u0435\u043c\u044f \u0434\u043b\u044f \u0447\u0442\u0435\u043d\u0438\u044f":"1 \u043c\u0438\u043d\u0443\u0442\u0430"},"schema":{"@context":"https:\/\/schema.org","@graph":[{"@type":"WebPage","@id":"https:\/\/ss20.ee\/ru\/shop\/apple-mini-displayport-to-vga-adapter\/","url":"https:\/\/ss20.ee\/ru\/shop\/apple-mini-displayport-to-vga-adapter\/","name":"Apple Mini DisplayPort to VGA \u0410\u0434\u0430\u043f\u0442\u0435\u0440 - SPETS SERVICE","isPartOf":{"@id":"https:\/\/ss20.ee\/ru\/#website"},"primaryImageOfPage":{"@id":"https:\/\/ss20.ee\/ru\/shop\/apple-mini-displayport-to-vga-adapter\/#primaryimage"},"image":{"@id":"https:\/\/ss20.ee\/ru\/shop\/apple-mini-displayport-to-vga-adapter\/#primaryimage"},"thumbnailUrl":"https:\/\/ss20.ee\/wp-content\/uploads\/2022\/03\/936c49cc94deba8010cd7d81ebf4744e.jpg","datePublished":"2022-03-08T12:33:09+00:00","dateModified":"2023-02-10T13:40:10+00:00","description":"Apple Mini DisplayPort to VGA \u0410\u0434\u0430\u043f\u0442\u0435\u0440 \u2013 kvaliteetne ja t\u00f6\u00f6kindel valik. Kontrollitud ja hooldatud. Kiire kohaletoimetamine Tallinnas ja \u00fcle Eesti.","breadcrumb":{"@id":"https:\/\/ss20.ee\/ru\/shop\/apple-mini-displayport-to-vga-adapter\/#breadcrumb"},"inLanguage":"ru-RU","potentialAction":[{"@type":"ReadAction","target":["https:\/\/ss20.ee\/ru\/shop\/apple-mini-displayport-to-vga-adapter\/"]}]},{"@type":"ImageObject","inLanguage":"ru-RU","@id":"https:\/\/ss20.ee\/ru\/shop\/apple-mini-displayport-to-vga-adapter\/#primaryimage","url":"https:\/\/ss20.ee\/wp-content\/uploads\/2022\/03\/936c49cc94deba8010cd7d81ebf4744e.jpg","contentUrl":"https:\/\/ss20.ee\/wp-content\/uploads\/2022\/03\/936c49cc94deba8010cd7d81ebf4744e.jpg","width":796,"height":796},{"@type":"BreadcrumbList","@id":"https:\/\/ss20.ee\/ru\/shop\/apple-mini-displayport-to-vga-adapter\/#breadcrumb","itemListElement":[{"@type":"ListItem","position":1,"name":"Home","item":"https:\/\/ss20.ee\/ru\/"},{"@type":"ListItem","position":2,"name":"\u0412\u0421\u0415 \u0422\u041e\u0412\u0410\u0420\u042b","item":"https:\/\/ss20.ee\/ru\/shop\/"},{"@type":"ListItem","position":3,"name":"Apple Mini DisplayPort to VGA \u0410\u0434\u0430\u043f\u0442\u0435\u0440"}]},{"@type":"WebSite","@id":"https:\/\/ss20.ee\/ru\/#website","url":"https:\/\/ss20.ee\/ru\/","name":"Spets Service","description":"ARVUTITE M\u00dc\u00dcK JA REMONT","publisher":{"@id":"https:\/\/ss20.ee\/ru\/#organization"},"potentialAction":[{"@type":"SearchAction","target":{"@type":"EntryPoint","urlTemplate":"https:\/\/ss20.ee\/ru\/?s={search_term_string}"},"query-input":{"@type":"PropertyValueSpecification","valueRequired":true,"valueName":"search_term_string"}}],"inLanguage":"ru-RU"},{"@type":"Organization","@id":"https:\/\/ss20.ee\/ru\/#organization","name":"Spets Service","alternateName":"Spets Service","url":"https:\/\/ss20.ee\/ru\/","logo":{"@type":"ImageObject","inLanguage":"ru-RU","@id":"https:\/\/ss20.ee\/ru\/#\/schema\/logo\/image\/","url":"https:\/\/ss20.ee\/wp-content\/uploads\/2024\/11\/Untitled-design-9.png","contentUrl":"https:\/\/ss20.ee\/wp-content\/uploads\/2024\/11\/Untitled-design-9.png","width":1772,"height":354,"caption":"Spets Service"},"image":{"@id":"https:\/\/ss20.ee\/ru\/#\/schema\/logo\/image\/"},"sameAs":["https:\/\/www.facebook.com\/applearvutid","https:\/\/www.instagram.com\/ss20_apple_arvutid\/"]}]}},"_links":{"self":[{"href":"https:\/\/ss20.ee\/ru\/wp-json\/wp\/v2\/product\/24333","targetHints":{"allow":["GET"]}}],"collection":[{"href":"https:\/\/ss20.ee\/ru\/wp-json\/wp\/v2\/product"}],"about":[{"href":"https:\/\/ss20.ee\/ru\/wp-json\/wp\/v2\/types\/product"}],"wp:featuredmedia":[{"embeddable":true,"href":"https:\/\/ss20.ee\/ru\/wp-json\/wp\/v2\/media\/24331"}],"wp:attachment":[{"href":"https:\/\/ss20.ee\/ru\/wp-json\/wp\/v2\/media?parent=24333"}],"wp:term":[{"taxonomy":"product_brand","embeddable":true,"href":"https:\/\/ss20.ee\/ru\/wp-json\/wp\/v2\/product_brand?post=24333"},{"taxonomy":"product_cat","embeddable":true,"href":"https:\/\/ss20.ee\/ru\/wp-json\/wp\/v2\/product_cat?post=24333"},{"taxonomy":"product_tag","embeddable":true,"href":"https:\/\/ss20.ee\/ru\/wp-json\/wp\/v2\/product_tag?post=24333"}],"curies":[{"name":"wp","href":"https:\/\/api.w.org\/{rel}","templated":true}]}}