{"id":25384,"date":"2023-02-16T13:08:37","date_gmt":"2023-02-16T13:08:37","guid":{"rendered":"https:\/\/ss20.ee\/?post_type=product&#038;p=25384"},"modified":"2023-02-16T13:24:08","modified_gmt":"2023-02-16T13:24:08","slug":"apple-airtag-leather-loop","status":"publish","type":"product","link":"https:\/\/ss20.ee\/ru\/shop\/apple-airtag-leather-loop\/","title":{"rendered":"Apple AirTag Leather Loop"},"content":{"rendered":"<p>\u041e\u0440\u0438\u0433\u0438\u043d\u0430\u043b<\/p>\n<p>\u0415\u0432\u0440\u043e\u043f\u0435\u0439\u0441\u043a\u0430\u044f \u043a\u043e\u0436\u0430 \u0441\u043f\u0435\u0446\u0438\u0430\u043b\u044c\u043d\u043e\u0433\u043e \u0434\u0443\u0431\u043b\u0435\u043d\u0438\u044f \u043f\u0440\u0438\u0434\u0430\u0435\u0442 \u044d\u0442\u043e\u0439 \u0443\u043d\u0438\u0432\u0435\u0440\u0441\u0430\u043b\u044c\u043d\u043e\u0439 \u043f\u0435\u0442\u043b\u0435 \u0434\u043e\u043f\u043e\u043b\u043d\u0438\u0442\u0435\u043b\u044c\u043d\u044b\u0439 \u0448\u0442\u0440\u0438\u0445 \u044d\u043b\u0435\u0433\u0430\u043d\u0442\u043d\u043e\u0441\u0442\u0438. \u041e\u043d \u043e\u0441\u0442\u0430\u0435\u0442\u0441\u044f \u043d\u0430\u0434\u0435\u0436\u043d\u043e \u0437\u0430\u043a\u0440\u0435\u043f\u043b\u0435\u043d\u043d\u044b\u043c, \u043d\u0430\u0434\u0435\u0436\u043d\u043e \u0444\u0438\u043a\u0441\u0438\u0440\u0443\u044f AirTag \u043d\u0430 \u043c\u0435\u0441\u0442\u0435, \u043f\u043e\u044d\u0442\u043e\u043c\u0443 \u0432\u044b \u0432\u0441\u0435\u0433\u0434\u0430 \u0437\u043d\u0430\u0435\u0442\u0435, \u0433\u0434\u0435 \u043d\u0430\u0445\u043e\u0434\u044f\u0442\u0441\u044f \u0432\u0430\u0448\u0438 \u043f\u0440\u0435\u0434\u043c\u0435\u0442\u044b.<\/p>\n<p>\u0412 \u0443\u043f\u0430\u043a\u043e\u0432\u043a\u0435<\/p>\n","protected":false},"excerpt":{"rendered":"<p>\u041e\u0440\u0438\u0433\u0438\u043d\u0430\u043b \u0415\u0432\u0440\u043e\u043f\u0435\u0439\u0441\u043a\u0430\u044f \u043a\u043e\u0436\u0430 \u0441\u043f\u0435\u0446\u0438\u0430\u043b\u044c\u043d\u043e\u0433\u043e \u0434\u0443\u0431\u043b\u0435\u043d\u0438\u044f \u043f\u0440\u0438\u0434\u0430\u0435\u0442 \u044d\u0442\u043e\u0439 \u0443\u043d\u0438\u0432\u0435\u0440\u0441\u0430\u043b\u044c\u043d\u043e\u0439 \u043f\u0435\u0442\u043b\u0435 \u0434\u043e\u043f\u043e\u043b\u043d\u0438\u0442\u0435\u043b\u044c\u043d\u044b\u0439 \u0448\u0442\u0440\u0438\u0445 \u044d\u043b\u0435\u0433\u0430\u043d\u0442\u043d\u043e\u0441\u0442\u0438. \u041e\u043d \u043e\u0441\u0442\u0430\u0435\u0442\u0441\u044f \u043d\u0430\u0434\u0435\u0436\u043d\u043e \u0437\u0430\u043a\u0440\u0435\u043f\u043b\u0435\u043d\u043d\u044b\u043c, \u043d\u0430\u0434\u0435\u0436\u043d\u043e \u0444\u0438\u043a\u0441\u0438\u0440\u0443\u044f AirTag \u043d\u0430 \u043c\u0435\u0441\u0442\u0435, \u043f\u043e\u044d\u0442\u043e\u043c\u0443 \u0432\u044b \u0432\u0441\u0435\u0433\u0434\u0430 \u0437\u043d\u0430\u0435\u0442\u0435, \u0433\u0434\u0435 \u043d\u0430\u0445\u043e\u0434\u044f\u0442\u0441\u044f \u0432\u0430\u0448\u0438 \u043f\u0440\u0435\u0434\u043c\u0435\u0442\u044b. \u0412 \u0443\u043f\u0430\u043a\u043e\u0432\u043a\u0435<\/p>\n","protected":false},"featured_media":25393,"template":"","meta":[],"product_brand":[],"product_cat":[796,296],"product_tag":[],"class_list":{"0":"post-25384","1":"product","2":"type-product","3":"status-publish","4":"has-post-thumbnail","6":"product_cat-kabeli-i-adaptery","7":"product_cat-komponenti","9":"first","10":"instock","11":"sale","12":"taxable","13":"shipping-taxable","14":"purchasable","15":"product-type-variable"},"yoast_head":"<!-- This site is optimized with the Yoast SEO Premium plugin v25.2 (Yoast SEO v26.4) - https:\/\/yoast.com\/wordpress\/plugins\/seo\/ -->\n<title>Apple AirTag Leather Loop - SPETS SERVICE<\/title>\n<meta name=\"description\" content=\"\u0415\u0432\u0440\u043e\u043f\u0435\u0439\u0441\u043a\u0430\u044f \u043a\u043e\u0436\u0430 \u0441\u043f\u0435\u0446\u0438\u0430\u043b\u044c\u043d\u043e\u0433\u043e \u0434\u0443\u0431\u043b\u0435\u043d\u0438\u044f \u043f\u0440\u0438\u0434\u0430\u0435\u0442 \u044d\u0442\u043e\u0439 \u0443\u043d\u0438\u0432\u0435\u0440\u0441\u0430\u043b\u044c\u043d\u043e\u0439 \u043f\u0435\u0442\u043b\u0435 \u0434\u043e\u043f\u043e\u043b\u043d\u0438\u0442\u0435\u043b\u044c\u043d\u044b\u0439 \u0448\u0442\u0440\u0438\u0445 \u044d\u043b\u0435\u0433\u0430\u043d\u0442\u043d\u043e\u0441\u0442\u0438. \u041e\u043d \u043e\u0441\u0442\u0430\u0435\u0442\u0441\u044f \u043d\u0430\u0434\u0435\u0436\u043d\u043e \u0437\u0430\u043a\u0440\u0435\u043f\u043b\u0435\u043d\u043d\u044b\u043c, \u043d\u0430\u0434\u0435\u0436\u043d\u043e \u0444\u0438\u043a\u0441\u0438\u0440\u0443\u044f AirTag \u043d\u0430 \u043c\u0435\u0441\u0442\u0435, \u043f\u043e\u044d\u0442\u043e\u043c\u0443 \u0432\u044b \u0432\u0441\u0435\u0433\u0434\u0430 \u0437\u043d\u0430\u0435\u0442\u0435, \u0433\u0434\u0435 \u043d\u0430\u0445\u043e\u0434\u044f\u0442\u0441\u044f \u0432\u0430\u0448\u0438 \u043f\u0440\u0435\u0434\u043c\u0435\u0442\u044b.\" \/>\n<meta name=\"robots\" content=\"index, follow, max-snippet:-1, max-image-preview:large, max-video-preview:-1\" \/>\n<link rel=\"canonical\" href=\"https:\/\/ss20.ee\/ru\/shop\/apple-airtag-leather-loop\/\" \/>\n<meta property=\"og:locale\" content=\"ru_RU\" \/>\n<meta property=\"og:type\" content=\"article\" \/>\n<meta property=\"og:title\" content=\"Apple AirTag Leather Loop\" \/>\n<meta property=\"og:description\" content=\"Apple AirTag Leather Loop \u2013 kvaliteetne ja t\u00f6\u00f6kindel valik. Kontrollitud ja hooldatud. Kiire kohaletoimetamine Tallinnas ja \u00fcle Eesti.\" \/>\n<meta property=\"og:url\" content=\"https:\/\/ss20.ee\/ru\/shop\/apple-airtag-leather-loop\/\" \/>\n<meta property=\"og:site_name\" content=\"SPETS SERVICE\" \/>\n<meta property=\"article:publisher\" content=\"https:\/\/www.facebook.com\/applearvutid\" \/>\n<meta property=\"article:modified_time\" content=\"2023-02-16T13:24:08+00:00\" \/>\n<meta property=\"og:image\" content=\"https:\/\/ss20.ee\/wp-content\/uploads\/2023\/02\/apple-airtag-loop.jpg\" \/>\n\t<meta property=\"og:image:width\" content=\"800\" \/>\n\t<meta property=\"og:image:height\" content=\"800\" \/>\n\t<meta property=\"og:image:type\" content=\"image\/jpeg\" \/>\n<meta name=\"twitter:card\" content=\"summary_large_image\" \/>\n<meta name=\"twitter:label1\" content=\"\u041f\u0440\u0438\u043c\u0435\u0440\u043d\u043e\u0435 \u0432\u0440\u0435\u043c\u044f \u0434\u043b\u044f \u0447\u0442\u0435\u043d\u0438\u044f\" \/>\n\t<meta name=\"twitter:data1\" content=\"1 \u043c\u0438\u043d\u0443\u0442\u0430\" \/>\n<script type=\"application\/ld+json\" class=\"yoast-schema-graph\">{\"@context\":\"https:\/\/schema.org\",\"@graph\":[{\"@type\":\"WebPage\",\"@id\":\"https:\/\/ss20.ee\/ru\/shop\/apple-airtag-leather-loop\/\",\"url\":\"https:\/\/ss20.ee\/ru\/shop\/apple-airtag-leather-loop\/\",\"name\":\"Apple AirTag Leather Loop - SPETS SERVICE\",\"isPartOf\":{\"@id\":\"https:\/\/ss20.ee\/ru\/#website\"},\"primaryImageOfPage\":{\"@id\":\"https:\/\/ss20.ee\/ru\/shop\/apple-airtag-leather-loop\/#primaryimage\"},\"image\":{\"@id\":\"https:\/\/ss20.ee\/ru\/shop\/apple-airtag-leather-loop\/#primaryimage\"},\"thumbnailUrl\":\"https:\/\/ss20.ee\/wp-content\/uploads\/2023\/02\/apple-airtag-loop.jpg\",\"datePublished\":\"2023-02-16T13:08:37+00:00\",\"dateModified\":\"2023-02-16T13:24:08+00:00\",\"description\":\"\u0415\u0432\u0440\u043e\u043f\u0435\u0439\u0441\u043a\u0430\u044f \u043a\u043e\u0436\u0430 \u0441\u043f\u0435\u0446\u0438\u0430\u043b\u044c\u043d\u043e\u0433\u043e \u0434\u0443\u0431\u043b\u0435\u043d\u0438\u044f \u043f\u0440\u0438\u0434\u0430\u0435\u0442 \u044d\u0442\u043e\u0439 \u0443\u043d\u0438\u0432\u0435\u0440\u0441\u0430\u043b\u044c\u043d\u043e\u0439 \u043f\u0435\u0442\u043b\u0435 \u0434\u043e\u043f\u043e\u043b\u043d\u0438\u0442\u0435\u043b\u044c\u043d\u044b\u0439 \u0448\u0442\u0440\u0438\u0445 \u044d\u043b\u0435\u0433\u0430\u043d\u0442\u043d\u043e\u0441\u0442\u0438. \u041e\u043d \u043e\u0441\u0442\u0430\u0435\u0442\u0441\u044f \u043d\u0430\u0434\u0435\u0436\u043d\u043e \u0437\u0430\u043a\u0440\u0435\u043f\u043b\u0435\u043d\u043d\u044b\u043c, \u043d\u0430\u0434\u0435\u0436\u043d\u043e \u0444\u0438\u043a\u0441\u0438\u0440\u0443\u044f AirTag \u043d\u0430 \u043c\u0435\u0441\u0442\u0435, \u043f\u043e\u044d\u0442\u043e\u043c\u0443 \u0432\u044b \u0432\u0441\u0435\u0433\u0434\u0430 \u0437\u043d\u0430\u0435\u0442\u0435, \u0433\u0434\u0435 \u043d\u0430\u0445\u043e\u0434\u044f\u0442\u0441\u044f \u0432\u0430\u0448\u0438 \u043f\u0440\u0435\u0434\u043c\u0435\u0442\u044b.\",\"breadcrumb\":{\"@id\":\"https:\/\/ss20.ee\/ru\/shop\/apple-airtag-leather-loop\/#breadcrumb\"},\"inLanguage\":\"ru-RU\",\"potentialAction\":[{\"@type\":\"ReadAction\",\"target\":[\"https:\/\/ss20.ee\/ru\/shop\/apple-airtag-leather-loop\/\"]}]},{\"@type\":\"ImageObject\",\"inLanguage\":\"ru-RU\",\"@id\":\"https:\/\/ss20.ee\/ru\/shop\/apple-airtag-leather-loop\/#primaryimage\",\"url\":\"https:\/\/ss20.ee\/wp-content\/uploads\/2023\/02\/apple-airtag-loop.jpg\",\"contentUrl\":\"https:\/\/ss20.ee\/wp-content\/uploads\/2023\/02\/apple-airtag-loop.jpg\",\"width\":800,\"height\":800},{\"@type\":\"BreadcrumbList\",\"@id\":\"https:\/\/ss20.ee\/ru\/shop\/apple-airtag-leather-loop\/#breadcrumb\",\"itemListElement\":[{\"@type\":\"ListItem\",\"position\":1,\"name\":\"Home\",\"item\":\"https:\/\/ss20.ee\/ru\/\"},{\"@type\":\"ListItem\",\"position\":2,\"name\":\"\u0412\u0421\u0415 \u0422\u041e\u0412\u0410\u0420\u042b\",\"item\":\"https:\/\/ss20.ee\/ru\/shop\/\"},{\"@type\":\"ListItem\",\"position\":3,\"name\":\"Apple AirTag Leather Loop\"}]},{\"@type\":\"WebSite\",\"@id\":\"https:\/\/ss20.ee\/ru\/#website\",\"url\":\"https:\/\/ss20.ee\/ru\/\",\"name\":\"Spets Service\",\"description\":\"ARVUTITE M\u00dc\u00dcK JA REMONT\",\"publisher\":{\"@id\":\"https:\/\/ss20.ee\/ru\/#organization\"},\"potentialAction\":[{\"@type\":\"SearchAction\",\"target\":{\"@type\":\"EntryPoint\",\"urlTemplate\":\"https:\/\/ss20.ee\/ru\/?s={search_term_string}\"},\"query-input\":{\"@type\":\"PropertyValueSpecification\",\"valueRequired\":true,\"valueName\":\"search_term_string\"}}],\"inLanguage\":\"ru-RU\"},{\"@type\":\"Organization\",\"@id\":\"https:\/\/ss20.ee\/ru\/#organization\",\"name\":\"Spets Service\",\"alternateName\":\"Spets Service\",\"url\":\"https:\/\/ss20.ee\/ru\/\",\"logo\":{\"@type\":\"ImageObject\",\"inLanguage\":\"ru-RU\",\"@id\":\"https:\/\/ss20.ee\/ru\/#\/schema\/logo\/image\/\",\"url\":\"https:\/\/ss20.ee\/wp-content\/uploads\/2024\/11\/Untitled-design-9.png\",\"contentUrl\":\"https:\/\/ss20.ee\/wp-content\/uploads\/2024\/11\/Untitled-design-9.png\",\"width\":1772,\"height\":354,\"caption\":\"Spets Service\"},\"image\":{\"@id\":\"https:\/\/ss20.ee\/ru\/#\/schema\/logo\/image\/\"},\"sameAs\":[\"https:\/\/www.facebook.com\/applearvutid\",\"https:\/\/www.instagram.com\/ss20_apple_arvutid\/\"]}]}<\/script>\n<!-- \/ Yoast SEO Premium plugin. -->","yoast_head_json":{"title":"Apple AirTag Leather Loop - SPETS SERVICE","description":"\u0415\u0432\u0440\u043e\u043f\u0435\u0439\u0441\u043a\u0430\u044f \u043a\u043e\u0436\u0430 \u0441\u043f\u0435\u0446\u0438\u0430\u043b\u044c\u043d\u043e\u0433\u043e \u0434\u0443\u0431\u043b\u0435\u043d\u0438\u044f \u043f\u0440\u0438\u0434\u0430\u0435\u0442 \u044d\u0442\u043e\u0439 \u0443\u043d\u0438\u0432\u0435\u0440\u0441\u0430\u043b\u044c\u043d\u043e\u0439 \u043f\u0435\u0442\u043b\u0435 \u0434\u043e\u043f\u043e\u043b\u043d\u0438\u0442\u0435\u043b\u044c\u043d\u044b\u0439 \u0448\u0442\u0440\u0438\u0445 \u044d\u043b\u0435\u0433\u0430\u043d\u0442\u043d\u043e\u0441\u0442\u0438. \u041e\u043d \u043e\u0441\u0442\u0430\u0435\u0442\u0441\u044f \u043d\u0430\u0434\u0435\u0436\u043d\u043e \u0437\u0430\u043a\u0440\u0435\u043f\u043b\u0435\u043d\u043d\u044b\u043c, \u043d\u0430\u0434\u0435\u0436\u043d\u043e \u0444\u0438\u043a\u0441\u0438\u0440\u0443\u044f AirTag \u043d\u0430 \u043c\u0435\u0441\u0442\u0435, \u043f\u043e\u044d\u0442\u043e\u043c\u0443 \u0432\u044b \u0432\u0441\u0435\u0433\u0434\u0430 \u0437\u043d\u0430\u0435\u0442\u0435, \u0433\u0434\u0435 \u043d\u0430\u0445\u043e\u0434\u044f\u0442\u0441\u044f \u0432\u0430\u0448\u0438 \u043f\u0440\u0435\u0434\u043c\u0435\u0442\u044b.","robots":{"index":"index","follow":"follow","max-snippet":"max-snippet:-1","max-image-preview":"max-image-preview:large","max-video-preview":"max-video-preview:-1"},"canonical":"https:\/\/ss20.ee\/ru\/shop\/apple-airtag-leather-loop\/","og_locale":"ru_RU","og_type":"article","og_title":"Apple AirTag Leather Loop","og_description":"Apple AirTag Leather Loop \u2013 kvaliteetne ja t\u00f6\u00f6kindel valik. Kontrollitud ja hooldatud. Kiire kohaletoimetamine Tallinnas ja \u00fcle Eesti.","og_url":"https:\/\/ss20.ee\/ru\/shop\/apple-airtag-leather-loop\/","og_site_name":"SPETS SERVICE","article_publisher":"https:\/\/www.facebook.com\/applearvutid","article_modified_time":"2023-02-16T13:24:08+00:00","og_image":[{"width":800,"height":800,"url":"https:\/\/ss20.ee\/wp-content\/uploads\/2023\/02\/apple-airtag-loop.jpg","type":"image\/jpeg"}],"twitter_card":"summary_large_image","twitter_misc":{"\u041f\u0440\u0438\u043c\u0435\u0440\u043d\u043e\u0435 \u0432\u0440\u0435\u043c\u044f \u0434\u043b\u044f \u0447\u0442\u0435\u043d\u0438\u044f":"1 \u043c\u0438\u043d\u0443\u0442\u0430"},"schema":{"@context":"https:\/\/schema.org","@graph":[{"@type":"WebPage","@id":"https:\/\/ss20.ee\/ru\/shop\/apple-airtag-leather-loop\/","url":"https:\/\/ss20.ee\/ru\/shop\/apple-airtag-leather-loop\/","name":"Apple AirTag Leather Loop - SPETS SERVICE","isPartOf":{"@id":"https:\/\/ss20.ee\/ru\/#website"},"primaryImageOfPage":{"@id":"https:\/\/ss20.ee\/ru\/shop\/apple-airtag-leather-loop\/#primaryimage"},"image":{"@id":"https:\/\/ss20.ee\/ru\/shop\/apple-airtag-leather-loop\/#primaryimage"},"thumbnailUrl":"https:\/\/ss20.ee\/wp-content\/uploads\/2023\/02\/apple-airtag-loop.jpg","datePublished":"2023-02-16T13:08:37+00:00","dateModified":"2023-02-16T13:24:08+00:00","description":"\u0415\u0432\u0440\u043e\u043f\u0435\u0439\u0441\u043a\u0430\u044f \u043a\u043e\u0436\u0430 \u0441\u043f\u0435\u0446\u0438\u0430\u043b\u044c\u043d\u043e\u0433\u043e \u0434\u0443\u0431\u043b\u0435\u043d\u0438\u044f \u043f\u0440\u0438\u0434\u0430\u0435\u0442 \u044d\u0442\u043e\u0439 \u0443\u043d\u0438\u0432\u0435\u0440\u0441\u0430\u043b\u044c\u043d\u043e\u0439 \u043f\u0435\u0442\u043b\u0435 \u0434\u043e\u043f\u043e\u043b\u043d\u0438\u0442\u0435\u043b\u044c\u043d\u044b\u0439 \u0448\u0442\u0440\u0438\u0445 \u044d\u043b\u0435\u0433\u0430\u043d\u0442\u043d\u043e\u0441\u0442\u0438. \u041e\u043d \u043e\u0441\u0442\u0430\u0435\u0442\u0441\u044f \u043d\u0430\u0434\u0435\u0436\u043d\u043e \u0437\u0430\u043a\u0440\u0435\u043f\u043b\u0435\u043d\u043d\u044b\u043c, \u043d\u0430\u0434\u0435\u0436\u043d\u043e \u0444\u0438\u043a\u0441\u0438\u0440\u0443\u044f AirTag \u043d\u0430 \u043c\u0435\u0441\u0442\u0435, \u043f\u043e\u044d\u0442\u043e\u043c\u0443 \u0432\u044b \u0432\u0441\u0435\u0433\u0434\u0430 \u0437\u043d\u0430\u0435\u0442\u0435, \u0433\u0434\u0435 \u043d\u0430\u0445\u043e\u0434\u044f\u0442\u0441\u044f \u0432\u0430\u0448\u0438 \u043f\u0440\u0435\u0434\u043c\u0435\u0442\u044b.","breadcrumb":{"@id":"https:\/\/ss20.ee\/ru\/shop\/apple-airtag-leather-loop\/#breadcrumb"},"inLanguage":"ru-RU","potentialAction":[{"@type":"ReadAction","target":["https:\/\/ss20.ee\/ru\/shop\/apple-airtag-leather-loop\/"]}]},{"@type":"ImageObject","inLanguage":"ru-RU","@id":"https:\/\/ss20.ee\/ru\/shop\/apple-airtag-leather-loop\/#primaryimage","url":"https:\/\/ss20.ee\/wp-content\/uploads\/2023\/02\/apple-airtag-loop.jpg","contentUrl":"https:\/\/ss20.ee\/wp-content\/uploads\/2023\/02\/apple-airtag-loop.jpg","width":800,"height":800},{"@type":"BreadcrumbList","@id":"https:\/\/ss20.ee\/ru\/shop\/apple-airtag-leather-loop\/#breadcrumb","itemListElement":[{"@type":"ListItem","position":1,"name":"Home","item":"https:\/\/ss20.ee\/ru\/"},{"@type":"ListItem","position":2,"name":"\u0412\u0421\u0415 \u0422\u041e\u0412\u0410\u0420\u042b","item":"https:\/\/ss20.ee\/ru\/shop\/"},{"@type":"ListItem","position":3,"name":"Apple AirTag Leather Loop"}]},{"@type":"WebSite","@id":"https:\/\/ss20.ee\/ru\/#website","url":"https:\/\/ss20.ee\/ru\/","name":"Spets Service","description":"ARVUTITE M\u00dc\u00dcK JA REMONT","publisher":{"@id":"https:\/\/ss20.ee\/ru\/#organization"},"potentialAction":[{"@type":"SearchAction","target":{"@type":"EntryPoint","urlTemplate":"https:\/\/ss20.ee\/ru\/?s={search_term_string}"},"query-input":{"@type":"PropertyValueSpecification","valueRequired":true,"valueName":"search_term_string"}}],"inLanguage":"ru-RU"},{"@type":"Organization","@id":"https:\/\/ss20.ee\/ru\/#organization","name":"Spets Service","alternateName":"Spets Service","url":"https:\/\/ss20.ee\/ru\/","logo":{"@type":"ImageObject","inLanguage":"ru-RU","@id":"https:\/\/ss20.ee\/ru\/#\/schema\/logo\/image\/","url":"https:\/\/ss20.ee\/wp-content\/uploads\/2024\/11\/Untitled-design-9.png","contentUrl":"https:\/\/ss20.ee\/wp-content\/uploads\/2024\/11\/Untitled-design-9.png","width":1772,"height":354,"caption":"Spets Service"},"image":{"@id":"https:\/\/ss20.ee\/ru\/#\/schema\/logo\/image\/"},"sameAs":["https:\/\/www.facebook.com\/applearvutid","https:\/\/www.instagram.com\/ss20_apple_arvutid\/"]}]}},"_links":{"self":[{"href":"https:\/\/ss20.ee\/ru\/wp-json\/wp\/v2\/product\/25384","targetHints":{"allow":["GET"]}}],"collection":[{"href":"https:\/\/ss20.ee\/ru\/wp-json\/wp\/v2\/product"}],"about":[{"href":"https:\/\/ss20.ee\/ru\/wp-json\/wp\/v2\/types\/product"}],"wp:featuredmedia":[{"embeddable":true,"href":"https:\/\/ss20.ee\/ru\/wp-json\/wp\/v2\/media\/25393"}],"wp:attachment":[{"href":"https:\/\/ss20.ee\/ru\/wp-json\/wp\/v2\/media?parent=25384"}],"wp:term":[{"taxonomy":"product_brand","embeddable":true,"href":"https:\/\/ss20.ee\/ru\/wp-json\/wp\/v2\/product_brand?post=25384"},{"taxonomy":"product_cat","embeddable":true,"href":"https:\/\/ss20.ee\/ru\/wp-json\/wp\/v2\/product_cat?post=25384"},{"taxonomy":"product_tag","embeddable":true,"href":"https:\/\/ss20.ee\/ru\/wp-json\/wp\/v2\/product_tag?post=25384"}],"curies":[{"name":"wp","href":"https:\/\/api.w.org\/{rel}","templated":true}]}}