{"id":27622,"date":"2023-12-06T14:35:36","date_gmt":"2023-12-06T14:35:36","guid":{"rendered":"https:\/\/ss20.ee\/?post_type=product&#038;p=27622"},"modified":"2024-10-01T12:49:05","modified_gmt":"2024-10-01T12:49:05","slug":"macbook-pro-13-2010-5","status":"publish","type":"product","link":"https:\/\/ss20.ee\/ru\/shop\/macbook-pro-13-2010-5\/","title":{"rendered":"MacBook Pro 13&#8243; macOS Catalina \u2013  Core 2 Duo\/4GB\/120GB"},"content":{"rendered":"<p><strong>\u041d\u0430\u0437\u0432\u0430\u043d\u0438\u0435:<\/strong> MacBook Pro 13\u2033<br \/>\n<strong><span class=\"tlid-translation translation\" lang=\"en\"><span class=\"\" title=\"\">\u041e\u043f\u0435\u0440\u0430\u0442\u0438\u0432\u043d\u0430\u044f \u0441\u0438\u0441\u0442\u0435\u043c\u0430<\/span><\/span>:<\/strong> macOS Catalina 10.15.7<br \/>\n<strong>\u0416\u0435\u0441\u0442\u043a\u0438\u0439 \u0434\u0438\u0441\u043a:<\/strong> 120GB SSD<br \/>\n<strong><span class=\"tlid-translation translation\" lang=\"et\"><span class=\"\" title=\"\">\u041f\u0440\u043e\u0446\u0435\u0441\u0441\u043e\u0440:<\/span><\/span><\/strong> \u00a0<span class=\"tlid-translation translation\" lang=\"et\"><span class=\"\" title=\"\">2,4 <\/span><\/span>GHz Intel Core 2 Duo<br \/>\n<strong>\u042d\u043a\u0440\u0430\u043d<span class=\"tlid-translation translation\" lang=\"et\"><span class=\"\" title=\"\">:<\/span><\/span> <\/strong>13\u2033<br \/>\n<strong><span class=\"tlid-translation translation\" lang=\"en\"><span class=\"\" title=\"\">\u041f\u0430\u043c\u044f\u0442\u044c<\/span><\/span><span class=\"tlid-translation translation\" lang=\"et\"><span class=\"\" title=\"\">:<\/span><\/span><\/strong> 4 GB<br \/>\n<strong><span class=\"tlid-translation translation\" lang=\"en\"><span class=\"\" title=\"\">\u0411\u0430\u0442\u0430\u0440\u0435\u044f<\/span><\/span>:<\/strong> Cycle count 2<br \/>\n<strong>\u0417\u0430\u0440\u044f\u0434\u043d\u043e\u0435 \u0443\u0441\u0442\u0440\u043e\u0439\u0441\u0442\u0432\u043e:<\/strong> \u041d\u0435\u0442<br \/>\n<span id=\"cch_f31a7418af7e9e\" class=\"_mh6 _wsc\"><span class=\"_3oh- _58nk\"><span class=\"tlid-translation translation\" lang=\"ru\"><span class=\"\" title=\"\"><strong>\u0421\u043e\u0441\u0442\u043e\u044f\u043d\u0438\u0435: <\/strong>\u041a\u043e\u0440\u043f\u0443\u0441 \u043a\u043e\u043c\u043f\u044c\u044e\u0442\u0435\u0440\u0430 \u043f\u043e\u043a\u0430\u0437\u044b\u0432\u0430\u0435\u0442 \u043c\u0430\u043b\u043e \u0441\u043b\u0435\u0434\u043e\u0432 \u0438\u0441\u043f\u043e\u043b\u044c\u0437\u043e\u0432\u0430\u043d\u0438\u044f.\u00a0<\/span><\/span><\/span><\/span><\/p>\n","protected":false},"excerpt":{"rendered":"<p>\u041d\u0430\u0437\u0432\u0430\u043d\u0438\u0435: MacBook Pro 13\u2033 \u041e\u043f\u0435\u0440\u0430\u0442\u0438\u0432\u043d\u0430\u044f \u0441\u0438\u0441\u0442\u0435\u043c\u0430: macOS Catalina 10.15.7 \u0416\u0435\u0441\u0442\u043a\u0438\u0439 \u0434\u0438\u0441\u043a: 120GB SSD \u041f\u0440\u043e\u0446\u0435\u0441\u0441\u043e\u0440: \u00a02,4 GHz Intel Core 2 Duo \u042d\u043a\u0440\u0430\u043d: 13\u2033 \u041f\u0430\u043c\u044f\u0442\u044c: 4 GB \u0411\u0430\u0442\u0430\u0440\u0435\u044f: Cycle count 2 \u0417\u0430\u0440\u044f\u0434\u043d\u043e\u0435 \u0443\u0441\u0442\u0440\u043e\u0439\u0441\u0442\u0432\u043e: \u041d\u0435\u0442 \u0421\u043e\u0441\u0442\u043e\u044f\u043d\u0438\u0435: \u041a\u043e\u0440\u043f\u0443\u0441 \u043a\u043e\u043c\u043f\u044c\u044e\u0442\u0435\u0440\u0430 \u043f\u043e\u043a\u0430\u0437\u044b\u0432\u0430\u0435\u0442 \u043c\u0430\u043b\u043e \u0441\u043b\u0435\u0434\u043e\u0432 \u0438\u0441\u043f\u043e\u043b\u044c\u0437\u043e\u0432\u0430\u043d\u0438\u044f.\u00a0<\/p>\n","protected":false},"featured_media":27633,"template":"","meta":[],"product_brand":[],"product_cat":[627,621],"product_tag":[565],"class_list":{"0":"post-27622","1":"product","2":"type-product","3":"status-publish","4":"has-post-thumbnail","6":"product_cat-kompyutery","7":"product_cat-macbook-pro-ru","8":"product_tag-macbook-pro-ru","10":"first","11":"outofstock","12":"featured","13":"taxable","14":"shipping-taxable","15":"purchasable","16":"product-type-simple"},"yoast_head":"<!-- This site is optimized with the Yoast SEO Premium plugin v25.2 (Yoast SEO v26.4) - https:\/\/yoast.com\/wordpress\/plugins\/seo\/ -->\n<title>MacBook Pro 13&quot; macOS Catalina \u2013 Core 2 Duo\/4GB\/120GB - SPETS SERVICE<\/title>\n<meta name=\"description\" content=\"MacBook Pro 13&quot; macOS Catalina \u2013 Core 2 Duo\/4GB\/120GB \u2013 kvaliteetne ja t\u00f6\u00f6kindel valik. Kontrollitud ja hooldatud. Kiire kohaletoimetamine Tallinnas ja \u00fcle Eesti.\" \/>\n<meta name=\"robots\" content=\"index, follow, max-snippet:-1, max-image-preview:large, max-video-preview:-1\" \/>\n<link rel=\"canonical\" href=\"https:\/\/ss20.ee\/ru\/shop\/macbook-pro-13-2010-5\/\" \/>\n<meta property=\"og:locale\" content=\"ru_RU\" \/>\n<meta property=\"og:type\" content=\"article\" \/>\n<meta property=\"og:title\" content=\"MacBook Pro 13&quot; macOS Catalina \u2013 Core 2 Duo\/4GB\/120GB\" \/>\n<meta property=\"og:description\" content=\"MacBook Pro 13&quot; macOS Catalina \u2013 Core 2 Duo\/4GB\/120GB \u2013 kvaliteetne ja t\u00f6\u00f6kindel valik. Kontrollitud ja hooldatud. Kiire kohaletoimetamine Tallinnas ja \u00fcle Eesti.\" \/>\n<meta property=\"og:url\" content=\"https:\/\/ss20.ee\/ru\/shop\/macbook-pro-13-2010-5\/\" \/>\n<meta property=\"og:site_name\" content=\"SPETS SERVICE\" \/>\n<meta property=\"article:publisher\" content=\"https:\/\/www.facebook.com\/applearvutid\" \/>\n<meta property=\"article:modified_time\" content=\"2024-10-01T12:49:05+00:00\" \/>\n<meta property=\"og:image\" content=\"https:\/\/ss20.ee\/wp-content\/uploads\/2023\/12\/MacBookPro-2010-1.jpeg\" \/>\n\t<meta property=\"og:image:width\" content=\"1079\" \/>\n\t<meta property=\"og:image:height\" content=\"953\" \/>\n\t<meta property=\"og:image:type\" content=\"image\/jpeg\" \/>\n<meta name=\"twitter:card\" content=\"summary_large_image\" \/>\n<meta name=\"twitter:label1\" content=\"\u041f\u0440\u0438\u043c\u0435\u0440\u043d\u043e\u0435 \u0432\u0440\u0435\u043c\u044f \u0434\u043b\u044f \u0447\u0442\u0435\u043d\u0438\u044f\" \/>\n\t<meta name=\"twitter:data1\" content=\"1 \u043c\u0438\u043d\u0443\u0442\u0430\" \/>\n<script type=\"application\/ld+json\" class=\"yoast-schema-graph\">{\"@context\":\"https:\/\/schema.org\",\"@graph\":[{\"@type\":\"WebPage\",\"@id\":\"https:\/\/ss20.ee\/ru\/shop\/macbook-pro-13-2010-5\/\",\"url\":\"https:\/\/ss20.ee\/ru\/shop\/macbook-pro-13-2010-5\/\",\"name\":\"MacBook Pro 13\\\" macOS Catalina \u2013 Core 2 Duo\/4GB\/120GB - SPETS SERVICE\",\"isPartOf\":{\"@id\":\"https:\/\/ss20.ee\/ru\/#website\"},\"primaryImageOfPage\":{\"@id\":\"https:\/\/ss20.ee\/ru\/shop\/macbook-pro-13-2010-5\/#primaryimage\"},\"image\":{\"@id\":\"https:\/\/ss20.ee\/ru\/shop\/macbook-pro-13-2010-5\/#primaryimage\"},\"thumbnailUrl\":\"https:\/\/ss20.ee\/wp-content\/uploads\/2023\/12\/MacBookPro-2010-1.jpeg\",\"datePublished\":\"2023-12-06T14:35:36+00:00\",\"dateModified\":\"2024-10-01T12:49:05+00:00\",\"description\":\"MacBook Pro 13\\\" macOS Catalina \u2013 Core 2 Duo\/4GB\/120GB \u2013 kvaliteetne ja t\u00f6\u00f6kindel valik. Kontrollitud ja hooldatud. Kiire kohaletoimetamine Tallinnas ja \u00fcle Eesti.\",\"breadcrumb\":{\"@id\":\"https:\/\/ss20.ee\/ru\/shop\/macbook-pro-13-2010-5\/#breadcrumb\"},\"inLanguage\":\"ru-RU\",\"potentialAction\":[{\"@type\":\"ReadAction\",\"target\":[\"https:\/\/ss20.ee\/ru\/shop\/macbook-pro-13-2010-5\/\"]}]},{\"@type\":\"ImageObject\",\"inLanguage\":\"ru-RU\",\"@id\":\"https:\/\/ss20.ee\/ru\/shop\/macbook-pro-13-2010-5\/#primaryimage\",\"url\":\"https:\/\/ss20.ee\/wp-content\/uploads\/2023\/12\/MacBookPro-2010-1.jpeg\",\"contentUrl\":\"https:\/\/ss20.ee\/wp-content\/uploads\/2023\/12\/MacBookPro-2010-1.jpeg\",\"width\":1079,\"height\":953},{\"@type\":\"BreadcrumbList\",\"@id\":\"https:\/\/ss20.ee\/ru\/shop\/macbook-pro-13-2010-5\/#breadcrumb\",\"itemListElement\":[{\"@type\":\"ListItem\",\"position\":1,\"name\":\"Home\",\"item\":\"https:\/\/ss20.ee\/ru\/\"},{\"@type\":\"ListItem\",\"position\":2,\"name\":\"\u0412\u0421\u0415 \u0422\u041e\u0412\u0410\u0420\u042b\",\"item\":\"https:\/\/ss20.ee\/ru\/shop\/\"},{\"@type\":\"ListItem\",\"position\":3,\"name\":\"MacBook Pro 13&#8243; macOS Catalina \u2013 Core 2 Duo\/4GB\/120GB\"}]},{\"@type\":\"WebSite\",\"@id\":\"https:\/\/ss20.ee\/ru\/#website\",\"url\":\"https:\/\/ss20.ee\/ru\/\",\"name\":\"Spets Service\",\"description\":\"ARVUTITE M\u00dc\u00dcK JA REMONT\",\"publisher\":{\"@id\":\"https:\/\/ss20.ee\/ru\/#organization\"},\"potentialAction\":[{\"@type\":\"SearchAction\",\"target\":{\"@type\":\"EntryPoint\",\"urlTemplate\":\"https:\/\/ss20.ee\/ru\/?s={search_term_string}\"},\"query-input\":{\"@type\":\"PropertyValueSpecification\",\"valueRequired\":true,\"valueName\":\"search_term_string\"}}],\"inLanguage\":\"ru-RU\"},{\"@type\":\"Organization\",\"@id\":\"https:\/\/ss20.ee\/ru\/#organization\",\"name\":\"Spets Service\",\"alternateName\":\"Spets Service\",\"url\":\"https:\/\/ss20.ee\/ru\/\",\"logo\":{\"@type\":\"ImageObject\",\"inLanguage\":\"ru-RU\",\"@id\":\"https:\/\/ss20.ee\/ru\/#\/schema\/logo\/image\/\",\"url\":\"https:\/\/ss20.ee\/wp-content\/uploads\/2024\/11\/Untitled-design-9.png\",\"contentUrl\":\"https:\/\/ss20.ee\/wp-content\/uploads\/2024\/11\/Untitled-design-9.png\",\"width\":1772,\"height\":354,\"caption\":\"Spets Service\"},\"image\":{\"@id\":\"https:\/\/ss20.ee\/ru\/#\/schema\/logo\/image\/\"},\"sameAs\":[\"https:\/\/www.facebook.com\/applearvutid\",\"https:\/\/www.instagram.com\/ss20_apple_arvutid\/\"]}]}<\/script>\n<!-- \/ Yoast SEO Premium plugin. -->","yoast_head_json":{"title":"MacBook Pro 13\" macOS Catalina \u2013 Core 2 Duo\/4GB\/120GB - SPETS SERVICE","description":"MacBook Pro 13\" macOS Catalina \u2013 Core 2 Duo\/4GB\/120GB \u2013 kvaliteetne ja t\u00f6\u00f6kindel valik. Kontrollitud ja hooldatud. Kiire kohaletoimetamine Tallinnas ja \u00fcle Eesti.","robots":{"index":"index","follow":"follow","max-snippet":"max-snippet:-1","max-image-preview":"max-image-preview:large","max-video-preview":"max-video-preview:-1"},"canonical":"https:\/\/ss20.ee\/ru\/shop\/macbook-pro-13-2010-5\/","og_locale":"ru_RU","og_type":"article","og_title":"MacBook Pro 13\" macOS Catalina \u2013 Core 2 Duo\/4GB\/120GB","og_description":"MacBook Pro 13\" macOS Catalina \u2013 Core 2 Duo\/4GB\/120GB \u2013 kvaliteetne ja t\u00f6\u00f6kindel valik. Kontrollitud ja hooldatud. Kiire kohaletoimetamine Tallinnas ja \u00fcle Eesti.","og_url":"https:\/\/ss20.ee\/ru\/shop\/macbook-pro-13-2010-5\/","og_site_name":"SPETS SERVICE","article_publisher":"https:\/\/www.facebook.com\/applearvutid","article_modified_time":"2024-10-01T12:49:05+00:00","og_image":[{"width":1079,"height":953,"url":"https:\/\/ss20.ee\/wp-content\/uploads\/2023\/12\/MacBookPro-2010-1.jpeg","type":"image\/jpeg"}],"twitter_card":"summary_large_image","twitter_misc":{"\u041f\u0440\u0438\u043c\u0435\u0440\u043d\u043e\u0435 \u0432\u0440\u0435\u043c\u044f \u0434\u043b\u044f \u0447\u0442\u0435\u043d\u0438\u044f":"1 \u043c\u0438\u043d\u0443\u0442\u0430"},"schema":{"@context":"https:\/\/schema.org","@graph":[{"@type":"WebPage","@id":"https:\/\/ss20.ee\/ru\/shop\/macbook-pro-13-2010-5\/","url":"https:\/\/ss20.ee\/ru\/shop\/macbook-pro-13-2010-5\/","name":"MacBook Pro 13\" macOS Catalina \u2013 Core 2 Duo\/4GB\/120GB - SPETS SERVICE","isPartOf":{"@id":"https:\/\/ss20.ee\/ru\/#website"},"primaryImageOfPage":{"@id":"https:\/\/ss20.ee\/ru\/shop\/macbook-pro-13-2010-5\/#primaryimage"},"image":{"@id":"https:\/\/ss20.ee\/ru\/shop\/macbook-pro-13-2010-5\/#primaryimage"},"thumbnailUrl":"https:\/\/ss20.ee\/wp-content\/uploads\/2023\/12\/MacBookPro-2010-1.jpeg","datePublished":"2023-12-06T14:35:36+00:00","dateModified":"2024-10-01T12:49:05+00:00","description":"MacBook Pro 13\" macOS Catalina \u2013 Core 2 Duo\/4GB\/120GB \u2013 kvaliteetne ja t\u00f6\u00f6kindel valik. Kontrollitud ja hooldatud. Kiire kohaletoimetamine Tallinnas ja \u00fcle Eesti.","breadcrumb":{"@id":"https:\/\/ss20.ee\/ru\/shop\/macbook-pro-13-2010-5\/#breadcrumb"},"inLanguage":"ru-RU","potentialAction":[{"@type":"ReadAction","target":["https:\/\/ss20.ee\/ru\/shop\/macbook-pro-13-2010-5\/"]}]},{"@type":"ImageObject","inLanguage":"ru-RU","@id":"https:\/\/ss20.ee\/ru\/shop\/macbook-pro-13-2010-5\/#primaryimage","url":"https:\/\/ss20.ee\/wp-content\/uploads\/2023\/12\/MacBookPro-2010-1.jpeg","contentUrl":"https:\/\/ss20.ee\/wp-content\/uploads\/2023\/12\/MacBookPro-2010-1.jpeg","width":1079,"height":953},{"@type":"BreadcrumbList","@id":"https:\/\/ss20.ee\/ru\/shop\/macbook-pro-13-2010-5\/#breadcrumb","itemListElement":[{"@type":"ListItem","position":1,"name":"Home","item":"https:\/\/ss20.ee\/ru\/"},{"@type":"ListItem","position":2,"name":"\u0412\u0421\u0415 \u0422\u041e\u0412\u0410\u0420\u042b","item":"https:\/\/ss20.ee\/ru\/shop\/"},{"@type":"ListItem","position":3,"name":"MacBook Pro 13&#8243; macOS Catalina \u2013 Core 2 Duo\/4GB\/120GB"}]},{"@type":"WebSite","@id":"https:\/\/ss20.ee\/ru\/#website","url":"https:\/\/ss20.ee\/ru\/","name":"Spets Service","description":"ARVUTITE M\u00dc\u00dcK JA REMONT","publisher":{"@id":"https:\/\/ss20.ee\/ru\/#organization"},"potentialAction":[{"@type":"SearchAction","target":{"@type":"EntryPoint","urlTemplate":"https:\/\/ss20.ee\/ru\/?s={search_term_string}"},"query-input":{"@type":"PropertyValueSpecification","valueRequired":true,"valueName":"search_term_string"}}],"inLanguage":"ru-RU"},{"@type":"Organization","@id":"https:\/\/ss20.ee\/ru\/#organization","name":"Spets Service","alternateName":"Spets Service","url":"https:\/\/ss20.ee\/ru\/","logo":{"@type":"ImageObject","inLanguage":"ru-RU","@id":"https:\/\/ss20.ee\/ru\/#\/schema\/logo\/image\/","url":"https:\/\/ss20.ee\/wp-content\/uploads\/2024\/11\/Untitled-design-9.png","contentUrl":"https:\/\/ss20.ee\/wp-content\/uploads\/2024\/11\/Untitled-design-9.png","width":1772,"height":354,"caption":"Spets Service"},"image":{"@id":"https:\/\/ss20.ee\/ru\/#\/schema\/logo\/image\/"},"sameAs":["https:\/\/www.facebook.com\/applearvutid","https:\/\/www.instagram.com\/ss20_apple_arvutid\/"]}]}},"_links":{"self":[{"href":"https:\/\/ss20.ee\/ru\/wp-json\/wp\/v2\/product\/27622","targetHints":{"allow":["GET"]}}],"collection":[{"href":"https:\/\/ss20.ee\/ru\/wp-json\/wp\/v2\/product"}],"about":[{"href":"https:\/\/ss20.ee\/ru\/wp-json\/wp\/v2\/types\/product"}],"wp:featuredmedia":[{"embeddable":true,"href":"https:\/\/ss20.ee\/ru\/wp-json\/wp\/v2\/media\/27633"}],"wp:attachment":[{"href":"https:\/\/ss20.ee\/ru\/wp-json\/wp\/v2\/media?parent=27622"}],"wp:term":[{"taxonomy":"product_brand","embeddable":true,"href":"https:\/\/ss20.ee\/ru\/wp-json\/wp\/v2\/product_brand?post=27622"},{"taxonomy":"product_cat","embeddable":true,"href":"https:\/\/ss20.ee\/ru\/wp-json\/wp\/v2\/product_cat?post=27622"},{"taxonomy":"product_tag","embeddable":true,"href":"https:\/\/ss20.ee\/ru\/wp-json\/wp\/v2\/product_tag?post=27622"}],"curies":[{"name":"wp","href":"https:\/\/api.w.org\/{rel}","templated":true}]}}