{"id":29630,"date":"2024-11-28T14:55:19","date_gmt":"2024-11-28T14:55:19","guid":{"rendered":"https:\/\/ss20.ee\/shop\/manguarvuti-valor-air\/"},"modified":"2024-11-28T15:05:47","modified_gmt":"2024-11-28T15:05:47","slug":"manguarvuti-valor-air","status":"publish","type":"product","link":"https:\/\/ss20.ee\/ru\/shop\/manguarvuti-valor-air\/","title":{"rendered":"\u0418\u0433\u0440\u043e\u0432\u043e\u0439 \u043a\u043e\u043c\u043f\u044c\u044e\u0442\u0435\u0440 &#171;Valor Air&#187; RYZEN 5\/RX7600\/32GB"},"content":{"rendered":"<p>\u0411\u0435\u043b\u044b\u0439 \u0438\u0433\u0440\u043e\u0432\u043e\u0439 \u043a\u043e\u043c\u043f\u044c\u044e\u0442\u0435\u0440, \u043d\u0430 \u043a\u043e\u0442\u043e\u0440\u043e\u043c \u043c\u043e\u0436\u043d\u043e \u0438\u0433\u0440\u0430\u0442\u044c \u0432\u043e \u0432\u0441\u0435 \u0438\u0433\u0440\u044b (CS:GO, Rainbow Six, Minecraft, Roblox; GTA V, Fortnite, Genshin Impact), \u0430 \u0442\u0430\u043a\u0436\u0435 \u043a\u043e\u043c\u043f\u044c\u044e\u0442\u0435\u0440 \u0433\u043e\u0442\u043e\u0432 \u0437\u0430\u043f\u0443\u0441\u043a\u0430\u0442\u044c \u0431\u043e\u043b\u0435\u0435 \u0442\u0440\u0435\u0431\u043e\u0432\u0430\u0442\u0435\u043b\u044c\u043d\u044b\u0435 \u0440\u0430\u0431\u043e\u0447\u0438\u0435 \u043f\u0440\u043e\u0433\u0440\u0430\u043c\u043c\u044b. \u0421 \u043a\u043e\u043c\u043f\u044c\u044e\u0442\u0435\u0440\u0430 (\u0412\u0441\u0435 \u0434\u0435\u0442\u0430\u043b\u0438 \u043d\u043e\u0432\u044b\u0435):<\/p>\n<p>\u041f\u0440\u043e\u0446\u0435\u0441\u0441\u043e\u0440: AMD RYZEN 5 5600 3,5 \u0413\u0413\u0446<br \/>\n\u041c\u0430\u0442\u0435\u0440\u0438\u043d\u0441\u043a\u0430\u044f \u043f\u043b\u0430\u0442\u0430: ASRock B450 PRO4<br \/>\n\u041e\u043f\u0435\u0440\u0430\u0442\u0438\u0432\u043d\u0430\u044f \u043f\u0430\u043c\u044f\u0442\u044c: 32 \u0413\u0411 Lexar DDR4 3200 \u041c\u0413\u0446.<br \/>\n\u0412\u0438\u0434\u0435\u043e\u043a\u0430\u0440\u0442\u0430: Radeon RX 7600 \u0441 8 \u0413\u0411 \u0432\u0438\u0434\u0435\u043e\u043f\u0430\u043c\u044f\u0442\u0438.<br \/>\nM.2 NVME: 1 \u0422\u0411<br \/>\nSSD: 500 \u0413\u0411<br \/>\n\u041a\u043e\u0440\u043f\u0443\u0441: XPG Valor Air<br \/>\n\u0418\u0441\u0442\u043e\u0447\u043d\u0438\u043a \u043f\u0438\u0442\u0430\u043d\u0438\u044f: \u043c\u043e\u0434\u0443\u043b\u044c\u043d\u044b\u0439 \u0431\u043b\u043e\u043a \u043f\u0438\u0442\u0430\u043d\u0438\u044f Gigabyte UD850GM.<br \/>\n\u041e\u043f\u0435\u0440\u0430\u0446\u0438\u043e\u043d\u043d\u0430\u044f \u0441\u0438\u0441\u0442\u0435\u043c\u0430: Windows 10 Pro<br \/>\n\u0413\u0430\u0440\u0430\u043d\u0442\u0438\u044f: 1 \u0413\u041e\u0414<\/p>\n","protected":false},"excerpt":{"rendered":"<p>\u0411\u0435\u043b\u044b\u0439 \u0438\u0433\u0440\u043e\u0432\u043e\u0439 \u043a\u043e\u043c\u043f\u044c\u044e\u0442\u0435\u0440, \u043d\u0430 \u043a\u043e\u0442\u043e\u0440\u043e\u043c \u043c\u043e\u0436\u043d\u043e \u0438\u0433\u0440\u0430\u0442\u044c \u0432\u043e \u0432\u0441\u0435 \u0438\u0433\u0440\u044b (CS:GO, Rainbow Six, Minecraft, Roblox; GTA V, Fortnite, Genshin Impact), \u0430 \u0442\u0430\u043a\u0436\u0435 \u043a\u043e\u043c\u043f\u044c\u044e\u0442\u0435\u0440 \u0433\u043e\u0442\u043e\u0432 \u0437\u0430\u043f\u0443\u0441\u043a\u0430\u0442\u044c \u0431\u043e\u043b\u0435\u0435 \u0442\u0440\u0435\u0431\u043e\u0432\u0430\u0442\u0435\u043b\u044c\u043d\u044b\u0435 \u0440\u0430\u0431\u043e\u0447\u0438\u0435 \u043f\u0440\u043e\u0433\u0440\u0430\u043c\u043c\u044b. \u0421 \u043a\u043e\u043c\u043f\u044c\u044e\u0442\u0435\u0440\u0430 (\u0412\u0441\u0435 \u0434\u0435\u0442\u0430\u043b\u0438 \u043d\u043e\u0432\u044b\u0435): \u041f\u0440\u043e\u0446\u0435\u0441\u0441\u043e\u0440: AMD RYZEN 5 5600 3,5 \u0413\u0413\u0446 \u041c\u0430\u0442\u0435\u0440\u0438\u043d\u0441\u043a\u0430\u044f \u043f\u043b\u0430\u0442\u0430: ASRock B450 PRO4 \u041e\u043f\u0435\u0440\u0430\u0442\u0438\u0432\u043d\u0430\u044f \u043f\u0430\u043c\u044f\u0442\u044c: 32 \u0413\u0411&hellip; <\/p>\n","protected":false},"featured_media":29626,"template":"","meta":[],"product_brand":[],"product_cat":[910,659],"product_tag":[],"class_list":{"0":"post-29630","1":"product","2":"type-product","3":"status-publish","4":"has-post-thumbnail","6":"product_cat-igrovye-kompyutery","7":"product_cat-desktopy","9":"first","10":"instock","11":"taxable","12":"shipping-taxable","13":"purchasable","14":"product-type-simple"},"yoast_head":"<!-- This site is optimized with the Yoast SEO Premium plugin v25.2 (Yoast SEO v26.4) - https:\/\/yoast.com\/wordpress\/plugins\/seo\/ -->\n<title>\u0418\u0433\u0440\u043e\u0432\u043e\u0439 \u043a\u043e\u043c\u043f\u044c\u044e\u0442\u0435\u0440 &quot;Valor Air&quot; RYZEN 5\/RX7600\/32GB - SPETS SERVICE<\/title>\n<meta name=\"description\" content=\"\u0418\u0433\u0440\u043e\u0432\u043e\u0439 \u043a\u043e\u043c\u043f\u044c\u044e\u0442\u0435\u0440 &quot;Valor Air&quot; RYZEN 5\/RX7600\/32GB \u2013 kvaliteetne ja t\u00f6\u00f6kindel valik. Kontrollitud ja hooldatud. Kiire kohaletoimetamine Tallinnas ja \u00fcle Eesti.\" \/>\n<meta name=\"robots\" content=\"index, follow, max-snippet:-1, max-image-preview:large, max-video-preview:-1\" \/>\n<link rel=\"canonical\" href=\"https:\/\/ss20.ee\/ru\/shop\/manguarvuti-valor-air\/\" \/>\n<meta property=\"og:locale\" content=\"ru_RU\" \/>\n<meta property=\"og:type\" content=\"article\" \/>\n<meta property=\"og:title\" content=\"\u0418\u0433\u0440\u043e\u0432\u043e\u0439 \u043a\u043e\u043c\u043f\u044c\u044e\u0442\u0435\u0440 &quot;Valor Air&quot; RYZEN 5\/RX7600\/32GB\" \/>\n<meta property=\"og:description\" content=\"\u0418\u0433\u0440\u043e\u0432\u043e\u0439 \u043a\u043e\u043c\u043f\u044c\u044e\u0442\u0435\u0440 &quot;Valor Air&quot; RYZEN 5\/RX7600\/32GB \u2013 kvaliteetne ja t\u00f6\u00f6kindel valik. Kontrollitud ja hooldatud. Kiire kohaletoimetamine Tallinnas ja \u00fcle Eesti.\" \/>\n<meta property=\"og:url\" content=\"https:\/\/ss20.ee\/ru\/shop\/manguarvuti-valor-air\/\" \/>\n<meta property=\"og:site_name\" content=\"SPETS SERVICE\" \/>\n<meta property=\"article:publisher\" content=\"https:\/\/www.facebook.com\/applearvutid\" \/>\n<meta property=\"article:modified_time\" content=\"2024-11-28T15:05:47+00:00\" \/>\n<meta property=\"og:image\" content=\"https:\/\/ss20.ee\/wp-content\/uploads\/2024\/11\/Photoroom_20241128_163600.jpg\" \/>\n\t<meta property=\"og:image:width\" content=\"960\" \/>\n\t<meta property=\"og:image:height\" content=\"1280\" \/>\n\t<meta property=\"og:image:type\" content=\"image\/jpeg\" \/>\n<meta name=\"twitter:card\" content=\"summary_large_image\" \/>\n<meta name=\"twitter:label1\" content=\"\u041f\u0440\u0438\u043c\u0435\u0440\u043d\u043e\u0435 \u0432\u0440\u0435\u043c\u044f \u0434\u043b\u044f \u0447\u0442\u0435\u043d\u0438\u044f\" \/>\n\t<meta name=\"twitter:data1\" content=\"1 \u043c\u0438\u043d\u0443\u0442\u0430\" \/>\n<script type=\"application\/ld+json\" class=\"yoast-schema-graph\">{\"@context\":\"https:\/\/schema.org\",\"@graph\":[{\"@type\":\"WebPage\",\"@id\":\"https:\/\/ss20.ee\/ru\/shop\/manguarvuti-valor-air\/\",\"url\":\"https:\/\/ss20.ee\/ru\/shop\/manguarvuti-valor-air\/\",\"name\":\"\u0418\u0433\u0440\u043e\u0432\u043e\u0439 \u043a\u043e\u043c\u043f\u044c\u044e\u0442\u0435\u0440 \\\"Valor Air\\\" RYZEN 5\/RX7600\/32GB - SPETS SERVICE\",\"isPartOf\":{\"@id\":\"https:\/\/ss20.ee\/ru\/#website\"},\"primaryImageOfPage\":{\"@id\":\"https:\/\/ss20.ee\/ru\/shop\/manguarvuti-valor-air\/#primaryimage\"},\"image\":{\"@id\":\"https:\/\/ss20.ee\/ru\/shop\/manguarvuti-valor-air\/#primaryimage\"},\"thumbnailUrl\":\"https:\/\/ss20.ee\/wp-content\/uploads\/2024\/11\/Photoroom_20241128_163600.jpg\",\"datePublished\":\"2024-11-28T14:55:19+00:00\",\"dateModified\":\"2024-11-28T15:05:47+00:00\",\"description\":\"\u0418\u0433\u0440\u043e\u0432\u043e\u0439 \u043a\u043e\u043c\u043f\u044c\u044e\u0442\u0435\u0440 \\\"Valor Air\\\" RYZEN 5\/RX7600\/32GB \u2013 kvaliteetne ja t\u00f6\u00f6kindel valik. Kontrollitud ja hooldatud. Kiire kohaletoimetamine Tallinnas ja \u00fcle Eesti.\",\"breadcrumb\":{\"@id\":\"https:\/\/ss20.ee\/ru\/shop\/manguarvuti-valor-air\/#breadcrumb\"},\"inLanguage\":\"ru-RU\",\"potentialAction\":[{\"@type\":\"ReadAction\",\"target\":[\"https:\/\/ss20.ee\/ru\/shop\/manguarvuti-valor-air\/\"]}]},{\"@type\":\"ImageObject\",\"inLanguage\":\"ru-RU\",\"@id\":\"https:\/\/ss20.ee\/ru\/shop\/manguarvuti-valor-air\/#primaryimage\",\"url\":\"https:\/\/ss20.ee\/wp-content\/uploads\/2024\/11\/Photoroom_20241128_163600.jpg\",\"contentUrl\":\"https:\/\/ss20.ee\/wp-content\/uploads\/2024\/11\/Photoroom_20241128_163600.jpg\",\"width\":960,\"height\":1280},{\"@type\":\"BreadcrumbList\",\"@id\":\"https:\/\/ss20.ee\/ru\/shop\/manguarvuti-valor-air\/#breadcrumb\",\"itemListElement\":[{\"@type\":\"ListItem\",\"position\":1,\"name\":\"Home\",\"item\":\"https:\/\/ss20.ee\/ru\/\"},{\"@type\":\"ListItem\",\"position\":2,\"name\":\"\u0412\u0421\u0415 \u0422\u041e\u0412\u0410\u0420\u042b\",\"item\":\"https:\/\/ss20.ee\/ru\/shop\/\"},{\"@type\":\"ListItem\",\"position\":3,\"name\":\"\u0418\u0433\u0440\u043e\u0432\u043e\u0439 \u043a\u043e\u043c\u043f\u044c\u044e\u0442\u0435\u0440 &#8220;Valor Air&#8221; RYZEN 5\/RX7600\/32GB\"}]},{\"@type\":\"WebSite\",\"@id\":\"https:\/\/ss20.ee\/ru\/#website\",\"url\":\"https:\/\/ss20.ee\/ru\/\",\"name\":\"Spets Service\",\"description\":\"ARVUTITE M\u00dc\u00dcK JA REMONT\",\"publisher\":{\"@id\":\"https:\/\/ss20.ee\/ru\/#organization\"},\"potentialAction\":[{\"@type\":\"SearchAction\",\"target\":{\"@type\":\"EntryPoint\",\"urlTemplate\":\"https:\/\/ss20.ee\/ru\/?s={search_term_string}\"},\"query-input\":{\"@type\":\"PropertyValueSpecification\",\"valueRequired\":true,\"valueName\":\"search_term_string\"}}],\"inLanguage\":\"ru-RU\"},{\"@type\":\"Organization\",\"@id\":\"https:\/\/ss20.ee\/ru\/#organization\",\"name\":\"Spets Service\",\"alternateName\":\"Spets Service\",\"url\":\"https:\/\/ss20.ee\/ru\/\",\"logo\":{\"@type\":\"ImageObject\",\"inLanguage\":\"ru-RU\",\"@id\":\"https:\/\/ss20.ee\/ru\/#\/schema\/logo\/image\/\",\"url\":\"https:\/\/ss20.ee\/wp-content\/uploads\/2024\/11\/Untitled-design-9.png\",\"contentUrl\":\"https:\/\/ss20.ee\/wp-content\/uploads\/2024\/11\/Untitled-design-9.png\",\"width\":1772,\"height\":354,\"caption\":\"Spets Service\"},\"image\":{\"@id\":\"https:\/\/ss20.ee\/ru\/#\/schema\/logo\/image\/\"},\"sameAs\":[\"https:\/\/www.facebook.com\/applearvutid\",\"https:\/\/www.instagram.com\/ss20_apple_arvutid\/\"]}]}<\/script>\n<!-- \/ Yoast SEO Premium plugin. -->","yoast_head_json":{"title":"\u0418\u0433\u0440\u043e\u0432\u043e\u0439 \u043a\u043e\u043c\u043f\u044c\u044e\u0442\u0435\u0440 \"Valor Air\" RYZEN 5\/RX7600\/32GB - SPETS SERVICE","description":"\u0418\u0433\u0440\u043e\u0432\u043e\u0439 \u043a\u043e\u043c\u043f\u044c\u044e\u0442\u0435\u0440 \"Valor Air\" RYZEN 5\/RX7600\/32GB \u2013 kvaliteetne ja t\u00f6\u00f6kindel valik. Kontrollitud ja hooldatud. Kiire kohaletoimetamine Tallinnas ja \u00fcle Eesti.","robots":{"index":"index","follow":"follow","max-snippet":"max-snippet:-1","max-image-preview":"max-image-preview:large","max-video-preview":"max-video-preview:-1"},"canonical":"https:\/\/ss20.ee\/ru\/shop\/manguarvuti-valor-air\/","og_locale":"ru_RU","og_type":"article","og_title":"\u0418\u0433\u0440\u043e\u0432\u043e\u0439 \u043a\u043e\u043c\u043f\u044c\u044e\u0442\u0435\u0440 \"Valor Air\" RYZEN 5\/RX7600\/32GB","og_description":"\u0418\u0433\u0440\u043e\u0432\u043e\u0439 \u043a\u043e\u043c\u043f\u044c\u044e\u0442\u0435\u0440 \"Valor Air\" RYZEN 5\/RX7600\/32GB \u2013 kvaliteetne ja t\u00f6\u00f6kindel valik. Kontrollitud ja hooldatud. Kiire kohaletoimetamine Tallinnas ja \u00fcle Eesti.","og_url":"https:\/\/ss20.ee\/ru\/shop\/manguarvuti-valor-air\/","og_site_name":"SPETS SERVICE","article_publisher":"https:\/\/www.facebook.com\/applearvutid","article_modified_time":"2024-11-28T15:05:47+00:00","og_image":[{"width":960,"height":1280,"url":"https:\/\/ss20.ee\/wp-content\/uploads\/2024\/11\/Photoroom_20241128_163600.jpg","type":"image\/jpeg"}],"twitter_card":"summary_large_image","twitter_misc":{"\u041f\u0440\u0438\u043c\u0435\u0440\u043d\u043e\u0435 \u0432\u0440\u0435\u043c\u044f \u0434\u043b\u044f \u0447\u0442\u0435\u043d\u0438\u044f":"1 \u043c\u0438\u043d\u0443\u0442\u0430"},"schema":{"@context":"https:\/\/schema.org","@graph":[{"@type":"WebPage","@id":"https:\/\/ss20.ee\/ru\/shop\/manguarvuti-valor-air\/","url":"https:\/\/ss20.ee\/ru\/shop\/manguarvuti-valor-air\/","name":"\u0418\u0433\u0440\u043e\u0432\u043e\u0439 \u043a\u043e\u043c\u043f\u044c\u044e\u0442\u0435\u0440 \"Valor Air\" RYZEN 5\/RX7600\/32GB - SPETS SERVICE","isPartOf":{"@id":"https:\/\/ss20.ee\/ru\/#website"},"primaryImageOfPage":{"@id":"https:\/\/ss20.ee\/ru\/shop\/manguarvuti-valor-air\/#primaryimage"},"image":{"@id":"https:\/\/ss20.ee\/ru\/shop\/manguarvuti-valor-air\/#primaryimage"},"thumbnailUrl":"https:\/\/ss20.ee\/wp-content\/uploads\/2024\/11\/Photoroom_20241128_163600.jpg","datePublished":"2024-11-28T14:55:19+00:00","dateModified":"2024-11-28T15:05:47+00:00","description":"\u0418\u0433\u0440\u043e\u0432\u043e\u0439 \u043a\u043e\u043c\u043f\u044c\u044e\u0442\u0435\u0440 \"Valor Air\" RYZEN 5\/RX7600\/32GB \u2013 kvaliteetne ja t\u00f6\u00f6kindel valik. Kontrollitud ja hooldatud. Kiire kohaletoimetamine Tallinnas ja \u00fcle Eesti.","breadcrumb":{"@id":"https:\/\/ss20.ee\/ru\/shop\/manguarvuti-valor-air\/#breadcrumb"},"inLanguage":"ru-RU","potentialAction":[{"@type":"ReadAction","target":["https:\/\/ss20.ee\/ru\/shop\/manguarvuti-valor-air\/"]}]},{"@type":"ImageObject","inLanguage":"ru-RU","@id":"https:\/\/ss20.ee\/ru\/shop\/manguarvuti-valor-air\/#primaryimage","url":"https:\/\/ss20.ee\/wp-content\/uploads\/2024\/11\/Photoroom_20241128_163600.jpg","contentUrl":"https:\/\/ss20.ee\/wp-content\/uploads\/2024\/11\/Photoroom_20241128_163600.jpg","width":960,"height":1280},{"@type":"BreadcrumbList","@id":"https:\/\/ss20.ee\/ru\/shop\/manguarvuti-valor-air\/#breadcrumb","itemListElement":[{"@type":"ListItem","position":1,"name":"Home","item":"https:\/\/ss20.ee\/ru\/"},{"@type":"ListItem","position":2,"name":"\u0412\u0421\u0415 \u0422\u041e\u0412\u0410\u0420\u042b","item":"https:\/\/ss20.ee\/ru\/shop\/"},{"@type":"ListItem","position":3,"name":"\u0418\u0433\u0440\u043e\u0432\u043e\u0439 \u043a\u043e\u043c\u043f\u044c\u044e\u0442\u0435\u0440 &#8220;Valor Air&#8221; RYZEN 5\/RX7600\/32GB"}]},{"@type":"WebSite","@id":"https:\/\/ss20.ee\/ru\/#website","url":"https:\/\/ss20.ee\/ru\/","name":"Spets Service","description":"ARVUTITE M\u00dc\u00dcK JA REMONT","publisher":{"@id":"https:\/\/ss20.ee\/ru\/#organization"},"potentialAction":[{"@type":"SearchAction","target":{"@type":"EntryPoint","urlTemplate":"https:\/\/ss20.ee\/ru\/?s={search_term_string}"},"query-input":{"@type":"PropertyValueSpecification","valueRequired":true,"valueName":"search_term_string"}}],"inLanguage":"ru-RU"},{"@type":"Organization","@id":"https:\/\/ss20.ee\/ru\/#organization","name":"Spets Service","alternateName":"Spets Service","url":"https:\/\/ss20.ee\/ru\/","logo":{"@type":"ImageObject","inLanguage":"ru-RU","@id":"https:\/\/ss20.ee\/ru\/#\/schema\/logo\/image\/","url":"https:\/\/ss20.ee\/wp-content\/uploads\/2024\/11\/Untitled-design-9.png","contentUrl":"https:\/\/ss20.ee\/wp-content\/uploads\/2024\/11\/Untitled-design-9.png","width":1772,"height":354,"caption":"Spets Service"},"image":{"@id":"https:\/\/ss20.ee\/ru\/#\/schema\/logo\/image\/"},"sameAs":["https:\/\/www.facebook.com\/applearvutid","https:\/\/www.instagram.com\/ss20_apple_arvutid\/"]}]}},"_links":{"self":[{"href":"https:\/\/ss20.ee\/ru\/wp-json\/wp\/v2\/product\/29630","targetHints":{"allow":["GET"]}}],"collection":[{"href":"https:\/\/ss20.ee\/ru\/wp-json\/wp\/v2\/product"}],"about":[{"href":"https:\/\/ss20.ee\/ru\/wp-json\/wp\/v2\/types\/product"}],"wp:featuredmedia":[{"embeddable":true,"href":"https:\/\/ss20.ee\/ru\/wp-json\/wp\/v2\/media\/29626"}],"wp:attachment":[{"href":"https:\/\/ss20.ee\/ru\/wp-json\/wp\/v2\/media?parent=29630"}],"wp:term":[{"taxonomy":"product_brand","embeddable":true,"href":"https:\/\/ss20.ee\/ru\/wp-json\/wp\/v2\/product_brand?post=29630"},{"taxonomy":"product_cat","embeddable":true,"href":"https:\/\/ss20.ee\/ru\/wp-json\/wp\/v2\/product_cat?post=29630"},{"taxonomy":"product_tag","embeddable":true,"href":"https:\/\/ss20.ee\/ru\/wp-json\/wp\/v2\/product_tag?post=29630"}],"curies":[{"name":"wp","href":"https:\/\/api.w.org\/{rel}","templated":true}]}}