{"id":29719,"date":"2024-12-10T10:25:40","date_gmt":"2024-12-10T10:25:40","guid":{"rendered":"https:\/\/ss20.ee\/?post_type=product&#038;p=29719"},"modified":"2024-12-10T10:56:33","modified_gmt":"2024-12-10T10:56:33","slug":"imac-21-5-macos-catalina-core-i5-16gb-250gb-ssd-kopeeri","status":"publish","type":"product","link":"https:\/\/ss20.ee\/ru\/shop\/imac-21-5-macos-catalina-core-i5-16gb-250gb-ssd-kopeeri\/","title":{"rendered":"IMAC 21.5&#8243; macOS Ventura \u2013 Core i7\/16GB\/250GB SSD"},"content":{"rendered":"<p><strong>\u041d\u0430\u0437\u0432\u0430\u043d\u0438\u0435:<\/strong> IMAC 21.5\u2033<br \/>\n<strong><span class=\"tlid-translation translation\" lang=\"en\"><span class=\"\" title=\"\">\u041e\u043f\u0435\u0440\u0430\u0442\u0438\u0432\u043d\u0430\u044f \u0441\u0438\u0441\u0442\u0435\u043c\u0430<\/span><\/span>:<\/strong> macOS Ventura 13.6.5<br \/>\n<strong>\u0416\u0435\u0441\u0442\u043a\u0438\u0439 \u0434\u0438\u0441\u043a:<\/strong> 250 GB SSD<br \/>\n<strong><span class=\"tlid-translation translation\" lang=\"et\"><span class=\"\" title=\"\">\u041f\u0440\u043e\u0446\u0435\u0441\u0441\u043e\u0440:<\/span><\/span><\/strong> 3,1 GHz Quad-Core Intel Core i7<br \/>\n<strong>\u042d\u043a\u0440\u0430\u043d<span class=\"tlid-translation translation\" lang=\"et\"><span class=\"\" title=\"\">:<\/span><\/span>\u00a0<\/strong> 21.5\u2033<br \/>\n<strong><span class=\"tlid-translation translation\" lang=\"en\"><span class=\"\" title=\"\">\u041f\u0430\u043c\u044f\u0442\u044c<\/span><\/span><span class=\"tlid-translation translation\" lang=\"et\"><span class=\"\" title=\"\">:<\/span><\/span><\/strong> 16 GB<br \/>\n<strong>\u0417\u0430\u0440\u044f\u0434\u043d\u043e\u0435 \u0443\u0441\u0442\u0440\u043e\u0439\u0441\u0442\u0432\u043e:<\/strong> \u041a\u0430\u0431\u0435\u043b\u044c<br \/>\n<strong>\u0421\u043e\u0441\u0442\u043e\u044f\u043d\u0438\u0435:\u00a0<\/strong><span id=\"cch_f31a7418af7e9e\" class=\"_mh6 _wsc\"><span class=\"_3oh- _58nk\"> <span class=\"tlid-translation translation\" lang=\"ru\"><span class=\"\" title=\"\">\u041a\u043e\u0440\u043f\u0443\u0441 \u043a\u043e\u043c\u043f\u044c\u044e\u0442\u0435\u0440\u0430 \u043f\u043e\u043a\u0430\u0437\u044b\u0432\u0430\u0435\u0442 \u043c\u0430\u043b\u043e \u0441\u043b\u0435\u0434\u043e\u0432 \u0438\u0441\u043f\u043e\u043b\u044c\u0437\u043e\u0432\u0430\u043d\u0438\u044f.<\/span> <\/span><\/span><\/span><span id=\"cch_f31a7418af7e9e\" class=\"_mh6 _wsc\"><\/span><\/p>\n<p><span style=\"color: #ff0000;\"><strong>\u041d\u0430 \u044d\u043a\u0440\u0430\u043d\u0435 \u0435\u0441\u0442\u044c \u0446\u0430\u0440\u0430\u043f\u0438\u043d\u044b \u0438 \u0435\u0441\u0442\u044c \u0442\u0440\u0435\u0449\u0438\u043d\u0430 \u0441 \u043f\u0440\u0430\u0432\u043e\u0439 \u0441\u0442\u043e\u0440\u043e\u043d\u044b \u044d\u043a\u0440\u0430\u043d\u0430, \u043a\u043e\u0442\u043e\u0440\u0430\u044f \u043d\u0435 \u043c\u0435\u0448\u0430\u0435\u0442 \u0438\u0441\u043f\u043e\u043b\u044c\u0437\u043e\u0432\u0430\u043d\u0438\u044e.<\/strong><\/span><\/p>\n","protected":false},"excerpt":{"rendered":"<p>\u041d\u0430\u0437\u0432\u0430\u043d\u0438\u0435: IMAC 21.5\u2033 \u041e\u043f\u0435\u0440\u0430\u0442\u0438\u0432\u043d\u0430\u044f \u0441\u0438\u0441\u0442\u0435\u043c\u0430: macOS Ventura 13.6.5 \u0416\u0435\u0441\u0442\u043a\u0438\u0439 \u0434\u0438\u0441\u043a: 250 GB SSD \u041f\u0440\u043e\u0446\u0435\u0441\u0441\u043e\u0440: 3,1 GHz Quad-Core Intel Core i7 \u042d\u043a\u0440\u0430\u043d:\u00a0 21.5\u2033 \u041f\u0430\u043c\u044f\u0442\u044c: 16 GB \u0417\u0430\u0440\u044f\u0434\u043d\u043e\u0435 \u0443\u0441\u0442\u0440\u043e\u0439\u0441\u0442\u0432\u043e: \u041a\u0430\u0431\u0435\u043b\u044c \u0421\u043e\u0441\u0442\u043e\u044f\u043d\u0438\u0435:\u00a0 \u041a\u043e\u0440\u043f\u0443\u0441 \u043a\u043e\u043c\u043f\u044c\u044e\u0442\u0435\u0440\u0430 \u043f\u043e\u043a\u0430\u0437\u044b\u0432\u0430\u0435\u0442 \u043c\u0430\u043b\u043e \u0441\u043b\u0435\u0434\u043e\u0432 \u0438\u0441\u043f\u043e\u043b\u044c\u0437\u043e\u0432\u0430\u043d\u0438\u044f. \u041d\u0430 \u044d\u043a\u0440\u0430\u043d\u0435 \u0435\u0441\u0442\u044c \u0446\u0430\u0440\u0430\u043f\u0438\u043d\u044b \u0438 \u0435\u0441\u0442\u044c \u0442\u0440\u0435\u0449\u0438\u043d\u0430 \u0441 \u043f\u0440\u0430\u0432\u043e\u0439 \u0441\u0442\u043e\u0440\u043e\u043d\u044b \u044d\u043a\u0440\u0430\u043d\u0430, \u043a\u043e\u0442\u043e\u0440\u0430\u044f \u043d\u0435 \u043c\u0435\u0448\u0430\u0435\u0442 \u0438\u0441\u043f\u043e\u043b\u044c\u0437\u043e\u0432\u0430\u043d\u0438\u044e.<\/p>\n","protected":false},"featured_media":29722,"template":"","meta":[],"product_brand":[],"product_cat":[659,290,777],"product_tag":[586],"class_list":{"0":"post-29719","1":"product","2":"type-product","3":"status-publish","4":"has-post-thumbnail","6":"product_cat-desktopy","7":"product_cat-imac-ru","8":"product_cat-ugolok-nahodok","9":"product_tag-imac-ru","11":"first","12":"outofstock","13":"sale","14":"taxable","15":"shipping-taxable","16":"purchasable","17":"product-type-simple"},"yoast_head":"<!-- This site is optimized with the Yoast SEO Premium plugin v25.2 (Yoast SEO v26.4) - https:\/\/yoast.com\/wordpress\/plugins\/seo\/ -->\n<title>IMAC 21.5&quot; macOS Ventura \u2013 Core i7\/16GB\/250GB SSD - SPETS SERVICE<\/title>\n<meta name=\"description\" content=\"IMAC 21.5&quot; macOS Ventura \u2013 Core i7\/16GB\/250GB SSD \u2013 kvaliteetne ja t\u00f6\u00f6kindel valik. Kontrollitud ja hooldatud. Kiire kohaletoimetamine Tallinnas ja \u00fcle Eesti.\" \/>\n<meta name=\"robots\" content=\"index, follow, max-snippet:-1, max-image-preview:large, max-video-preview:-1\" \/>\n<link rel=\"canonical\" href=\"https:\/\/ss20.ee\/ru\/shop\/imac-21-5-macos-catalina-core-i5-16gb-250gb-ssd-kopeeri\/\" \/>\n<meta property=\"og:locale\" content=\"ru_RU\" \/>\n<meta property=\"og:type\" content=\"article\" \/>\n<meta property=\"og:title\" content=\"IMAC 21.5&quot; macOS Ventura \u2013 Core i7\/16GB\/250GB SSD\" \/>\n<meta property=\"og:description\" content=\"IMAC 21.5&quot; macOS Ventura \u2013 Core i7\/16GB\/250GB SSD \u2013 kvaliteetne ja t\u00f6\u00f6kindel valik. Kontrollitud ja hooldatud. Kiire kohaletoimetamine Tallinnas ja \u00fcle Eesti.\" \/>\n<meta property=\"og:url\" content=\"https:\/\/ss20.ee\/ru\/shop\/imac-21-5-macos-catalina-core-i5-16gb-250gb-ssd-kopeeri\/\" \/>\n<meta property=\"og:site_name\" content=\"SPETS SERVICE\" \/>\n<meta property=\"article:publisher\" content=\"https:\/\/www.facebook.com\/applearvutid\" \/>\n<meta property=\"article:modified_time\" content=\"2024-12-10T10:56:33+00:00\" \/>\n<meta property=\"og:image\" content=\"https:\/\/ss20.ee\/wp-content\/uploads\/2024\/12\/Photoroom_20241210_122146.jpg\" \/>\n\t<meta property=\"og:image:width\" content=\"1280\" \/>\n\t<meta property=\"og:image:height\" content=\"1280\" \/>\n\t<meta property=\"og:image:type\" content=\"image\/jpeg\" \/>\n<meta name=\"twitter:card\" content=\"summary_large_image\" \/>\n<meta name=\"twitter:label1\" content=\"\u041f\u0440\u0438\u043c\u0435\u0440\u043d\u043e\u0435 \u0432\u0440\u0435\u043c\u044f \u0434\u043b\u044f \u0447\u0442\u0435\u043d\u0438\u044f\" \/>\n\t<meta name=\"twitter:data1\" content=\"1 \u043c\u0438\u043d\u0443\u0442\u0430\" \/>\n<script type=\"application\/ld+json\" class=\"yoast-schema-graph\">{\"@context\":\"https:\/\/schema.org\",\"@graph\":[{\"@type\":\"WebPage\",\"@id\":\"https:\/\/ss20.ee\/ru\/shop\/imac-21-5-macos-catalina-core-i5-16gb-250gb-ssd-kopeeri\/\",\"url\":\"https:\/\/ss20.ee\/ru\/shop\/imac-21-5-macos-catalina-core-i5-16gb-250gb-ssd-kopeeri\/\",\"name\":\"IMAC 21.5\\\" macOS Ventura \u2013 Core i7\/16GB\/250GB SSD - SPETS SERVICE\",\"isPartOf\":{\"@id\":\"https:\/\/ss20.ee\/ru\/#website\"},\"primaryImageOfPage\":{\"@id\":\"https:\/\/ss20.ee\/ru\/shop\/imac-21-5-macos-catalina-core-i5-16gb-250gb-ssd-kopeeri\/#primaryimage\"},\"image\":{\"@id\":\"https:\/\/ss20.ee\/ru\/shop\/imac-21-5-macos-catalina-core-i5-16gb-250gb-ssd-kopeeri\/#primaryimage\"},\"thumbnailUrl\":\"https:\/\/ss20.ee\/wp-content\/uploads\/2024\/12\/Photoroom_20241210_122146.jpg\",\"datePublished\":\"2024-12-10T10:25:40+00:00\",\"dateModified\":\"2024-12-10T10:56:33+00:00\",\"description\":\"IMAC 21.5\\\" macOS Ventura \u2013 Core i7\/16GB\/250GB SSD \u2013 kvaliteetne ja t\u00f6\u00f6kindel valik. Kontrollitud ja hooldatud. Kiire kohaletoimetamine Tallinnas ja \u00fcle Eesti.\",\"breadcrumb\":{\"@id\":\"https:\/\/ss20.ee\/ru\/shop\/imac-21-5-macos-catalina-core-i5-16gb-250gb-ssd-kopeeri\/#breadcrumb\"},\"inLanguage\":\"ru-RU\",\"potentialAction\":[{\"@type\":\"ReadAction\",\"target\":[\"https:\/\/ss20.ee\/ru\/shop\/imac-21-5-macos-catalina-core-i5-16gb-250gb-ssd-kopeeri\/\"]}]},{\"@type\":\"ImageObject\",\"inLanguage\":\"ru-RU\",\"@id\":\"https:\/\/ss20.ee\/ru\/shop\/imac-21-5-macos-catalina-core-i5-16gb-250gb-ssd-kopeeri\/#primaryimage\",\"url\":\"https:\/\/ss20.ee\/wp-content\/uploads\/2024\/12\/Photoroom_20241210_122146.jpg\",\"contentUrl\":\"https:\/\/ss20.ee\/wp-content\/uploads\/2024\/12\/Photoroom_20241210_122146.jpg\",\"width\":1280,\"height\":1280},{\"@type\":\"BreadcrumbList\",\"@id\":\"https:\/\/ss20.ee\/ru\/shop\/imac-21-5-macos-catalina-core-i5-16gb-250gb-ssd-kopeeri\/#breadcrumb\",\"itemListElement\":[{\"@type\":\"ListItem\",\"position\":1,\"name\":\"Home\",\"item\":\"https:\/\/ss20.ee\/ru\/\"},{\"@type\":\"ListItem\",\"position\":2,\"name\":\"\u0412\u0421\u0415 \u0422\u041e\u0412\u0410\u0420\u042b\",\"item\":\"https:\/\/ss20.ee\/ru\/shop\/\"},{\"@type\":\"ListItem\",\"position\":3,\"name\":\"IMAC 21.5&#8243; macOS Ventura \u2013 Core i7\/16GB\/250GB SSD\"}]},{\"@type\":\"WebSite\",\"@id\":\"https:\/\/ss20.ee\/ru\/#website\",\"url\":\"https:\/\/ss20.ee\/ru\/\",\"name\":\"Spets Service\",\"description\":\"ARVUTITE M\u00dc\u00dcK JA REMONT\",\"publisher\":{\"@id\":\"https:\/\/ss20.ee\/ru\/#organization\"},\"potentialAction\":[{\"@type\":\"SearchAction\",\"target\":{\"@type\":\"EntryPoint\",\"urlTemplate\":\"https:\/\/ss20.ee\/ru\/?s={search_term_string}\"},\"query-input\":{\"@type\":\"PropertyValueSpecification\",\"valueRequired\":true,\"valueName\":\"search_term_string\"}}],\"inLanguage\":\"ru-RU\"},{\"@type\":\"Organization\",\"@id\":\"https:\/\/ss20.ee\/ru\/#organization\",\"name\":\"Spets Service\",\"alternateName\":\"Spets Service\",\"url\":\"https:\/\/ss20.ee\/ru\/\",\"logo\":{\"@type\":\"ImageObject\",\"inLanguage\":\"ru-RU\",\"@id\":\"https:\/\/ss20.ee\/ru\/#\/schema\/logo\/image\/\",\"url\":\"https:\/\/ss20.ee\/wp-content\/uploads\/2024\/11\/Untitled-design-9.png\",\"contentUrl\":\"https:\/\/ss20.ee\/wp-content\/uploads\/2024\/11\/Untitled-design-9.png\",\"width\":1772,\"height\":354,\"caption\":\"Spets Service\"},\"image\":{\"@id\":\"https:\/\/ss20.ee\/ru\/#\/schema\/logo\/image\/\"},\"sameAs\":[\"https:\/\/www.facebook.com\/applearvutid\",\"https:\/\/www.instagram.com\/ss20_apple_arvutid\/\"]}]}<\/script>\n<!-- \/ Yoast SEO Premium plugin. -->","yoast_head_json":{"title":"IMAC 21.5\" macOS Ventura \u2013 Core i7\/16GB\/250GB SSD - SPETS SERVICE","description":"IMAC 21.5\" macOS Ventura \u2013 Core i7\/16GB\/250GB SSD \u2013 kvaliteetne ja t\u00f6\u00f6kindel valik. Kontrollitud ja hooldatud. Kiire kohaletoimetamine Tallinnas ja \u00fcle Eesti.","robots":{"index":"index","follow":"follow","max-snippet":"max-snippet:-1","max-image-preview":"max-image-preview:large","max-video-preview":"max-video-preview:-1"},"canonical":"https:\/\/ss20.ee\/ru\/shop\/imac-21-5-macos-catalina-core-i5-16gb-250gb-ssd-kopeeri\/","og_locale":"ru_RU","og_type":"article","og_title":"IMAC 21.5\" macOS Ventura \u2013 Core i7\/16GB\/250GB SSD","og_description":"IMAC 21.5\" macOS Ventura \u2013 Core i7\/16GB\/250GB SSD \u2013 kvaliteetne ja t\u00f6\u00f6kindel valik. Kontrollitud ja hooldatud. Kiire kohaletoimetamine Tallinnas ja \u00fcle Eesti.","og_url":"https:\/\/ss20.ee\/ru\/shop\/imac-21-5-macos-catalina-core-i5-16gb-250gb-ssd-kopeeri\/","og_site_name":"SPETS SERVICE","article_publisher":"https:\/\/www.facebook.com\/applearvutid","article_modified_time":"2024-12-10T10:56:33+00:00","og_image":[{"width":1280,"height":1280,"url":"https:\/\/ss20.ee\/wp-content\/uploads\/2024\/12\/Photoroom_20241210_122146.jpg","type":"image\/jpeg"}],"twitter_card":"summary_large_image","twitter_misc":{"\u041f\u0440\u0438\u043c\u0435\u0440\u043d\u043e\u0435 \u0432\u0440\u0435\u043c\u044f \u0434\u043b\u044f \u0447\u0442\u0435\u043d\u0438\u044f":"1 \u043c\u0438\u043d\u0443\u0442\u0430"},"schema":{"@context":"https:\/\/schema.org","@graph":[{"@type":"WebPage","@id":"https:\/\/ss20.ee\/ru\/shop\/imac-21-5-macos-catalina-core-i5-16gb-250gb-ssd-kopeeri\/","url":"https:\/\/ss20.ee\/ru\/shop\/imac-21-5-macos-catalina-core-i5-16gb-250gb-ssd-kopeeri\/","name":"IMAC 21.5\" macOS Ventura \u2013 Core i7\/16GB\/250GB SSD - SPETS SERVICE","isPartOf":{"@id":"https:\/\/ss20.ee\/ru\/#website"},"primaryImageOfPage":{"@id":"https:\/\/ss20.ee\/ru\/shop\/imac-21-5-macos-catalina-core-i5-16gb-250gb-ssd-kopeeri\/#primaryimage"},"image":{"@id":"https:\/\/ss20.ee\/ru\/shop\/imac-21-5-macos-catalina-core-i5-16gb-250gb-ssd-kopeeri\/#primaryimage"},"thumbnailUrl":"https:\/\/ss20.ee\/wp-content\/uploads\/2024\/12\/Photoroom_20241210_122146.jpg","datePublished":"2024-12-10T10:25:40+00:00","dateModified":"2024-12-10T10:56:33+00:00","description":"IMAC 21.5\" macOS Ventura \u2013 Core i7\/16GB\/250GB SSD \u2013 kvaliteetne ja t\u00f6\u00f6kindel valik. Kontrollitud ja hooldatud. Kiire kohaletoimetamine Tallinnas ja \u00fcle Eesti.","breadcrumb":{"@id":"https:\/\/ss20.ee\/ru\/shop\/imac-21-5-macos-catalina-core-i5-16gb-250gb-ssd-kopeeri\/#breadcrumb"},"inLanguage":"ru-RU","potentialAction":[{"@type":"ReadAction","target":["https:\/\/ss20.ee\/ru\/shop\/imac-21-5-macos-catalina-core-i5-16gb-250gb-ssd-kopeeri\/"]}]},{"@type":"ImageObject","inLanguage":"ru-RU","@id":"https:\/\/ss20.ee\/ru\/shop\/imac-21-5-macos-catalina-core-i5-16gb-250gb-ssd-kopeeri\/#primaryimage","url":"https:\/\/ss20.ee\/wp-content\/uploads\/2024\/12\/Photoroom_20241210_122146.jpg","contentUrl":"https:\/\/ss20.ee\/wp-content\/uploads\/2024\/12\/Photoroom_20241210_122146.jpg","width":1280,"height":1280},{"@type":"BreadcrumbList","@id":"https:\/\/ss20.ee\/ru\/shop\/imac-21-5-macos-catalina-core-i5-16gb-250gb-ssd-kopeeri\/#breadcrumb","itemListElement":[{"@type":"ListItem","position":1,"name":"Home","item":"https:\/\/ss20.ee\/ru\/"},{"@type":"ListItem","position":2,"name":"\u0412\u0421\u0415 \u0422\u041e\u0412\u0410\u0420\u042b","item":"https:\/\/ss20.ee\/ru\/shop\/"},{"@type":"ListItem","position":3,"name":"IMAC 21.5&#8243; macOS Ventura \u2013 Core i7\/16GB\/250GB SSD"}]},{"@type":"WebSite","@id":"https:\/\/ss20.ee\/ru\/#website","url":"https:\/\/ss20.ee\/ru\/","name":"Spets Service","description":"ARVUTITE M\u00dc\u00dcK JA REMONT","publisher":{"@id":"https:\/\/ss20.ee\/ru\/#organization"},"potentialAction":[{"@type":"SearchAction","target":{"@type":"EntryPoint","urlTemplate":"https:\/\/ss20.ee\/ru\/?s={search_term_string}"},"query-input":{"@type":"PropertyValueSpecification","valueRequired":true,"valueName":"search_term_string"}}],"inLanguage":"ru-RU"},{"@type":"Organization","@id":"https:\/\/ss20.ee\/ru\/#organization","name":"Spets Service","alternateName":"Spets Service","url":"https:\/\/ss20.ee\/ru\/","logo":{"@type":"ImageObject","inLanguage":"ru-RU","@id":"https:\/\/ss20.ee\/ru\/#\/schema\/logo\/image\/","url":"https:\/\/ss20.ee\/wp-content\/uploads\/2024\/11\/Untitled-design-9.png","contentUrl":"https:\/\/ss20.ee\/wp-content\/uploads\/2024\/11\/Untitled-design-9.png","width":1772,"height":354,"caption":"Spets Service"},"image":{"@id":"https:\/\/ss20.ee\/ru\/#\/schema\/logo\/image\/"},"sameAs":["https:\/\/www.facebook.com\/applearvutid","https:\/\/www.instagram.com\/ss20_apple_arvutid\/"]}]}},"_links":{"self":[{"href":"https:\/\/ss20.ee\/ru\/wp-json\/wp\/v2\/product\/29719","targetHints":{"allow":["GET"]}}],"collection":[{"href":"https:\/\/ss20.ee\/ru\/wp-json\/wp\/v2\/product"}],"about":[{"href":"https:\/\/ss20.ee\/ru\/wp-json\/wp\/v2\/types\/product"}],"wp:featuredmedia":[{"embeddable":true,"href":"https:\/\/ss20.ee\/ru\/wp-json\/wp\/v2\/media\/29722"}],"wp:attachment":[{"href":"https:\/\/ss20.ee\/ru\/wp-json\/wp\/v2\/media?parent=29719"}],"wp:term":[{"taxonomy":"product_brand","embeddable":true,"href":"https:\/\/ss20.ee\/ru\/wp-json\/wp\/v2\/product_brand?post=29719"},{"taxonomy":"product_cat","embeddable":true,"href":"https:\/\/ss20.ee\/ru\/wp-json\/wp\/v2\/product_cat?post=29719"},{"taxonomy":"product_tag","embeddable":true,"href":"https:\/\/ss20.ee\/ru\/wp-json\/wp\/v2\/product_tag?post=29719"}],"curies":[{"name":"wp","href":"https:\/\/api.w.org\/{rel}","templated":true}]}}