{"id":45686,"date":"2026-01-13T12:39:06","date_gmt":"2026-01-13T12:39:06","guid":{"rendered":"https:\/\/ss20.ee\/?post_type=product&#038;p=45686"},"modified":"2026-01-13T14:32:26","modified_gmt":"2026-01-13T14:32:26","slug":"voimendi-paso-power-amplifier-aw-5120-kopeeri-2","status":"publish","type":"product","link":"https:\/\/ss20.ee\/ru\/shop\/voimendi-paso-power-amplifier-aw-5120-kopeeri-2\/","title":{"rendered":"\u041a\u043e\u043c\u043f\u043b\u0435\u043a\u0442 \u0443\u0441\u0438\u043b\u0438\u0442\u0435\u043b\u0435\u0439 Bosch Plena: \u043c\u0438\u043a\u0448\u0435\u0440 \u0438 \u0443\u0441\u0438\u043b\u0438\u0442\u0435\u043b\u044c"},"content":{"rendered":"<p class=\"ai-optimize-26 ai-optimize-introduction\">\u041c\u0438\u043a\u0448\u0435\u0440 Bosch Plena PLE-10m2-eu: 100 \u0412, \u0432\u0445\u043e\u0434 \u0434\u043b\u044f \u0442\u0435\u043b\u0435\u0444\u043e\u043d\u0430 \u0438 \u0441\u0442\u043e\u0439\u043a\u0438 \u0432\u044b\u0437\u043e\u0432\u0430 \u0441 \u043f\u0440\u0438\u043e\u0440\u0438\u0442\u0435\u0442\u043e\u043c \u0438 VOX, 6 \u043c\u0438\u043a\u0440\u043e\u0444\u043e\u043d\u043d\u044b\u0445\/\u043b\u0438\u043d\u0435\u0439\u043d\u044b\u0445 \u0432\u0445\u043e\u0434\u043e\u0432 \u0438 3 \u0432\u0445\u043e\u0434\u0430 \u0434\u043b\u044f \u043c\u0443\u0437\u044b\u043a\u0430\u043b\u044c\u043d\u044b\u0445 \u0438\u0441\u0442\u043e\u0447\u043d\u0438\u043a\u043e\u0432<\/p>\n<p class=\"ai-optimize-27\">\u0423\u0441\u0438\u043b\u0438\u0442\u0435\u043b\u044c Bosch Plena LBB1935\/20: 240 \u0412\u0442, 70\/100 \u0412, 8 \u041e\u043c<\/p>\n<p class=\"ai-optimize-28\">\u0423\u0441\u0438\u043b\u0438\u0442\u0435\u043b\u0438 \u0432 \u0440\u0430\u0431\u043e\u0447\u0435\u043c \u0441\u043e\u0441\u0442\u043e\u044f\u043d\u0438\u0438. \u0418\u043c\u0435\u044e\u0442\u0441\u044f \u043a\u043e\u0441\u043c\u0435\u0442\u0438\u0447\u0435\u0441\u043a\u0438\u0435 \u0434\u0435\u0444\u0435\u043a\u0442\u044b \u043a\u043e\u0440\u043f\u0443\u0441\u0430. \u0412 \u043a\u043e\u043c\u043f\u043b\u0435\u043a\u0442\u0435 \u0441\u0435\u0442\u0435\u0432\u043e\u0439 \u0448\u043d\u0443\u0440 \u0438 \u0441\u043e\u0435\u0434\u0438\u043d\u0438\u0442\u0435\u043b\u044c\u043d\u044b\u0439 \u043a\u0430\u0431\u0435\u043b\u044c XLR.<\/p>\n<p class=\"ai-optimize-28\">\u0414\u043e\u043f\u043e\u043b\u043d\u0438\u0442\u0435\u043b\u044c\u043d\u0443\u044e \u0438\u043d\u0444\u043e\u0440\u043c\u0430\u0446\u0438\u044e \u043c\u043e\u0436\u043d\u043e \u043d\u0430\u0439\u0442\u0438 \u0437\u0434\u0435\u0441\u044c: https:\/\/www.wagneronline.com.au\/attachments\/Bosch\/PLE-10M2.pdf?srsltid=AfmBOooRQyUxZqiLbCHRKDVoJC_DZqoMAI88-6sH7o2Pv4Ws8YXL-W1Z<\/p>\n<p class=\"ai-optimize-28\">https:\/\/objects.eanixter.com\/PD479279.PDF<\/p>\n","protected":false},"excerpt":{"rendered":"<p>\u041c\u0438\u043a\u0448\u0435\u0440 Bosch Plena PLE-10m2-eu: 100 \u0412, \u0432\u0445\u043e\u0434 \u0434\u043b\u044f \u0442\u0435\u043b\u0435\u0444\u043e\u043d\u0430 \u0438 \u0441\u0442\u043e\u0439\u043a\u0438 \u0432\u044b\u0437\u043e\u0432\u0430 \u0441 \u043f\u0440\u0438\u043e\u0440\u0438\u0442\u0435\u0442\u043e\u043c \u0438 VOX, 6 \u043c\u0438\u043a\u0440\u043e\u0444\u043e\u043d\u043d\u044b\u0445\/\u043b\u0438\u043d\u0435\u0439\u043d\u044b\u0445 \u0432\u0445\u043e\u0434\u043e\u0432 \u0438 3 \u0432\u0445\u043e\u0434\u0430 \u0434\u043b\u044f \u043c\u0443\u0437\u044b\u043a\u0430\u043b\u044c\u043d\u044b\u0445 \u0438\u0441\u0442\u043e\u0447\u043d\u0438\u043a\u043e\u0432 \u0423\u0441\u0438\u043b\u0438\u0442\u0435\u043b\u044c Bosch Plena LBB1935\/20: 240 \u0412\u0442, 70\/100 \u0412, 8 \u041e\u043c \u0423\u0441\u0438\u043b\u0438\u0442\u0435\u043b\u0438 \u0432 \u0440\u0430\u0431\u043e\u0447\u0435\u043c \u0441\u043e\u0441\u0442\u043e\u044f\u043d\u0438\u0438. \u0418\u043c\u0435\u044e\u0442\u0441\u044f \u043a\u043e\u0441\u043c\u0435\u0442\u0438\u0447\u0435\u0441\u043a\u0438\u0435 \u0434\u0435\u0444\u0435\u043a\u0442\u044b \u043a\u043e\u0440\u043f\u0443\u0441\u0430. \u0412 \u043a\u043e\u043c\u043f\u043b\u0435\u043a\u0442\u0435 \u0441\u0435\u0442\u0435\u0432\u043e\u0439 \u0448\u043d\u0443\u0440 \u0438 \u0441\u043e\u0435\u0434\u0438\u043d\u0438\u0442\u0435\u043b\u044c\u043d\u044b\u0439 \u043a\u0430\u0431\u0435\u043b\u044c&hellip; <\/p>\n","protected":false},"featured_media":45689,"template":"","meta":[],"product_brand":[],"product_cat":[950],"product_tag":[],"class_list":{"0":"post-45686","1":"product","2":"type-product","3":"status-publish","4":"has-post-thumbnail","6":"product_cat-usiliteli","8":"first","9":"instock","10":"sale","11":"taxable","12":"shipping-taxable","13":"purchasable","14":"product-type-simple"},"yoast_head":"<!-- This site is optimized with the Yoast SEO Premium plugin v25.2 (Yoast SEO v26.4) - https:\/\/yoast.com\/wordpress\/plugins\/seo\/ -->\n<title>\u041a\u043e\u043c\u043f\u043b\u0435\u043a\u0442 \u0443\u0441\u0438\u043b\u0438\u0442\u0435\u043b\u0435\u0439 Bosch Plena: \u043c\u0438\u043a\u0448\u0435\u0440 \u0438 \u0443\u0441\u0438\u043b\u0438\u0442\u0435\u043b\u044c - SPETS SERVICE<\/title>\n<meta name=\"description\" content=\"\u041a\u043e\u043c\u043f\u043b\u0435\u043a\u0442 \u0443\u0441\u0438\u043b\u0438\u0442\u0435\u043b\u0435\u0439 Bosch Plena: \u043c\u0438\u043a\u0448\u0435\u0440 \u0438 \u0443\u0441\u0438\u043b\u0438\u0442\u0435\u043b\u044c \u2013 kvaliteetne ja t\u00f6\u00f6kindel valik. Kontrollitud ja hooldatud. Kiire kohaletoimetamine Tallinnas ja \u00fcle Eesti.\" \/>\n<meta name=\"robots\" content=\"index, follow, max-snippet:-1, max-image-preview:large, max-video-preview:-1\" \/>\n<link rel=\"canonical\" href=\"https:\/\/ss20.ee\/ru\/shop\/voimendi-paso-power-amplifier-aw-5120-kopeeri-2\/\" \/>\n<meta property=\"og:locale\" content=\"ru_RU\" \/>\n<meta property=\"og:type\" content=\"article\" \/>\n<meta property=\"og:title\" content=\"\u041a\u043e\u043c\u043f\u043b\u0435\u043a\u0442 \u0443\u0441\u0438\u043b\u0438\u0442\u0435\u043b\u0435\u0439 Bosch Plena: \u043c\u0438\u043a\u0448\u0435\u0440 \u0438 \u0443\u0441\u0438\u043b\u0438\u0442\u0435\u043b\u044c\" \/>\n<meta property=\"og:description\" content=\"\u041a\u043e\u043c\u043f\u043b\u0435\u043a\u0442 \u0443\u0441\u0438\u043b\u0438\u0442\u0435\u043b\u0435\u0439 Bosch Plena: \u043c\u0438\u043a\u0448\u0435\u0440 \u0438 \u0443\u0441\u0438\u043b\u0438\u0442\u0435\u043b\u044c \u2013 kvaliteetne ja t\u00f6\u00f6kindel valik. Kontrollitud ja hooldatud. Kiire kohaletoimetamine Tallinnas ja \u00fcle Eesti.\" \/>\n<meta property=\"og:url\" content=\"https:\/\/ss20.ee\/ru\/shop\/voimendi-paso-power-amplifier-aw-5120-kopeeri-2\/\" \/>\n<meta property=\"og:site_name\" content=\"SPETS SERVICE\" \/>\n<meta property=\"article:publisher\" content=\"https:\/\/www.facebook.com\/applearvutid\" \/>\n<meta property=\"article:modified_time\" content=\"2026-01-13T14:32:26+00:00\" \/>\n<meta property=\"og:image\" content=\"https:\/\/ss20.ee\/wp-content\/uploads\/2026\/01\/image3-6-scaled.jpeg\" \/>\n\t<meta property=\"og:image:width\" content=\"2560\" \/>\n\t<meta property=\"og:image:height\" content=\"2560\" \/>\n\t<meta property=\"og:image:type\" content=\"image\/jpeg\" \/>\n<meta name=\"twitter:card\" content=\"summary_large_image\" \/>\n<meta name=\"twitter:label1\" content=\"\u041f\u0440\u0438\u043c\u0435\u0440\u043d\u043e\u0435 \u0432\u0440\u0435\u043c\u044f \u0434\u043b\u044f \u0447\u0442\u0435\u043d\u0438\u044f\" \/>\n\t<meta name=\"twitter:data1\" content=\"1 \u043c\u0438\u043d\u0443\u0442\u0430\" \/>\n<script type=\"application\/ld+json\" class=\"yoast-schema-graph\">{\"@context\":\"https:\/\/schema.org\",\"@graph\":[{\"@type\":\"WebPage\",\"@id\":\"https:\/\/ss20.ee\/ru\/shop\/voimendi-paso-power-amplifier-aw-5120-kopeeri-2\/\",\"url\":\"https:\/\/ss20.ee\/ru\/shop\/voimendi-paso-power-amplifier-aw-5120-kopeeri-2\/\",\"name\":\"\u041a\u043e\u043c\u043f\u043b\u0435\u043a\u0442 \u0443\u0441\u0438\u043b\u0438\u0442\u0435\u043b\u0435\u0439 Bosch Plena: \u043c\u0438\u043a\u0448\u0435\u0440 \u0438 \u0443\u0441\u0438\u043b\u0438\u0442\u0435\u043b\u044c - SPETS SERVICE\",\"isPartOf\":{\"@id\":\"https:\/\/ss20.ee\/ru\/#website\"},\"primaryImageOfPage\":{\"@id\":\"https:\/\/ss20.ee\/ru\/shop\/voimendi-paso-power-amplifier-aw-5120-kopeeri-2\/#primaryimage\"},\"image\":{\"@id\":\"https:\/\/ss20.ee\/ru\/shop\/voimendi-paso-power-amplifier-aw-5120-kopeeri-2\/#primaryimage\"},\"thumbnailUrl\":\"https:\/\/ss20.ee\/wp-content\/uploads\/2026\/01\/image3-6-scaled.jpeg\",\"datePublished\":\"2026-01-13T12:39:06+00:00\",\"dateModified\":\"2026-01-13T14:32:26+00:00\",\"description\":\"\u041a\u043e\u043c\u043f\u043b\u0435\u043a\u0442 \u0443\u0441\u0438\u043b\u0438\u0442\u0435\u043b\u0435\u0439 Bosch Plena: \u043c\u0438\u043a\u0448\u0435\u0440 \u0438 \u0443\u0441\u0438\u043b\u0438\u0442\u0435\u043b\u044c \u2013 kvaliteetne ja t\u00f6\u00f6kindel valik. Kontrollitud ja hooldatud. Kiire kohaletoimetamine Tallinnas ja \u00fcle Eesti.\",\"breadcrumb\":{\"@id\":\"https:\/\/ss20.ee\/ru\/shop\/voimendi-paso-power-amplifier-aw-5120-kopeeri-2\/#breadcrumb\"},\"inLanguage\":\"ru-RU\",\"potentialAction\":[{\"@type\":\"ReadAction\",\"target\":[\"https:\/\/ss20.ee\/ru\/shop\/voimendi-paso-power-amplifier-aw-5120-kopeeri-2\/\"]}]},{\"@type\":\"ImageObject\",\"inLanguage\":\"ru-RU\",\"@id\":\"https:\/\/ss20.ee\/ru\/shop\/voimendi-paso-power-amplifier-aw-5120-kopeeri-2\/#primaryimage\",\"url\":\"https:\/\/ss20.ee\/wp-content\/uploads\/2026\/01\/image3-6-scaled.jpeg\",\"contentUrl\":\"https:\/\/ss20.ee\/wp-content\/uploads\/2026\/01\/image3-6-scaled.jpeg\",\"width\":2560,\"height\":2560},{\"@type\":\"BreadcrumbList\",\"@id\":\"https:\/\/ss20.ee\/ru\/shop\/voimendi-paso-power-amplifier-aw-5120-kopeeri-2\/#breadcrumb\",\"itemListElement\":[{\"@type\":\"ListItem\",\"position\":1,\"name\":\"Home\",\"item\":\"https:\/\/ss20.ee\/ru\/\"},{\"@type\":\"ListItem\",\"position\":2,\"name\":\"\u0412\u0421\u0415 \u0422\u041e\u0412\u0410\u0420\u042b\",\"item\":\"https:\/\/ss20.ee\/ru\/shop\/\"},{\"@type\":\"ListItem\",\"position\":3,\"name\":\"\u041a\u043e\u043c\u043f\u043b\u0435\u043a\u0442 \u0443\u0441\u0438\u043b\u0438\u0442\u0435\u043b\u0435\u0439 Bosch Plena: \u043c\u0438\u043a\u0448\u0435\u0440 \u0438 \u0443\u0441\u0438\u043b\u0438\u0442\u0435\u043b\u044c\"}]},{\"@type\":\"WebSite\",\"@id\":\"https:\/\/ss20.ee\/ru\/#website\",\"url\":\"https:\/\/ss20.ee\/ru\/\",\"name\":\"Spets Service\",\"description\":\"ARVUTITE M\u00dc\u00dcK JA REMONT\",\"publisher\":{\"@id\":\"https:\/\/ss20.ee\/ru\/#organization\"},\"potentialAction\":[{\"@type\":\"SearchAction\",\"target\":{\"@type\":\"EntryPoint\",\"urlTemplate\":\"https:\/\/ss20.ee\/ru\/?s={search_term_string}\"},\"query-input\":{\"@type\":\"PropertyValueSpecification\",\"valueRequired\":true,\"valueName\":\"search_term_string\"}}],\"inLanguage\":\"ru-RU\"},{\"@type\":\"Organization\",\"@id\":\"https:\/\/ss20.ee\/ru\/#organization\",\"name\":\"Spets Service\",\"alternateName\":\"Spets Service\",\"url\":\"https:\/\/ss20.ee\/ru\/\",\"logo\":{\"@type\":\"ImageObject\",\"inLanguage\":\"ru-RU\",\"@id\":\"https:\/\/ss20.ee\/ru\/#\/schema\/logo\/image\/\",\"url\":\"https:\/\/ss20.ee\/wp-content\/uploads\/2024\/11\/Untitled-design-9.png\",\"contentUrl\":\"https:\/\/ss20.ee\/wp-content\/uploads\/2024\/11\/Untitled-design-9.png\",\"width\":1772,\"height\":354,\"caption\":\"Spets Service\"},\"image\":{\"@id\":\"https:\/\/ss20.ee\/ru\/#\/schema\/logo\/image\/\"},\"sameAs\":[\"https:\/\/www.facebook.com\/applearvutid\",\"https:\/\/www.instagram.com\/ss20_apple_arvutid\/\"]}]}<\/script>\n<!-- \/ Yoast SEO Premium plugin. -->","yoast_head_json":{"title":"\u041a\u043e\u043c\u043f\u043b\u0435\u043a\u0442 \u0443\u0441\u0438\u043b\u0438\u0442\u0435\u043b\u0435\u0439 Bosch Plena: \u043c\u0438\u043a\u0448\u0435\u0440 \u0438 \u0443\u0441\u0438\u043b\u0438\u0442\u0435\u043b\u044c - SPETS SERVICE","description":"\u041a\u043e\u043c\u043f\u043b\u0435\u043a\u0442 \u0443\u0441\u0438\u043b\u0438\u0442\u0435\u043b\u0435\u0439 Bosch Plena: \u043c\u0438\u043a\u0448\u0435\u0440 \u0438 \u0443\u0441\u0438\u043b\u0438\u0442\u0435\u043b\u044c \u2013 kvaliteetne ja t\u00f6\u00f6kindel valik. Kontrollitud ja hooldatud. Kiire kohaletoimetamine Tallinnas ja \u00fcle Eesti.","robots":{"index":"index","follow":"follow","max-snippet":"max-snippet:-1","max-image-preview":"max-image-preview:large","max-video-preview":"max-video-preview:-1"},"canonical":"https:\/\/ss20.ee\/ru\/shop\/voimendi-paso-power-amplifier-aw-5120-kopeeri-2\/","og_locale":"ru_RU","og_type":"article","og_title":"\u041a\u043e\u043c\u043f\u043b\u0435\u043a\u0442 \u0443\u0441\u0438\u043b\u0438\u0442\u0435\u043b\u0435\u0439 Bosch Plena: \u043c\u0438\u043a\u0448\u0435\u0440 \u0438 \u0443\u0441\u0438\u043b\u0438\u0442\u0435\u043b\u044c","og_description":"\u041a\u043e\u043c\u043f\u043b\u0435\u043a\u0442 \u0443\u0441\u0438\u043b\u0438\u0442\u0435\u043b\u0435\u0439 Bosch Plena: \u043c\u0438\u043a\u0448\u0435\u0440 \u0438 \u0443\u0441\u0438\u043b\u0438\u0442\u0435\u043b\u044c \u2013 kvaliteetne ja t\u00f6\u00f6kindel valik. Kontrollitud ja hooldatud. Kiire kohaletoimetamine Tallinnas ja \u00fcle Eesti.","og_url":"https:\/\/ss20.ee\/ru\/shop\/voimendi-paso-power-amplifier-aw-5120-kopeeri-2\/","og_site_name":"SPETS SERVICE","article_publisher":"https:\/\/www.facebook.com\/applearvutid","article_modified_time":"2026-01-13T14:32:26+00:00","og_image":[{"width":2560,"height":2560,"url":"https:\/\/ss20.ee\/wp-content\/uploads\/2026\/01\/image3-6-scaled.jpeg","type":"image\/jpeg"}],"twitter_card":"summary_large_image","twitter_misc":{"\u041f\u0440\u0438\u043c\u0435\u0440\u043d\u043e\u0435 \u0432\u0440\u0435\u043c\u044f \u0434\u043b\u044f \u0447\u0442\u0435\u043d\u0438\u044f":"1 \u043c\u0438\u043d\u0443\u0442\u0430"},"schema":{"@context":"https:\/\/schema.org","@graph":[{"@type":"WebPage","@id":"https:\/\/ss20.ee\/ru\/shop\/voimendi-paso-power-amplifier-aw-5120-kopeeri-2\/","url":"https:\/\/ss20.ee\/ru\/shop\/voimendi-paso-power-amplifier-aw-5120-kopeeri-2\/","name":"\u041a\u043e\u043c\u043f\u043b\u0435\u043a\u0442 \u0443\u0441\u0438\u043b\u0438\u0442\u0435\u043b\u0435\u0439 Bosch Plena: \u043c\u0438\u043a\u0448\u0435\u0440 \u0438 \u0443\u0441\u0438\u043b\u0438\u0442\u0435\u043b\u044c - SPETS SERVICE","isPartOf":{"@id":"https:\/\/ss20.ee\/ru\/#website"},"primaryImageOfPage":{"@id":"https:\/\/ss20.ee\/ru\/shop\/voimendi-paso-power-amplifier-aw-5120-kopeeri-2\/#primaryimage"},"image":{"@id":"https:\/\/ss20.ee\/ru\/shop\/voimendi-paso-power-amplifier-aw-5120-kopeeri-2\/#primaryimage"},"thumbnailUrl":"https:\/\/ss20.ee\/wp-content\/uploads\/2026\/01\/image3-6-scaled.jpeg","datePublished":"2026-01-13T12:39:06+00:00","dateModified":"2026-01-13T14:32:26+00:00","description":"\u041a\u043e\u043c\u043f\u043b\u0435\u043a\u0442 \u0443\u0441\u0438\u043b\u0438\u0442\u0435\u043b\u0435\u0439 Bosch Plena: \u043c\u0438\u043a\u0448\u0435\u0440 \u0438 \u0443\u0441\u0438\u043b\u0438\u0442\u0435\u043b\u044c \u2013 kvaliteetne ja t\u00f6\u00f6kindel valik. Kontrollitud ja hooldatud. Kiire kohaletoimetamine Tallinnas ja \u00fcle Eesti.","breadcrumb":{"@id":"https:\/\/ss20.ee\/ru\/shop\/voimendi-paso-power-amplifier-aw-5120-kopeeri-2\/#breadcrumb"},"inLanguage":"ru-RU","potentialAction":[{"@type":"ReadAction","target":["https:\/\/ss20.ee\/ru\/shop\/voimendi-paso-power-amplifier-aw-5120-kopeeri-2\/"]}]},{"@type":"ImageObject","inLanguage":"ru-RU","@id":"https:\/\/ss20.ee\/ru\/shop\/voimendi-paso-power-amplifier-aw-5120-kopeeri-2\/#primaryimage","url":"https:\/\/ss20.ee\/wp-content\/uploads\/2026\/01\/image3-6-scaled.jpeg","contentUrl":"https:\/\/ss20.ee\/wp-content\/uploads\/2026\/01\/image3-6-scaled.jpeg","width":2560,"height":2560},{"@type":"BreadcrumbList","@id":"https:\/\/ss20.ee\/ru\/shop\/voimendi-paso-power-amplifier-aw-5120-kopeeri-2\/#breadcrumb","itemListElement":[{"@type":"ListItem","position":1,"name":"Home","item":"https:\/\/ss20.ee\/ru\/"},{"@type":"ListItem","position":2,"name":"\u0412\u0421\u0415 \u0422\u041e\u0412\u0410\u0420\u042b","item":"https:\/\/ss20.ee\/ru\/shop\/"},{"@type":"ListItem","position":3,"name":"\u041a\u043e\u043c\u043f\u043b\u0435\u043a\u0442 \u0443\u0441\u0438\u043b\u0438\u0442\u0435\u043b\u0435\u0439 Bosch Plena: \u043c\u0438\u043a\u0448\u0435\u0440 \u0438 \u0443\u0441\u0438\u043b\u0438\u0442\u0435\u043b\u044c"}]},{"@type":"WebSite","@id":"https:\/\/ss20.ee\/ru\/#website","url":"https:\/\/ss20.ee\/ru\/","name":"Spets Service","description":"ARVUTITE M\u00dc\u00dcK JA REMONT","publisher":{"@id":"https:\/\/ss20.ee\/ru\/#organization"},"potentialAction":[{"@type":"SearchAction","target":{"@type":"EntryPoint","urlTemplate":"https:\/\/ss20.ee\/ru\/?s={search_term_string}"},"query-input":{"@type":"PropertyValueSpecification","valueRequired":true,"valueName":"search_term_string"}}],"inLanguage":"ru-RU"},{"@type":"Organization","@id":"https:\/\/ss20.ee\/ru\/#organization","name":"Spets Service","alternateName":"Spets Service","url":"https:\/\/ss20.ee\/ru\/","logo":{"@type":"ImageObject","inLanguage":"ru-RU","@id":"https:\/\/ss20.ee\/ru\/#\/schema\/logo\/image\/","url":"https:\/\/ss20.ee\/wp-content\/uploads\/2024\/11\/Untitled-design-9.png","contentUrl":"https:\/\/ss20.ee\/wp-content\/uploads\/2024\/11\/Untitled-design-9.png","width":1772,"height":354,"caption":"Spets Service"},"image":{"@id":"https:\/\/ss20.ee\/ru\/#\/schema\/logo\/image\/"},"sameAs":["https:\/\/www.facebook.com\/applearvutid","https:\/\/www.instagram.com\/ss20_apple_arvutid\/"]}]}},"_links":{"self":[{"href":"https:\/\/ss20.ee\/ru\/wp-json\/wp\/v2\/product\/45686","targetHints":{"allow":["GET"]}}],"collection":[{"href":"https:\/\/ss20.ee\/ru\/wp-json\/wp\/v2\/product"}],"about":[{"href":"https:\/\/ss20.ee\/ru\/wp-json\/wp\/v2\/types\/product"}],"wp:featuredmedia":[{"embeddable":true,"href":"https:\/\/ss20.ee\/ru\/wp-json\/wp\/v2\/media\/45689"}],"wp:attachment":[{"href":"https:\/\/ss20.ee\/ru\/wp-json\/wp\/v2\/media?parent=45686"}],"wp:term":[{"taxonomy":"product_brand","embeddable":true,"href":"https:\/\/ss20.ee\/ru\/wp-json\/wp\/v2\/product_brand?post=45686"},{"taxonomy":"product_cat","embeddable":true,"href":"https:\/\/ss20.ee\/ru\/wp-json\/wp\/v2\/product_cat?post=45686"},{"taxonomy":"product_tag","embeddable":true,"href":"https:\/\/ss20.ee\/ru\/wp-json\/wp\/v2\/product_tag?post=45686"}],"curies":[{"name":"wp","href":"https:\/\/api.w.org\/{rel}","templated":true}]}}